{"id":10939,"date":"2023-04-29T07:55:32","date_gmt":"2023-04-29T14:55:32","guid":{"rendered":"https:\/\/garymcavoy.com\/das-galileo-gambit\/"},"modified":"2024-11-07T17:33:10","modified_gmt":"2024-11-08T01:33:10","slug":"das-galileo-gambit","status":"publish","type":"page","link":"https:\/\/garymcavoy.com\/de\/buecher-rezensionen\/das-galileo-gambit\/","title":{"rendered":"Das Galileo-Gambit"},"content":{"rendered":"\t\t<div data-elementor-type=\"wp-page\" data-elementor-id=\"10939\" class=\"elementor elementor-10939 elementor-9176\" data-elementor-post-type=\"page\">\n\t\t\t\t\t\t<section data-particle_enable=\"false\" data-particle-mobile-disabled=\"false\" data-kenburns=\"{&quot;fx&quot;:&quot;fade&quot;,&quot;speed&quot;:6000,&quot;fade&quot;:500,&quot;slides&quot;:[{&quot;_id&quot;:&quot;c382987&quot;,&quot;premium_kenburns_images&quot;:{&quot;url&quot;:&quot;https:\\\/\\\/garymcavoy.com\\\/wp-content\\\/uploads\\\/2023\\\/04\\\/Galileo_facing_the_Roman_Inquisition.jpg&quot;,&quot;id&quot;:9103,&quot;size&quot;:&quot;&quot;,&quot;alt&quot;:&quot;&quot;,&quot;source&quot;:&quot;library&quot;},&quot;premium_kenburns_images_tablet&quot;:{&quot;url&quot;:&quot;&quot;,&quot;id&quot;:&quot;&quot;,&quot;size&quot;:&quot;&quot;},&quot;premium_kenburns_images_mobile&quot;:{&quot;url&quot;:&quot;&quot;,&quot;id&quot;:&quot;&quot;,&quot;size&quot;:&quot;&quot;},&quot;premium_kenburns_image_fit&quot;:&quot;pa-fill&quot;,&quot;premium_kenburns_dir&quot;:&quot;center&quot;,&quot;premium_kenburns_zoom_dir&quot;:&quot;in&quot;}],&quot;infinite&quot;:&quot;&quot;}\" class=\"elementor-section elementor-top-section elementor-element elementor-element-8aaedea premium-kenburns-yes elementor-section-boxed elementor-section-height-default elementor-section-height-default\" data-id=\"8aaedea\" data-element_type=\"section\" data-e-type=\"section\">\n\t\t\t\t\t\t<div class=\"elementor-container elementor-column-gap-default\">\n\t\t\t\t\t<div class=\"elementor-column elementor-col-66 elementor-top-column elementor-element elementor-element-8f41081\" data-id=\"8f41081\" data-element_type=\"column\" data-e-type=\"column\">\n\t\t\t<div class=\"elementor-widget-wrap elementor-element-populated\">\n\t\t\t\t\t\t<div class=\"elementor-element elementor-element-208ca3e elementor-widget elementor-widget-spacer\" data-id=\"208ca3e\" data-element_type=\"widget\" data-e-type=\"widget\" data-widget_type=\"spacer.default\">\n\t\t\t\t\t\t\t<div class=\"elementor-spacer\">\n\t\t\t<div class=\"elementor-spacer-inner\"><\/div>\n\t\t<\/div>\n\t\t\t\t\t\t<\/div>\n\t\t\t\t<div class=\"elementor-element elementor-element-7863b2b elementor-widget elementor-widget-heading\" data-id=\"7863b2b\" data-element_type=\"widget\" data-e-type=\"widget\" data-widget_type=\"heading.default\">\n\t\t\t\t\t<h1 class=\"elementor-heading-title elementor-size-default\">Das Galileo-Gambit<\/h1>\t\t\t\t<\/div>\n\t\t\t\t<div class=\"elementor-element elementor-element-e95cd78 elementor-widget elementor-widget-heading\" data-id=\"e95cd78\" data-element_type=\"widget\" data-e-type=\"widget\" data-widget_type=\"heading.default\">\n\t\t\t\t\t<h2 class=\"elementor-heading-title elementor-size-default\">Ein Thriller aus dem Geheimarchiv des Vatikans - Buch 6<\/h2>\t\t\t\t<\/div>\n\t\t\t\t<div class=\"elementor-element elementor-element-35a847d elementor-widget elementor-widget-text-editor\" data-id=\"35a847d\" data-element_type=\"widget\" data-e-type=\"widget\" data-widget_type=\"text-editor.default\">\n\t\t\t\t\t\t\t\t\t<p><span style=\"color: #ffffff; font-size: 18pt;\">Pater Michael Dominic, der gesch\u00e4tzte Pr\u00e4fekt des Vatikanischen Geheimarchivs in Rom, wird mit der Aufgabe betraut, die originalen Prozessunterlagen von Galilei aus dem 17. Jahrhundert zur Loyola Law School in Chicago zu transportieren. Jahrhundert an die Loyola Law School in Chicago zu bringen. Die B\u00fchne ist bereitet f\u00fcr einen modernen historischen Scheinprozess \u00fcber Galileis urspr\u00fcngliche Anklage wegen Ketzerei, der an den 400sten Jahrestag des legend\u00e4ren Ereignisses erinnert. <\/span><\/p>\n<p><span style=\"color: #ffffff; font-size: 18pt;\">In dieser fesselnden Neuinszenierung liegt Galileis Schicksal in den H\u00e4nden des derzeitigen Chefankl\u00e4gers des Vatikans, eines gerissenen Bischofs aus dem Dikasterium f\u00fcr die Glaubenslehre, und seines Verteidigers, eines angesehenen Juraprofessors, der eine mysteri\u00f6se Vergangenheit hat. W\u00e4hrenddessen sorgt der sich verschlechternde Gesundheitszustand des Papstes f\u00fcr Unruhe in der r\u00f6mischen Kurie, wo ehrgeizige Anw\u00e4rter um die Papstwahl k\u00e4mpfen. <\/span><\/p>\n<p><span style=\"color: #ffffff; font-size: 18pt;\">Doch die Sache spitzt sich zu, als in der Nacht vor der Verhandlung unbezahlbare historische Exponate verschwinden! Pater Michaels Team hat keine Zeit zu verlieren und ist gezwungen, sich aufzuteilen und jeder Spur nachzugehen, um die gestohlenen Sch\u00e4tze zu bergen. Dabei m\u00fcssen sie sich nicht nur mit gef\u00e4hrlichen Wendungen auseinandersetzen, sondern auch mit schattenhaften Intrigen rivalisierender Fraktionen.  <\/span><\/p>\n<p><span style=\"color: #ffffff; font-size: 18pt;\">Es steht viel auf dem Spiel, denn Pater Michael und sein Team k\u00e4mpfen gegen die Zeit, um die Wahrheit hinter diesem pulsierenden Geheimnis aufzudecken. Mit versteckten Pl\u00e4nen, die aus dem Schatten auftauchen, und Hilfe aus den unerwartetsten Quellen wird die Loyalit\u00e4t auf eine harte Probe gestellt. Halten Sie sich fest und machen Sie sich auf einen spannenden Ritt gefasst, w\u00e4hrend Pater Michael mutig darum k\u00e4mpft, die r\u00e4tselhafte Verschw\u00f6rung, die als das Galileo-Gambit bekannt ist, zu entwirren.  <\/span><\/p>\n\t\t\t\t\t\t\t\t<\/div>\n\t\t\t\t<div class=\"elementor-element elementor-element-a07c4a4 elementor-widget elementor-widget-spacer\" data-id=\"a07c4a4\" data-element_type=\"widget\" data-e-type=\"widget\" data-widget_type=\"spacer.default\">\n\t\t\t\t\t\t\t<div class=\"elementor-spacer\">\n\t\t\t<div class=\"elementor-spacer-inner\"><\/div>\n\t\t<\/div>\n\t\t\t\t\t\t<\/div>\n\t\t\t\t\t<\/div>\n\t\t<\/div>\n\t\t\t\t<div class=\"elementor-column elementor-col-33 elementor-top-column elementor-element elementor-element-a044b10\" data-id=\"a044b10\" data-element_type=\"column\" data-e-type=\"column\">\n\t\t\t<div class=\"elementor-widget-wrap elementor-element-populated\">\n\t\t\t\t\t\t<div class=\"elementor-element elementor-element-fe9ca9e elementor-widget elementor-widget-spacer\" data-id=\"fe9ca9e\" data-element_type=\"widget\" data-e-type=\"widget\" data-widget_type=\"spacer.default\">\n\t\t\t\t\t\t\t<div class=\"elementor-spacer\">\n\t\t\t<div class=\"elementor-spacer-inner\"><\/div>\n\t\t<\/div>\n\t\t\t\t\t\t<\/div>\n\t\t\t\t<div class=\"elementor-element elementor-element-c23a1f4 elementor-widget elementor-widget-image\" data-id=\"c23a1f4\" data-element_type=\"widget\" data-e-type=\"widget\" data-widget_type=\"image.default\">\n\t\t\t\t\t\t\t\t\t\t\t\t\t\t\t\t<a href=\"https:\/\/garymcavoy.com\/store\/the-galileo-gambit\/\">\n\t\t\t\t\t\t\t<img fetchpriority=\"high\" decoding=\"async\" width=\"457\" height=\"563\" src=\"https:\/\/garymcavoy.com\/wp-content\/uploads\/2023\/04\/Galileo-Gambit-HC-Cover-3D-Left.png\" class=\"attachment-large size-large wp-image-10980\" alt=\"\" srcset=\"https:\/\/garymcavoy.com\/wp-content\/uploads\/2023\/04\/Galileo-Gambit-HC-Cover-3D-Left.png 457w, https:\/\/garymcavoy.com\/wp-content\/uploads\/2023\/04\/Galileo-Gambit-HC-Cover-3D-Left-244x300.png 244w, https:\/\/garymcavoy.com\/wp-content\/uploads\/2023\/04\/Galileo-Gambit-HC-Cover-3D-Left-250x308.png 250w, https:\/\/garymcavoy.com\/wp-content\/uploads\/2023\/04\/Galileo-Gambit-HC-Cover-3D-Left-146x180.png 146w, https:\/\/garymcavoy.com\/wp-content\/uploads\/2023\/04\/Galileo-Gambit-HC-Cover-3D-Left-406x500.png 406w\" sizes=\"(max-width: 457px) 100vw, 457px\" \/>\t\t\t\t\t\t\t\t<\/a>\n\t\t\t\t\t\t\t\t\t\t\t\t\t\t\t<\/div>\n\t\t\t\t<div class=\"elementor-element elementor-element-d4c39e8 elementor-widget elementor-widget-heading\" data-id=\"d4c39e8\" data-element_type=\"widget\" data-e-type=\"widget\" data-widget_type=\"heading.default\">\n\t\t\t\t\t<h6 class=\"elementor-heading-title elementor-size-default\">Voraussichtliche Ver\u00f6ffentlichung Juni 2023<\/h6>\t\t\t\t<\/div>\n\t\t\t\t<div class=\"elementor-element elementor-element-35019be elementor-align-center elementor-widget elementor-widget-button\" data-id=\"35019be\" data-element_type=\"widget\" data-e-type=\"widget\" data-widget_type=\"button.default\">\n\t\t\t\t\t\t\t\t\t\t<a class=\"elementor-button elementor-button-link elementor-size-sm\" href=\"https:\/\/garymcavoy.com\/store\/the-galileo-gambit\/\">\n\t\t\t\t\t\t<span class=\"elementor-button-content-wrapper\">\n\t\t\t\t\t\t\t\t\t<span class=\"elementor-button-text\">KAUFEN SIE DAS BUCH<\/span>\n\t\t\t\t\t<\/span>\n\t\t\t\t\t<\/a>\n\t\t\t\t\t\t\t\t<\/div>\n\t\t\t\t<div class=\"elementor-element elementor-element-bd8ebd8 elementor-align-center elementor-widget elementor-widget-button\" data-id=\"bd8ebd8\" data-element_type=\"widget\" data-e-type=\"widget\" data-widget_type=\"button.default\">\n\t\t\t\t\t\t\t\t\t\t<a class=\"elementor-button elementor-size-sm\" role=\"button\">\n\t\t\t\t\t\t<span class=\"elementor-button-content-wrapper\">\n\t\t\t\t\t\t\t\t\t<span class=\"elementor-button-text\">EINEN AUSZUG LESEN<\/span>\n\t\t\t\t\t<\/span>\n\t\t\t\t\t<\/a>\n\t\t\t\t\t\t\t\t<\/div>\n\t\t\t\t<div class=\"elementor-element elementor-element-6db209b elementor-widget elementor-widget-spacer\" data-id=\"6db209b\" data-element_type=\"widget\" data-e-type=\"widget\" data-widget_type=\"spacer.default\">\n\t\t\t\t\t\t\t<div class=\"elementor-spacer\">\n\t\t\t<div class=\"elementor-spacer-inner\"><\/div>\n\t\t<\/div>\n\t\t\t\t\t\t<\/div>\n\t\t\t\t\t<\/div>\n\t\t<\/div>\n\t\t\t\t\t<\/div>\n\t\t<\/section>\n\t\t\t\t<section data-particle_enable=\"false\" data-particle-mobile-disabled=\"false\" class=\"elementor-section elementor-top-section elementor-element elementor-element-eef605c elementor-section-boxed elementor-section-height-default elementor-section-height-default\" data-id=\"eef605c\" data-element_type=\"section\" data-e-type=\"section\">\n\t\t\t\t\t\t<div class=\"elementor-container elementor-column-gap-default\">\n\t\t\t\t\t<div class=\"elementor-column elementor-col-66 elementor-top-column elementor-element elementor-element-dbe8279\" data-id=\"dbe8279\" data-element_type=\"column\" data-e-type=\"column\">\n\t\t\t<div class=\"elementor-widget-wrap elementor-element-populated\">\n\t\t\t\t\t\t<div class=\"elementor-element elementor-element-c1f7746 elementor-widget elementor-widget-spacer\" data-id=\"c1f7746\" data-element_type=\"widget\" data-e-type=\"widget\" data-widget_type=\"spacer.default\">\n\t\t\t\t\t\t\t<div class=\"elementor-spacer\">\n\t\t\t<div class=\"elementor-spacer-inner\"><\/div>\n\t\t<\/div>\n\t\t\t\t\t\t<\/div>\n\t\t\t\t<div class=\"elementor-element elementor-element-dd3383d elementor-widget elementor-widget-heading\" data-id=\"dd3383d\" data-element_type=\"widget\" data-e-type=\"widget\" data-widget_type=\"heading.default\">\n\t\t\t\t\t<h2 class=\"elementor-heading-title elementor-size-default\">Sehen Sie sich den Buch-Trailer an<\/h2>\t\t\t\t<\/div>\n\t\t\t\t\t<\/div>\n\t\t<\/div>\n\t\t\t\t<div class=\"elementor-column elementor-col-33 elementor-top-column elementor-element elementor-element-91e79b3\" data-id=\"91e79b3\" data-element_type=\"column\" data-e-type=\"column\">\n\t\t\t<div class=\"elementor-widget-wrap elementor-element-populated\">\n\t\t\t\t\t\t<div class=\"elementor-element elementor-element-7405f06 elementor-widget elementor-widget-image\" data-id=\"7405f06\" data-element_type=\"widget\" data-e-type=\"widget\" data-widget_type=\"image.default\">\n\t\t\t\t\t\t\t\t\t\t\t\t\t\t\t\t<a href=\"https:\/\/garymcavoy.com\/store\/the-galileo-gambit\/\">\n\t\t\t\t\t\t\t<img decoding=\"async\" width=\"361\" height=\"100\" src=\"https:\/\/garymcavoy.com\/wp-content\/uploads\/2022\/10\/Order-Signed-Copy-Today.png\" class=\"attachment-medium_large size-medium_large wp-image-11185\" alt=\"\" srcset=\"https:\/\/garymcavoy.com\/wp-content\/uploads\/2022\/10\/Order-Signed-Copy-Today.png 361w, https:\/\/garymcavoy.com\/wp-content\/uploads\/2022\/10\/Order-Signed-Copy-Today-300x83.png 300w, https:\/\/garymcavoy.com\/wp-content\/uploads\/2022\/10\/Order-Signed-Copy-Today-250x69.png 250w\" sizes=\"(max-width: 361px) 100vw, 361px\" \/>\t\t\t\t\t\t\t\t<\/a>\n\t\t\t\t\t\t\t\t\t\t\t\t\t\t\t<\/div>\n\t\t\t\t\t<\/div>\n\t\t<\/div>\n\t\t\t\t\t<\/div>\n\t\t<\/section>\n\t\t\t\t<section data-particle_enable=\"false\" data-particle-mobile-disabled=\"false\" class=\"elementor-section elementor-top-section elementor-element elementor-element-7312851 elementor-section-boxed elementor-section-height-default elementor-section-height-default\" data-id=\"7312851\" data-element_type=\"section\" data-e-type=\"section\">\n\t\t\t\t\t\t<div class=\"elementor-container elementor-column-gap-default\">\n\t\t\t\t\t<div class=\"elementor-column elementor-col-66 elementor-top-column elementor-element elementor-element-da9dd9a\" data-id=\"da9dd9a\" data-element_type=\"column\" data-e-type=\"column\">\n\t\t\t<div class=\"elementor-widget-wrap elementor-element-populated\">\n\t\t\t\t\t\t<div class=\"elementor-element elementor-element-13af2da elementor-widget-divider--view-line elementor-widget elementor-widget-divider\" data-id=\"13af2da\" data-element_type=\"widget\" data-e-type=\"widget\" data-widget_type=\"divider.default\">\n\t\t\t\t\t\t\t<div class=\"elementor-divider\">\n\t\t\t<span class=\"elementor-divider-separator\">\n\t\t\t\t\t\t<\/span>\n\t\t<\/div>\n\t\t\t\t\t\t<\/div>\n\t\t\t\t<div class=\"elementor-element elementor-element-e444aa5 elementor-widget elementor-widget-heading\" data-id=\"e444aa5\" data-element_type=\"widget\" data-e-type=\"widget\" data-widget_type=\"heading.default\">\n\t\t\t\t\t<h2 class=\"elementor-heading-title elementor-size-default\">Lob f\u00fcr \"Das Galileo-Gambit\"<\/h2>\t\t\t\t<\/div>\n\t\t\t\t\t<\/div>\n\t\t<\/div>\n\t\t\t\t<div class=\"elementor-column elementor-col-33 elementor-top-column elementor-element elementor-element-767e583\" data-id=\"767e583\" data-element_type=\"column\" data-e-type=\"column\">\n\t\t\t<div class=\"elementor-widget-wrap\">\n\t\t\t\t\t\t\t<\/div>\n\t\t<\/div>\n\t\t\t\t\t<\/div>\n\t\t<\/section>\n\t\t\t\t<section data-particle_enable=\"false\" data-particle-mobile-disabled=\"false\" class=\"elementor-section elementor-top-section elementor-element elementor-element-c08a5d8 elementor-section-boxed elementor-section-height-default elementor-section-height-default\" data-id=\"c08a5d8\" data-element_type=\"section\" data-e-type=\"section\">\n\t\t\t\t\t\t<div class=\"elementor-container elementor-column-gap-default\">\n\t\t\t\t\t<div class=\"elementor-column elementor-col-66 elementor-top-column elementor-element elementor-element-e6cd188\" data-id=\"e6cd188\" data-element_type=\"column\" data-e-type=\"column\">\n\t\t\t<div class=\"elementor-widget-wrap\">\n\t\t\t\t\t\t\t<\/div>\n\t\t<\/div>\n\t\t\t\t<div class=\"elementor-column elementor-col-33 elementor-top-column elementor-element elementor-element-afb1193\" data-id=\"afb1193\" data-element_type=\"column\" data-e-type=\"column\">\n\t\t\t<div class=\"elementor-widget-wrap\">\n\t\t\t\t\t\t\t<\/div>\n\t\t<\/div>\n\t\t\t\t\t<\/div>\n\t\t<\/section>\n\t\t\t\t<section data-particle_enable=\"false\" data-particle-mobile-disabled=\"false\" class=\"elementor-section elementor-top-section elementor-element elementor-element-d63970c elementor-section-boxed elementor-section-height-default elementor-section-height-default\" data-id=\"d63970c\" data-element_type=\"section\" data-e-type=\"section\">\n\t\t\t\t\t\t<div class=\"elementor-container elementor-column-gap-default\">\n\t\t\t\t\t<div class=\"elementor-column elementor-col-66 elementor-top-column elementor-element elementor-element-81cdaf9\" data-id=\"81cdaf9\" data-element_type=\"column\" data-e-type=\"column\">\n\t\t\t<div class=\"elementor-widget-wrap\">\n\t\t\t\t\t\t\t<\/div>\n\t\t<\/div>\n\t\t\t\t<div class=\"elementor-column elementor-col-33 elementor-top-column elementor-element elementor-element-21a607c\" data-id=\"21a607c\" data-element_type=\"column\" data-e-type=\"column\">\n\t\t\t<div class=\"elementor-widget-wrap\">\n\t\t\t\t\t\t\t<\/div>\n\t\t<\/div>\n\t\t\t\t\t<\/div>\n\t\t<\/section>\n\t\t\t\t<\/div>\n\t\t","protected":false},"excerpt":{"rendered":"<p>Das Galileo-Gambit Ein Thriller aus dem Geheimarchiv des Vatikans &#8211; Buch 6 Pater Michael Dominic, der gesch\u00e4tzte Pr\u00e4fekt des Vatikanischen Geheimarchivs in Rom, wird mit der Aufgabe betraut, die originalen Prozessunterlagen von Galilei aus dem [&hellip;]<\/p>\n","protected":false},"author":1,"featured_media":10940,"parent":10989,"menu_order":0,"comment_status":"closed","ping_status":"closed","template":"template\/page\/fullwidth.php","meta":{"iawp_total_views":0,"footnotes":""},"class_list":["post-10939","page","type-page","status-publish","has-post-thumbnail","hentry"],"_links":{"self":[{"href":"https:\/\/garymcavoy.com\/de\/wp-json\/wp\/v2\/pages\/10939","targetHints":{"allow":["GET"]}}],"collection":[{"href":"https:\/\/garymcavoy.com\/de\/wp-json\/wp\/v2\/pages"}],"about":[{"href":"https:\/\/garymcavoy.com\/de\/wp-json\/wp\/v2\/types\/page"}],"author":[{"embeddable":true,"href":"https:\/\/garymcavoy.com\/de\/wp-json\/wp\/v2\/users\/1"}],"replies":[{"embeddable":true,"href":"https:\/\/garymcavoy.com\/de\/wp-json\/wp\/v2\/comments?post=10939"}],"version-history":[{"count":0,"href":"https:\/\/garymcavoy.com\/de\/wp-json\/wp\/v2\/pages\/10939\/revisions"}],"up":[{"embeddable":true,"href":"https:\/\/garymcavoy.com\/de\/wp-json\/wp\/v2\/pages\/10989"}],"wp:featuredmedia":[{"embeddable":true,"href":"https:\/\/garymcavoy.com\/de\/wp-json\/wp\/v2\/media\/10940"}],"wp:attachment":[{"href":"https:\/\/garymcavoy.com\/de\/wp-json\/wp\/v2\/media?parent=10939"}],"curies":[{"name":"wp","href":"https:\/\/api.w.org\/{rel}","templated":true}]}}