{"id":11014,"date":"2020-08-01T22:12:33","date_gmt":"2020-08-02T05:12:33","guid":{"rendered":"https:\/\/garymcavoy.com\/nutzungsbedingungen-datenschutz-dmca-hinweis-partnerlinks\/"},"modified":"2024-11-08T09:59:06","modified_gmt":"2024-11-08T17:59:06","slug":"nutzungsbedingungen-datenschutz-dmca-hinweis-partnerlinks","status":"publish","type":"page","link":"https:\/\/garymcavoy.com\/de\/nutzungsbedingungen-datenschutz-dmca-hinweis-partnerlinks\/","title":{"rendered":"Nutzungsbedingungen &#8211; Datenschutz &#8211; DMCA-Hinweis &#8211; Partnerlinks"},"content":{"rendered":"\t\t<div data-elementor-type=\"wp-page\" data-elementor-id=\"11014\" class=\"elementor elementor-11014 elementor-3\" data-elementor-post-type=\"page\">\n\t\t\t\t\t\t<section data-particle_enable=\"false\" data-particle-mobile-disabled=\"false\" class=\"elementor-section elementor-top-section elementor-element elementor-element-48c5db27 elementor-section-boxed elementor-section-height-default elementor-section-height-default\" data-id=\"48c5db27\" data-element_type=\"section\" data-e-type=\"section\">\n\t\t\t\t\t\t<div class=\"elementor-container elementor-column-gap-default\">\n\t\t\t\t\t<div class=\"elementor-column elementor-col-100 elementor-top-column elementor-element elementor-element-31a29e5f\" data-id=\"31a29e5f\" data-element_type=\"column\" data-e-type=\"column\">\n\t\t\t<div class=\"elementor-widget-wrap elementor-element-populated\">\n\t\t\t\t\t\t<div class=\"elementor-element elementor-element-7cfdac8 elementor-widget elementor-widget-text-editor\" data-id=\"7cfdac8\" data-element_type=\"widget\" data-e-type=\"widget\" data-widget_type=\"text-editor.default\">\n\t\t\t\t\t\t\t\t\t<div>\n<div>\n<div>\n<h2>Nutzungsbedingungen<\/h2>\n<h3>Einf\u00fchrung<\/h3>\n<p>Diese Website-Standardbedingungen (diese &#8220;Bedingungen&#8221; oder diese &#8220;Website-Standardbedingungen&#8221;), die hier auf dieser Webseite enthalten sind, regeln Ihre Nutzung dieser Website, einschlie\u00dflich aller Seiten innerhalb dieser Website (im Folgenden zusammenfassend als &#8220;Website&#8221; bezeichnet). Diese Bedingungen gelten in vollem Umfang f\u00fcr Ihre Nutzung dieser Website, und durch die Nutzung dieser Website akzeptieren Sie ausdr\u00fccklich alle hierin enthaltenen Bedingungen und Konditionen in vollem Umfang. Sie d\u00fcrfen diese Website nicht nutzen, wenn Sie Einw\u00e4nde gegen diese Allgemeinen Gesch\u00e4ftsbedingungen f\u00fcr die Website haben.  <\/p>\n<p>Diese Website ist nicht f\u00fcr die Nutzung durch Minderj\u00e4hrige (definiert als Personen, die nicht mindestens 18 Jahre alt sind) bestimmt, und Sie d\u00fcrfen diese Website nicht nutzen, wenn Sie minderj\u00e4hrig sind.<\/p>\n<h3>Rechte an geistigem Eigentum<\/h3>\n<p>Abgesehen von den Inhalten, die Sie selbst besitzen und f\u00fcr deren Aufnahme in diese Website Sie sich gem\u00e4\u00df diesen Bedingungen entschieden haben, besitzen Empraxis LLC und\/oder ihre Lizenzgeber alle Rechte an dem geistigen Eigentum und dem Material, das auf dieser Website enthalten ist, und alle diese Rechte sind vorbehalten.<\/p>\n<p style=\"text-align: left;\">Sie erhalten nur eine eingeschr\u00e4nkte Lizenz, vorbehaltlich der in diesen Bedingungen vorgesehenen Einschr\u00e4nkungen, zum Zwecke der Betrachtung des auf dieser Website enthaltenen Materials.<\/p>\n<h3>Nutzungsbeschr\u00e4nkungen f\u00fcr generative KI<\/h3>\n<p>Die Verwendung von generativer KI-Technologie, einschlie\u00dflich, aber nicht beschr\u00e4nkt auf Systeme der k\u00fcnstlichen Intelligenz wie GPT, BERT oder andere \u00e4hnliche Modelle, ist bei der Interaktion mit oder der Nutzung unserer Website streng verboten. Sie stimmen zu, dies nicht zu tun: <\/p>\n<ul>\n<li>Generative KI-Technologie einsetzen, um Inhalte auf oder \u00fcber unsere Website zu erstellen, zu ver\u00e4ndern oder zu verbreiten;<\/li>\n<li>Generative KI-Technologie verwenden, um sich als andere Benutzer oder Entit\u00e4ten auszugeben oder um andere zu t\u00e4uschen oder zu manipulieren;<\/li>\n<li>Umgehen Sie alle Beschr\u00e4nkungen oder Einschr\u00e4nkungen, die wir f\u00fcr die Nutzung der generativen KI-Technologie festgelegt haben;<\/li>\n<li>Andere zu unterst\u00fctzen, zu ermutigen oder in die Lage zu versetzen, generative KI-Technologie unter Versto\u00df gegen diese Bedingungen zu verwenden.<\/li>\n<\/ul>\n<h3 style=\"text-align: left;\">Beschr\u00e4nkungen<\/h3>\n<\/div>\n<p style=\"text-align: left;\">Sie sind ausdr\u00fccklich und nachdr\u00fccklich von allen folgenden Dingen ausgeschlossen:<\/p>\n<div>\n<ul>\n<li>die Ver\u00f6ffentlichung von Website-Material in beliebigen Medien;<\/li>\n<li>Verkauf, Unterlizenzierung und\/oder anderweitige Kommerzialisierung von Website-Material;<\/li>\n<li>die \u00f6ffentliche Auff\u00fchrung und\/oder Vorf\u00fchrung von Material der Website;<\/li>\n<li>diese Website auf eine Weise zu nutzen, die dieser Website schadet oder schaden k\u00f6nnte;<\/li>\n<li>die Nutzung dieser Website in einer Weise, die den Zugang der Nutzer zu dieser Website beeintr\u00e4chtigt;<\/li>\n<li>die Nutzung dieser Website im Widerspruch zu geltenden Gesetzen und Vorschriften oder in einer Weise, die der Website, einer Person oder einem Unternehmen Schaden zuf\u00fcgt oder zuf\u00fcgen k\u00f6nnte;<\/li>\n<li>die Durchf\u00fchrung von Data Mining, Data Harvesting, Datenextraktion oder anderen \u00e4hnlichen Aktivit\u00e4ten in Bezug auf diese Website oder w\u00e4hrend der Nutzung dieser Website;<\/li>\n<li>die Nutzung dieser Website zu Werbe- oder Marketingzwecken.<\/li>\n<\/ul>\n<p>Bestimmte Bereiche dieser Website sind f\u00fcr Sie gesperrt, und Empraxis LLC kann jederzeit nach eigenem und freiem Ermessen den Zugang zu bestimmten Bereichen dieser Website f\u00fcr Sie weiter einschr\u00e4nken. Jede Benutzer-ID und jedes Passwort, das Sie f\u00fcr diese Website haben, sind vertraulich und Sie m\u00fcssen diese Informationen vertraulich behandeln. <\/p>\n<h3>Keine Garantien<\/h3>\n<p>Diese Website wird in der vorliegenden Form und mit allen Fehlern zur Verf\u00fcgung gestellt, und Empraxis LLC gibt keine ausdr\u00fccklichen oder stillschweigenden Zusicherungen oder Gew\u00e4hrleistungen jeglicher Art in Bezug auf diese Website oder die auf dieser Website enthaltenen Materialien. Dar\u00fcber hinaus darf nichts, was auf dieser Website enthalten ist, als Beratung oder Ratschlag f\u00fcr Sie ausgelegt werden. <\/p>\n<h3>Einschr\u00e4nkung der Haftung<\/h3>\n<p>In keinem Fall ist Empraxis LLC, noch einer ihrer leitenden Angestellten, Direktoren und Mitarbeiter, Ihnen gegen\u00fcber haftbar f\u00fcr irgendetwas, das sich aus Ihrer Nutzung dieser Website ergibt oder in irgendeiner Weise damit verbunden ist, unabh\u00e4ngig davon, ob eine solche Haftung auf einem Vertrag, einer unerlaubten Handlung oder anderweitig beruht, und Empraxis LLC, einschlie\u00dflich ihrer leitenden Angestellten, Direktoren und Mitarbeiter, ist nicht haftbar f\u00fcr indirekte, Folge- oder Sonderhaftung, die sich aus Ihrer Nutzung dieser Website ergibt oder in irgendeiner Weise damit verbunden ist.<\/p>\n<h3>Entsch\u00e4digung<\/h3>\n<p>Sie stellen hiermit Empraxis LLC in vollem Umfang von jeglicher Haftung, Kosten, Forderungen, Klagegr\u00fcnden, Sch\u00e4den und Ausgaben (einschlie\u00dflich angemessener Anwaltsgeb\u00fchren) frei, die sich aus Ihrem Versto\u00df gegen eine der Bestimmungen dieser Bedingungen ergeben oder in irgendeiner Weise damit zusammenh\u00e4ngen.<\/p>\n<h3>Trennbarkeit<\/h3>\n<p>Sollte sich eine Bestimmung dieser Bedingungen nach geltendem Recht als nicht durchsetzbar oder ung\u00fcltig erweisen, so f\u00fchrt dies nicht dazu, dass diese Bedingungen insgesamt undurchsetzbar oder ung\u00fcltig werden, und die betreffenden Bestimmungen werden gestrichen, ohne dass die \u00fcbrigen Bestimmungen hiervon ber\u00fchrt werden.<\/p>\n<h3>Variation der Begriffe<\/h3>\n<p>Empraxis LLC ist berechtigt, diese Bedingungen jederzeit nach eigenem Ermessen zu \u00e4ndern. Durch die Nutzung dieser Website wird von Ihnen erwartet, dass Sie diese Bedingungen regelm\u00e4\u00dfig \u00fcberpr\u00fcfen, um sicherzustellen, dass Sie alle Bedingungen f\u00fcr die Nutzung dieser Website verstehen.<\/p>\n<h3>Zuweisung<\/h3>\n<p>Empraxis LLC ist berechtigt, seine Rechte und\/oder Pflichten aus diesen Bedingungen abzutreten, zu \u00fcbertragen und Untervertr\u00e4ge abzuschlie\u00dfen, ohne dass eine Benachrichtigung oder Zustimmung erforderlich ist. Es ist Ihnen jedoch nicht gestattet, Ihre Rechte und\/oder Pflichten aus diesen Bedingungen abzutreten, zu \u00fcbertragen oder unterzuvergeben. <\/p>\n<h3>Gesamte Vereinbarung<\/h3>\n<p>Diese Bedingungen, einschlie\u00dflich aller rechtlichen Hinweise und Haftungsausschl\u00fcsse, die auf dieser Website enthalten sind, stellen die gesamte Vereinbarung zwischen Empraxis LLC und Ihnen in Bezug auf Ihre Nutzung dieser Website dar und ersetzen alle fr\u00fcheren Vereinbarungen und Absprachen in Bezug auf diese.<\/p>\n<h3>Geltendes Recht &amp; Gerichtsstand<\/h3>\n<p>Diese Bedingungen unterliegen den Gesetzen des Staates Washington und werden in \u00dcbereinstimmung mit diesen ausgelegt. Sie unterwerfen sich der nicht ausschlie\u00dflichen Gerichtsbarkeit der Staats- und Bundesgerichte in Washington f\u00fcr die Beilegung von Streitigkeiten.<\/p>\n<p><em>Zuletzt aktualisiert am 6. Mai 2023<\/em><\/p>\n<hr>\n<h1 style=\"text-align: center;\">Datenschutzbestimmungen<\/h1>\n<p>Diese Website ist Eigentum und wird betrieben von Empraxis, LLC (&#8220;Empraxis&#8221;, &#8220;uns&#8221;, &#8220;wir&#8221; und &#8220;unser&#8221;). Alle Verweise auf &#8220;Empraxis&#8221; bedeuten Empraxis LLC, eine Gesellschaft mit beschr\u00e4nkter Haftung des Staates Washington. Ihre Privatsph\u00e4re und Ihr Vertrauen sind f\u00fcr uns sehr wichtig. Der Zweck dieser Datenschutzrichtlinie ist es, zu beschreiben, wie Empraxis Informationen, die \u00fcber Sie durch unsere Website gesammelt werden, sammelt, verwendet und weitergibt. Bitte lesen Sie diese Datenschutzrichtlinie sorgf\u00e4ltig durch, um zu verstehen, was wir tun und wie wir mit den Informationen umgehen, die \u00fcber Sie auf der Website gesammelt werden. Durch die Nutzung der Website erkl\u00e4ren Sie sich mit den in dieser Datenschutzerkl\u00e4rung beschriebenen Praktiken einverstanden. Wenn Sie Fragen oder Anmerkungen zu dieser Datenschutzrichtlinie haben, kontaktieren Sie uns bitte unter <span \n                data-original-string='ORhCo3P61i\/RKFpeRwn+xA==a49SI0Lkk2x9MJLQFa2MEy0IH+r\/6hF2yEURuIw1bZaKFc='\n                class='apbct-email-encoder'\n                title='Dieser Kontakt wurde von Anti-Spam by CleanTalk verschl\u00fcsselt. Klicken Sie hier, um ihn zu entschl\u00fcsseln. Um die Entschl\u00fcsselung abzuschlie\u00dfen, stellen Sie sicher, dass JavaScript in Ihrem Browser aktiviert ist.'>in<span class=\"apbct-blur\">**<\/span>@<span class=\"apbct-blur\">********<\/span>oy.com<\/span>.      <\/p>\n<h3>Welche Informationen sammeln wir?<\/h3>\n<p>Wir sammeln Informationen von Ihnen, wenn Sie sich auf dieser Website registrieren, eine Bestellung aufgeben, an einem Wettbewerb oder Gewinnspiel teilnehmen, auf eine Umfrage oder eine Mitteilung wie eine E-Mail antworten oder an einer anderen Funktion der Website teilnehmen.<\/p>\n<p>Wenn Sie bestellen oder sich registrieren, fragen wir Sie m\u00f6glicherweise nach Ihrem Namen, Ihrer E-Mail-Adresse, Ihrer Postanschrift, Ihrer Telefonnummer, Ihren Kreditkartendaten oder anderen Informationen. Sie k\u00f6nnen unsere Website jedoch anonym besuchen, es sei denn, Sie sind als registrierter Benutzer eingeloggt und haben Zugriff auf eingeschr\u00e4nktes Material. <\/p>\n<p>Wie viele andere Websites auch, verwenden wir &#8220;Cookies&#8221;, um Ihr Erlebnis zu verbessern und Informationen \u00fcber Besucher und Besuche auf unserer Website zu sammeln. Bitte lesen Sie den Abschnitt &#8220;Verwenden wir &#8216;Cookies&#8217;?&#8221; weiter unten, um Informationen \u00fcber Cookies und ihre Verwendung zu erhalten. <\/p>\n<h3>Wie verwenden wir Ihre Informationen?<\/h3>\n<p>Wir k\u00f6nnen die Informationen, die wir von Ihnen sammeln, wenn Sie sich registrieren, Produkte kaufen, an einem Wettbewerb oder einer Werbeaktion teilnehmen, auf eine Umfrage oder eine Marketingmitteilung antworten, eine beliebige Seite der Website aufrufen oder bestimmte andere Funktionen der Website nutzen, wie folgt verwenden:<\/p>\n<ul>\n<li>Um Ihr Website-Erlebnis zu personalisieren und um uns zu erm\u00f6glichen, Ihnen die Art von Inhalten und Produktangeboten zu liefern, an denen Sie am meisten interessiert sind.<\/li>\n<li>Damit wir Sie bei der Beantwortung Ihrer Support-Anfragen besser unterst\u00fctzen k\u00f6nnen.<\/li>\n<li>Um Ihre Transaktionen schnell zu bearbeiten.<\/li>\n<li>Um einen Wettbewerb, eine Werbeaktion, eine Umfrage oder eine andere Funktion der Website zu verwalten.<\/li>\n<\/ul>\n<p>Wenn Sie sich f\u00fcr den Erhalt unseres E-Mail-Newsletters entschieden haben, k\u00f6nnen wir Ihnen regelm\u00e4\u00dfig E-Mails schicken. Wenn Sie keine Werbe-E-Mails mehr von uns erhalten m\u00f6chten, lesen Sie bitte den Abschnitt &#8220;Wie k\u00f6nnen Sie Informationen, die Sie uns zur Verf\u00fcgung gestellt haben, abbestellen, entfernen oder \u00e4ndern&#8221; weiter unten. Wenn Sie sich nicht f\u00fcr den Erhalt von E-Mail-Newslettern entschieden haben, werden Sie diese E-Mails nicht erhalten. Besucher, die sich registrieren oder an anderen Website-Funktionen wie Marketingprogrammen teilnehmen, k\u00f6nnen w\u00e4hlen, ob sie in unsere E-Mail-Liste aufgenommen werden und E-Mail-Nachrichten von uns erhalten m\u00f6chten.   <\/p>\n<h3>Wie sch\u00fctzen wir die Daten unserer Besucher?<\/h3>\n<p>Wir setzen eine Vielzahl von Sicherheitsma\u00dfnahmen ein, um die Sicherheit Ihrer pers\u00f6nlichen Daten zu gew\u00e4hrleisten. Ihre pers\u00f6nlichen Daten befinden sich hinter gesicherten Netzwerken und sind nur f\u00fcr eine begrenzte Anzahl von Personen zug\u00e4nglich, die \u00fcber besondere Zugangsrechte zu diesen Systemen verf\u00fcgen und verpflichtet sind, die Daten vertraulich zu behandeln. Wenn Sie \u00fcber unsere Partner f\u00fcr die Zahlungsabwicklung Bestellungen aufgeben oder auf Ihre pers\u00f6nlichen Daten zugreifen, bieten diese die Verwendung eines sicheren Servers an. Alle sensiblen Daten und Kreditinformationen, die Sie uns zur Verf\u00fcgung stellen, werden \u00fcber die Secure Socket Layer (SSL)-Technologie \u00fcbertragen und dann verschl\u00fcsselt in ihren Datenbanken gespeichert, so dass sie nur wie oben beschrieben zug\u00e4nglich sind. Wir sehen oder speichern keine identifizierbaren Details zu den Zahlungsmethoden, da alle Transaktionen von unseren sicheren Zahlungsdienstleistern abgewickelt werden.    <\/p>\n<h3>Google Analytics<\/h3>\n<p>Informationen werden auch \u00fcber Google Analytics gesammelt, um zu analysieren, wie Benutzer die Website nutzen. Das Google Analytics-Tool verwendet &#8220;Cookies&#8221;, d.h. Textdateien, die auf Ihrem Computer gespeichert werden, um Standard-Internetprotokolldaten und Informationen zum Besucherverhalten in anonymer Form zu erfassen. Die von dem Cookie erzeugten Informationen \u00fcber Ihre Nutzung der Website (einschlie\u00dflich der IP-Adresse) werden an Google \u00fcbermittelt. Diese Informationen werden dann verwendet, um die Nutzung der Website durch die Besucher auszuwerten und um statistische Berichte \u00fcber die Website-Aktivit\u00e4ten f\u00fcr Empraxis LLC zu erstellen. Weitere Informationen dar\u00fcber, wie Google Analytics Ihre Daten sch\u00fctzt, finden Sie bei Google.    <\/p>\n<h3>Verwenden wir &#8220;Cookies&#8221;?<\/h3>\n<p>Ja. Cookies sind kleine Dateien, die eine Website oder ihr Dienstanbieter \u00fcber Ihren Webbrowser auf Ihren Computer oder Ihr mobiles Ger\u00e4t \u00fcbertr\u00e4gt (wenn Sie Cookies zulassen), damit die Systeme der Website oder des Dienstanbieters Ihren Browser erkennen und bestimmte Informationen erfassen und speichern k\u00f6nnen. Sie werden auch verwendet, um uns zu helfen, Ihre Pr\u00e4ferenzen auf der Grundlage fr\u00fcherer oder aktueller Website-Aktivit\u00e4ten zu verstehen, was es uns erm\u00f6glicht, Ihnen verbesserte Dienste anzubieten. Wir verwenden Cookies auch, um aggregierte Daten \u00fcber den Website-Verkehr und die Interaktion mit der Website zu sammeln, damit wir in Zukunft bessere Website-Erlebnisse und -Tools anbieten k\u00f6nnen.   <\/p>\n<p>Wir k\u00f6nnen Vertr\u00e4ge mit Drittanbietern abschlie\u00dfen, die uns dabei helfen, die Besucher unserer Website besser zu verstehen. Diesen Dienstleistern ist es nicht gestattet, die in unserem Namen gesammelten Informationen zu verwenden, au\u00dfer um uns bei der Durchf\u00fchrung und Verbesserung unserer Gesch\u00e4fte zu helfen. <\/p>\n<p>Sie k\u00f6nnen w\u00e4hlen, ob Ihr Computer Sie jedes Mal warnen soll, wenn ein Cookie gesendet wird, oder ob Sie alle Cookies deaktivieren m\u00f6chten. Sie tun dies \u00fcber die Einstellungen Ihres Browsers (Internet Explorer, Safari, Firefox, Chrome oder Opera). Jeder Browser ist ein wenig anders, daher sollten Sie im Hilfemen\u00fc Ihres Browsers nachsehen, wie Sie Ihre Cookies korrekt \u00e4ndern k\u00f6nnen. Wenn Sie Cookies deaktivieren, haben Sie m\u00f6glicherweise keinen Zugang zu vielen Funktionen, die Ihre Website effizienter machen, und einige unserer Dienste funktionieren m\u00f6glicherweise nicht richtig.   <\/p>\n<h3>Geben wir die von uns gesammelten Informationen an Dritte weiter?<\/h3>\n<p>Wir werden Ihre personenbezogenen Daten nicht verkaufen, tauschen oder anderweitig an Dritte weitergeben, es sei denn, wir informieren Sie vorher dar\u00fcber, wie unten beschrieben. Der Begriff &#8220;Dritte&#8221; schlie\u00dft Empraxis LLC dba GaryMcAvoy.com nicht ein. Er umfasst auch nicht Website-Hosting-Partner und andere Parteien, die uns beim Betrieb unserer Website, bei der Durchf\u00fchrung unserer Gesch\u00e4fte oder bei der Betreuung Ihrer Kunden unterst\u00fctzen, solange diese Parteien sich verpflichten, diese Informationen vertraulich zu behandeln. Wir k\u00f6nnen Ihre Daten auch weitergeben, wenn wir der Meinung sind, dass die Weitergabe angemessen ist, um das Gesetz einzuhalten, unsere Website-Richtlinien durchzusetzen oder unsere oder die Rechte, das Eigentum oder die Sicherheit anderer zu sch\u00fctzen.   <\/p>\n<p>Nicht pers\u00f6nlich identifizierbare Besucherdaten k\u00f6nnen jedoch an andere Parteien f\u00fcr Marketing, Werbung oder andere Zwecke weitergegeben werden.<\/p>\n<h3>Wie k\u00f6nnen Sie Informationen, die Sie uns zur Verf\u00fcgung gestellt haben, abbestellen, entfernen oder \u00e4ndern?<\/h3>\n<p>Um Ihre E-Mail-Abonnements zu \u00e4ndern, befolgen Sie einfach die Anweisungen am Ende jedes abonnierten Newsletters oder jeder E-Mail, die Sie von uns erhalten haben, oder senden Sie eine Nachricht mit der Bitte um L\u00f6schung an <span \n                data-original-string='6ZEMNVDD6YX08BgV48A2tg==a4969M9t50mbYhVepeZr5L+y92d0mMITXxg3eGP5Tqp0+A='\n                class='apbct-email-encoder'\n                title='Dieser Kontakt wurde von Anti-Spam by CleanTalk verschl\u00fcsselt. Klicken Sie hier, um ihn zu entschl\u00fcsseln. Um die Entschl\u00fcsselung abzuschlie\u00dfen, stellen Sie sicher, dass JavaScript in Ihrem Browser aktiviert ist.'>li<span class=\"apbct-blur\">**<\/span>@<span class=\"apbct-blur\">********<\/span>oy.com<\/span>.<\/p>\n<p>Bitte beachten Sie, dass Sie aufgrund der Produktionspl\u00e4ne f\u00fcr E-Mails m\u00f6glicherweise E-Mails erhalten, die sich bereits in der Produktion befinden.<br \/>Bitte beachten Sie, dass wir Informationen \u00fcber eine einzelne Verkaufstransaktion aufbewahren k\u00f6nnen, um diese Transaktion zu bearbeiten und um Aufzeichnungen zu f\u00fchren.<\/p>\n<h3>Links von Dritten<\/h3>\n<p>In dem Bestreben, Ihnen einen Mehrwert zu bieten, k\u00f6nnen wir auf unserer Website Links zu Dritten einf\u00fcgen. Diese verlinkten Websites haben separate und unabh\u00e4ngige Datenschutzrichtlinien. Wir \u00fcbernehmen daher keine Verantwortung oder Haftung f\u00fcr die Inhalte und Aktivit\u00e4ten dieser verlinkten Websites. Nichtsdestotrotz sind wir bestrebt, die Integrit\u00e4t unserer Website zu sch\u00fctzen und freuen uns \u00fcber jedes Feedback zu diesen verlinkten Websites (auch wenn ein bestimmter Link nicht funktioniert).   <\/p>\n<h3>Angegliederte Links<\/h3>\n<p>Wir sind Teilnehmer des Amazon Services LLC Associates Program, einem Partnerwerbeprogramm, das zur Bereitstellung eines Mediums f\u00fcr uns konzipiert wurde, um durch die Verlinkung mit Amazon.com und angeschlossenen Websites Geb\u00fchren zu verdienen.  <span style=\"letter-spacing: 0em; background-color: var(--ignition-body-background-color);\">Amazon und das Amazon-Logo sind Marken von Amazon.com, Inc. oder seinen Tochtergesellschaften.<\/span><\/p>\n<h3>\u00c4nderungen an unserer Politik<\/h3>\n<p>Wenn wir uns entscheiden, unsere Datenschutzrichtlinien zu \u00e4ndern, werden wir diese \u00c4nderungen auf dieser Seite ver\u00f6ffentlichen. \u00c4nderungen der Richtlinie gelten nur f\u00fcr Informationen, die nach dem Datum der \u00c4nderung gesammelt wurden. Diese Richtlinie wurde zuletzt an dem unten angegebenen Datum ge\u00e4ndert.  <\/p>\n<h3>Fragen und Feedback<\/h3>\n<p>Wir freuen uns \u00fcber Ihre Fragen, Kommentare und Bedenken zum Thema Datenschutz. Bitte senden Sie uns jegliches Feedback zum Thema Datenschutz oder zu anderen Themen per E-Mail an <span \n                data-original-string='v30N3ki8UZEqZ21Zh\/2TBQ==a49srhynTBnX0bg77h37Slo68ifLs\/T91hWSS9e\/KaLLMI='\n                class='apbct-email-encoder'\n                title='Dieser Kontakt wurde von Anti-Spam by CleanTalk verschl\u00fcsselt. Klicken Sie hier, um ihn zu entschl\u00fcsseln. Um die Entschl\u00fcsselung abzuschlie\u00dfen, stellen Sie sicher, dass JavaScript in Ihrem Browser aktiviert ist.'>in<span class=\"apbct-blur\">**<\/span>@<span class=\"apbct-blur\">********<\/span>oy.com<\/span>. <\/p>\n<h3>Nur Online-Police<\/h3>\n<p>Diese Online-Datenschutzrichtlinie gilt nur f\u00fcr Informationen, die \u00fcber unsere Website gesammelt werden, und nicht f\u00fcr Informationen, die offline gesammelt werden.<\/p>\n<h3>Ihre Zustimmung<\/h3>\n<p>Durch die Nutzung unserer Website erkl\u00e4ren Sie sich mit unserem Datenschutz einverstanden  <\/p>\n<hr>\n<\/div>\n<\/div>\n<\/div>\n<div>\n<div>\n<div>\n<h1 style=\"text-align: center;\">DMCA-Hinweis<\/h1>\n<p><strong>Empraxis LLC<\/strong><br \/><strong>Gary McAvoy &#8211; www.garymcavoy.com<\/strong><\/p>\n<p><strong>Hinweis zum Digital Millennium Copyright Act (DMCA)<\/strong><\/p>\n<p>Empraxis LLC (Empraxis) ist Eigent\u00fcmer, Betreiber und Verwalter von www.garymcavoy.com.<\/p>\n<p>Diese Website befolgt die Safe-Harbor-Bestimmungen von 17 USC \u00a7 512, auch bekannt als Digital Millennium Copyright Act (&#8220;DCMA&#8221;). In diesem Sinne wird Empraxis auf schriftliche Benachrichtigungen \u00fcber Urheberrechtsverletzungen in \u00dcbereinstimmung mit dem DCMA reagieren. <\/p>\n<p>Wenn Sie der Meinung sind, dass Ihre Rechte an geistigem Eigentum von Empraxis oder einem Dritten, der Inhalte auf unserer Website zur Verf\u00fcgung gestellt hat, verletzt wurden, \u00fcbermitteln Sie bitte alle folgenden Informationen an den unten aufgef\u00fchrten Beauftragten f\u00fcr Urheberrecht von Empraxis:<\/p>\n<p style=\"padding-left: 40px;\">1. Eine Beschreibung des urheberrechtlich gesch\u00fctzten Werks oder anderen geistigen Eigentums, das Ihrer Meinung nach verletzt wurde.<\/p>\n<p style=\"padding-left: 40px;\">2. Eine Beschreibung des Ortes, an dem sich das Material, das Sie als rechtsverletzend bezeichnen, auf der Website befindet.<\/p>\n<p style=\"padding-left: 40px;\">3. Eine Adresse, eine Telefonnummer und eine E-Mail-Adresse, unter der Empraxis Sie erreichen kann.<\/p>\n<p style=\"padding-left: 40px;\">4. Eine Erkl\u00e4rung, dass Sie nach bestem Wissen und Gewissen davon ausgehen, dass die Nutzung nicht vom Urheberrechtsinhaber, einem anderen Inhaber von Rechten an geistigem Eigentum oder von dessen Bevollm\u00e4chtigten oder per Gesetz genehmigt wurde.<\/p>\n<p style=\"padding-left: 40px;\">5. Eine eidesstattliche Erkl\u00e4rung von Ihnen, dass die Informationen in Ihrer Mitteilung korrekt sind und dass Sie der Inhaber des Urheberrechts oder der Rechte an geistigem Eigentum sind oder befugt sind, im Namen des Inhabers zu handeln.<\/p>\n<p style=\"padding-left: 40px;\">6. Ihre elektronische oder physische Unterschrift.<\/p>\n<p>Empraxis kann zus\u00e4tzliche Informationen von Ihnen anfordern, bevor es verletzendes Material entfernt, und kann der mutma\u00dflichen verletzenden Partei Ihre E-Mail-Adresse mitteilen, damit diese Person auf Ihre Behauptungen antworten kann.<\/p>\n<p>Gem\u00e4\u00df Title 17, United States Code, Section 512(2), sollten Benachrichtigungen \u00fcber angebliche Urheberrechtsverletzungen an den unten aufgef\u00fchrten designierten Urheberrechtsbeauftragten von Empraxis gesendet werden.<\/p>\n<p><span style=\"letter-spacing: 0em; background-color: var(--ignition-body-background-color);\">Empraxis Designated Copyright Agent:<\/span><\/p>\n<p>Gary McAvoy<br \/>PO Box 5987<br \/>Bremerton, WA 98312<\/p>\n<\/div>\n<div><\/div>\n<div>\n<p><em>Zuletzt aktualisiert Januar 11, 2022<\/em><\/p>\n<h2 style=\"text-align: center;\">Hinweis zum Warenzeichen<\/h2>\n<p>Gary McAvoy \u00ae ist eine eingetragene Marke, die beim United States Patent and Trademark Office hinterlegt ist.<\/p>\n<\/div>\n<\/div>\n<\/div>\n\t\t\t\t\t\t\t\t<\/div>\n\t\t\t\t\t<\/div>\n\t\t<\/div>\n\t\t\t\t\t<\/div>\n\t\t<\/section>\n\t\t\t\t<\/div>\n\t\t","protected":false},"excerpt":{"rendered":"<p>Nutzungsbedingungen Einf\u00fchrung Diese Website-Standardbedingungen (diese &#8220;Bedingungen&#8221; oder diese &#8220;Website-Standardbedingungen&#8221;), die hier auf dieser Webseite enthalten sind, regeln Ihre Nutzung dieser Website, einschlie\u00dflich aller Seiten innerhalb dieser Website (im Folgenden zusammenfassend als &#8220;Website&#8221; bezeichnet). Diese Bedingungen [&hellip;]<\/p>\n","protected":false},"author":1,"featured_media":0,"parent":0,"menu_order":0,"comment_status":"closed","ping_status":"open","template":"template\/page\/fullwidth.php","meta":{"iawp_total_views":1,"footnotes":""},"class_list":["post-11014","page","type-page","status-publish","hentry"],"_links":{"self":[{"href":"https:\/\/garymcavoy.com\/de\/wp-json\/wp\/v2\/pages\/11014","targetHints":{"allow":["GET"]}}],"collection":[{"href":"https:\/\/garymcavoy.com\/de\/wp-json\/wp\/v2\/pages"}],"about":[{"href":"https:\/\/garymcavoy.com\/de\/wp-json\/wp\/v2\/types\/page"}],"author":[{"embeddable":true,"href":"https:\/\/garymcavoy.com\/de\/wp-json\/wp\/v2\/users\/1"}],"replies":[{"embeddable":true,"href":"https:\/\/garymcavoy.com\/de\/wp-json\/wp\/v2\/comments?post=11014"}],"version-history":[{"count":0,"href":"https:\/\/garymcavoy.com\/de\/wp-json\/wp\/v2\/pages\/11014\/revisions"}],"wp:attachment":[{"href":"https:\/\/garymcavoy.com\/de\/wp-json\/wp\/v2\/media?parent=11014"}],"curies":[{"name":"wp","href":"https:\/\/api.w.org\/{rel}","templated":true}]}}