{"id":11132,"date":"2024-11-09T12:36:31","date_gmt":"2024-11-09T20:36:31","guid":{"rendered":"https:\/\/garymcavoy.com\/buecher-rezensionen\/die-apostel-verschwoerung\/"},"modified":"2024-11-26T11:09:40","modified_gmt":"2024-11-26T19:09:40","slug":"die-apostel-verschwoerung","status":"publish","type":"page","link":"https:\/\/garymcavoy.com\/de\/buecher-rezensionen\/die-apostel-verschwoerung\/","title":{"rendered":"Die Apostel-Verschw\u00f6rung"},"content":{"rendered":"\t\t<div data-elementor-type=\"wp-page\" data-elementor-id=\"11132\" class=\"elementor elementor-11132\" data-elementor-post-type=\"page\">\n\t\t\t\t\t\t<section data-particle_enable=\"false\" data-particle-mobile-disabled=\"false\" class=\"elementor-section elementor-top-section elementor-element elementor-element-8aaedea elementor-section-boxed elementor-section-height-default elementor-section-height-default\" data-id=\"8aaedea\" data-element_type=\"section\" data-e-type=\"section\">\n\t\t\t\t\t\t<div class=\"elementor-container elementor-column-gap-default\">\n\t\t\t\t\t<div class=\"elementor-column elementor-col-66 elementor-top-column elementor-element elementor-element-8f41081\" data-id=\"8f41081\" data-element_type=\"column\" data-e-type=\"column\">\n\t\t\t<div class=\"elementor-widget-wrap elementor-element-populated\">\n\t\t\t\t\t\t<div class=\"elementor-element elementor-element-208ca3e elementor-widget elementor-widget-spacer\" data-id=\"208ca3e\" data-element_type=\"widget\" data-e-type=\"widget\" data-widget_type=\"spacer.default\">\n\t\t\t\t\t\t\t<div class=\"elementor-spacer\">\n\t\t\t<div class=\"elementor-spacer-inner\"><\/div>\n\t\t<\/div>\n\t\t\t\t\t\t<\/div>\n\t\t\t\t<div class=\"elementor-element elementor-element-7863b2b elementor-widget elementor-widget-heading\" data-id=\"7863b2b\" data-element_type=\"widget\" data-e-type=\"widget\" data-widget_type=\"heading.default\">\n\t\t\t\t\t<h1 class=\"elementor-heading-title elementor-size-default\">Die Apostel-Verschw\u00f6rung<\/h1>\t\t\t\t<\/div>\n\t\t\t\t<div class=\"elementor-element elementor-element-e95cd78 elementor-widget elementor-widget-heading\" data-id=\"e95cd78\" data-element_type=\"widget\" data-e-type=\"widget\" data-widget_type=\"heading.default\">\n\t\t\t\t\t<h2 class=\"elementor-heading-title elementor-size-default\">Ein Thriller aus dem Geheimarchiv des Vatikans - Buch 9<\/h2>\t\t\t\t<\/div>\n\t\t\t\t<div class=\"elementor-element elementor-element-35a847d elementor-widget elementor-widget-text-editor\" data-id=\"35a847d\" data-element_type=\"widget\" data-e-type=\"widget\" data-widget_type=\"text-editor.default\">\n\t\t\t\t\t\t\t\t\t<p>Inmitten der Pracht des Vatikans bergen die Gebeine des heiligen Petrus &#8211; die heiligsten Reliquien der Kirche &#8211; Geheimnisse, die die Geschichte der Kirche neu gestalten k\u00f6nnten. Pater Michael Dominic, Pr\u00e4fekt des Vatikanischen Geheimarchivs, entdeckt eine mysteri\u00f6se, fast vergessene Inschrift, die Linus, den ersten Nachfolger des Heiligen Petrus, mit grundlegenden Entscheidungen verbindet, die die fr\u00fche Kirche gepr\u00e4gt haben. Was als wissenschaftliche Erkundung des Verm\u00e4chtnisses von Linus beginnt, entwickelt sich schnell zu einer dringenden Suche nach dem Schutz der Wahrheit. Mit Hilfe des Vatikanarch\u00e4ologen Marcus Russo folgt Michael kryptischen Hinweisen, die tief in den Archiven vergraben sind, und enth\u00fcllt Linus als einen entscheidenden, aber verborgenen Architekten des Glaubens &#8211; und deckt eine Geschichte auf, die die Kirche vielleicht nicht bereit ist, zu akzeptieren.   <\/p>\n<p>Doch Michaels Arbeit zieht die Aufmerksamkeit von Elliot Voss auf sich, einer schattenhaften und m\u00e4chtigen Figur, die von den Gebeinen des Heiligen Petrus besessen ist. F\u00fcr Voss sind die Reliquien mehr als heilige Artefakte; sie sind ein Weg zur Unsterblichkeit und zur ultimativen Kontrolle. Sein gef\u00e4hrlicher Ehrgeiz treibt ihn dazu, zu manipulieren und zu t\u00e4uschen und zieht Michael in ein Netz von Intrigen hinein, in dem jede Enth\u00fcllung eine potenzielle Bedrohung f\u00fcr die Heiligkeit der Kirche darstellt. Voss&#8217; unerbittliches Streben nach Macht zwingt Michael, sich mit der dunklen Seite des Glaubens und der Zerbrechlichkeit des Verm\u00e4chtnisses auseinanderzusetzen, w\u00e4hrend die heiligen Knochen zum Mittelpunkt eines t\u00f6dlichen Spiels werden.   <\/p>\n<p>W\u00e4hrend Michael und Marcus das verborgene Verm\u00e4chtnis von Linus aufdecken und die Gefahren rund um die Reliquien des Heiligen Petrus bew\u00e4ltigen, werfen ihre Entdeckungen mehr Fragen als Antworten auf. Unterdessen nimmt Michaels sich entwickelnde Beziehung zu Hana Sinclair eine unerwartete Wendung, die seine \u00dcberzeugungen in Frage stellt und ihn zwingt, sich pers\u00f6nlichen Wahrheiten zu stellen, die so tiefgreifend sind wie die Geheimnisse, die er zu entr\u00e4tseln versucht. Vor dem Hintergrund der schattenhaften Intrigen des Vatikans erkundet dieser fesselnde Roman die Spannung zwischen Geschichte und Glaube, Macht und Bewahrung &#8211; wobei selbst die heiligsten Reliquien zum Schlachtfeld f\u00fcr die gr\u00f6\u00dften K\u00e4mpfe der Menschheit werden k\u00f6nnen.  <\/p>\n\t\t\t\t\t\t\t\t<\/div>\n\t\t\t\t\t<\/div>\n\t\t<\/div>\n\t\t\t\t<div class=\"elementor-column elementor-col-33 elementor-top-column elementor-element elementor-element-a044b10\" data-id=\"a044b10\" data-element_type=\"column\" data-e-type=\"column\">\n\t\t\t<div class=\"elementor-widget-wrap elementor-element-populated\">\n\t\t\t\t\t\t<div class=\"elementor-element elementor-element-fe9ca9e elementor-widget elementor-widget-spacer\" data-id=\"fe9ca9e\" data-element_type=\"widget\" data-e-type=\"widget\" data-widget_type=\"spacer.default\">\n\t\t\t\t\t\t\t<div class=\"elementor-spacer\">\n\t\t\t<div class=\"elementor-spacer-inner\"><\/div>\n\t\t<\/div>\n\t\t\t\t\t\t<\/div>\n\t\t\t\t<div class=\"elementor-element elementor-element-c23a1f4 elementor-widget elementor-widget-image\" data-id=\"c23a1f4\" data-element_type=\"widget\" data-e-type=\"widget\" data-widget_type=\"image.default\">\n\t\t\t\t\t\t\t\t\t\t\t\t\t\t\t\t<a href=\"https:\/\/garymcavoy.com\/store\/the-confessions-of-pope-joan\/\">\n\t\t\t\t\t\t\t<img fetchpriority=\"high\" decoding=\"async\" width=\"780\" height=\"996\" src=\"https:\/\/garymcavoy.com\/wp-content\/uploads\/2024\/11\/Apostle-Conspiracy-Cover-3D-Left-1-802x1024.png\" class=\"attachment-large size-large wp-image-11131\" alt=\"\" srcset=\"https:\/\/garymcavoy.com\/wp-content\/uploads\/2024\/11\/Apostle-Conspiracy-Cover-3D-Left-1-802x1024.png 802w, https:\/\/garymcavoy.com\/wp-content\/uploads\/2024\/11\/Apostle-Conspiracy-Cover-3D-Left-1-600x766.png 600w, https:\/\/garymcavoy.com\/wp-content\/uploads\/2024\/11\/Apostle-Conspiracy-Cover-3D-Left-1-235x300.png 235w, https:\/\/garymcavoy.com\/wp-content\/uploads\/2024\/11\/Apostle-Conspiracy-Cover-3D-Left-1-768x980.png 768w, https:\/\/garymcavoy.com\/wp-content\/uploads\/2024\/11\/Apostle-Conspiracy-Cover-3D-Left-1.png 923w\" sizes=\"(max-width: 780px) 100vw, 780px\" \/>\t\t\t\t\t\t\t\t<\/a>\n\t\t\t\t\t\t\t\t\t\t\t\t\t\t\t<\/div>\n\t\t\t\t<div class=\"elementor-element elementor-element-d4c39e8 elementor-widget elementor-widget-heading\" data-id=\"d4c39e8\" data-element_type=\"widget\" data-e-type=\"widget\" data-widget_type=\"heading.default\">\n\t\t\t\t\t<h6 class=\"elementor-heading-title elementor-size-default\">Dezember 2024<\/h6>\t\t\t\t<\/div>\n\t\t\t\t<div class=\"elementor-element elementor-element-35019be elementor-align-center elementor-widget elementor-widget-button\" data-id=\"35019be\" data-element_type=\"widget\" data-e-type=\"widget\" data-widget_type=\"button.default\">\n\t\t\t\t\t\t\t\t\t\t<a class=\"elementor-button elementor-button-link elementor-size-sm\" href=\"https:\/\/garymcavoy.com\/store\/the-confessions-of-pope-joan\/\">\n\t\t\t\t\t\t<span class=\"elementor-button-content-wrapper\">\n\t\t\t\t\t\t\t\t\t<span class=\"elementor-button-text\">DAS BUCH BESTELLEN<\/span>\n\t\t\t\t\t<\/span>\n\t\t\t\t\t<\/a>\n\t\t\t\t\t\t\t\t<\/div>\n\t\t\t\t<div class=\"elementor-element elementor-element-bd8ebd8 elementor-align-center elementor-widget elementor-widget-button\" data-id=\"bd8ebd8\" data-element_type=\"widget\" data-e-type=\"widget\" data-widget_type=\"button.default\">\n\t\t\t\t\t\t\t\t\t\t<a class=\"elementor-button elementor-button-link elementor-size-sm\" href=\"https:\/\/garymcavoy.com\/de\/buecher-rezensionen\/die-bekenntnisse-der-paepstin-johanna\/die-bekenntnisse-der-paepstin-johanna-auszug\/\" target=\"_blank\">\n\t\t\t\t\t\t<span class=\"elementor-button-content-wrapper\">\n\t\t\t\t\t\t\t\t\t<span class=\"elementor-button-text\">PROBE LESEN<\/span>\n\t\t\t\t\t<\/span>\n\t\t\t\t\t<\/a>\n\t\t\t\t\t\t\t\t<\/div>\n\t\t\t\t<div class=\"elementor-element elementor-element-6db209b elementor-widget elementor-widget-spacer\" data-id=\"6db209b\" data-element_type=\"widget\" data-e-type=\"widget\" data-widget_type=\"spacer.default\">\n\t\t\t\t\t\t\t<div class=\"elementor-spacer\">\n\t\t\t<div class=\"elementor-spacer-inner\"><\/div>\n\t\t<\/div>\n\t\t\t\t\t\t<\/div>\n\t\t\t\t\t<\/div>\n\t\t<\/div>\n\t\t\t\t\t<\/div>\n\t\t<\/section>\n\t\t\t\t<section data-particle_enable=\"false\" data-particle-mobile-disabled=\"false\" class=\"elementor-section elementor-top-section elementor-element elementor-element-eef605c elementor-section-boxed elementor-section-height-default elementor-section-height-default\" data-id=\"eef605c\" data-element_type=\"section\" data-e-type=\"section\">\n\t\t\t\t\t\t<div class=\"elementor-container elementor-column-gap-default\">\n\t\t\t\t\t<div class=\"elementor-column elementor-col-66 elementor-top-column elementor-element elementor-element-dbe8279\" data-id=\"dbe8279\" data-element_type=\"column\" data-e-type=\"column\">\n\t\t\t<div class=\"elementor-widget-wrap elementor-element-populated\">\n\t\t\t\t\t\t<div class=\"elementor-element elementor-element-7405f06 elementor-widget elementor-widget-image\" data-id=\"7405f06\" data-element_type=\"widget\" data-e-type=\"widget\" data-widget_type=\"image.default\">\n\t\t\t\t\t\t\t\t\t\t\t\t\t\t\t<img decoding=\"async\" width=\"361\" height=\"100\" src=\"https:\/\/garymcavoy.com\/wp-content\/uploads\/2022\/10\/Order-Signed-Copy-Today.png\" class=\"attachment-medium_large size-medium_large wp-image-11185\" alt=\"\" srcset=\"https:\/\/garymcavoy.com\/wp-content\/uploads\/2022\/10\/Order-Signed-Copy-Today.png 361w, https:\/\/garymcavoy.com\/wp-content\/uploads\/2022\/10\/Order-Signed-Copy-Today-300x83.png 300w, https:\/\/garymcavoy.com\/wp-content\/uploads\/2022\/10\/Order-Signed-Copy-Today-250x69.png 250w\" sizes=\"(max-width: 361px) 100vw, 361px\" \/>\t\t\t\t\t\t\t\t\t\t\t\t\t\t\t<\/div>\n\t\t\t\t<div class=\"elementor-element elementor-element-c1f7746 elementor-widget elementor-widget-spacer\" data-id=\"c1f7746\" data-element_type=\"widget\" data-e-type=\"widget\" data-widget_type=\"spacer.default\">\n\t\t\t\t\t\t\t<div class=\"elementor-spacer\">\n\t\t\t<div class=\"elementor-spacer-inner\"><\/div>\n\t\t<\/div>\n\t\t\t\t\t\t<\/div>\n\t\t\t\t<div class=\"elementor-element elementor-element-dd3383d elementor-widget elementor-widget-heading\" data-id=\"dd3383d\" data-element_type=\"widget\" data-e-type=\"widget\" data-widget_type=\"heading.default\">\n\t\t\t\t\t<h2 class=\"elementor-heading-title elementor-size-default\">Sehen Sie sich den Buch-Trailer an<\/h2>\t\t\t\t<\/div>\n\t\t\t\t\t<\/div>\n\t\t<\/div>\n\t\t\t\t<div class=\"elementor-column elementor-col-33 elementor-top-column elementor-element elementor-element-91e79b3\" data-id=\"91e79b3\" data-element_type=\"column\" data-e-type=\"column\">\n\t\t\t<div class=\"elementor-widget-wrap\">\n\t\t\t\t\t\t\t<\/div>\n\t\t<\/div>\n\t\t\t\t\t<\/div>\n\t\t<\/section>\n\t\t\t\t<section data-particle_enable=\"false\" data-particle-mobile-disabled=\"false\" class=\"elementor-section elementor-top-section elementor-element elementor-element-262dbcd elementor-section-boxed elementor-section-height-default elementor-section-height-default\" data-id=\"262dbcd\" data-element_type=\"section\" data-e-type=\"section\">\n\t\t\t\t\t\t<div class=\"elementor-container elementor-column-gap-default\">\n\t\t\t\t\t<div class=\"elementor-column elementor-col-66 elementor-top-column elementor-element elementor-element-21313ff\" data-id=\"21313ff\" data-element_type=\"column\" data-e-type=\"column\">\n\t\t\t<div class=\"elementor-widget-wrap elementor-element-populated\">\n\t\t\t\t\t\t<div class=\"elementor-element elementor-element-9ac579f elementor-widget elementor-widget-video\" data-id=\"9ac579f\" data-element_type=\"widget\" data-e-type=\"widget\" data-settings=\"{&quot;youtube_url&quot;:&quot;https:\\\/\\\/youtu.be\\\/PVIZSz4zbIM&quot;,&quot;video_type&quot;:&quot;youtube&quot;,&quot;controls&quot;:&quot;yes&quot;}\" data-widget_type=\"video.default\">\n\t\t\t\t\t\t\t<div class=\"elementor-wrapper elementor-open-inline\">\n\t\t\t<div class=\"elementor-video\"><\/div>\t\t<\/div>\n\t\t\t\t\t\t<\/div>\n\t\t\t\t<div class=\"elementor-element elementor-element-803deee elementor-widget elementor-widget-spacer\" data-id=\"803deee\" data-element_type=\"widget\" data-e-type=\"widget\" data-widget_type=\"spacer.default\">\n\t\t\t\t\t\t\t<div class=\"elementor-spacer\">\n\t\t\t<div class=\"elementor-spacer-inner\"><\/div>\n\t\t<\/div>\n\t\t\t\t\t\t<\/div>\n\t\t\t\t\t<\/div>\n\t\t<\/div>\n\t\t\t\t<div class=\"elementor-column elementor-col-33 elementor-top-column elementor-element elementor-element-68902b3\" data-id=\"68902b3\" data-element_type=\"column\" data-e-type=\"column\">\n\t\t\t<div class=\"elementor-widget-wrap\">\n\t\t\t\t\t\t\t<\/div>\n\t\t<\/div>\n\t\t\t\t\t<\/div>\n\t\t<\/section>\n\t\t\t\t<\/div>\n\t\t","protected":false},"excerpt":{"rendered":"<p>Die Apostel-Verschw\u00f6rung Ein Thriller aus dem Geheimarchiv des Vatikans &#8211; Buch 9 Inmitten der Pracht des Vatikans bergen die Gebeine des heiligen Petrus &#8211; die heiligsten Reliquien der Kirche &#8211; Geheimnisse, die die Geschichte der [&hellip;]<\/p>\n","protected":false},"author":1,"featured_media":11154,"parent":10989,"menu_order":0,"comment_status":"closed","ping_status":"closed","template":"","meta":{"iawp_total_views":0,"footnotes":""},"class_list":["post-11132","page","type-page","status-publish","has-post-thumbnail","hentry"],"_links":{"self":[{"href":"https:\/\/garymcavoy.com\/de\/wp-json\/wp\/v2\/pages\/11132","targetHints":{"allow":["GET"]}}],"collection":[{"href":"https:\/\/garymcavoy.com\/de\/wp-json\/wp\/v2\/pages"}],"about":[{"href":"https:\/\/garymcavoy.com\/de\/wp-json\/wp\/v2\/types\/page"}],"author":[{"embeddable":true,"href":"https:\/\/garymcavoy.com\/de\/wp-json\/wp\/v2\/users\/1"}],"replies":[{"embeddable":true,"href":"https:\/\/garymcavoy.com\/de\/wp-json\/wp\/v2\/comments?post=11132"}],"version-history":[{"count":0,"href":"https:\/\/garymcavoy.com\/de\/wp-json\/wp\/v2\/pages\/11132\/revisions"}],"up":[{"embeddable":true,"href":"https:\/\/garymcavoy.com\/de\/wp-json\/wp\/v2\/pages\/10989"}],"wp:featuredmedia":[{"embeddable":true,"href":"https:\/\/garymcavoy.com\/de\/wp-json\/wp\/v2\/media\/11154"}],"wp:attachment":[{"href":"https:\/\/garymcavoy.com\/de\/wp-json\/wp\/v2\/media?parent=11132"}],"curies":[{"name":"wp","href":"https:\/\/api.w.org\/{rel}","templated":true}]}}