{"id":11234,"date":"2024-11-13T12:54:18","date_gmt":"2024-11-13T20:54:18","guid":{"rendered":"https:\/\/garymcavoy.com\/buecher-rezensionen\/die-apostel-verschwoerung-2\/"},"modified":"2026-04-20T06:24:09","modified_gmt":"2026-04-20T13:24:09","slug":"die-apostel-verschwoerung-2","status":"publish","type":"page","link":"https:\/\/garymcavoy.com\/de\/buecher-rezensionen\/die-apostel-verschwoerung-2\/","title":{"rendered":"Die Apostel-Verschw\u00f6rung"},"content":{"rendered":"\t\t<div data-elementor-type=\"wp-page\" data-elementor-id=\"11234\" class=\"elementor elementor-11234 elementor-11155\" data-elementor-post-type=\"page\">\n\t\t\t\t\t\t<section data-particle_enable=\"false\" data-particle-mobile-disabled=\"false\" class=\"elementor-section elementor-top-section elementor-element elementor-element-67c84ba elementor-section-boxed elementor-section-height-default elementor-section-height-default\" data-id=\"67c84ba\" data-element_type=\"section\" data-e-type=\"section\">\n\t\t\t\t\t\t<div class=\"elementor-container elementor-column-gap-default\">\n\t\t\t\t\t<div class=\"elementor-column elementor-col-100 elementor-top-column elementor-element elementor-element-11c1509b\" data-id=\"11c1509b\" data-element_type=\"column\" data-e-type=\"column\">\n\t\t\t<div class=\"elementor-widget-wrap elementor-element-populated\">\n\t\t\t\t\t\t<div class=\"elementor-element elementor-element-340c9b27 elementor-widget elementor-widget-text-editor\" data-id=\"340c9b27\" data-element_type=\"widget\" data-e-type=\"widget\" data-widget_type=\"text-editor.default\">\n\t\t\t\t\t\t\t\t\t<div class=\"boldgrid-section\">\r\n<div class=\"container\">\r\n<div class=\"row\">\r\n<div class=\"col-lg-12 col-md-12 col-xs-12 col-sm-12\">\r\n\r\n&nbsp;\r\n\r\n<\/div>\r\n<\/div>\r\n<\/div>\r\n<\/div>\t\t\t\t\t\t\t\t<\/div>\n\t\t\t\t\t<\/div>\n\t\t<\/div>\n\t\t\t\t\t<\/div>\n\t\t<\/section>\n\t\t\t\t<section data-particle_enable=\"false\" data-particle-mobile-disabled=\"false\" class=\"elementor-section elementor-top-section elementor-element elementor-element-d8cfbe5 elementor-section-boxed elementor-section-height-default elementor-section-height-default\" data-id=\"d8cfbe5\" data-element_type=\"section\" data-e-type=\"section\">\n\t\t\t\t\t\t<div class=\"elementor-container elementor-column-gap-default\">\n\t\t\t\t\t<div class=\"elementor-column elementor-col-66 elementor-top-column elementor-element elementor-element-3f71bb7\" data-id=\"3f71bb7\" data-element_type=\"column\" data-e-type=\"column\">\n\t\t\t<div class=\"elementor-widget-wrap elementor-element-populated\">\n\t\t\t\t\t\t<div class=\"elementor-element elementor-element-de6c6ea elementor-widget elementor-widget-heading\" data-id=\"de6c6ea\" data-element_type=\"widget\" data-e-type=\"widget\" data-widget_type=\"heading.default\">\n\t\t\t\t\t<h1 class=\"elementor-heading-title elementor-size-default\">Die Apostel-Verschw\u00f6rung<\/h1>\t\t\t\t<\/div>\n\t\t\t\t<div class=\"elementor-element elementor-element-e6c8a54 elementor-widget elementor-widget-heading\" data-id=\"e6c8a54\" data-element_type=\"widget\" data-e-type=\"widget\" data-widget_type=\"heading.default\">\n\t\t\t\t\t<h4 class=\"elementor-heading-title elementor-size-default\">Ein Vatikan-Archiv-Thriller \u2013 Band 9<\/h4>\t\t\t\t<\/div>\n\t\t\t\t<div class=\"elementor-element elementor-element-19b90b3 elementor-widget elementor-widget-text-editor\" data-id=\"19b90b3\" data-element_type=\"widget\" data-e-type=\"widget\" data-widget_type=\"text-editor.default\">\n\t\t\t\t\t\t\t\t\t<p>Inmitten der Pracht des Vatikans bergen die Gebeine des heiligen Petrus &#8211; die heiligsten Reliquien der Kirche &#8211; Geheimnisse, die die Geschichte der Kirche neu gestalten k\u00f6nnten. Pater Michael Dominic, Pr\u00e4fekt des Vatikanischen Geheimarchivs, entdeckt eine mysteri\u00f6se, fast vergessene Inschrift, die Linus, den ersten Nachfolger des Heiligen Petrus, mit grundlegenden Entscheidungen verbindet, die die fr\u00fche Kirche gepr\u00e4gt haben. Was als wissenschaftliche Erkundung des Verm\u00e4chtnisses von Linus beginnt, entwickelt sich schnell zu einer dringenden Suche nach dem Schutz der Wahrheit. Mit Hilfe des Vatikanarch\u00e4ologen Marcus Russo folgt Michael kryptischen Hinweisen, die tief in den Archiven vergraben sind, und enth\u00fcllt Linus als einen entscheidenden, aber verborgenen Architekten des Glaubens &#8211; und deckt eine Geschichte auf, die die Kirche vielleicht nicht bereit ist, zu akzeptieren.   <\/p><p>Doch Michaels Arbeit zieht die Aufmerksamkeit von Elliot Voss auf sich, einer schattenhaften und m\u00e4chtigen Figur, die von den Gebeinen des Heiligen Petrus besessen ist. F\u00fcr Voss sind die Reliquien mehr als heilige Artefakte; sie sind ein Weg zur Unsterblichkeit und zur ultimativen Kontrolle. Sein gef\u00e4hrlicher Ehrgeiz treibt ihn dazu, zu manipulieren und zu t\u00e4uschen und zieht Michael in ein Netz von Intrigen hinein, in dem jede Enth\u00fcllung eine potenzielle Bedrohung f\u00fcr die Heiligkeit der Kirche darstellt. Voss&#8217; unerbittliches Streben nach Macht zwingt Michael, sich mit der dunklen Seite des Glaubens und der Zerbrechlichkeit des Verm\u00e4chtnisses auseinanderzusetzen, w\u00e4hrend die heiligen Knochen zum Mittelpunkt eines t\u00f6dlichen Spiels werden.   <\/p><p>W\u00e4hrend Michael und Marcus das verborgene Verm\u00e4chtnis von Linus aufdecken und die Gefahren rund um die Reliquien des Heiligen Petrus bew\u00e4ltigen, werfen ihre Entdeckungen mehr Fragen als Antworten auf. Unterdessen nimmt Michaels sich entwickelnde Beziehung zu Hana Sinclair eine unerwartete Wendung, die seine \u00dcberzeugungen in Frage stellt und ihn zwingt, sich pers\u00f6nlichen Wahrheiten zu stellen, die so tiefgreifend sind wie die Geheimnisse, die er zu entr\u00e4tseln versucht. Vor dem Hintergrund der schattenhaften Intrigen des Vatikans erkundet dieser fesselnde Roman die Spannung zwischen Geschichte und Glaube, Macht und Bewahrung &#8211; wobei selbst die heiligsten Reliquien zum Schlachtfeld f\u00fcr die gr\u00f6\u00dften K\u00e4mpfe der Menschheit werden k\u00f6nnen.  <\/p>\t\t\t\t\t\t\t\t<\/div>\n\t\t\t\t\t<\/div>\n\t\t<\/div>\n\t\t\t\t<div class=\"elementor-column elementor-col-33 elementor-top-column elementor-element elementor-element-c7c07b1\" data-id=\"c7c07b1\" data-element_type=\"column\" data-e-type=\"column\">\n\t\t\t<div class=\"elementor-widget-wrap elementor-element-populated\">\n\t\t\t\t\t\t<div class=\"elementor-element elementor-element-2973a70 elementor-widget elementor-widget-image\" data-id=\"2973a70\" data-element_type=\"widget\" data-e-type=\"widget\" data-widget_type=\"image.default\">\n\t\t\t\t\t\t\t\t\t\t\t\t\t\t\t\t<a href=\"https:\/\/garymcavoy.com\/store\/store-the-apostle-conspiracy\/\">\n\t\t\t\t\t\t\t<img fetchpriority=\"high\" decoding=\"async\" width=\"802\" height=\"1024\" src=\"https:\/\/garymcavoy.com\/wp-content\/uploads\/2024\/11\/Apostle-Conspiracy-Cover-3D-Left-1-802x1024.png\" class=\"attachment-large size-large wp-image-11131\" alt=\"\" srcset=\"https:\/\/garymcavoy.com\/wp-content\/uploads\/2024\/11\/Apostle-Conspiracy-Cover-3D-Left-1-802x1024.png 802w, https:\/\/garymcavoy.com\/wp-content\/uploads\/2024\/11\/Apostle-Conspiracy-Cover-3D-Left-1-600x766.png 600w, https:\/\/garymcavoy.com\/wp-content\/uploads\/2024\/11\/Apostle-Conspiracy-Cover-3D-Left-1-235x300.png 235w, https:\/\/garymcavoy.com\/wp-content\/uploads\/2024\/11\/Apostle-Conspiracy-Cover-3D-Left-1-768x980.png 768w, https:\/\/garymcavoy.com\/wp-content\/uploads\/2024\/11\/Apostle-Conspiracy-Cover-3D-Left-1.png 923w\" sizes=\"(max-width: 802px) 100vw, 802px\" \/>\t\t\t\t\t\t\t\t<\/a>\n\t\t\t\t\t\t\t\t\t\t\t\t\t\t\t<\/div>\n\t\t\t\t<div class=\"elementor-element elementor-element-7b7caa4 elementor-widget elementor-widget-text-editor\" data-id=\"7b7caa4\" data-element_type=\"widget\" data-e-type=\"widget\" data-widget_type=\"text-editor.default\">\n\t\t\t\t\t\t\t\t\t<p style=\"text-align: center;\"><span style=\"font-size: 12px;\">Dezember 2024<\/span><\/p>\t\t\t\t\t\t\t\t<\/div>\n\t\t\t\t<div class=\"elementor-element elementor-element-f8ed548 elementor-align-center elementor-widget elementor-widget-button\" data-id=\"f8ed548\" data-element_type=\"widget\" data-e-type=\"widget\" data-widget_type=\"button.default\">\n\t\t\t\t\t\t\t\t\t\t<a class=\"elementor-button elementor-button-link elementor-size-sm\" href=\"https:\/\/garymcavoy.com\/store\/store-the-apostle-conspiracy\/\">\n\t\t\t\t\t\t<span class=\"elementor-button-content-wrapper\">\n\t\t\t\t\t\t\t\t\t<span class=\"elementor-button-text\">DAS BUCH BESTELLEN<\/span>\n\t\t\t\t\t<\/span>\n\t\t\t\t\t<\/a>\n\t\t\t\t\t\t\t\t<\/div>\n\t\t\t\t<div class=\"elementor-element elementor-element-cb9c856 elementor-align-center elementor-widget elementor-widget-button\" data-id=\"cb9c856\" data-element_type=\"widget\" data-e-type=\"widget\" data-widget_type=\"button.default\">\n\t\t\t\t\t\t\t\t\t\t<a class=\"elementor-button elementor-button-link elementor-size-sm\" href=\"https:\/\/garymcavoy.com\/de\/buecher-rezensionen\/die-apostel-verschwoerung-2\/auszug-die-apostel-verschwoerung\/\">\n\t\t\t\t\t\t<span class=\"elementor-button-content-wrapper\">\n\t\t\t\t\t\t\t\t\t<span class=\"elementor-button-text\">EINEN AUSZUG LESEN<\/span>\n\t\t\t\t\t<\/span>\n\t\t\t\t\t<\/a>\n\t\t\t\t\t\t\t\t<\/div>\n\t\t\t\t<div class=\"elementor-element elementor-element-85d06c9 elementor-align-center elementor-widget elementor-widget-button\" data-id=\"85d06c9\" data-element_type=\"widget\" data-e-type=\"widget\" data-widget_type=\"button.default\">\n\t\t\t\t\t\t\t\t\t\t<a class=\"elementor-button elementor-button-link elementor-size-sm\" href=\"https:\/\/garymcavoy.com\/wp-content\/uploads\/2025\/05\/The-Apostle-Conspiracy-Sell-Sheet.pdf\" target=\"_blank\">\n\t\t\t\t\t\t<span class=\"elementor-button-content-wrapper\">\n\t\t\t\t\t\t\t\t\t<span class=\"elementor-button-text\">VERKAUFSLISTE HERUNTERLADEN<\/span>\n\t\t\t\t\t<\/span>\n\t\t\t\t\t<\/a>\n\t\t\t\t\t\t\t\t<\/div>\n\t\t\t\t\t<\/div>\n\t\t<\/div>\n\t\t\t\t\t<\/div>\n\t\t<\/section>\n\t\t<div data-particle_enable=\"false\" data-particle-mobile-disabled=\"false\" class=\"elementor-element elementor-element-753b973 e-flex e-con-boxed e-con e-parent\" data-id=\"753b973\" data-element_type=\"container\" data-e-type=\"container\">\n\t\t\t\t\t<div class=\"e-con-inner\">\n\t\t\t\t<div class=\"elementor-element elementor-element-8f25dda elementor-widget elementor-widget-video\" data-id=\"8f25dda\" data-element_type=\"widget\" data-e-type=\"widget\" data-settings=\"{&quot;youtube_url&quot;:&quot;https:\\\/\\\/youtu.be\\\/2Bdilz68cBI&quot;,&quot;video_type&quot;:&quot;youtube&quot;,&quot;controls&quot;:&quot;yes&quot;}\" data-widget_type=\"video.default\">\n\t\t\t\t\t\t\t<div class=\"elementor-wrapper elementor-open-inline\">\n\t\t\t<div class=\"elementor-video\"><\/div>\t\t<\/div>\n\t\t\t\t\t\t<\/div>\n\t\t\t\t\t<\/div>\n\t\t\t\t<\/div>\n\t\t\t\t<section data-particle_enable=\"false\" data-particle-mobile-disabled=\"false\" class=\"elementor-section elementor-top-section elementor-element elementor-element-bd53990 elementor-section-boxed elementor-section-height-default elementor-section-height-default\" data-id=\"bd53990\" data-element_type=\"section\" data-e-type=\"section\">\n\t\t\t\t\t\t<div class=\"elementor-container elementor-column-gap-default\">\n\t\t\t\t\t<div class=\"elementor-column elementor-col-66 elementor-top-column elementor-element elementor-element-82fd289\" data-id=\"82fd289\" data-element_type=\"column\" data-e-type=\"column\">\n\t\t\t<div class=\"elementor-widget-wrap\">\n\t\t\t\t\t\t\t<\/div>\n\t\t<\/div>\n\t\t\t\t<div class=\"elementor-column elementor-col-33 elementor-top-column elementor-element elementor-element-56146e3\" data-id=\"56146e3\" data-element_type=\"column\" data-e-type=\"column\">\n\t\t\t<div class=\"elementor-widget-wrap\">\n\t\t\t\t\t\t\t<\/div>\n\t\t<\/div>\n\t\t\t\t\t<\/div>\n\t\t<\/section>\n\t\t\t\t<section data-particle_enable=\"false\" data-particle-mobile-disabled=\"false\" class=\"elementor-section elementor-top-section elementor-element elementor-element-566ceb2 elementor-section-boxed elementor-section-height-default elementor-section-height-default\" data-id=\"566ceb2\" data-element_type=\"section\" data-e-type=\"section\">\n\t\t\t\t\t\t<div class=\"elementor-container elementor-column-gap-default\">\n\t\t\t\t\t<div class=\"elementor-column elementor-col-66 elementor-top-column elementor-element elementor-element-ec38971\" data-id=\"ec38971\" data-element_type=\"column\" data-e-type=\"column\">\n\t\t\t<div class=\"elementor-widget-wrap elementor-element-populated\">\n\t\t\t\t\t\t<div class=\"elementor-element elementor-element-fc2333a elementor-widget elementor-widget-heading\" data-id=\"fc2333a\" data-element_type=\"widget\" data-e-type=\"widget\" data-widget_type=\"heading.default\">\n\t\t\t\t\t<h2 class=\"elementor-heading-title elementor-size-default\">Ausgew\u00e4hlte Rezensionen zu \u201eThe Apostle Conspiracy\u201c<\/h2>\t\t\t\t<\/div>\n\t\t\t\t<div class=\"elementor-element elementor-element-7fd3b95 elementor-widget elementor-widget-text-editor\" data-id=\"7fd3b95\" data-element_type=\"widget\" data-e-type=\"widget\" data-widget_type=\"text-editor.default\">\n\t\t\t\t\t\t\t\t\t<p style=\"font-weight: 400;\">\u201e<strong><em>THE APOSTLE CONSPIRACY<\/em><\/strong> ist eine Meisterklasse f\u00fcr historische Thriller. Gary McAvoy ist auf dem H\u00f6hepunkt seines K\u00f6nnens, w\u00e4hrend er den Leser auf ein jahrhundertelanges R\u00e4tsel mit weltver\u00e4ndernden Konsequenzen mitnimmt. In diesem brillant konstruierten Roman verwebt McAvoy nahtlos Philosophie, Religion, Technologie und Spannung mit unvergesslichen Charakteren, die entschlossen sind, ein lange vergrabenes Geheimnis zu vereiteln \u2013 oder zu enth\u00fcllen \u2013, das die Grundfesten der katholischen Kirche ersch\u00fcttern k\u00f6nnte. Dies ist McAvoys bisher bestes Werk. Er \u00fcbertriff sich auf Schritt und Tritt selbst mit einer Erz\u00e4hlung, die von Anfang bis Ende fesselt.\u201c <strong>\u2014 Rob Samborn, preisgekr\u00f6nter Bestsellerautor von <em>The Prisoner of Paradise<\/em><\/strong><\/p>\t\t\t\t\t\t\t\t<\/div>\n\t\t\t\t<div class=\"elementor-element elementor-element-023c3fc elementor-widget elementor-widget-image\" data-id=\"023c3fc\" data-element_type=\"widget\" data-e-type=\"widget\" data-widget_type=\"image.default\">\n\t\t\t\t\t\t\t\t\t\t\t\t\t\t\t<img decoding=\"async\" width=\"691\" height=\"78\" src=\"https:\/\/garymcavoy.com\/wp-content\/uploads\/2023\/09\/Reedsy-Must-Read-5-Star-Header.jpg\" class=\"attachment-large size-large wp-image-11009\" alt=\"\" srcset=\"https:\/\/garymcavoy.com\/wp-content\/uploads\/2023\/09\/Reedsy-Must-Read-5-Star-Header.jpg 691w, https:\/\/garymcavoy.com\/wp-content\/uploads\/2023\/09\/Reedsy-Must-Read-5-Star-Header-600x68.jpg 600w, https:\/\/garymcavoy.com\/wp-content\/uploads\/2023\/09\/Reedsy-Must-Read-5-Star-Header-300x34.jpg 300w\" sizes=\"(max-width: 691px) 100vw, 691px\" \/>\t\t\t\t\t\t\t\t\t\t\t\t\t\t\t<\/div>\n\t\t\t\t<div class=\"elementor-element elementor-element-f121d01 elementor-widget elementor-widget-text-editor\" data-id=\"f121d01\" data-element_type=\"widget\" data-e-type=\"widget\" data-widget_type=\"text-editor.default\">\n\t\t\t\t\t\t\t\t\t<p>Gary McAvoy kehrt mit einem weiteren Teil der Vatikan-Archiv-Serie zur\u00fcck. Die Sammlung war bisher sowohl stark als auch \u00e4u\u00dferst informativ und wegweisend bei verschiedenen vatikanischen Situationen und historischen Anomalien. W\u00e4hrend Pater Michael Dominic sich auf das Jubil\u00e4um der Beisetzung der Gebeine des Heiligen Petrus im Vatikan vorbereitet, tritt ein wohlhabender Sammler an ihn heran, der den Vatikanischen Archiven erhebliche Mittel zur Verf\u00fcgung stellen m\u00f6chte. Doch im Hintergrund ist ein geheimer Plan im Gange, um aus einigen wichtigen Reliquien Kapital zu schlagen. W\u00e4hrenddessen deckt Pater Dominic bisher unbekannte Aspekte von Petrus&#8217; Rolle als erstem Bischof der Kirche auf \u2013 Dinge, die die Sichtweise vieler auf die Institution und ihre Entwicklung ma\u00dfgeblich ver\u00e4ndern k\u00f6nnten. Eine hervorragende Erg\u00e4nzung der Serie, die zeigt, wie engagiert McAvoy bei der Sache ist.     <\/p><p>Obwohl der Vatikan viele wunderbare historische St\u00fccke beherbergt, nehmen die Gebeine des Heiligen Petrus, des ersten Bischofs der Kirche, einen besonderen Platz in der Sammlung ein. W\u00e4hrend vieles \u00fcber Petrus als den von Christus auserw\u00e4hlten Stellvertreter zur Fortf\u00fchrung der grundlegenden Entwicklung des Christentums vermutet wird, k\u00f6nnten neue Enth\u00fcllungen das Wissen der Kirche und den Glauben ihrer Anh\u00e4nger erheblich ver\u00e4ndern. Pater Michael Dominic, der gewissenhaft als Pr\u00e4fekt des Vatikanischen Geheimarchivs arbeitet, hat etwas h\u00f6chst Mysteri\u00f6ses und potenziell Weltbewegendes entdeckt, je nach Perspektive. K\u00f6nnte Petrus nicht der alleinige Anf\u00fchrer der fr\u00fchen Kirche gewesen sein? Wie wirft eine obskure, in einer antiken Sprache eingravierte Botschaft ein Licht auf das, was in den fr\u00fchen Jahren des Christentums wirklich geschah?    <\/p><p>Zusammen mit dem vatikanischen Arch\u00e4ologen Marcus Russo folgt Pater Dominic den Hinweisen in der Botschaft, um die Rolle von Linus in der fr\u00fchen Kirche aufzudecken und wie er angesichts der Bekanntheit, die er gehabt haben mag, gesehen werden w\u00fcrde. Diese Kuriosit\u00e4ten werden nur noch davon \u00fcberschattet, dass ein mysteri\u00f6ser Sammler antiker Reliquien in Rom eintrifft und vorschl\u00e4gt, das Vatikanarchiv mit bedeutenden Spenden zu finanzieren. Obwohl Pater Dominic schockiert ist, ahnt er, dass die Sache einen Haken haben muss.  <\/p><p>Elliot Voss ist mehr als nur ein Sammler und sieht in diesen Reliquien alles andere als antike Gegenst\u00e4nde. Er verfolgt gef\u00e4hrliche und hinterh\u00e4ltige Pl\u00e4ne, w\u00e4hrend er auf dem Schwarzmarkt arbeitet, um eine Sammlung f\u00fcr sein privates Museum in Seattle zusammenzustellen. W\u00e4hrend Voss an einem Komplott arbeitet, um sich noch vor der 1100-Jahr-Feier in den Besitz der Petrus-Gebeine zu bringen, hat Pater Dominic eigene Pl\u00e4ne, um diesen Coup zu vereiteln. Beide M\u00e4nner sind jedoch entschlossen, ihren Willen durchzusetzen, und werden alles tun, um den Erfolg zu sichern. McAvoy liefert einen packenden Roman ab, der alle Elemente f\u00fcr einen weiteren starken Thriller enth\u00e4lt, insbesondere mit dem Cliffhanger, der auf den treuen Leser wartet!    <\/p><p>Ich genie\u00dfe die Arbeit von Gary McAvoy schon lange, besonders diese h\u00f6chst informative Serie. Er ist immer bestrebt, \u00fcber Themen zu spekulieren, die eng mit der katholischen Kirche verbunden sind. Die Erz\u00e4hlung schreitet z\u00fcgig voran, angetrieben durch gro\u00dfartiges Storytelling und gut ausgearbeitete Ideen, die die Dinge mit Leichtigkeit vorantreiben. McAvoy ist bestrebt, den Leser weiterzubilden und gleichzeitig wunderbare Ideen zum Nachdenken zu liefern. Die Charaktere erweisen sich als effektiv, nicht nur um der Erz\u00e4hlung W\u00fcrze zu verleihen, sondern sie dienen als Gef\u00e4\u00dfe, um viele der wichtigsten historischen Ereignisse, die sich von Kapitel zu Kapitel abspielen, angemessen zu illustrieren. McAvoy hat ein H\u00e4ndchen f\u00fcr die Auswahl seiner Figuren, von denen viele dazu beitragen, einer ohnehin schon starken Geschichte Tiefe zu verleihen. Die Handlungspunkte sind gut platziert und sorgen daf\u00fcr, dass der Leser neugierig bleibt, was passiert und welche Rolle es in der gr\u00f6\u00dferen Erz\u00e4hlung spielen wird. Es gibt auch wichtige Lernmomente, die McAvoy nutzt, um Licht auf m\u00f6gliche Wahrheiten und den geschickten Einsatz von Fiktion zu werfen, um die Geschichten stark und wunderbar unterhaltsam zu halten.       <\/p><p>Gro\u00dfes Lob. Herr McAvoy, f\u00fcr eine gro\u00dfartige Erg\u00e4nzung einer ohnehin schon starken Serie, die nie an Schwung verloren hat. <strong>\u2014 MATT PECHEY, Reedsy Discovery<\/strong><\/p>\t\t\t\t\t\t\t\t<\/div>\n\t\t\t\t\t<\/div>\n\t\t<\/div>\n\t\t\t\t<div class=\"elementor-column elementor-col-33 elementor-top-column elementor-element elementor-element-ce749b2\" data-id=\"ce749b2\" data-element_type=\"column\" data-e-type=\"column\">\n\t\t\t<div class=\"elementor-widget-wrap elementor-element-populated\">\n\t\t\t\t\t\t<div class=\"elementor-element elementor-element-9d979da elementor-widget elementor-widget-image\" data-id=\"9d979da\" data-element_type=\"widget\" data-e-type=\"widget\" data-widget_type=\"image.default\">\n\t\t\t\t\t\t\t\t\t\t\t\t\t\t\t<img decoding=\"async\" width=\"200\" height=\"87\" src=\"https:\/\/garymcavoy.com\/wp-content\/uploads\/2021\/02\/Amazon-Reviews-Button.jpg\" class=\"attachment-large size-large wp-image-10991\" alt=\"\" \/>\t\t\t\t\t\t\t\t\t\t\t\t\t\t\t<\/div>\n\t\t\t\t<div class=\"elementor-element elementor-element-79df485 elementor-widget elementor-widget-html\" data-id=\"79df485\" data-element_type=\"widget\" data-e-type=\"widget\" data-widget_type=\"html.default\">\n\t\t\t\t\t<script src=\"https:\/\/static.elfsight.com\/platform\/platform.js\" async=\"\"><\/script>\n<div class=\"elfsight-app-fec1d457-1ae1-4df3-a0bb-e72fc6fd43da\" data-elfsight-app-lazy=\"\"><\/div>\t\t\t\t<\/div>\n\t\t\t\t\t<\/div>\n\t\t<\/div>\n\t\t\t\t\t<\/div>\n\t\t<\/section>\n\t\t\t\t<section data-particle_enable=\"false\" data-particle-mobile-disabled=\"false\" class=\"elementor-section elementor-top-section elementor-element elementor-element-609d3f0 elementor-section-boxed elementor-section-height-default elementor-section-height-default\" data-id=\"609d3f0\" data-element_type=\"section\" data-e-type=\"section\">\n\t\t\t\t\t\t<div class=\"elementor-container elementor-column-gap-default\">\n\t\t\t\t\t<div class=\"elementor-column elementor-col-66 elementor-top-column elementor-element elementor-element-fac7572\" data-id=\"fac7572\" data-element_type=\"column\" data-e-type=\"column\">\n\t\t\t<div class=\"elementor-widget-wrap elementor-element-populated\">\n\t\t\t\t\t\t<div class=\"elementor-element elementor-element-20686ab elementor-widget elementor-widget-spacer\" data-id=\"20686ab\" data-element_type=\"widget\" data-e-type=\"widget\" data-widget_type=\"spacer.default\">\n\t\t\t\t\t\t\t<div class=\"elementor-spacer\">\n\t\t\t<div class=\"elementor-spacer-inner\"><\/div>\n\t\t<\/div>\n\t\t\t\t\t\t<\/div>\n\t\t\t\t\t<\/div>\n\t\t<\/div>\n\t\t\t\t<div class=\"elementor-column elementor-col-33 elementor-top-column elementor-element elementor-element-d263102\" data-id=\"d263102\" data-element_type=\"column\" data-e-type=\"column\">\n\t\t\t<div class=\"elementor-widget-wrap\">\n\t\t\t\t\t\t\t<\/div>\n\t\t<\/div>\n\t\t\t\t\t<\/div>\n\t\t<\/section>\n\t\t\t\t<\/div>\n\t\t","protected":false},"excerpt":{"rendered":"<p>&nbsp; Die Apostel-Verschw\u00f6rung Ein Vatikan-Archiv-Thriller \u2013 Band 9 Inmitten der Pracht des Vatikans bergen die Gebeine des heiligen Petrus &#8211; die heiligsten Reliquien der Kirche &#8211; Geheimnisse, die die Geschichte der Kirche neu gestalten k\u00f6nnten. [&hellip;]<\/p>\n","protected":false},"author":1,"featured_media":11154,"parent":10989,"menu_order":0,"comment_status":"closed","ping_status":"closed","template":"template\/page\/fullwidth.php","meta":{"iawp_total_views":32,"footnotes":""},"class_list":["post-11234","page","type-page","status-publish","has-post-thumbnail","hentry"],"_links":{"self":[{"href":"https:\/\/garymcavoy.com\/de\/wp-json\/wp\/v2\/pages\/11234","targetHints":{"allow":["GET"]}}],"collection":[{"href":"https:\/\/garymcavoy.com\/de\/wp-json\/wp\/v2\/pages"}],"about":[{"href":"https:\/\/garymcavoy.com\/de\/wp-json\/wp\/v2\/types\/page"}],"author":[{"embeddable":true,"href":"https:\/\/garymcavoy.com\/de\/wp-json\/wp\/v2\/users\/1"}],"replies":[{"embeddable":true,"href":"https:\/\/garymcavoy.com\/de\/wp-json\/wp\/v2\/comments?post=11234"}],"version-history":[{"count":0,"href":"https:\/\/garymcavoy.com\/de\/wp-json\/wp\/v2\/pages\/11234\/revisions"}],"up":[{"embeddable":true,"href":"https:\/\/garymcavoy.com\/de\/wp-json\/wp\/v2\/pages\/10989"}],"wp:featuredmedia":[{"embeddable":true,"href":"https:\/\/garymcavoy.com\/de\/wp-json\/wp\/v2\/media\/11154"}],"wp:attachment":[{"href":"https:\/\/garymcavoy.com\/de\/wp-json\/wp\/v2\/media?parent=11234"}],"curies":[{"name":"wp","href":"https:\/\/api.w.org\/{rel}","templated":true}]}}