{"id":11707,"date":"2025-06-15T11:40:50","date_gmt":"2025-06-15T18:40:50","guid":{"rendered":"https:\/\/garymcavoy.com\/buecher-rezensionen\/der-voynich-codex\/"},"modified":"2026-04-20T06:23:13","modified_gmt":"2026-04-20T13:23:13","slug":"der-voynich-codex","status":"publish","type":"page","link":"https:\/\/garymcavoy.com\/de\/buecher-rezensionen\/der-voynich-codex\/","title":{"rendered":"Der Voynich-Codex"},"content":{"rendered":"\t\t<div data-elementor-type=\"wp-page\" data-elementor-id=\"11707\" class=\"elementor elementor-11707 elementor-11691\" data-elementor-post-type=\"page\">\n\t\t\t\t\t\t<section data-particle_enable=\"false\" data-particle-mobile-disabled=\"false\" class=\"elementor-section elementor-top-section elementor-element elementor-element-67c84ba elementor-section-boxed elementor-section-height-default elementor-section-height-default\" data-id=\"67c84ba\" data-element_type=\"section\" data-e-type=\"section\">\n\t\t\t\t\t\t<div class=\"elementor-container elementor-column-gap-default\">\n\t\t\t\t\t<div class=\"elementor-column elementor-col-100 elementor-top-column elementor-element elementor-element-11c1509b\" data-id=\"11c1509b\" data-element_type=\"column\" data-e-type=\"column\">\n\t\t\t<div class=\"elementor-widget-wrap elementor-element-populated\">\n\t\t\t\t\t\t<div class=\"elementor-element elementor-element-340c9b27 elementor-widget elementor-widget-text-editor\" data-id=\"340c9b27\" data-element_type=\"widget\" data-e-type=\"widget\" data-widget_type=\"text-editor.default\">\n\t\t\t\t\t\t\t\t\t<div class=\"boldgrid-section\">\r\n<div class=\"container\">\r\n<div class=\"row\">\r\n<div class=\"col-lg-12 col-md-12 col-xs-12 col-sm-12\">\r\n\r\n&nbsp;\r\n\r\n<\/div>\r\n<\/div>\r\n<\/div>\r\n<\/div>\t\t\t\t\t\t\t\t<\/div>\n\t\t\t\t\t<\/div>\n\t\t<\/div>\n\t\t\t\t\t<\/div>\n\t\t<\/section>\n\t\t\t\t<section data-particle_enable=\"false\" data-particle-mobile-disabled=\"false\" class=\"elementor-section elementor-top-section elementor-element elementor-element-d8cfbe5 elementor-section-boxed elementor-section-height-default elementor-section-height-default\" data-id=\"d8cfbe5\" data-element_type=\"section\" data-e-type=\"section\">\n\t\t\t\t\t\t<div class=\"elementor-container elementor-column-gap-default\">\n\t\t\t\t\t<div class=\"elementor-column elementor-col-66 elementor-top-column elementor-element elementor-element-3f71bb7\" data-id=\"3f71bb7\" data-element_type=\"column\" data-e-type=\"column\">\n\t\t\t<div class=\"elementor-widget-wrap elementor-element-populated\">\n\t\t\t\t\t\t<div class=\"elementor-element elementor-element-de6c6ea elementor-widget elementor-widget-heading\" data-id=\"de6c6ea\" data-element_type=\"widget\" data-e-type=\"widget\" data-widget_type=\"heading.default\">\n\t\t\t\t\t<h1 class=\"elementor-heading-title elementor-size-default\">Der Voynich-Codex<\/h1>\t\t\t\t<\/div>\n\t\t\t\t<div class=\"elementor-element elementor-element-e6c8a54 elementor-widget elementor-widget-heading\" data-id=\"e6c8a54\" data-element_type=\"widget\" data-e-type=\"widget\" data-widget_type=\"heading.default\">\n\t\t\t\t\t<h4 class=\"elementor-heading-title elementor-size-default\">Ein Thriller aus dem Vatikanischen Geheimarchiv - Buch 11<\/h4>\t\t\t\t<\/div>\n\t\t\t\t<div class=\"elementor-element elementor-element-19b90b3 elementor-widget elementor-widget-text-editor\" data-id=\"19b90b3\" data-element_type=\"widget\" data-e-type=\"widget\" data-widget_type=\"text-editor.default\">\n\t\t\t\t\t\t\t\t\t<p>Seit mehr als f\u00fcnfhundert Jahren ist das <em>Voynich-Manuskript<\/em> eines der gr\u00f6\u00dften ungel\u00f6sten R\u00e4tsel der literarischen Welt geblieben. Seine seltsamen botanischen Zeichnungen, geheimnisvollen Symbole und kryptische Sprache haben die besten K\u00f6pfe jeder Generation herausgefordert. Doch als lange verschollene Fragmente aus dem Schatten auftauchen, weisen sie auf einen geheimen Codex hin, der nicht nur die Bedeutung des Manuskripts entschl\u00fcsseln k\u00f6nnte, sondern auch eine gef\u00e4hrliche Wahrheit, die lange von der Geschichte begraben wurde.  <\/p><p>Pater Michael Dominic, ein brillanter Archivar des Vatikans, der sein Leben der Bewahrung der sensibelsten Unterlagen der Kirche gewidmet hat, wird in die Verfolgung hineingezogen. An seiner Seite ist Hana Sinclair, eine entschlossene Enth\u00fcllungsjournalistin, deren Hartn\u00e4ckigkeit f\u00fcr die Wahrheit keine Grenzen kennt. Gemeinsam und mit der Hilfe zuverl\u00e4ssiger Verb\u00fcndeter m\u00fcssen sie einer Spur folgen, die sich quer durch Europa zieht &#8211; von Kathedralarchiven und mittelalterlichen Festungen bis hin zu den stillen Kammern des Vatikans selbst. Doch mit jeder Entdeckung r\u00fccken ihre Feinde n\u00e4her, die bereit sind zu t\u00f6ten, um die Vergangenheit zu vertuschen.   <\/p><p>Der <em>Voynich Codex<\/em> ist mehr als nur ein Abenteuer mit hohem Einsatz &#8211; er ist eine Meditation \u00fcber Wahrheit, Macht und die gef\u00e4hrliche Verantwortung des Wissens.<span class=\"Apple-converted-space\"> <\/span><\/p>\t\t\t\t\t\t\t\t<\/div>\n\t\t\t\t<div class=\"elementor-element elementor-element-b3f3ef6 elementor-widget elementor-widget-image\" data-id=\"b3f3ef6\" data-element_type=\"widget\" data-e-type=\"widget\" data-widget_type=\"image.default\">\n\t\t\t\t\t\t\t\t\t\t\t\t\t\t\t<img decoding=\"async\" width=\"300\" height=\"154\" src=\"https:\/\/garymcavoy.com\/wp-content\/uploads\/2025\/11\/BookLife-Semifinal-Badge-300x154.jpg\" class=\"attachment-medium size-medium wp-image-12458\" alt=\"\" srcset=\"https:\/\/garymcavoy.com\/wp-content\/uploads\/2025\/11\/BookLife-Semifinal-Badge-300x154.jpg 300w, https:\/\/garymcavoy.com\/wp-content\/uploads\/2025\/11\/BookLife-Semifinal-Badge.jpg 444w\" sizes=\"(max-width: 300px) 100vw, 300px\" \/>\t\t\t\t\t\t\t\t\t\t\t\t\t\t\t<\/div>\n\t\t\t\t<div class=\"elementor-element elementor-element-ecc0067 elementor-widget-divider--view-line elementor-widget elementor-widget-divider\" data-id=\"ecc0067\" data-element_type=\"widget\" data-e-type=\"widget\" data-widget_type=\"divider.default\">\n\t\t\t\t\t\t\t<div class=\"elementor-divider\">\n\t\t\t<span class=\"elementor-divider-separator\">\n\t\t\t\t\t\t<\/span>\n\t\t<\/div>\n\t\t\t\t\t\t<\/div>\n\t\t\t\t\t<\/div>\n\t\t<\/div>\n\t\t\t\t<div class=\"elementor-column elementor-col-33 elementor-top-column elementor-element elementor-element-c7c07b1\" data-id=\"c7c07b1\" data-element_type=\"column\" data-e-type=\"column\">\n\t\t\t<div class=\"elementor-widget-wrap elementor-element-populated\">\n\t\t\t\t\t\t<div class=\"elementor-element elementor-element-2973a70 elementor-widget elementor-widget-image\" data-id=\"2973a70\" data-element_type=\"widget\" data-e-type=\"widget\" data-widget_type=\"image.default\">\n\t\t\t\t\t\t\t\t\t\t\t\t\t\t\t\t<a href=\"https:\/\/garymcavoy.com\/store\/the-voynich-codex\/\">\n\t\t\t\t\t\t\t<img fetchpriority=\"high\" decoding=\"async\" width=\"738\" height=\"941\" src=\"https:\/\/garymcavoy.com\/wp-content\/uploads\/2025\/06\/Voynich-Codex-Cover-3D-HC-Left.png\" class=\"attachment-large size-large wp-image-11697\" alt=\"\" srcset=\"https:\/\/garymcavoy.com\/wp-content\/uploads\/2025\/06\/Voynich-Codex-Cover-3D-HC-Left.png 738w, https:\/\/garymcavoy.com\/wp-content\/uploads\/2025\/06\/Voynich-Codex-Cover-3D-HC-Left-600x765.png 600w, https:\/\/garymcavoy.com\/wp-content\/uploads\/2025\/06\/Voynich-Codex-Cover-3D-HC-Left-235x300.png 235w\" sizes=\"(max-width: 738px) 100vw, 738px\" \/>\t\t\t\t\t\t\t\t<\/a>\n\t\t\t\t\t\t\t\t\t\t\t\t\t\t\t<\/div>\n\t\t\t\t<div class=\"elementor-element elementor-element-b0132d7 elementor-widget elementor-widget-text-editor\" data-id=\"b0132d7\" data-element_type=\"widget\" data-e-type=\"widget\" data-widget_type=\"text-editor.default\">\n\t\t\t\t\t\t\t\t\t<p style=\"text-align: center;\"><span style=\"font-size: 12px;\">August 2025<\/span><\/p>\t\t\t\t\t\t\t\t<\/div>\n\t\t\t\t<div class=\"elementor-element elementor-element-f8ed548 elementor-align-center elementor-widget elementor-widget-button\" data-id=\"f8ed548\" data-element_type=\"widget\" data-e-type=\"widget\" data-widget_type=\"button.default\">\n\t\t\t\t\t\t\t\t\t\t<a class=\"elementor-button elementor-button-link elementor-size-sm\" href=\"https:\/\/garymcavoy.com\/store\/the-voynich-codex\/\">\n\t\t\t\t\t\t<span class=\"elementor-button-content-wrapper\">\n\t\t\t\t\t\t\t\t\t<span class=\"elementor-button-text\">DAS BUCH BESTELLEN<\/span>\n\t\t\t\t\t<\/span>\n\t\t\t\t\t<\/a>\n\t\t\t\t\t\t\t\t<\/div>\n\t\t\t\t<div class=\"elementor-element elementor-element-cb9c856 elementor-align-center elementor-widget elementor-widget-button\" data-id=\"cb9c856\" data-element_type=\"widget\" data-e-type=\"widget\" data-widget_type=\"button.default\">\n\t\t\t\t\t\t\t\t\t\t<a class=\"elementor-button elementor-button-link elementor-size-sm\" href=\"https:\/\/garymcavoy.com\/books-reviews\/excerpt-the-voynich-codex\/\">\n\t\t\t\t\t\t<span class=\"elementor-button-content-wrapper\">\n\t\t\t\t\t\t\t\t\t<span class=\"elementor-button-text\">EINEN AUSZUG LESEN<\/span>\n\t\t\t\t\t<\/span>\n\t\t\t\t\t<\/a>\n\t\t\t\t\t\t\t\t<\/div>\n\t\t\t\t\t<\/div>\n\t\t<\/div>\n\t\t\t\t\t<\/div>\n\t\t<\/section>\n\t\t<div data-particle_enable=\"false\" data-particle-mobile-disabled=\"false\" class=\"elementor-element elementor-element-c4860da e-flex e-con-boxed e-con e-parent\" data-id=\"c4860da\" data-element_type=\"container\" data-e-type=\"container\">\n\t\t\t\t\t<div class=\"e-con-inner\">\n\t\t\t\t<div class=\"elementor-element elementor-element-240d156 elementor-widget elementor-widget-video\" data-id=\"240d156\" data-element_type=\"widget\" data-e-type=\"widget\" data-settings=\"{&quot;youtube_url&quot;:&quot;https:\\\/\\\/www.youtube.com\\\/watch?v=SChEiZFpnB4&quot;,&quot;video_type&quot;:&quot;youtube&quot;,&quot;controls&quot;:&quot;yes&quot;}\" data-widget_type=\"video.default\">\n\t\t\t\t\t\t\t<div class=\"elementor-wrapper elementor-open-inline\">\n\t\t\t<div class=\"elementor-video\"><\/div>\t\t<\/div>\n\t\t\t\t\t\t<\/div>\n\t\t\t\t\t<\/div>\n\t\t\t\t<\/div>\n\t\t\t\t<section data-particle_enable=\"false\" data-particle-mobile-disabled=\"false\" class=\"elementor-section elementor-top-section elementor-element elementor-element-cf19543 elementor-section-boxed elementor-section-height-default elementor-section-height-default\" data-id=\"cf19543\" data-element_type=\"section\" data-e-type=\"section\">\n\t\t\t\t\t\t<div class=\"elementor-container elementor-column-gap-default\">\n\t\t\t\t\t<div class=\"elementor-column elementor-col-66 elementor-top-column elementor-element elementor-element-68cfc8f\" data-id=\"68cfc8f\" data-element_type=\"column\" data-e-type=\"column\">\n\t\t\t<div class=\"elementor-widget-wrap\">\n\t\t\t\t\t\t\t<\/div>\n\t\t<\/div>\n\t\t\t\t<div class=\"elementor-column elementor-col-33 elementor-top-column elementor-element elementor-element-0563055\" data-id=\"0563055\" data-element_type=\"column\" data-e-type=\"column\">\n\t\t\t<div class=\"elementor-widget-wrap\">\n\t\t\t\t\t\t\t<\/div>\n\t\t<\/div>\n\t\t\t\t\t<\/div>\n\t\t<\/section>\n\t\t\t\t<section data-particle_enable=\"false\" data-particle-mobile-disabled=\"false\" class=\"elementor-section elementor-top-section elementor-element elementor-element-db4ef45 elementor-section-boxed elementor-section-height-default elementor-section-height-default\" data-id=\"db4ef45\" data-element_type=\"section\" data-e-type=\"section\">\n\t\t\t\t\t\t<div class=\"elementor-container elementor-column-gap-default\">\n\t\t\t\t\t<div class=\"elementor-column elementor-col-66 elementor-top-column elementor-element elementor-element-cf1655c\" data-id=\"cf1655c\" data-element_type=\"column\" data-e-type=\"column\">\n\t\t\t<div class=\"elementor-widget-wrap elementor-element-populated\">\n\t\t\t\t\t\t<div class=\"elementor-element elementor-element-af624ca elementor-widget elementor-widget-heading\" data-id=\"af624ca\" data-element_type=\"widget\" data-e-type=\"widget\" data-widget_type=\"heading.default\">\n\t\t\t\t\t<h2 class=\"elementor-heading-title elementor-size-default\">Bewertungen ausw\u00e4hlen f\u00fcr The Voynich Codex<\/h2>\t\t\t\t<\/div>\n\t\t\t\t<div class=\"elementor-element elementor-element-0a2626c elementor-widget elementor-widget-image\" data-id=\"0a2626c\" data-element_type=\"widget\" data-e-type=\"widget\" data-widget_type=\"image.default\">\n\t\t\t\t\t\t\t\t\t\t\t\t\t\t\t<img decoding=\"async\" width=\"691\" height=\"78\" src=\"https:\/\/garymcavoy.com\/wp-content\/uploads\/2023\/09\/Reedsy-Must-Read-5-Star-Header.jpg\" class=\"attachment-large size-large wp-image-11009\" alt=\"\" srcset=\"https:\/\/garymcavoy.com\/wp-content\/uploads\/2023\/09\/Reedsy-Must-Read-5-Star-Header.jpg 691w, https:\/\/garymcavoy.com\/wp-content\/uploads\/2023\/09\/Reedsy-Must-Read-5-Star-Header-600x68.jpg 600w, https:\/\/garymcavoy.com\/wp-content\/uploads\/2023\/09\/Reedsy-Must-Read-5-Star-Header-300x34.jpg 300w\" sizes=\"(max-width: 691px) 100vw, 691px\" \/>\t\t\t\t\t\t\t\t\t\t\t\t\t\t\t<\/div>\n\t\t\t\t\t<\/div>\n\t\t<\/div>\n\t\t\t\t<div class=\"elementor-column elementor-col-33 elementor-top-column elementor-element elementor-element-a984d79\" data-id=\"a984d79\" data-element_type=\"column\" data-e-type=\"column\">\n\t\t\t<div class=\"elementor-widget-wrap\">\n\t\t\t\t\t\t\t<\/div>\n\t\t<\/div>\n\t\t\t\t\t<\/div>\n\t\t<\/section>\n\t\t\t\t<section data-particle_enable=\"false\" data-particle-mobile-disabled=\"false\" class=\"elementor-section elementor-top-section elementor-element elementor-element-609d3f0 elementor-section-boxed elementor-section-height-default elementor-section-height-default\" data-id=\"609d3f0\" data-element_type=\"section\" data-e-type=\"section\">\n\t\t\t\t\t\t<div class=\"elementor-container elementor-column-gap-default\">\n\t\t\t\t\t<div class=\"elementor-column elementor-col-66 elementor-top-column elementor-element elementor-element-fac7572\" data-id=\"fac7572\" data-element_type=\"column\" data-e-type=\"column\">\n\t\t\t<div class=\"elementor-widget-wrap elementor-element-populated\">\n\t\t\t\t\t\t<div class=\"elementor-element elementor-element-49e4727 elementor-widget elementor-widget-text-editor\" data-id=\"49e4727\" data-element_type=\"widget\" data-e-type=\"widget\" data-widget_type=\"text-editor.default\">\n\t\t\t\t\t\t\t\t\t<p>Zuallererst m\u00f6chte ich mich bei Reedsy Discovery und Gary McAvoy bedanken, die mir ein Exemplar dieser Publikation zur Verf\u00fcgung gestellt haben, damit ich Ihnen eine unvoreingenommene Rezension liefern kann.<\/p>\n<p>Da ich schon immer ein Fan von Gary McAvoy und seiner Arbeit war, habe ich den neuesten Teil der Vatikan-Geheimarchiv-Reihe gerne angenommen. McAvoy, der nie vor Geschichte und obskuren Dokumenten zur\u00fcckschreckt, liefert einen weiteren starken Thriller, den ich in k\u00fcrzester Zeit verschlingen konnte. Das Voynich-Manuskript birgt seit \u00fcber f\u00fcnf Jahrhunderten botanische Geheimnisse. Einst wurde es vom Vatikan als potenziell zu aufschlussreich und umstritten eingestuft und verschwand im Untergrund &#8211; bis jetzt. Als ein Fragment des Manuskripts versteigert und vom Vatikanischen Geheimarchiv sichergestellt wird, taucht eine ruchlose Gruppe auf, um es in die H\u00e4nde zu bekommen, in der Hoffnung, einige seiner botanischen Kr\u00e4fte f\u00fcr ihre eigenen Zwecke zu nutzen. W\u00e4hrend Pater Michael Dominic und Hana Sinclair mit Freunden und Kollegen zusammenarbeiten, um ihren Teil des Voynich-Manuskripts zu sch\u00fctzen, geraten sie in einen Kampf des Verstandes und versuchen, einer Gruppe von verr\u00e4terischen Individuen, die in der Vergangenheit ihre Neigungen gezeigt haben, die Kontrolle zu entrei\u00dfen. McAvoy pr\u00e4sentiert eine weitere starke Geschichte in dieser Reihe, die es mit den Bem\u00fchungen von Dan Brown und Steve Berry aufnehmen kann.      <\/p>\n<p>Die literarische Welt r\u00e4tselt seit \u00fcber f\u00fcnfhundert Jahren \u00fcber Aspekte des Voynich-Manuskripts. Seine symbolischen und botanischen Zeichnungen werden nur von der kryptischen Sprache \u00fcbertroffen, die demjenigen, der sie entziffern kann, viele nat\u00fcrliche (und \u00fcbernat\u00fcrliche) Kr\u00e4fte zuspricht. Viele haben sich mit dem Manuskript befasst, aber es ist noch nicht gelungen, seine Details zu verstehen.  <\/p>\n<p>Nachdem der Vatikan in den Besitz eines Teilaspekts des Manuskripts gelangt ist, sind viele neugierig. Es war der Vatikan, der versucht hat, diese Schriften zum Schweigen zu bringen und zu vernichten, weil sie zu viel \u00fcber Themen enth\u00fcllen, die seiner Meinung nach f\u00fcr den Normalb\u00fcrger unverst\u00e4ndlich sind. Es scheint, dass das Studium dieser Konzepte zu einem neuen Wunsch geworden ist. Pater Michael Dominic, der Leiter des Vatikanischen Geheimarchivs, bietet einen sicheren Ort, um sie aufzubewahren. Als seine Verlobte Hana Sinclair ihre F\u00e4higkeiten als Enth\u00fcllungsjournalistin einsetzt, um die Wahrheiten des Manuskripts zu entschl\u00fcsseln, erf\u00e4hrt sie, dass es tiefere und beunruhigendere Aspekte der Botschaft auf Pergament geben k\u00f6nnte.    <\/p>\n<p>W\u00e4hrend sie in ganz Europa nach Antworten suchen, geraten Michael, Hana und eine Reihe ihrer Kollegen ins Visier eines skrupellosen Mannes, der von Macht und T\u00e4uschung lebt. Er wird vor nichts zur\u00fcckschrecken, um das Voynich-Manuskript in die H\u00e4nde zu bekommen und seine botanischen Kr\u00e4fte zu entschl\u00fcsseln. In den falschen H\u00e4nden werden die vielen Kr\u00e4fte des Manuskripts mit Sicherheit f\u00fcr Chaos sorgen, und zwar sowohl innerhalb als auch au\u00dferhalb des Vatikans. Dies ist eine Mission, deren Konsequenzen lebensver\u00e4ndernd sein k\u00f6nnten, aber auch t\u00f6dlich. Gary McAvoy liefert einen Volltreffer f\u00fcr Fans der Serie und f\u00fcr diejenigen, die wenig bekannte historische Fakten erforschen wollen.    <\/p>\n<p>Gary McAvoy ist seit langem ein Autor, der mir sowohl unterhaltsame als auch lehrreiche Romane liefert. Er hat es geschafft, mein gro\u00dfes Interesse an religi\u00f6sen und geheimen Dokumenten zu wecken, deren Wahrheiten die Welt, wie ich sie kenne, sicherlich ver\u00e4ndern k\u00f6nnten, und mich gleichzeitig mit jedem seiner Thriller zu begeistern. Ein. Plus kann seine Arbeit leicht als eine Kombination aus Dan Brown und Steve Berry sehen, steht aber ziemlich effektiv f\u00fcr sich selbst. Die Erz\u00e4hlung nimmt von den ersten Seiten an Fahrt auf und zieht den Leser in den Bann, w\u00e4hrend das Abenteuer immer mehr an Fahrt gewinnt. Die Geschichte baut sich immer weiter auf und zeigt zwei Seiten, die um ein gemeinsames Ziel k\u00e4mpfen. Die Charaktere sind ein wesentlicher Bestandteil der Geschichte, denn McAvoy l\u00e4sst viele aus der Serie wieder auftauchen und f\u00fchrt neue Pers\u00f6nlichkeiten ein, die die Geschichte bereichern. Mir gef\u00e4llt das, was wie eine Unterserie innerhalb der gro\u00dfen Sammlung wirkt, die es Pater Michael und Hana erm\u00f6glicht, sich mit bestimmten ruchlosen Leuten anzulegen. Die Plot-Punkte sind perfekt platziert, um die \u00dcberraschungen hoch und die Wendungen reichlich zu halten. Es besteht kaum ein Zweifel daran, dass McAvoy diese Serie mit einer Mischung aus Fakten und Fiktion zum Leben erwecken will, w\u00e4hrend er immer daf\u00fcr sorgt, dass ein Hauch von Abenteuer die Dinge spannend h\u00e4lt. Ich bin gespannt, wohin Gary McAvoy die Dinge in dieser hervorragenden Romanreihe f\u00fchren wird, insbesondere im Hinblick auf das kommende Ereignis im Fr\u00fchjahr.          <\/p>\n<p>Hut ab, Mr. McAvoy, f\u00fcr eine weitere eindrucksvolle Darstellung der Geschichte und ihrer Geheimnisse! <strong>&#8211; MATT PECHEY, <a href=\"https:\/\/reedsy.com\/discovery\/book\/the-voynich-codex-gary-mcavoy#review\">Reedsy Discovery<\/a><\/strong><\/p>\t\t\t\t\t\t\t\t<\/div>\n\t\t\t\t<div class=\"elementor-element elementor-element-18dc2cf elementor-widget-divider--view-line elementor-widget elementor-widget-divider\" data-id=\"18dc2cf\" data-element_type=\"widget\" data-e-type=\"widget\" data-widget_type=\"divider.default\">\n\t\t\t\t\t\t\t<div class=\"elementor-divider\">\n\t\t\t<span class=\"elementor-divider-separator\">\n\t\t\t\t\t\t<\/span>\n\t\t<\/div>\n\t\t\t\t\t\t<\/div>\n\t\t\t\t<div class=\"elementor-element elementor-element-173efcc elementor-widget elementor-widget-image\" data-id=\"173efcc\" data-element_type=\"widget\" data-e-type=\"widget\" data-widget_type=\"image.default\">\n\t\t\t\t\t\t\t\t\t\t\t\t\t\t\t<img loading=\"lazy\" decoding=\"async\" width=\"150\" height=\"150\" src=\"https:\/\/garymcavoy.com\/wp-content\/uploads\/2023\/05\/booklifeprizelogo-150x150.jpg\" class=\"attachment-thumbnail size-thumbnail wp-image-10986\" alt=\"\" srcset=\"https:\/\/garymcavoy.com\/wp-content\/uploads\/2023\/05\/booklifeprizelogo-150x150.jpg 150w, https:\/\/garymcavoy.com\/wp-content\/uploads\/2023\/05\/booklifeprizelogo-300x300.jpg 300w, https:\/\/garymcavoy.com\/wp-content\/uploads\/2023\/05\/booklifeprizelogo-100x100.jpg 100w, https:\/\/garymcavoy.com\/wp-content\/uploads\/2023\/05\/booklifeprizelogo-298x300.jpg 298w, https:\/\/garymcavoy.com\/wp-content\/uploads\/2023\/05\/booklifeprizelogo-160x160.jpg 160w, https:\/\/garymcavoy.com\/wp-content\/uploads\/2023\/05\/booklifeprizelogo-48x48.jpg 48w, https:\/\/garymcavoy.com\/wp-content\/uploads\/2023\/05\/booklifeprizelogo-250x252.jpg 250w, https:\/\/garymcavoy.com\/wp-content\/uploads\/2023\/05\/booklifeprizelogo-179x180.jpg 179w, https:\/\/garymcavoy.com\/wp-content\/uploads\/2023\/05\/booklifeprizelogo.jpg 394w\" sizes=\"(max-width: 150px) 100vw, 150px\" \/>\t\t\t\t\t\t\t\t\t\t\t\t\t\t\t<\/div>\n\t\t\t\t<div class=\"elementor-element elementor-element-5b84576 elementor-widget elementor-widget-text-editor\" data-id=\"5b84576\" data-element_type=\"widget\" data-e-type=\"widget\" data-widget_type=\"text-editor.default\">\n\t\t\t\t\t\t\t\t\t<p>&#8220;<b>In dieser soliden Erg\u00e4nzung zur Reihe der Vatikan-Geheimarchiv-Thriller <\/b>tauchen Fragmente eines uralten Textes wieder auf und setzen eine internationale Suche nach der Entschl\u00fcsselung seiner potenziell spirituell transformativen Botschaften in Gang. McAvoys Prosa ist dynamisch, atmosph\u00e4risch und von Geheimnissen durchdrungen, aber auch von der raschen Intrige eines Spionagethrillers. <\/p><p>&#8220;McAvoy entf\u00fchrt die Leser erneut in die Annalen der Geschichte, diesmal mit Fokus auf den r\u00e4tselhaften Inhalt eines alten Manuskripts. W\u00e4hrend dieser Teil Merkmale anderer Romane aufweist, die sich mit der Enth\u00fcllung von Archivmaterial und deren Auswirkungen auf die Kirche befassen, liefert McAvoy eine mitrei\u00dfende Geschichte, die Europa umspannt. Leser der Serie werden es genie\u00dfen, Michael und Hanna und das Team der Archivare wiederzusehen, darunter die \u00fcberaus charmante Schwester Teri Drinkwater, die die Computernetzwerke und Kommunikationssysteme des Vatikans leitet.&#8221; <em><strong>&#8211; PUBLISHERS WEEKLY\/BOOKLIFE PREIS 2025<\/strong><\/em><\/p>\t\t\t\t\t\t\t\t<\/div>\n\t\t\t\t\t<\/div>\n\t\t<\/div>\n\t\t\t\t<div class=\"elementor-column elementor-col-33 elementor-top-column elementor-element elementor-element-d263102\" data-id=\"d263102\" data-element_type=\"column\" data-e-type=\"column\">\n\t\t\t<div class=\"elementor-widget-wrap elementor-element-populated\">\n\t\t\t\t\t\t<div class=\"elementor-element elementor-element-b4a4304 elementor-widget elementor-widget-html\" data-id=\"b4a4304\" data-element_type=\"widget\" data-e-type=\"widget\" data-widget_type=\"html.default\">\n\t\t\t\t\t<!-- Elfsight Amazon Reviews | The Voynich Codex -->\n<script src=\"https:\/\/elfsightcdn.com\/platform.js\" async=\"\"><\/script>\n<div class=\"elfsight-app-73a43383-2bd1-45c5-8b41-bdbf18a1974a\" data-elfsight-app-lazy=\"\"><\/div>\t\t\t\t<\/div>\n\t\t\t\t\t<\/div>\n\t\t<\/div>\n\t\t\t\t\t<\/div>\n\t\t<\/section>\n\t\t\t\t<section data-particle_enable=\"false\" data-particle-mobile-disabled=\"false\" class=\"elementor-section elementor-top-section elementor-element elementor-element-384fc5c elementor-section-boxed elementor-section-height-default elementor-section-height-default\" data-id=\"384fc5c\" data-element_type=\"section\" data-e-type=\"section\">\n\t\t\t\t\t\t<div class=\"elementor-container elementor-column-gap-default\">\n\t\t\t\t\t<div class=\"elementor-column elementor-col-100 elementor-top-column elementor-element elementor-element-496bef6\" data-id=\"496bef6\" data-element_type=\"column\" data-e-type=\"column\">\n\t\t\t<div class=\"elementor-widget-wrap elementor-element-populated\">\n\t\t\t\t\t\t<div class=\"elementor-element elementor-element-b4b3919 elementor-widget elementor-widget-spacer\" data-id=\"b4b3919\" data-element_type=\"widget\" data-e-type=\"widget\" data-widget_type=\"spacer.default\">\n\t\t\t\t\t\t\t<div class=\"elementor-spacer\">\n\t\t\t<div class=\"elementor-spacer-inner\"><\/div>\n\t\t<\/div>\n\t\t\t\t\t\t<\/div>\n\t\t\t\t\t<\/div>\n\t\t<\/div>\n\t\t\t\t\t<\/div>\n\t\t<\/section>\n\t\t\t\t<\/div>\n\t\t","protected":false},"excerpt":{"rendered":"<p>&nbsp; Der Voynich-Codex Ein Thriller aus dem Vatikanischen Geheimarchiv &#8211; Buch 11 Seit mehr als f\u00fcnfhundert Jahren ist das Voynich-Manuskript eines der gr\u00f6\u00dften ungel\u00f6sten R\u00e4tsel der literarischen Welt geblieben. Seine seltsamen botanischen Zeichnungen, geheimnisvollen Symbole [&hellip;]<\/p>\n","protected":false},"author":1,"featured_media":11694,"parent":10989,"menu_order":0,"comment_status":"closed","ping_status":"closed","template":"template\/page\/fullwidth.php","meta":{"iawp_total_views":6,"footnotes":""},"class_list":["post-11707","page","type-page","status-publish","has-post-thumbnail","hentry"],"_links":{"self":[{"href":"https:\/\/garymcavoy.com\/de\/wp-json\/wp\/v2\/pages\/11707","targetHints":{"allow":["GET"]}}],"collection":[{"href":"https:\/\/garymcavoy.com\/de\/wp-json\/wp\/v2\/pages"}],"about":[{"href":"https:\/\/garymcavoy.com\/de\/wp-json\/wp\/v2\/types\/page"}],"author":[{"embeddable":true,"href":"https:\/\/garymcavoy.com\/de\/wp-json\/wp\/v2\/users\/1"}],"replies":[{"embeddable":true,"href":"https:\/\/garymcavoy.com\/de\/wp-json\/wp\/v2\/comments?post=11707"}],"version-history":[{"count":0,"href":"https:\/\/garymcavoy.com\/de\/wp-json\/wp\/v2\/pages\/11707\/revisions"}],"up":[{"embeddable":true,"href":"https:\/\/garymcavoy.com\/de\/wp-json\/wp\/v2\/pages\/10989"}],"wp:featuredmedia":[{"embeddable":true,"href":"https:\/\/garymcavoy.com\/de\/wp-json\/wp\/v2\/media\/11694"}],"wp:attachment":[{"href":"https:\/\/garymcavoy.com\/de\/wp-json\/wp\/v2\/media?parent=11707"}],"curies":[{"name":"wp","href":"https:\/\/api.w.org\/{rel}","templated":true}]}}