{"id":12911,"date":"2026-03-17T15:17:58","date_gmt":"2026-03-17T22:17:58","guid":{"rendered":"https:\/\/garymcavoy.com\/frag-pater-dominic\/"},"modified":"2026-04-28T11:24:48","modified_gmt":"2026-04-28T18:24:48","slug":"frag-pater-dominic","status":"publish","type":"page","link":"https:\/\/garymcavoy.com\/de\/frag-pater-dominic\/","title":{"rendered":"Frag Pater Dominic"},"content":{"rendered":"\t\t<div data-elementor-type=\"wp-page\" data-elementor-id=\"12911\" class=\"elementor elementor-12911 elementor-12884\" data-elementor-post-type=\"page\">\n\t\t\t\t<div data-particle_enable=\"false\" data-particle-mobile-disabled=\"false\" class=\"elementor-element elementor-element-1bb0b7f3 e-flex e-con-boxed e-con e-parent\" data-id=\"1bb0b7f3\" data-element_type=\"container\" data-e-type=\"container\">\n\t\t\t\t\t<div class=\"e-con-inner\">\n\t\t\t\t<div class=\"elementor-element elementor-element-aba3087 elementor-widget__width-initial elementor-widget elementor-widget-image\" data-id=\"aba3087\" data-element_type=\"widget\" data-e-type=\"widget\" data-widget_type=\"image.default\">\n\t\t\t\t\t\t\t\t\t\t\t\t\t\t\t<img decoding=\"async\" src=\"https:\/\/garymcavoy.com\/wp-content\/uploads\/elementor\/thumbs\/Consult-the-Secret-Archives-Gold-1-rm3x9iacax4lv72sy8grp1j4fb4vdku2g2e1252tq8.png\" title=\"\" alt=\"\" loading=\"lazy\" \/>\t\t\t\t\t\t\t\t\t\t\t\t\t\t\t<\/div>\n\t\t\t\t<div class=\"elementor-element elementor-element-05c95df elementor-widget elementor-widget-heading\" data-id=\"05c95df\" data-element_type=\"widget\" data-e-type=\"widget\" data-widget_type=\"heading.default\">\n\t\t\t\t\t<p class=\"elementor-heading-title elementor-size-default\">\u201eManche Wahrheiten sollten niemals gefunden werden.\u201c<\/p>\t\t\t\t<\/div>\n\t\t\t\t<div class=\"elementor-element elementor-element-2474c5d elementor-widget elementor-widget-spacer\" data-id=\"2474c5d\" data-element_type=\"widget\" data-e-type=\"widget\" data-widget_type=\"spacer.default\">\n\t\t\t\t\t\t\t<div class=\"elementor-spacer\">\n\t\t\t<div class=\"elementor-spacer-inner\"><\/div>\n\t\t<\/div>\n\t\t\t\t\t\t<\/div>\n\t\t\t\t<div class=\"elementor-element elementor-element-cc20d02 elementor-widget elementor-widget-text-editor\" data-id=\"cc20d02\" data-element_type=\"widget\" data-e-type=\"widget\" data-widget_type=\"text-editor.default\">\n\t\t\t\t\t\t\t\t\t<p><span style=\"font-size: 24px;\">Dir wurde begrenzter Zugang zu eingeschr\u00e4nkten Archivunterlagen gew\u00e4hrt.<br><\/span><span style=\"font-size: 24px;\">Stelle deine Fragen mit Bedacht. Manche Dokumente bleiben aus gutem Grund versiegelt. <\/span><\/p>\t\t\t\t\t\t\t\t<\/div>\n\t\t\t\t<div class=\"elementor-element elementor-element-5545682 elementor-widget elementor-widget-spacer\" data-id=\"5545682\" data-element_type=\"widget\" data-e-type=\"widget\" data-widget_type=\"spacer.default\">\n\t\t\t\t\t\t\t<div class=\"elementor-spacer\">\n\t\t\t<div class=\"elementor-spacer-inner\"><\/div>\n\t\t<\/div>\n\t\t\t\t\t\t<\/div>\n\t\t\t\t<div class=\"elementor-element elementor-element-db24203 elementor-widget elementor-widget-text-editor\" data-id=\"db24203\" data-element_type=\"widget\" data-e-type=\"widget\" data-widget_type=\"text-editor.default\">\n\t\t\t\t\t\t\t\t\t<p style=\"text-align: center;\">Frage Pater Dominic alles \u00fcber Garys B\u00fccher. . .<\/p>\t\t\t\t\t\t\t\t<\/div>\n\t\t\t\t\t<\/div>\n\t\t\t\t<\/div>\n\t\t<div data-particle_enable=\"false\" data-particle-mobile-disabled=\"false\" class=\"elementor-element elementor-element-29b03e6 e-flex e-con-boxed e-con e-parent\" data-id=\"29b03e6\" data-element_type=\"container\" data-e-type=\"container\">\n\t\t\t\t\t<div class=\"e-con-inner\">\n\t\t<div data-particle_enable=\"false\" data-particle-mobile-disabled=\"false\" class=\"elementor-element elementor-element-0142052 e-con-full e-flex e-con e-child\" data-id=\"0142052\" data-element_type=\"container\" data-e-type=\"container\">\n\t\t\t\t<div class=\"elementor-element elementor-element-561ee75 elementor-widget elementor-widget-html\" data-id=\"561ee75\" data-element_type=\"widget\" data-e-type=\"widget\" data-widget_type=\"html.default\">\n\t\t\t\t\t<div class=\"gm-prompt-helper\">\n  <span class=\"gm-prompt-trigger\" onclick=\"togglePromptPopup()\">\n  Brauchst du Ideen? Klick hier \u203a \u203a \n  <\/span>\n\n  <button class=\"gm-prompt-info-btn\" type=\"button\" onclick=\"togglePromptPopup()\" aria-label=\"Show prompt ideas\">\n    <span class=\"gm-info-icon\">i<\/span>\n  <\/button>\n\n  <div class=\"gm-prompt-popup\" id=\"gmPromptPopup\">\n    <strong>Versuch zu fragen:<\/strong>\n    <ul>\n        <li>\n  <button type=\"button\" class=\"gm-prompt-option\" data-prompt=\"In what order should I read Gary McAvoy\u2019s books?\">\n \u201eIn welcher Reihenfolge soll ich Garys B\u00fccher lesen?\u201c\n  <\/button>\n<\/li>\n      <li>\n        <button type=\"button\" class=\"gm-prompt-option\" data-prompt=\"What was buried beneath St. Peter\u2019s and why?\">\n \u201eWas wurde unter dem Petersdom begraben und warum?\u201c\n        <\/button>\n      <\/li>\n      <li>\n        <button type=\"button\" class=\"gm-prompt-option\" data-prompt=\"What makes Hana Sinclair so effective as an investigator?\">\n \u201eWas macht Hana Sinclair als Ermittlerin so effektiv?\u201c\n        <\/button>\n      <\/li>\n      <li>\n        <button type=\"button\" class=\"gm-prompt-option\" data-prompt=\"What secrets do the Vatican Archives truly hold?\">\n \u201eWelche Geheimnisse bergen die Vatikanischen Archive wirklich?\u201c\n        <\/button>\n      <\/li>\n    <\/ul>\n  <\/div>\n<\/div>\n\n<script>\nfunction togglePromptPopup() {\n  const popup = document.getElementById('gmPromptPopup');\n  if (!popup) return;\n  popup.style.display = popup.style.display === 'block' ? 'none' : 'block';\n}\n\nfunction findChatInput() {\n  const root = document.querySelector('.vatican-archives-chat') || document;\n  if (!root) return null;\n\n  const selectors = [\n    '.mwai-input textarea',\n    '.mwai-input input',\n    '.mwai-input-text textarea',\n    '.mwai-chatbot textarea',\n    '.mwai-chatbot input[type=\"text\"]',\n    'textarea',\n    'input[type=\"text\"]'\n  ];\n\n  for (const selector of selectors) {\n    const elements = root.querySelectorAll(selector);\n    for (const el of elements) {\n      if (el.offsetParent !== null) return el;\n    }\n  }\n\n  return null;\n}\n\nfunction setNativeValue(element, value) {\n  const prototype = Object.getPrototypeOf(element);\n  const valueSetter = Object.getOwnPropertyDescriptor(prototype, 'value')?.set;\n\n  if (valueSetter) {\n    valueSetter.call(element, value);\n  } else {\n    element.value = value;\n  }\n}\n\nfunction insertPromptIntoChat(promptText) {\n  const input = findChatInput();\n\n  if (!input) {\n    alert('Chat input box not found.');\n    return;\n  }\n\n  input.focus();\n  setNativeValue(input, promptText);\n\n  input.dispatchEvent(new Event('input', { bubbles: true }));\n  input.dispatchEvent(new Event('change', { bubbles: true }));\n  input.dispatchEvent(new KeyboardEvent('keyup', { bubbles: true }));\n\n  const len = promptText.length;\n  if (typeof input.setSelectionRange === 'function') {\n    input.setSelectionRange(len, len);\n  }\n\n  const popup = document.getElementById('gmPromptPopup');\n  if (popup) popup.style.display = 'none';\n}\n\ndocument.addEventListener('click', function(e) {\n  const helper = document.querySelector('.gm-prompt-helper');\n  const popup = document.getElementById('gmPromptPopup');\n\n  if (e.target.closest('.gm-prompt-option')) {\n    const btn = e.target.closest('.gm-prompt-option');\n    const prompt = btn.getAttribute('data-prompt');\n    insertPromptIntoChat(prompt);\n    return;\n  }\n\n  if (helper && popup && !helper.contains(e.target)) {\n    popup.style.display = 'none';\n  }\n});\n<\/script>\t\t\t\t<\/div>\n\t\t\t\t<div class=\"elementor-element elementor-element-e14f0d6 elementor-widget__width-initial dominic-chat-shell vatican-archives-chat elementor-widget elementor-widget-shortcode\" data-id=\"e14f0d6\" data-element_type=\"widget\" data-e-type=\"widget\" data-widget_type=\"shortcode.default\">\n\t\t\t\t\t\t\t<div class=\"elementor-shortcode\"><div class='mwai-chatbot-container' data-params='{&quot;aiName&quot;:&quot;Father Michael Dominic&quot;,&quot;userName&quot;:&quot;Researcher&quot;,&quot;guestName&quot;:&quot;Researcher&quot;,&quot;aiAvatar&quot;:true,&quot;aiAvatarUrl&quot;:&quot;https:\\\/\\\/garymcavoy.com\\\/files\\\/Michael-Dominic-Avatar.jpg&quot;,&quot;textSend&quot;:&quot;Send&quot;,&quot;textClear&quot;:&quot;Clear&quot;,&quot;imageUpload&quot;:false,&quot;fileUpload&quot;:false,&quot;multiUpload&quot;:false,&quot;maxUploads&quot;:20,&quot;fileUploads&quot;:0,&quot;mode&quot;:&quot;chat&quot;,&quot;textInputPlaceholder&quot;:&quot;Type your message...&quot;,&quot;textInputMaxLength&quot;:512,&quot;textCompliance&quot;:&quot;&quot;,&quot;startSentence&quot;:&quot;Hi! How may I help you?&quot;,&quot;localMemory&quot;:false,&quot;themeId&quot;:&quot;chatgpt&quot;,&quot;window&quot;:false,&quot;icon&quot;:&quot;&quot;,&quot;iconText&quot;:&quot;&quot;,&quot;iconTextDelay&quot;:1,&quot;iconAlt&quot;:&quot;AI Engine Chatbot&quot;,&quot;iconPosition&quot;:&quot;bottom-right&quot;,&quot;centerOpen&quot;:false,&quot;width&quot;:&quot;&quot;,&quot;openDelay&quot;:&quot;&quot;,&quot;iconBubble&quot;:false,&quot;windowAnimation&quot;:&quot;zoom&quot;,&quot;fullscreen&quot;:false,&quot;copyButton&quot;:true,&quot;pdfButton&quot;:true,&quot;headerSubtitle&quot;:&quot;Discuss with&quot;,&quot;containerType&quot;:&quot;standard&quot;,&quot;headerType&quot;:&quot;standard&quot;,&quot;messagesType&quot;:&quot;standard&quot;,&quot;inputType&quot;:&quot;standard&quot;,&quot;footerType&quot;:&quot;standard&quot;}' data-system='{&quot;botId&quot;:&quot;default&quot;,&quot;customId&quot;:null,&quot;userData&quot;:null,&quot;sessionId&quot;:&quot;69f8840e68fb6&quot;,&quot;restNonce&quot;:null,&quot;contextId&quot;:null,&quot;pluginUrl&quot;:&quot;https:\\\/\\\/garymcavoy.com\\\/wp-content\\\/plugins\\\/ai-engine-pro&quot;,&quot;restUrl&quot;:&quot;https:\\\/\\\/garymcavoy.com\\\/de\\\/wp-json&quot;,&quot;stream&quot;:true,&quot;debugMode&quot;:false,&quot;eventLogs&quot;:false,&quot;speech_recognition&quot;:false,&quot;speech_synthesis&quot;:false,&quot;typewriter&quot;:false,&quot;crossSite&quot;:false,&quot;actions&quot;:[],&quot;blocks&quot;:[],&quot;shortcuts&quot;:[]}' data-theme='{&quot;type&quot;:&quot;internal&quot;,&quot;name&quot;:&quot;ChatGPT&quot;,&quot;themeId&quot;:&quot;chatgpt&quot;,&quot;settings&quot;:[],&quot;style&quot;:&quot;&quot;,&quot;cssUrl&quot;:&quot;https:\\\/\\\/garymcavoy.com\\\/wp-content\\\/plugins\\\/ai-engine-pro\\\/themes\\\/chatgpt.css&quot;}'><\/div><\/div>\n\t\t\t\t\t\t<\/div>\n\t\t\t\t<div class=\"elementor-element elementor-element-7d49c1e elementor-widget elementor-widget-spacer\" data-id=\"7d49c1e\" data-element_type=\"widget\" data-e-type=\"widget\" data-widget_type=\"spacer.default\">\n\t\t\t\t\t\t\t<div class=\"elementor-spacer\">\n\t\t\t<div class=\"elementor-spacer-inner\"><\/div>\n\t\t<\/div>\n\t\t\t\t\t\t<\/div>\n\t\t\t\t<\/div>\n\t\t\t\t\t<\/div>\n\t\t\t\t<\/div>\n\t\t\t\t<\/div>\n\t\t","protected":false},"excerpt":{"rendered":"<p>\u201eManche Wahrheiten sollten niemals gefunden werden.\u201c Dir wurde begrenzter Zugang zu eingeschr\u00e4nkten Archivunterlagen gew\u00e4hrt.Stelle deine Fragen mit Bedacht. Manche Dokumente bleiben aus gutem Grund versiegelt. Frage Pater Dominic alles \u00fcber Garys B\u00fccher. . . Brauchst [&hellip;]<\/p>\n","protected":false},"author":1,"featured_media":12999,"parent":0,"menu_order":0,"comment_status":"closed","ping_status":"closed","template":"template\/page\/fullwidth.php","meta":{"iawp_total_views":11,"footnotes":""},"class_list":["post-12911","page","type-page","status-publish","has-post-thumbnail","hentry"],"_links":{"self":[{"href":"https:\/\/garymcavoy.com\/de\/wp-json\/wp\/v2\/pages\/12911","targetHints":{"allow":["GET"]}}],"collection":[{"href":"https:\/\/garymcavoy.com\/de\/wp-json\/wp\/v2\/pages"}],"about":[{"href":"https:\/\/garymcavoy.com\/de\/wp-json\/wp\/v2\/types\/page"}],"author":[{"embeddable":true,"href":"https:\/\/garymcavoy.com\/de\/wp-json\/wp\/v2\/users\/1"}],"replies":[{"embeddable":true,"href":"https:\/\/garymcavoy.com\/de\/wp-json\/wp\/v2\/comments?post=12911"}],"version-history":[{"count":0,"href":"https:\/\/garymcavoy.com\/de\/wp-json\/wp\/v2\/pages\/12911\/revisions"}],"wp:featuredmedia":[{"embeddable":true,"href":"https:\/\/garymcavoy.com\/de\/wp-json\/wp\/v2\/media\/12999"}],"wp:attachment":[{"href":"https:\/\/garymcavoy.com\/de\/wp-json\/wp\/v2\/media?parent=12911"}],"curies":[{"name":"wp","href":"https:\/\/api.w.org\/{rel}","templated":true}]}}