{"id":12377,"date":"2023-04-29T07:55:32","date_gmt":"2023-04-29T14:55:32","guid":{"rendered":"https:\/\/garymcavoy.com\/la-tactica-galileo-2\/"},"modified":"2025-12-10T14:28:11","modified_gmt":"2025-12-10T22:28:11","slug":"la-tactica-galileo-2","status":"publish","type":"page","link":"https:\/\/garymcavoy.com\/es\/libros-y-resenas\/la-tactica-galileo-2\/","title":{"rendered":"La t\u00e1ctica Galileo"},"content":{"rendered":"\t\t<div data-elementor-type=\"wp-page\" data-elementor-id=\"12377\" class=\"elementor elementor-12377 elementor-9176\" data-elementor-post-type=\"page\">\n\t\t\t\t\t\t<section data-particle_enable=\"false\" data-particle-mobile-disabled=\"false\" data-kenburns=\"{&quot;fx&quot;:&quot;fade&quot;,&quot;speed&quot;:6000,&quot;fade&quot;:500,&quot;slides&quot;:[{&quot;_id&quot;:&quot;c382987&quot;,&quot;premium_kenburns_images&quot;:{&quot;url&quot;:&quot;https:\\\/\\\/garymcavoy.com\\\/wp-content\\\/uploads\\\/2023\\\/04\\\/Galileo_facing_the_Roman_Inquisition.jpg&quot;,&quot;id&quot;:9103,&quot;size&quot;:&quot;&quot;,&quot;alt&quot;:&quot;&quot;,&quot;source&quot;:&quot;library&quot;},&quot;premium_kenburns_image_fit&quot;:&quot;pa-fill&quot;,&quot;premium_kenburns_dir&quot;:&quot;center&quot;,&quot;premium_kenburns_zoom_dir&quot;:&quot;in&quot;}],&quot;infinite&quot;:&quot;&quot;}\" class=\"elementor-section elementor-top-section elementor-element elementor-element-8aaedea premium-kenburns-yes elementor-section-boxed elementor-section-height-default elementor-section-height-default\" data-id=\"8aaedea\" data-element_type=\"section\" data-e-type=\"section\">\n\t\t\t\t\t\t<div class=\"elementor-container elementor-column-gap-default\">\n\t\t\t\t\t<div class=\"elementor-column elementor-col-66 elementor-top-column elementor-element elementor-element-8f41081\" data-id=\"8f41081\" data-element_type=\"column\" data-e-type=\"column\">\n\t\t\t<div class=\"elementor-widget-wrap elementor-element-populated\">\n\t\t\t\t\t\t<div class=\"elementor-element elementor-element-208ca3e elementor-widget elementor-widget-spacer\" data-id=\"208ca3e\" data-element_type=\"widget\" data-e-type=\"widget\" data-widget_type=\"spacer.default\">\n\t\t\t\t\t\t\t<div class=\"elementor-spacer\">\n\t\t\t<div class=\"elementor-spacer-inner\"><\/div>\n\t\t<\/div>\n\t\t\t\t\t\t<\/div>\n\t\t\t\t<div class=\"elementor-element elementor-element-7863b2b elementor-widget elementor-widget-heading\" data-id=\"7863b2b\" data-element_type=\"widget\" data-e-type=\"widget\" data-widget_type=\"heading.default\">\n\t\t\t\t\t<h1 class=\"elementor-heading-title elementor-size-default\">La t\u00e1ctica Galileo<\/h1>\t\t\t\t<\/div>\n\t\t\t\t<div class=\"elementor-element elementor-element-e95cd78 elementor-widget elementor-widget-heading\" data-id=\"e95cd78\" data-element_type=\"widget\" data-e-type=\"widget\" data-widget_type=\"heading.default\">\n\t\t\t\t\t<h2 class=\"elementor-heading-title elementor-size-default\">Un thriller del Archivo Secreto Vaticano - Libro 6<\/h2>\t\t\t\t<\/div>\n\t\t\t\t<div class=\"elementor-element elementor-element-35a847d elementor-widget elementor-widget-text-editor\" data-id=\"35a847d\" data-element_type=\"widget\" data-e-type=\"widget\" data-widget_type=\"text-editor.default\">\n\t\t\t\t\t\t\t\t\t<p><span style=\"color: #ffffff; font-size: 18pt;\">Al Padre Michael Dominic, el estimado prefecto del Archivo Secreto Vaticano en Roma, se le conf\u00eda la misi\u00f3n de transportar los documentos originales del juicio de Galileo, del siglo XVII, a la Facultad de Derecho Loyola de Chicago. El escenario est\u00e1 preparado para un simulacro de juicio hist\u00f3rico moderno de los cargos originales de herej\u00eda de Galileo, que conmemora el 400 aniversario del legendario acontecimiento. <\/span><\/p><p><span style=\"color: #ffffff; font-size: 18pt;\">En esta fascinante recreaci\u00f3n, el destino de Galileo est\u00e1 en manos del actual fiscal jefe del Vaticano, un astuto obispo del Dicasterio para la Doctrina de la Fe, y de su defensa, un distinguido profesor de derecho que alberga un misterioso pasado. Al mismo tiempo, el deterioro de la salud del Papa tiene en vilo a la Curia Romana, mientras ambiciosos contendientes se disputan el puesto en la esperada elecci\u00f3n papal. <\/span><\/p><p><span style=\"color: #ffffff; font-size: 18pt;\">Pero la trama se complica cuando unas piezas hist\u00f3ricas de valor incalculable desaparecen la noche antes del juicio. Sin tiempo que perder, el equipo del padre Michael se ve obligado a dividir y conquistar, siguiendo todas las pistas para recuperar los tesoros robados. Mientras se enfrentan a peligrosos vericuetos, tambi\u00e9n deben enfrentarse a oscuros complots de facciones rivales.  <\/span><\/p><p><span style=\"color: #ffffff; font-size: 18pt;\">Hay mucho en juego mientras el padre Michael y su equipo corren contrarreloj para descubrir la verdad que se oculta tras este misterio palpitante. Con agendas ocultas que surgen de las sombras y ayuda que se materializa de las fuentes m\u00e1s inesperadas, las lealtades se ponen a prueba. Ag\u00e1rrate a tus asientos y prep\u00e1rate para un viaje tenso mientras el padre Michael lucha valientemente por desentra\u00f1ar la enigm\u00e1tica conspiraci\u00f3n conocida como El Gambito Galileo.  <\/span><\/p>\t\t\t\t\t\t\t\t<\/div>\n\t\t\t\t<div class=\"elementor-element elementor-element-a07c4a4 elementor-widget elementor-widget-spacer\" data-id=\"a07c4a4\" data-element_type=\"widget\" data-e-type=\"widget\" data-widget_type=\"spacer.default\">\n\t\t\t\t\t\t\t<div class=\"elementor-spacer\">\n\t\t\t<div class=\"elementor-spacer-inner\"><\/div>\n\t\t<\/div>\n\t\t\t\t\t\t<\/div>\n\t\t\t\t\t<\/div>\n\t\t<\/div>\n\t\t\t\t<div class=\"elementor-column elementor-col-33 elementor-top-column elementor-element elementor-element-a044b10\" data-id=\"a044b10\" data-element_type=\"column\" data-e-type=\"column\">\n\t\t\t<div class=\"elementor-widget-wrap elementor-element-populated\">\n\t\t\t\t\t\t<div class=\"elementor-element elementor-element-fe9ca9e elementor-widget elementor-widget-spacer\" data-id=\"fe9ca9e\" data-element_type=\"widget\" data-e-type=\"widget\" data-widget_type=\"spacer.default\">\n\t\t\t\t\t\t\t<div class=\"elementor-spacer\">\n\t\t\t<div class=\"elementor-spacer-inner\"><\/div>\n\t\t<\/div>\n\t\t\t\t\t\t<\/div>\n\t\t\t\t<div class=\"elementor-element elementor-element-c23a1f4 elementor-widget elementor-widget-image\" data-id=\"c23a1f4\" data-element_type=\"widget\" data-e-type=\"widget\" data-widget_type=\"image.default\">\n\t\t\t\t\t\t\t\t\t\t\t\t\t\t\t\t<a href=\"https:\/\/garymcavoy.com\/store\/the-galileo-gambit\/\">\n\t\t\t\t\t\t\t<img fetchpriority=\"high\" decoding=\"async\" width=\"457\" height=\"563\" src=\"https:\/\/garymcavoy.com\/wp-content\/uploads\/2023\/04\/Galileo-Gambit-HC-Cover-3D-Left.png\" class=\"attachment-large size-large wp-image-12538\" alt=\"\" srcset=\"https:\/\/garymcavoy.com\/wp-content\/uploads\/2023\/04\/Galileo-Gambit-HC-Cover-3D-Left.png 457w, https:\/\/garymcavoy.com\/wp-content\/uploads\/2023\/04\/Galileo-Gambit-HC-Cover-3D-Left-244x300.png 244w, https:\/\/garymcavoy.com\/wp-content\/uploads\/2023\/04\/Galileo-Gambit-HC-Cover-3D-Left-250x308.png 250w, https:\/\/garymcavoy.com\/wp-content\/uploads\/2023\/04\/Galileo-Gambit-HC-Cover-3D-Left-146x180.png 146w, https:\/\/garymcavoy.com\/wp-content\/uploads\/2023\/04\/Galileo-Gambit-HC-Cover-3D-Left-406x500.png 406w\" sizes=\"(max-width: 457px) 100vw, 457px\" \/>\t\t\t\t\t\t\t\t<\/a>\n\t\t\t\t\t\t\t\t\t\t\t\t\t\t\t<\/div>\n\t\t\t\t<div class=\"elementor-element elementor-element-d4c39e8 elementor-widget elementor-widget-heading\" data-id=\"d4c39e8\" data-element_type=\"widget\" data-e-type=\"widget\" data-widget_type=\"heading.default\">\n\t\t\t\t\t<h6 class=\"elementor-heading-title elementor-size-default\">Publicaci\u00f3n prevista en junio de 2023<\/h6>\t\t\t\t<\/div>\n\t\t\t\t<div class=\"elementor-element elementor-element-35019be elementor-align-center elementor-widget elementor-widget-button\" data-id=\"35019be\" data-element_type=\"widget\" data-e-type=\"widget\" data-widget_type=\"button.default\">\n\t\t\t\t\t\t\t\t\t\t<a class=\"elementor-button elementor-button-link elementor-size-sm\" href=\"https:\/\/garymcavoy.com\/store\/the-galileo-gambit\/\">\n\t\t\t\t\t\t<span class=\"elementor-button-content-wrapper\">\n\t\t\t\t\t\t\t\t\t<span class=\"elementor-button-text\">COMPRAR EL LIBRO<\/span>\n\t\t\t\t\t<\/span>\n\t\t\t\t\t<\/a>\n\t\t\t\t\t\t\t\t<\/div>\n\t\t\t\t<div class=\"elementor-element elementor-element-bd8ebd8 elementor-align-center elementor-widget elementor-widget-button\" data-id=\"bd8ebd8\" data-element_type=\"widget\" data-e-type=\"widget\" data-widget_type=\"button.default\">\n\t\t\t\t\t\t\t\t\t\t<a class=\"elementor-button elementor-size-sm\" role=\"button\">\n\t\t\t\t\t\t<span class=\"elementor-button-content-wrapper\">\n\t\t\t\t\t\t\t\t\t<span class=\"elementor-button-text\">LEER UN EXTRACTO<\/span>\n\t\t\t\t\t<\/span>\n\t\t\t\t\t<\/a>\n\t\t\t\t\t\t\t\t<\/div>\n\t\t\t\t<div class=\"elementor-element elementor-element-6db209b elementor-widget elementor-widget-spacer\" data-id=\"6db209b\" data-element_type=\"widget\" data-e-type=\"widget\" data-widget_type=\"spacer.default\">\n\t\t\t\t\t\t\t<div class=\"elementor-spacer\">\n\t\t\t<div class=\"elementor-spacer-inner\"><\/div>\n\t\t<\/div>\n\t\t\t\t\t\t<\/div>\n\t\t\t\t\t<\/div>\n\t\t<\/div>\n\t\t\t\t\t<\/div>\n\t\t<\/section>\n\t\t\t\t<section data-particle_enable=\"false\" data-particle-mobile-disabled=\"false\" class=\"elementor-section elementor-top-section elementor-element elementor-element-eef605c elementor-section-boxed elementor-section-height-default elementor-section-height-default\" data-id=\"eef605c\" data-element_type=\"section\" data-e-type=\"section\">\n\t\t\t\t\t\t<div class=\"elementor-container elementor-column-gap-default\">\n\t\t\t\t\t<div class=\"elementor-column elementor-col-66 elementor-top-column elementor-element elementor-element-dbe8279\" data-id=\"dbe8279\" data-element_type=\"column\" data-e-type=\"column\">\n\t\t\t<div class=\"elementor-widget-wrap elementor-element-populated\">\n\t\t\t\t\t\t<div class=\"elementor-element elementor-element-c1f7746 elementor-widget elementor-widget-spacer\" data-id=\"c1f7746\" data-element_type=\"widget\" data-e-type=\"widget\" data-widget_type=\"spacer.default\">\n\t\t\t\t\t\t\t<div class=\"elementor-spacer\">\n\t\t\t<div class=\"elementor-spacer-inner\"><\/div>\n\t\t<\/div>\n\t\t\t\t\t\t<\/div>\n\t\t\t\t<div class=\"elementor-element elementor-element-dd3383d elementor-widget elementor-widget-heading\" data-id=\"dd3383d\" data-element_type=\"widget\" data-e-type=\"widget\" data-widget_type=\"heading.default\">\n\t\t\t\t\t<h2 class=\"elementor-heading-title elementor-size-default\">Ver el trailer del libro<\/h2>\t\t\t\t<\/div>\n\t\t\t\t\t<\/div>\n\t\t<\/div>\n\t\t\t\t<div class=\"elementor-column elementor-col-33 elementor-top-column elementor-element elementor-element-91e79b3\" data-id=\"91e79b3\" data-element_type=\"column\" data-e-type=\"column\">\n\t\t\t<div class=\"elementor-widget-wrap elementor-element-populated\">\n\t\t\t\t\t\t<div class=\"elementor-element elementor-element-7405f06 elementor-widget elementor-widget-image\" data-id=\"7405f06\" data-element_type=\"widget\" data-e-type=\"widget\" data-widget_type=\"image.default\">\n\t\t\t\t\t\t\t\t\t\t\t\t\t\t\t\t<a href=\"https:\/\/garymcavoy.com\/store\/the-galileo-gambit\/\">\n\t\t\t\t\t\t\t<img decoding=\"async\" width=\"361\" height=\"100\" src=\"https:\/\/garymcavoy.com\/wp-content\/uploads\/2022\/10\/Order-Signed-Copy-Today.png\" class=\"attachment-medium_large size-medium_large wp-image-12239\" alt=\"\" srcset=\"https:\/\/garymcavoy.com\/wp-content\/uploads\/2022\/10\/Order-Signed-Copy-Today.png 361w, https:\/\/garymcavoy.com\/wp-content\/uploads\/2022\/10\/Order-Signed-Copy-Today-300x83.png 300w, https:\/\/garymcavoy.com\/wp-content\/uploads\/2022\/10\/Order-Signed-Copy-Today-250x69.png 250w\" sizes=\"(max-width: 361px) 100vw, 361px\" \/>\t\t\t\t\t\t\t\t<\/a>\n\t\t\t\t\t\t\t\t\t\t\t\t\t\t\t<\/div>\n\t\t\t\t\t<\/div>\n\t\t<\/div>\n\t\t\t\t\t<\/div>\n\t\t<\/section>\n\t\t\t\t<section data-particle_enable=\"false\" data-particle-mobile-disabled=\"false\" class=\"elementor-section elementor-top-section elementor-element elementor-element-7312851 elementor-section-boxed elementor-section-height-default elementor-section-height-default\" data-id=\"7312851\" data-element_type=\"section\" data-e-type=\"section\">\n\t\t\t\t\t\t<div class=\"elementor-container elementor-column-gap-default\">\n\t\t\t\t\t<div class=\"elementor-column elementor-col-66 elementor-top-column elementor-element elementor-element-da9dd9a\" data-id=\"da9dd9a\" data-element_type=\"column\" data-e-type=\"column\">\n\t\t\t<div class=\"elementor-widget-wrap elementor-element-populated\">\n\t\t\t\t\t\t<div class=\"elementor-element elementor-element-13af2da elementor-widget-divider--view-line elementor-widget elementor-widget-divider\" data-id=\"13af2da\" data-element_type=\"widget\" data-e-type=\"widget\" data-widget_type=\"divider.default\">\n\t\t\t\t\t\t\t<div class=\"elementor-divider\">\n\t\t\t<span class=\"elementor-divider-separator\">\n\t\t\t\t\t\t<\/span>\n\t\t<\/div>\n\t\t\t\t\t\t<\/div>\n\t\t\t\t<div class=\"elementor-element elementor-element-e444aa5 elementor-widget elementor-widget-heading\" data-id=\"e444aa5\" data-element_type=\"widget\" data-e-type=\"widget\" data-widget_type=\"heading.default\">\n\t\t\t\t\t<h2 class=\"elementor-heading-title elementor-size-default\">Elogios para \"El gambito de Galileo\"<\/h2>\t\t\t\t<\/div>\n\t\t\t\t\t<\/div>\n\t\t<\/div>\n\t\t\t\t<div class=\"elementor-column elementor-col-33 elementor-top-column elementor-element elementor-element-767e583\" data-id=\"767e583\" data-element_type=\"column\" data-e-type=\"column\">\n\t\t\t<div class=\"elementor-widget-wrap\">\n\t\t\t\t\t\t\t<\/div>\n\t\t<\/div>\n\t\t\t\t\t<\/div>\n\t\t<\/section>\n\t\t\t\t<section data-particle_enable=\"false\" data-particle-mobile-disabled=\"false\" class=\"elementor-section elementor-top-section elementor-element elementor-element-c08a5d8 elementor-section-boxed elementor-section-height-default elementor-section-height-default\" data-id=\"c08a5d8\" data-element_type=\"section\" data-e-type=\"section\">\n\t\t\t\t\t\t<div class=\"elementor-container elementor-column-gap-default\">\n\t\t\t\t\t<div class=\"elementor-column elementor-col-66 elementor-top-column elementor-element elementor-element-e6cd188\" data-id=\"e6cd188\" data-element_type=\"column\" data-e-type=\"column\">\n\t\t\t<div class=\"elementor-widget-wrap\">\n\t\t\t\t\t\t\t<\/div>\n\t\t<\/div>\n\t\t\t\t<div class=\"elementor-column elementor-col-33 elementor-top-column elementor-element elementor-element-afb1193\" data-id=\"afb1193\" data-element_type=\"column\" data-e-type=\"column\">\n\t\t\t<div class=\"elementor-widget-wrap\">\n\t\t\t\t\t\t\t<\/div>\n\t\t<\/div>\n\t\t\t\t\t<\/div>\n\t\t<\/section>\n\t\t\t\t<section data-particle_enable=\"false\" data-particle-mobile-disabled=\"false\" class=\"elementor-section elementor-top-section elementor-element elementor-element-d63970c elementor-section-boxed elementor-section-height-default elementor-section-height-default\" data-id=\"d63970c\" data-element_type=\"section\" data-e-type=\"section\">\n\t\t\t\t\t\t<div class=\"elementor-container elementor-column-gap-default\">\n\t\t\t\t\t<div class=\"elementor-column elementor-col-66 elementor-top-column elementor-element elementor-element-81cdaf9\" data-id=\"81cdaf9\" data-element_type=\"column\" data-e-type=\"column\">\n\t\t\t<div class=\"elementor-widget-wrap\">\n\t\t\t\t\t\t\t<\/div>\n\t\t<\/div>\n\t\t\t\t<div class=\"elementor-column elementor-col-33 elementor-top-column elementor-element elementor-element-21a607c\" data-id=\"21a607c\" data-element_type=\"column\" data-e-type=\"column\">\n\t\t\t<div class=\"elementor-widget-wrap\">\n\t\t\t\t\t\t\t<\/div>\n\t\t<\/div>\n\t\t\t\t\t<\/div>\n\t\t<\/section>\n\t\t\t\t<\/div>\n\t\t","protected":false},"excerpt":{"rendered":"<p>La t\u00e1ctica Galileo Un thriller del Archivo Secreto Vaticano &#8211; Libro 6 Al Padre Michael Dominic, el estimado prefecto del Archivo Secreto Vaticano en Roma, se le conf\u00eda la misi\u00f3n de transportar los documentos originales [&hellip;]<\/p>\n","protected":false},"author":1,"featured_media":12368,"parent":12502,"menu_order":0,"comment_status":"closed","ping_status":"closed","template":"template\/page\/fullwidth.php","meta":{"iawp_total_views":0,"footnotes":""},"class_list":["post-12377","page","type-page","status-publish","has-post-thumbnail","hentry"],"_links":{"self":[{"href":"https:\/\/garymcavoy.com\/es\/wp-json\/wp\/v2\/pages\/12377","targetHints":{"allow":["GET"]}}],"collection":[{"href":"https:\/\/garymcavoy.com\/es\/wp-json\/wp\/v2\/pages"}],"about":[{"href":"https:\/\/garymcavoy.com\/es\/wp-json\/wp\/v2\/types\/page"}],"author":[{"embeddable":true,"href":"https:\/\/garymcavoy.com\/es\/wp-json\/wp\/v2\/users\/1"}],"replies":[{"embeddable":true,"href":"https:\/\/garymcavoy.com\/es\/wp-json\/wp\/v2\/comments?post=12377"}],"version-history":[{"count":0,"href":"https:\/\/garymcavoy.com\/es\/wp-json\/wp\/v2\/pages\/12377\/revisions"}],"up":[{"embeddable":true,"href":"https:\/\/garymcavoy.com\/es\/wp-json\/wp\/v2\/pages\/12502"}],"wp:featuredmedia":[{"embeddable":true,"href":"https:\/\/garymcavoy.com\/es\/wp-json\/wp\/v2\/media\/12368"}],"wp:attachment":[{"href":"https:\/\/garymcavoy.com\/es\/wp-json\/wp\/v2\/media?parent=12377"}],"curies":[{"name":"wp","href":"https:\/\/api.w.org\/{rel}","templated":true}]}}