{"id":12390,"date":"2022-12-05T15:49:07","date_gmt":"2022-12-05T23:49:07","guid":{"rendered":"https:\/\/garymcavoy.com\/terminos-y-condiciones\/"},"modified":"2022-12-05T15:49:07","modified_gmt":"2022-12-05T23:49:07","slug":"terminos-y-condiciones","status":"publish","type":"page","link":"https:\/\/garymcavoy.com\/es\/terminos-y-condiciones\/","title":{"rendered":"T\u00e9rminos y condiciones"},"content":{"rendered":"<h1>Condiciones de servicio del Programa de Afiliaci\u00f3n de Gary McAvoy<\/h1>\n<h2>Acuerdo<\/h2>\n<p>Al inscribirte como Afiliado en el Programa de Afiliaci\u00f3n de Gary McAvoy (&#8220;Programa&#8221;), aceptas regirte por los siguientes t\u00e9rminos y condiciones (&#8220;Condiciones de Servicio&#8221;).<\/p>\n<p><strong>Gary McAvoy<\/strong> se reserva el derecho a actualizar y cambiar las Condiciones del servicio de vez en cuando sin previo aviso. Cualquier nueva caracter\u00edstica que aumente o mejore el Programa actual, incluida la publicaci\u00f3n de nuevas herramientas y recursos, estar\u00e1 sujeta a las Condiciones de servicio. El uso continuado del Programa despu\u00e9s de dichos cambios constituir\u00e1 tu consentimiento a los mismos.  <\/p>\n<p>La infracci\u00f3n de cualquiera de los t\u00e9rminos que se indican a continuaci\u00f3n dar\u00e1 lugar a la cancelaci\u00f3n de tu Cuenta y a la p\u00e9rdida de cualquier pago pendiente de comisiones de afiliaci\u00f3n obtenido durante la infracci\u00f3n. Aceptas utilizar el Programa de Afiliaci\u00f3n bajo tu propia responsabilidad. <\/p>\n<h2>Condiciones de la cuenta<\/h2>\n<ul>\n<li>Debes tener 18 a\u00f1os o m\u00e1s para formar parte de este Programa.<\/li>\n<li>Debes vivir en Estados Unidos para ser afiliado.<\/li>\n<li>Debes ser humano. No se permiten las cuentas registradas por &#8220;bots&#8221; u otros m\u00e9todos automatizados. <\/li>\n<li>Debes proporcionar tu nombre completo legal, una direcci\u00f3n de correo electr\u00f3nico v\u00e1lida y cualquier otra informaci\u00f3n solicitada para completar el proceso de inscripci\u00f3n.<\/li>\n<li>Tu nombre de usuario s\u00f3lo puede ser utilizado por una persona; no se permite un \u00fanico nombre de usuario compartido por varias personas.<\/li>\n<li>Eres responsable de mantener la seguridad de tu cuenta y contrase\u00f1a. <strong>Gary McAvoy<\/strong> no puede y no ser\u00e1 responsable de ninguna p\u00e9rdida o da\u00f1o derivado de tu incumplimiento de esta obligaci\u00f3n de seguridad.<\/li>\n<li>Eres responsable de todo el Contenido publicado y de la actividad que ocurra bajo tu cuenta.<\/li>\n<li>Una persona f\u00edsica o jur\u00eddica no puede mantener m\u00e1s de una cuenta.<\/li>\n<li>No debes utilizar el Programa de Afiliaci\u00f3n para ning\u00fan fin ilegal o no autorizado. No debes, en el uso del Servicio, violar ninguna ley de tu jurisdicci\u00f3n (incluidas, entre otras, las leyes de derechos de autor). <\/li>\n<li>No puedes utilizar el Programa de Afiliaci\u00f3n para ganar dinero con tus propias cuentas de productos de <strong>Gary McAvoy<\/strong>.<\/li>\n<\/ul>\n<h2>Enlaces\/gr\u00e1ficos en tu sitio web, en tus correos electr\u00f3nicos u otras comunicaciones<\/h2>\n<p>Una vez que te hayas inscrito en el Programa de Afiliados, se te asignar\u00e1 un C\u00f3digo de Afiliado \u00fanico. Se te permite colocar enlaces, banners u otros gr\u00e1ficos que te proporcionemos con tu C\u00f3digo de Afiliado en tu sitio Web, en tus correos electr\u00f3nicos o en otras comunicaciones. Te proporcionaremos directrices, estilos de enlace e ilustraciones gr\u00e1ficas para que las utilices al enlazar con <strong>Gary McAvoy<\/strong>. Podemos cambiar el dise\u00f1o del material gr\u00e1fico en cualquier momento sin previo aviso, pero no cambiaremos las dimensiones de las im\u00e1genes sin el debido aviso.   <\/p>\n<p>Para permitir un seguimiento preciso, la elaboraci\u00f3n de informes y la acumulaci\u00f3n de comisiones por recomendaci\u00f3n, te proporcionaremos formatos de enlace especiales para que los utilices en todos los enlaces entre tu sitio y el de <strong>Gary<\/strong> McAvoy. Debes asegurarte de que cada uno de los enlaces entre tu sitio y el <g id=\"gid_1\">Gary<\/g> McAvoy utiliza adecuadamente dichos formatos especiales de enlace. Los enlaces al <strong>Gary<\/strong> McAvoy colocados en tu sitio de conformidad con este Acuerdo y que utilicen adecuadamente dichos formatos especiales de enlace se denominan &#8220;Enlaces Especiales&#8221;. Ganar\u00e1s comisiones por recomendaci\u00f3n \u00fanicamente con respecto a las ventas de un producto de <strong>Gary<\/strong> McAvoy que se produzcan directamente a trav\u00e9s de los Enlaces Especiales; no seremos responsables ante ti con respecto a cualquier fallo tuyo o de alguien a quien recomiendes que utilice los Enlaces Especiales o que escriba incorrectamente tu C\u00f3digo de Afiliado, incluso en la medida en que dicho fallo pueda dar lugar a cualquier reducci\u00f3n de las cantidades que de otro modo se te pagar\u00edan de conformidad con este Acuerdo.   <\/p>\n<p>Los enlaces de afiliados deben apuntar a la p\u00e1gina del producto que se promociona.<\/p>\n<h2>Cuotas\/comisiones de remisi\u00f3n y pago<\/h2>\n<p>Para que la venta de un Producto sea elegible para ganar una comisi\u00f3n por recomendaci\u00f3n, el cliente debe hacer clic a trav\u00e9s de un Enlace Especial de tu sitio, correo electr\u00f3nico u otras comunicaciones a <strong>https:\/\/garymcavoy.com<\/strong> y completar un pedido de un producto durante esa sesi\u00f3n.<\/p>\n<p>S\u00f3lo pagaremos comisiones por los enlaces que sean rastreados autom\u00e1ticamente e informados por nuestros sistemas. No pagaremos comisiones si alguien dice que ha comprado o si alguien dice que ha introducido un c\u00f3digo de referencia si no ha sido rastreado por nuestro sistema. S\u00f3lo podemos pagar comisiones por negocios generados a trav\u00e9s de enlaces especiales con el formato adecuado y que hayan sido rastreados autom\u00e1ticamente por nuestros sistemas.  <\/p>\n<p>Nos reservamos el derecho a descalificar las comisiones obtenidas mediante m\u00e9todos de venta o marketing fraudulentos, ilegales o demasiado agresivos o cuestionables.<\/p>\n<p>Los pagos s\u00f3lo comienzan una vez que has ganado m\u00e1s de <strong> 20 $<\/strong> en ingresos de afiliado. Si tu cuenta de afiliado nunca supera el umbral de <g id=\"gid_1\"> 20 $<\/g>, tus comisiones no se realizar\u00e1n ni se pagar\u00e1n. S\u00f3lo somos responsables de pagar a las cuentas que hayan superado el umbral de <strong> 20 $<\/strong>.  <\/p>\n<h2>Identificarte como afiliado de Gary McAvoy<\/h2>\n<p>No puedes emitir ning\u00fan comunicado de prensa con respecto a este Acuerdo o a tu participaci\u00f3n en el Programa; dicha acci\u00f3n puede dar lugar a tu expulsi\u00f3n del Programa. Adem\u00e1s, no puedes tergiversar o embellecer de ninguna manera la relaci\u00f3n entre nosotros y t\u00fa, decir que desarrollas nuestros productos, decir que formas parte de <strong>Gary McAvoy<\/strong> o expresar o implicar cualquier relaci\u00f3n o afiliaci\u00f3n entre nosotros y t\u00fa o cualquier otra persona o entidad, excepto en los casos expresamente permitidos por este Acuerdo (incluyendo expresar o implicar que apoyamos, patrocinamos, respaldamos o aportamos dinero a cualquier organizaci\u00f3n ben\u00e9fica u otra causa). <\/p>\n<p>No puedes comprar productos a trav\u00e9s de tus enlaces de afiliado para tu propio uso. Dichas compras pueden dar lugar (a nuestra entera discreci\u00f3n) a la retenci\u00f3n de las comisiones de recomendaci\u00f3n y\/o a la rescisi\u00f3n del presente Acuerdo. <\/p>\n<h2>Calendario de pagos<\/h2>\n<p>Mientras tus ganancias actuales como afiliado sean superiores a <strong> 20 $<\/strong>, se te pagar\u00e1 cada mes. Si no has ganado <strong> 20 $<\/strong> desde tu \u00faltimo pago, te pagaremos el mes siguiente cuando hayas superado el umbral. <\/p>\n<h2>Definici\u00f3n de cliente<\/h2>\n<p>Los clientes que compren productos a trav\u00e9s de este Programa ser\u00e1n considerados nuestros clientes. En consecuencia, todas nuestras normas, pol\u00edticas y procedimientos operativos relativos a los pedidos de los clientes, el servicio al cliente y la venta de productos se aplicar\u00e1n a dichos clientes. Podemos cambiar nuestras pol\u00edticas y procedimientos operativos en cualquier momento. Por ejemplo, determinaremos los precios que se cobrar\u00e1n por los productos vendidos en virtud de este Programa de acuerdo con nuestras propias pol\u00edticas de precios. Los precios y la disponibilidad de los Productos pueden variar de vez en cuando. Dado que los cambios de precios pueden afectar a los Productos que hayas incluido en tu sitio Web, no debes mostrar los precios de los productos en tu sitio Web. Haremos todos los esfuerzos comercialmente razonables para presentar informaci\u00f3n precisa, pero no podemos garantizar la disponibilidad o el precio de ning\u00fan producto en particular.      <\/p>\n<h2>Tus responsabilidades<\/h2>\n<p>Ser\u00e1s el \u00fanico responsable del desarrollo, funcionamiento y mantenimiento de tu sitio y de todos los materiales que aparezcan en \u00e9l. Por ejemplo, ser\u00e1s el \u00fanico responsable de: <\/p>\n<p>&#8211; El funcionamiento t\u00e9cnico de tu centro y de todos los equipos relacionados<br \/>\n&#8211; Asegurarte de que la exhibici\u00f3n de Enlaces Especiales en tu sitio no viola ning\u00fan acuerdo entre t\u00fa y terceros (incluyendo, sin limitaci\u00f3n, cualquier restricci\u00f3n o requisito que te imponga un tercero que aloje tu sitio).<br \/>\n&#8211; La exactitud, veracidad y adecuaci\u00f3n de los materiales publicados en tu sitio (incluidos, entre otros, todos los materiales relacionados con el Producto y cualquier informaci\u00f3n que incluyas en los Enlaces Especiales o asocies a ellos)<br \/>\n&#8211; Garantizar que los materiales publicados en tu sitio no violan ni infringen los derechos de terceros (incluidos, por ejemplo, derechos de autor, marcas comerciales, privacidad u otros derechos personales o de propiedad).<br \/>\n&#8211; Garantizar que los materiales publicados en tu sitio web no sean difamatorios ni ilegales por otros motivos<br \/>\n&#8211; Asegurarte de que tu sitio revela de forma precisa y adecuada, ya sea mediante una pol\u00edtica de privacidad o de otro modo, c\u00f3mo recopilas, utilizas, almacenas y revelas los datos recogidos de los visitantes, incluyendo, en su caso, que terceros (incluidos los anunciantes) pueden servir contenidos y\/o anuncios y recopilar informaci\u00f3n directamente de los visitantes y pueden colocar o reconocer cookies en los navegadores de los visitantes.<\/p>\n<h2>Cumplimiento de la legislaci\u00f3n<\/h2>\n<p>Como condici\u00f3n para tu participaci\u00f3n en el Programa, aceptas que mientras seas participante en el Programa cumplir\u00e1s todas las leyes, ordenanzas, normas, reglamentos, \u00f3rdenes, licencias, permisos, sentencias, decisiones u otros requisitos de cualquier autoridad gubernamental que tenga jurisdicci\u00f3n sobre ti, tanto si esas leyes, etc. est\u00e1n vigentes ahora como si entran en vigor posteriormente durante el tiempo que seas participante en el Programa. Sin limitar la obligaci\u00f3n anterior, aceptas que, como condici\u00f3n de tu participaci\u00f3n en el Programa, cumplir\u00e1s todas las leyes aplicables (federales, estatales o de otro tipo) que rigen el correo electr\u00f3nico de marketing, incluyendo, sin limitaci\u00f3n, la Ley CAN-SPAM de 2003 y todas las dem\u00e1s leyes anti-spam. <\/p>\n<h2>Duraci\u00f3n del Acuerdo y del Programa<\/h2>\n<p>La vigencia de este Acuerdo comenzar\u00e1 en el momento en que aceptemos tu solicitud para el Programa y finalizar\u00e1 cuando cualquiera de las partes lo rescinda. Tanto t\u00fa como nosotros podemos rescindir el presente Acuerdo en cualquier momento, con o sin causa, mediante notificaci\u00f3n por escrito a la otra parte. Tras la rescisi\u00f3n de este Acuerdo por cualquier motivo, dejar\u00e1s de utilizar inmediatamente y eliminar\u00e1s de tu sitio todos los enlaces a <g id=\"gid_0\">https:\/\/garymcavoy.com<\/g>, as\u00ed como todas nuestras marcas comerciales, imagen comercial y logotipos, y todos los dem\u00e1s materiales que te hayamos proporcionado o que te hayamos proporcionado en nuestro nombre en virtud del presente Acuerdo o en relaci\u00f3n con el Programa. <g id=\"gid_1\">Gary McAvoy<\/g> se reserva el derecho a finalizar el Programa en cualquier momento. Al finalizar el Programa, <strong>Gary<\/strong> McAvoy pagar\u00e1 cualquier ganancia pendiente acumulada por encima de <strong> 20 $<\/strong>.   <\/p>\n<h2>Terminaci\u00f3n<\/h2>\n<p><strong>Gary<\/strong> <strong>McAvoy<\/strong>, a su entera discreci\u00f3n, tiene derecho a suspender o cancelar tu Cuenta y a rechazar cualquier uso actual o futuro del Programa, o de cualquier otro servicio de <strong>Gary McAvoy<\/strong>, por cualquier motivo y en cualquier momento. Dicha rescisi\u00f3n del Servicio conllevar\u00e1 la desactivaci\u00f3n o eliminaci\u00f3n de tu Cuenta o de tu acceso a la misma, as\u00ed como la confiscaci\u00f3n y renuncia a todas las comisiones potenciales o pendientes de pago de tu Cuenta si se obtuvieron mediante m\u00e9todos de venta o marketing fraudulentos, ilegales o excesivamente agresivos o cuestionables. <strong>Gary McAvoy<\/strong> se reserva el derecho a denegar el servicio a cualquier persona por cualquier motivo y en cualquier momento. <\/p>\n<h2>Relaci\u00f3n de las Partes<\/h2>\n<p>T\u00fa y nosotros somos contratistas independientes, y nada en este Acuerdo crear\u00e1 ninguna relaci\u00f3n de asociaci\u00f3n, empresa conjunta, agencia, franquicia, representante de ventas o empleo entre las partes. No tendr\u00e1s autoridad para hacer o aceptar ofertas o representaciones en nuestro nombre. No har\u00e1s ninguna declaraci\u00f3n, ya sea en tu sitio web o de otro modo, que pueda contradecir razonablemente lo dispuesto en esta Secci\u00f3n.  <\/p>\n<h2>Limitaciones de responsabilidad<\/h2>\n<p>No seremos responsables de los da\u00f1os indirectos, especiales o consecuentes (o cualquier p\u00e9rdida de ingresos, beneficios o datos) que surjan en relaci\u00f3n con este Acuerdo o el Programa, incluso si hemos sido advertidos de la posibilidad de tales da\u00f1os. Adem\u00e1s, nuestra responsabilidad total derivada de este Contrato y del Programa no superar\u00e1 el total de las comisiones de recomendaci\u00f3n pagadas o pagaderas a ti en virtud de este Contrato. <\/p>\n<h2>Renuncias<\/h2>\n<p>No ofrecemos ninguna garant\u00eda ni declaraci\u00f3n expresa o impl\u00edcita con respecto al Programa o a cualquier producto vendido a trav\u00e9s del Programa (incluyendo, sin limitaci\u00f3n, garant\u00edas de idoneidad, comerciabilidad, no infracci\u00f3n o cualquier garant\u00eda impl\u00edcita derivada de un curso de ejecuci\u00f3n, trato o uso comercial). Adem\u00e1s, no garantizamos que el funcionamiento del Programa <strong>Gary McAvoy<\/strong> sea ininterrumpido o est\u00e9 libre de errores, y no seremos responsables de las consecuencias de cualquier interrupci\u00f3n o error. <\/p>\n<h2>Investigaci\u00f3n independiente<\/h2>\n<p>RECONOCES QUE HAS LE\u00cdDO ESTE ACUERDO Y QUE ACEPTAS TODOS SUS T\u00c9RMINOS Y CONDICIONES. ENTIENDES QUE PODEMOS EN CUALQUIER MOMENTO (DIRECTA O INDIRECTAMENTE) SOLICITAR REFERENCIAS DE CLIENTES EN CONDICIONES QUE PUEDEN DIFERIR DE LAS CONTENIDAS EN ESTE ACUERDO U OPERAR SITIOS WEB QUE SEAN SIMILARES O COMPITAN CON TU SITIO WEB. HAS EVALUADO DE FORMA INDEPENDIENTE LA CONVENIENCIA DE PARTICIPAR EN EL PROGRAMA Y NO TE BASAS EN NINGUNA REPRESENTACI\u00d3N, GARANT\u00cdA O DECLARACI\u00d3N DISTINTA DE LAS ESTABLECIDAS EN ESTE ACUERDO.  <\/p>\n<h2>Arbitraje<\/h2>\n<p>Cualquier disputa relacionada de alg\u00fan modo con este Acuerdo (incluido cualquier incumplimiento real o supuesto del mismo), cualquier transacci\u00f3n o actividad en virtud de este Acuerdo o tu relaci\u00f3n con nosotros o con cualquiera de nuestras filiales se someter\u00e1 a arbitraje confidencial, salvo que, en la medida en que hayas violado o amenazado con violar de alg\u00fan modo nuestros derechos de propiedad intelectual, podamos solicitar medidas cautelares u otras medidas apropiadas en cualquier tribunal estatal o federal (y consientas en la jurisdicci\u00f3n no exclusiva y la competencia de dichos tribunales) o en cualquier otro tribunal de jurisdicci\u00f3n competente. El arbitraje en virtud de este acuerdo se llevar\u00e1 a cabo seg\u00fan las normas vigentes en ese momento de la Asociaci\u00f3n Americana de Arbitraje. El laudo arbitral ser\u00e1 vinculante y podr\u00e1 presentarse como sentencia en cualquier tribunal de jurisdicci\u00f3n competente. En la medida en que lo permita la legislaci\u00f3n aplicable, ning\u00fan arbitraje en virtud de este Acuerdo se unir\u00e1 a un arbitraje que implique a cualquier otra parte sujeta a este Acuerdo, ya sea mediante procedimientos de arbitraje colectivo o de otro tipo.   <\/p>\n<h2>Varios<\/h2>\n<p>Este Acuerdo se regir\u00e1 por las leyes de Estados Unidos, sin referencia a las normas que rigen la elecci\u00f3n de las leyes. No puedes ceder este Acuerdo, por ministerio de la ley o de otro modo, sin nuestro consentimiento previo por escrito. Sujeto a dicha restricci\u00f3n, el presente Acuerdo ser\u00e1 vinculante para las partes y sus respectivos sucesores y cesionarios, redundar\u00e1 en su beneficio y ser\u00e1 exigible frente a ellos. El hecho de que no exijamos el estricto cumplimiento de alguna de las disposiciones del presente Contrato no constituir\u00e1 una renuncia a nuestro derecho a exigir posteriormente el cumplimiento de dicha disposici\u00f3n o de cualquier otra disposici\u00f3n del presente Contrato.   <\/p>\n<p>El hecho de que <strong>Gary<\/strong> McAvoy no ejerza o haga valer cualquier derecho o disposici\u00f3n de las Condiciones del servicio no constituir\u00e1 una renuncia a dicho derecho o disposici\u00f3n. Las Condiciones del servicio constituyen el acuerdo completo entre t\u00fa y <strong>Gary Mc<\/strong> <strong>Avoy<\/strong> y rigen tu uso del Servicio, sustituyendo a cualquier acuerdo anterior entre t\u00fa y <strong>Gary McAvoy<\/strong> (incluyendo, pero sin limitarse a, cualquier versi\u00f3n anterior de las Condiciones del servicio). <\/p>\n","protected":false},"excerpt":{"rendered":"<p>Condiciones de servicio del Programa de Afiliaci\u00f3n de Gary McAvoy Acuerdo Al inscribirte como Afiliado en el Programa de Afiliaci\u00f3n de Gary McAvoy (&#8220;Programa&#8221;), aceptas regirte por los siguientes t\u00e9rminos y condiciones (&#8220;Condiciones de Servicio&#8221;). Gary McAvoy se reserva el derecho a actualizar y cambiar las Condiciones del servicio de [&hellip;]<\/p>\n","protected":false},"author":1,"featured_media":0,"parent":0,"menu_order":0,"comment_status":"closed","ping_status":"closed","template":"","meta":{"iawp_total_views":0,"footnotes":""},"class_list":["post-12390","page","type-page","status-publish","hentry"],"_links":{"self":[{"href":"https:\/\/garymcavoy.com\/es\/wp-json\/wp\/v2\/pages\/12390","targetHints":{"allow":["GET"]}}],"collection":[{"href":"https:\/\/garymcavoy.com\/es\/wp-json\/wp\/v2\/pages"}],"about":[{"href":"https:\/\/garymcavoy.com\/es\/wp-json\/wp\/v2\/types\/page"}],"author":[{"embeddable":true,"href":"https:\/\/garymcavoy.com\/es\/wp-json\/wp\/v2\/users\/1"}],"replies":[{"embeddable":true,"href":"https:\/\/garymcavoy.com\/es\/wp-json\/wp\/v2\/comments?post=12390"}],"version-history":[{"count":0,"href":"https:\/\/garymcavoy.com\/es\/wp-json\/wp\/v2\/pages\/12390\/revisions"}],"wp:attachment":[{"href":"https:\/\/garymcavoy.com\/es\/wp-json\/wp\/v2\/media?parent=12390"}],"curies":[{"name":"wp","href":"https:\/\/api.w.org\/{rel}","templated":true}]}}