{"id":12392,"date":"2025-03-23T11:46:04","date_gmt":"2025-03-23T18:46:04","guid":{"rendered":"https:\/\/garymcavoy.com\/las-semillas-de-hildegard\/"},"modified":"2026-04-20T06:23:42","modified_gmt":"2026-04-20T13:23:42","slug":"las-semillas-de-hildegard","status":"publish","type":"page","link":"https:\/\/garymcavoy.com\/es\/libros-y-resenas\/las-semillas-de-hildegard\/","title":{"rendered":"Las semillas de Hildegard"},"content":{"rendered":"\t\t<div data-elementor-type=\"wp-page\" data-elementor-id=\"12392\" class=\"elementor elementor-12392 elementor-11470\" data-elementor-post-type=\"page\">\n\t\t\t\t\t\t<section data-particle_enable=\"false\" data-particle-mobile-disabled=\"false\" class=\"elementor-section elementor-top-section elementor-element elementor-element-67c84ba elementor-section-boxed elementor-section-height-default elementor-section-height-default\" data-id=\"67c84ba\" data-element_type=\"section\" data-e-type=\"section\">\n\t\t\t\t\t\t<div class=\"elementor-container elementor-column-gap-default\">\n\t\t\t\t\t<div class=\"elementor-column elementor-col-100 elementor-top-column elementor-element elementor-element-11c1509b\" data-id=\"11c1509b\" data-element_type=\"column\" data-e-type=\"column\">\n\t\t\t<div class=\"elementor-widget-wrap elementor-element-populated\">\n\t\t\t\t\t\t<div class=\"elementor-element elementor-element-340c9b27 elementor-widget elementor-widget-text-editor\" data-id=\"340c9b27\" data-element_type=\"widget\" data-e-type=\"widget\" data-widget_type=\"text-editor.default\">\n\t\t\t\t\t\t\t\t\t<div class=\"boldgrid-section\">\r\n<div class=\"container\">\r\n<div class=\"row\">\r\n<div class=\"col-lg-12 col-md-12 col-xs-12 col-sm-12\">\r\n\r\n&nbsp;\r\n\r\n<\/div>\r\n<\/div>\r\n<\/div>\r\n<\/div>\t\t\t\t\t\t\t\t<\/div>\n\t\t\t\t\t<\/div>\n\t\t<\/div>\n\t\t\t\t\t<\/div>\n\t\t<\/section>\n\t\t\t\t<section data-particle_enable=\"false\" data-particle-mobile-disabled=\"false\" class=\"elementor-section elementor-top-section elementor-element elementor-element-d8cfbe5 elementor-section-boxed elementor-section-height-default elementor-section-height-default\" data-id=\"d8cfbe5\" data-element_type=\"section\" data-e-type=\"section\">\n\t\t\t\t\t\t<div class=\"elementor-container elementor-column-gap-default\">\n\t\t\t\t\t<div class=\"elementor-column elementor-col-66 elementor-top-column elementor-element elementor-element-3f71bb7\" data-id=\"3f71bb7\" data-element_type=\"column\" data-e-type=\"column\">\n\t\t\t<div class=\"elementor-widget-wrap elementor-element-populated\">\n\t\t\t\t\t\t<div class=\"elementor-element elementor-element-de6c6ea elementor-widget elementor-widget-heading\" data-id=\"de6c6ea\" data-element_type=\"widget\" data-e-type=\"widget\" data-widget_type=\"heading.default\">\n\t\t\t\t\t<h1 class=\"elementor-heading-title elementor-size-default\">Las semillas de Hildegard<\/h1>\t\t\t\t<\/div>\n\t\t\t\t<div class=\"elementor-element elementor-element-e6c8a54 elementor-widget elementor-widget-heading\" data-id=\"e6c8a54\" data-element_type=\"widget\" data-e-type=\"widget\" data-widget_type=\"heading.default\">\n\t\t\t\t\t<h4 class=\"elementor-heading-title elementor-size-default\">Un thriller del Archivo Secreto Vaticano - Libro 10<\/h4>\t\t\t\t<\/div>\n\t\t\t\t<div class=\"elementor-element elementor-element-19b90b3 elementor-widget elementor-widget-text-editor\" data-id=\"19b90b3\" data-element_type=\"widget\" data-e-type=\"widget\" data-widget_type=\"text-editor.default\">\n\t\t\t\t\t\t\t\t\t<p>Cuando la periodista de investigaci\u00f3n Hana Sinclair descubre una enigm\u00e1tica referencia a un antiguo manuscrito bot\u00e1nico legado por su difunto abuelo, desenreda un hilo ligado a Hildegard von Bingen, una abadesa, curandera y m\u00edstica del siglo XII. Sus descubrimientos revelan que la obra de Hildegard tiene algo m\u00e1s que valor hist\u00f3rico: puede ocultar la clave para curar algunas de las enfermedades m\u00e1s devastadoras de la humanidad. Pero alguien est\u00e1 decidido a asegurarse de que sus secretos permanezcan enterrados.  <\/p><p>Cuando Hana se une al padre Michael Dominic, prefecto del Archivo Secreto Vaticano, y a Marcus Russo, arque\u00f3logo vaticano, descubren que una poderosa empresa biotecnol\u00f3gica, Zentara, ha estado suprimiendo sistem\u00e1ticamente las curas del c\u00e1ncer con fines lucrativos. El alcance de Zentara es enorme, sus agentes despiadados y su agenda clara: controlar la narrativa del progreso m\u00e9dico a cualquier precio. <\/p><p>El equipo se apresura a descubrir y proteger la obra de Hildegarda, y su viaje les lleva de Ginebra a la abad\u00eda de Rupertsberg, donde Hildegarda vivi\u00f3 y trabaj\u00f3, y a los laboratorios de alta tecnolog\u00eda de Zentara. Por el camino, se enfrentan a la traici\u00f3n, al peligro y al peso de sus propias convicciones. Para Hana, la lucha se vuelve profundamente personal, desafiando sus nociones de justicia y el papel de la ciencia en la sociedad.  <\/p><p>Pero cuando Zentara acelera sus planes e inicia ensayos con humanos de consecuencias catastr\u00f3ficas, lo que est\u00e1 en juego aumenta a\u00fan m\u00e1s. \u00bfPodr\u00e1 el equipo desenmascarar los cr\u00edmenes de la corporaci\u00f3n, salvaguardar el legado de Hildegard y garantizar que su visi\u00f3n sanadora no se pierda en la historia? <\/p><p><i>Las semillas de Hildegard<\/i>, una apasionante historia de valor, fe y b\u00fasqueda de la verdad, explora la eterna lucha entre la codicia y el bien com\u00fan, entretejiendo la intriga hist\u00f3rica con el suspense actual en una historia que resonar\u00e1 mucho despu\u00e9s de la \u00faltima p\u00e1gina.<\/p>\t\t\t\t\t\t\t\t<\/div>\n\t\t\t\t<div class=\"elementor-element elementor-element-4f55afa elementor-widget elementor-widget-image\" data-id=\"4f55afa\" data-element_type=\"widget\" data-e-type=\"widget\" data-widget_type=\"image.default\">\n\t\t\t\t\t\t\t\t\t\t\t\t\t\t\t<img decoding=\"async\" width=\"300\" height=\"154\" src=\"https:\/\/garymcavoy.com\/wp-content\/uploads\/2025\/11\/BookLife-Semifinal-Badge-300x154.jpg\" class=\"attachment-medium size-medium wp-image-12401\" alt=\"\" srcset=\"https:\/\/garymcavoy.com\/wp-content\/uploads\/2025\/11\/BookLife-Semifinal-Badge-300x154.jpg 300w, https:\/\/garymcavoy.com\/wp-content\/uploads\/2025\/11\/BookLife-Semifinal-Badge.jpg 444w\" sizes=\"(max-width: 300px) 100vw, 300px\" \/>\t\t\t\t\t\t\t\t\t\t\t\t\t\t\t<\/div>\n\t\t\t\t<div class=\"elementor-element elementor-element-ecc0067 elementor-widget-divider--view-line elementor-widget elementor-widget-divider\" data-id=\"ecc0067\" data-element_type=\"widget\" data-e-type=\"widget\" data-widget_type=\"divider.default\">\n\t\t\t\t\t\t\t<div class=\"elementor-divider\">\n\t\t\t<span class=\"elementor-divider-separator\">\n\t\t\t\t\t\t<\/span>\n\t\t<\/div>\n\t\t\t\t\t\t<\/div>\n\t\t\t\t\t<\/div>\n\t\t<\/div>\n\t\t\t\t<div class=\"elementor-column elementor-col-33 elementor-top-column elementor-element elementor-element-c7c07b1\" data-id=\"c7c07b1\" data-element_type=\"column\" data-e-type=\"column\">\n\t\t\t<div class=\"elementor-widget-wrap elementor-element-populated\">\n\t\t\t\t\t\t<div class=\"elementor-element elementor-element-2973a70 elementor-widget elementor-widget-image\" data-id=\"2973a70\" data-element_type=\"widget\" data-e-type=\"widget\" data-widget_type=\"image.default\">\n\t\t\t\t\t\t\t\t\t\t\t\t\t\t\t\t<a href=\"https:\/\/garymcavoy.com\/store\/the-hildegard-seeds\/\">\n\t\t\t\t\t\t\t<img fetchpriority=\"high\" decoding=\"async\" width=\"646\" height=\"824\" src=\"https:\/\/garymcavoy.com\/wp-content\/uploads\/2025\/03\/The-Hildegard-Seeds-3D-HC-Left.png\" class=\"attachment-large size-large wp-image-12396\" alt=\"\" srcset=\"https:\/\/garymcavoy.com\/wp-content\/uploads\/2025\/03\/The-Hildegard-Seeds-3D-HC-Left.png 646w, https:\/\/garymcavoy.com\/wp-content\/uploads\/2025\/03\/The-Hildegard-Seeds-3D-HC-Left-600x765.png 600w, https:\/\/garymcavoy.com\/wp-content\/uploads\/2025\/03\/The-Hildegard-Seeds-3D-HC-Left-235x300.png 235w\" sizes=\"(max-width: 646px) 100vw, 646px\" \/>\t\t\t\t\t\t\t\t<\/a>\n\t\t\t\t\t\t\t\t\t\t\t\t\t\t\t<\/div>\n\t\t\t\t<div class=\"elementor-element elementor-element-7b7caa4 elementor-widget elementor-widget-text-editor\" data-id=\"7b7caa4\" data-element_type=\"widget\" data-e-type=\"widget\" data-widget_type=\"text-editor.default\">\n\t\t\t\t\t\t\t\t\t<p style=\"text-align: center;\"><span style=\"font-size: 12px;\">Abril 2025<\/span><\/p>\t\t\t\t\t\t\t\t<\/div>\n\t\t\t\t<div class=\"elementor-element elementor-element-f8ed548 elementor-align-center elementor-widget elementor-widget-button\" data-id=\"f8ed548\" data-element_type=\"widget\" data-e-type=\"widget\" data-widget_type=\"button.default\">\n\t\t\t\t\t\t\t\t\t\t<a class=\"elementor-button elementor-button-link elementor-size-sm\" href=\"https:\/\/garymcavoy.com\/store\/the-hildegard-seeds\/\">\n\t\t\t\t\t\t<span class=\"elementor-button-content-wrapper\">\n\t\t\t\t\t\t\t\t\t<span class=\"elementor-button-text\">PEDIR EL LIBRO<\/span>\n\t\t\t\t\t<\/span>\n\t\t\t\t\t<\/a>\n\t\t\t\t\t\t\t\t<\/div>\n\t\t\t\t<div class=\"elementor-element elementor-element-cb9c856 elementor-align-center elementor-widget elementor-widget-button\" data-id=\"cb9c856\" data-element_type=\"widget\" data-e-type=\"widget\" data-widget_type=\"button.default\">\n\t\t\t\t\t\t\t\t\t\t<a class=\"elementor-button elementor-button-link elementor-size-sm\" href=\"https:\/\/garymcavoy.com\/books-reviews\/excerpt-the-hildegard-seeds\/\">\n\t\t\t\t\t\t<span class=\"elementor-button-content-wrapper\">\n\t\t\t\t\t\t\t\t\t<span class=\"elementor-button-text\">LEER UN EXTRACTO<\/span>\n\t\t\t\t\t<\/span>\n\t\t\t\t\t<\/a>\n\t\t\t\t\t\t\t\t<\/div>\n\t\t\t\t<div class=\"elementor-element elementor-element-8aeddca elementor-align-center elementor-widget elementor-widget-button\" data-id=\"8aeddca\" data-element_type=\"widget\" data-e-type=\"widget\" data-widget_type=\"button.default\">\n\t\t\t\t\t\t\t\t\t\t<a class=\"elementor-button elementor-button-link elementor-size-sm\" href=\"https:\/\/garymcavoy.com\/wp-content\/uploads\/2025\/05\/The-Hildegard-Seeds_Sample.mp3\">\n\t\t\t\t\t\t<span class=\"elementor-button-content-wrapper\">\n\t\t\t\t\t\t\t\t\t<span class=\"elementor-button-text\">ESCUCHAR MUESTRA DE AUDIOLIBRO<\/span>\n\t\t\t\t\t<\/span>\n\t\t\t\t\t<\/a>\n\t\t\t\t\t\t\t\t<\/div>\n\t\t\t\t<div class=\"elementor-element elementor-element-c00f589 elementor-align-center elementor-widget elementor-widget-button\" data-id=\"c00f589\" data-element_type=\"widget\" data-e-type=\"widget\" data-widget_type=\"button.default\">\n\t\t\t\t\t\t\t\t\t\t<a class=\"elementor-button elementor-button-link elementor-size-sm\" href=\"https:\/\/garymcavoy.com\/wp-content\/uploads\/2025\/05\/The-Hildegard-Seeds-Sell-Sheet.pdf\" target=\"_blank\">\n\t\t\t\t\t\t<span class=\"elementor-button-content-wrapper\">\n\t\t\t\t\t\t\t\t\t<span class=\"elementor-button-text\">DESCARGAR HOJA DE VENTA<\/span>\n\t\t\t\t\t<\/span>\n\t\t\t\t\t<\/a>\n\t\t\t\t\t\t\t\t<\/div>\n\t\t\t\t\t<\/div>\n\t\t<\/div>\n\t\t\t\t\t<\/div>\n\t\t<\/section>\n\t\t<div data-particle_enable=\"false\" data-particle-mobile-disabled=\"false\" class=\"elementor-element elementor-element-f5edf62 e-flex e-con-boxed e-con e-parent\" data-id=\"f5edf62\" data-element_type=\"container\" data-e-type=\"container\">\n\t\t\t\t\t<div class=\"e-con-inner\">\n\t\t\t\t<div class=\"elementor-element elementor-element-be37b0c elementor-widget elementor-widget-video\" data-id=\"be37b0c\" data-element_type=\"widget\" data-e-type=\"widget\" data-settings=\"{&quot;youtube_url&quot;:&quot;https:\\\/\\\/youtu.be\\\/rJW2HZzfBVM&quot;,&quot;video_type&quot;:&quot;youtube&quot;,&quot;controls&quot;:&quot;yes&quot;}\" data-widget_type=\"video.default\">\n\t\t\t\t\t\t\t<div class=\"elementor-wrapper elementor-open-inline\">\n\t\t\t<div class=\"elementor-video\"><\/div>\t\t<\/div>\n\t\t\t\t\t\t<\/div>\n\t\t\t\t\t<\/div>\n\t\t\t\t<\/div>\n\t\t\t\t<section data-particle_enable=\"false\" data-particle-mobile-disabled=\"false\" class=\"elementor-section elementor-top-section elementor-element elementor-element-566ceb2 elementor-section-boxed elementor-section-height-default elementor-section-height-default\" data-id=\"566ceb2\" data-element_type=\"section\" data-e-type=\"section\">\n\t\t\t\t\t\t<div class=\"elementor-container elementor-column-gap-default\">\n\t\t\t\t\t<div class=\"elementor-column elementor-col-66 elementor-top-column elementor-element elementor-element-ec38971\" data-id=\"ec38971\" data-element_type=\"column\" data-e-type=\"column\">\n\t\t\t<div class=\"elementor-widget-wrap elementor-element-populated\">\n\t\t\t\t\t\t<div class=\"elementor-element elementor-element-d78bba9 elementor-widget elementor-widget-spacer\" data-id=\"d78bba9\" data-element_type=\"widget\" data-e-type=\"widget\" data-widget_type=\"spacer.default\">\n\t\t\t\t\t\t\t<div class=\"elementor-spacer\">\n\t\t\t<div class=\"elementor-spacer-inner\"><\/div>\n\t\t<\/div>\n\t\t\t\t\t\t<\/div>\n\t\t\t\t<div class=\"elementor-element elementor-element-fc2333a elementor-widget elementor-widget-heading\" data-id=\"fc2333a\" data-element_type=\"widget\" data-e-type=\"widget\" data-widget_type=\"heading.default\">\n\t\t\t\t\t<h2 class=\"elementor-heading-title elementor-size-default\">Select Reviews for Las semillas de Hildegard<\/h2>\t\t\t\t<\/div>\n\t\t\t\t\t<\/div>\n\t\t<\/div>\n\t\t\t\t<div class=\"elementor-column elementor-col-33 elementor-top-column elementor-element elementor-element-ce749b2\" data-id=\"ce749b2\" data-element_type=\"column\" data-e-type=\"column\">\n\t\t\t<div class=\"elementor-widget-wrap elementor-element-populated\">\n\t\t\t\t\t\t<div class=\"elementor-element elementor-element-8563cdd elementor-widget elementor-widget-spacer\" data-id=\"8563cdd\" data-element_type=\"widget\" data-e-type=\"widget\" data-widget_type=\"spacer.default\">\n\t\t\t\t\t\t\t<div class=\"elementor-spacer\">\n\t\t\t<div class=\"elementor-spacer-inner\"><\/div>\n\t\t<\/div>\n\t\t\t\t\t\t<\/div>\n\t\t\t\t<div class=\"elementor-element elementor-element-9d979da elementor-widget elementor-widget-image\" data-id=\"9d979da\" data-element_type=\"widget\" data-e-type=\"widget\" data-widget_type=\"image.default\">\n\t\t\t\t\t\t\t\t\t\t\t\t\t\t\t<img decoding=\"async\" width=\"200\" height=\"87\" src=\"https:\/\/garymcavoy.com\/wp-content\/uploads\/2021\/02\/Amazon-Reviews-Button.jpg\" class=\"attachment-large size-large wp-image-12231\" alt=\"\" \/>\t\t\t\t\t\t\t\t\t\t\t\t\t\t\t<\/div>\n\t\t\t\t\t<\/div>\n\t\t<\/div>\n\t\t\t\t\t<\/div>\n\t\t<\/section>\n\t\t\t\t<section data-particle_enable=\"false\" data-particle-mobile-disabled=\"false\" class=\"elementor-section elementor-top-section elementor-element elementor-element-609d3f0 elementor-section-boxed elementor-section-height-default elementor-section-height-default\" data-id=\"609d3f0\" data-element_type=\"section\" data-e-type=\"section\">\n\t\t\t\t\t\t<div class=\"elementor-container elementor-column-gap-default\">\n\t\t\t\t\t<div class=\"elementor-column elementor-col-66 elementor-top-column elementor-element elementor-element-fac7572\" data-id=\"fac7572\" data-element_type=\"column\" data-e-type=\"column\">\n\t\t\t<div class=\"elementor-widget-wrap elementor-element-populated\">\n\t\t\t\t\t\t<div class=\"elementor-element elementor-element-b42ca2d elementor-widget elementor-widget-image\" data-id=\"b42ca2d\" data-element_type=\"widget\" data-e-type=\"widget\" data-widget_type=\"image.default\">\n\t\t\t\t\t\t\t\t\t\t\t\t\t\t\t<img loading=\"lazy\" decoding=\"async\" width=\"691\" height=\"78\" src=\"https:\/\/garymcavoy.com\/wp-content\/uploads\/2025\/03\/Reedsy-Loved-It-Banner.jpg\" class=\"attachment-large size-large wp-image-12399\" alt=\"\" srcset=\"https:\/\/garymcavoy.com\/wp-content\/uploads\/2025\/03\/Reedsy-Loved-It-Banner.jpg 691w, https:\/\/garymcavoy.com\/wp-content\/uploads\/2025\/03\/Reedsy-Loved-It-Banner-600x68.jpg 600w, https:\/\/garymcavoy.com\/wp-content\/uploads\/2025\/03\/Reedsy-Loved-It-Banner-300x34.jpg 300w\" sizes=\"(max-width: 691px) 100vw, 691px\" \/>\t\t\t\t\t\t\t\t\t\t\t\t\t\t\t<\/div>\n\t\t\t\t<div class=\"elementor-element elementor-element-c53265d elementor-widget elementor-widget-text-editor\" data-id=\"c53265d\" data-element_type=\"widget\" data-e-type=\"widget\" data-widget_type=\"text-editor.default\">\n\t\t\t\t\t\t\t\t\t<p>Siempre impaciente por tener en mis manos una novela de Gary McAvoy, me complaci\u00f3 que me proporcionaran este ejemplar de la \u00faltima entrega de la serie de novelas de suspense del Archivo Secreto Vaticano. McAvoy trae de vuelta al padre Michael Dominic y a Hana Sinclair con un misterio que tiene fuertes lazos con la historia y el poder de la Iglesia. El libro se aleja de la importancia del Vaticano y pone en primer plano un regalo que ha recibido Hana. Con un antiguo manuscrito y muestras de medicinas fabricadas en el siglo XII, Hana y el padre Michael deben llegar al fondo del asunto e intentar protegerlo, ya que un grupo tiene planes para aprovecharse del alijo. Esquivando a quienes no respetan ni la vida ni la integridad f\u00edsica, Hana y el padre Michael pronto se encuentran como objetivos en Alemania y deben trabajar para descubrir la verdad en beneficio de todos. McAvoy vuelve a ofrecer una obra emocionante en esta serie que nunca parece perder el ritmo.     <\/p><p>Tras enterarse de la muerte de su abuelo, Hana Sinclair descubre referencias a un manuscrito hist\u00f3rico que supuestamente perteneci\u00f3 a una curandera del siglo XII. Aprovechando su carrera como periodista de investigaci\u00f3n, Hana intenta saber m\u00e1s sobre Hildegard von Bingen y lo que hizo mientras trabajaba en un monasterio alem\u00e1n. Con la ayuda de su amigo \u00edntimo y prometido, el padre Michael Dominic, la pareja inicia otra de sus intensas aventuras. Puede que esto no sea algo que emane de los Archivos Secretos del Vaticano, pero probablemente ser\u00e1 igual de cautivador cuanto m\u00e1s historia salga a la superficie.   <\/p><p>Tras explorar m\u00e1s a fondo el manuscrito, Hana se da cuenta de que se trata de un tomo bot\u00e1nico que podr\u00eda contener pistas sobre algunas de las propiedades curativas naturales m\u00e1s poderosas para combatir enfermedades que han asolado los tiempos modernos durante siglos. Es consciente de su importancia, pero tambi\u00e9n del peligro que la aguarda. Incluso al llegar a Alemania, Hana y el padre Dominic no pueden estar seguros de lo que encontrar\u00e1n ni de qui\u00e9n podr\u00eda estar buscando su propia parte de la acci\u00f3n.  <\/p><p>Reuniendo a otras personas para que les ayuden en la investigaci\u00f3n, Hana y el padre Dominic empiezan a descubrir verdades enterradas durante mucho tiempo en el manuscrito y dentro de los muros de la abad\u00eda de Rupertsberg. Una poderosa empresa suiza de biotecnolog\u00eda viene a husmear con rumores sobre lo que Hildegard pudo haber tenido en su poder y comienza la lucha, en la que aguardan importantes sumas de dinero. Desde Ginebra hasta la Selva Negra, en Alemania, no se escatimar\u00e1n esfuerzos para llegar a la verdad, aunque algunos son m\u00e1s despiadados que otros. Lo que les espera a todos es un descubrimiento como ning\u00fan otro, que podr\u00eda dar forma a la gesti\u00f3n de la enfermedad en el futuro. Una historia asombrosa y el desarrollo de otra rama fuerte de la serie Archivos Secretos del Vaticano, que demuestra lo vers\u00e1til que puede ser Gary McAvoy.    <\/p><p>Llevo a\u00f1os disfrutando con el trabajo de Gary McAvoy, que siempre sabe qu\u00e9 hacer para mantener las cosas tensas y atractivas. La serie se construye bien y proporciona a los lectores algo que merece la pena, al tiempo que educa con diversas partes de la historia que gu\u00edan el camino. La narraci\u00f3n avanza con rapidez, manteniendo al lector en medio de la acci\u00f3n, al tiempo que lo env\u00eda a una misi\u00f3n sin igual. A medida que avanza la historia, hay poco tiempo para preguntarse, aunque los misterios se acumulan y proporcionan muchos momentos para aprender sobre la historia y la influencia de la Iglesia. Los personajes a\u00f1aden profundidad a sus historias, al menos los que son habituales de la serie, y hay una verdadera sensaci\u00f3n de novedad para los que aparecen por primera vez. Las tramas mantienen las sorpresas y la acci\u00f3n sin fin, ya que el lector se sorprende con muchas partes del libro mientras espera predecir al menos algunos aspectos para su propia tranquilidad. Estoy ansiosa por ver ad\u00f3nde van las cosas, pues estaba segura de que habr\u00eda un final claro, pero McAvoy introduce nuevos giros en la mezcla.      <\/p><p>Enhorabuena, Sr. McAvoy, por otro gran thriller que explora fragmentos de la historia que no ten\u00eda ni idea de que existieran.  <strong style=\"font-family: var( --e-global-typography-text-font-family ), Sans-serif; letter-spacing: 0em;\">&#8211; MATT PECHEY, Revista Reedsy Discovery<\/strong><\/p>\t\t\t\t\t\t\t\t<\/div>\n\t\t\t\t<div class=\"elementor-element elementor-element-1186a4b elementor-widget elementor-widget-image\" data-id=\"1186a4b\" data-element_type=\"widget\" data-e-type=\"widget\" data-widget_type=\"image.default\">\n\t\t\t\t\t\t\t\t\t\t\t\t\t\t\t<img loading=\"lazy\" decoding=\"async\" width=\"926\" height=\"137\" src=\"https:\/\/garymcavoy.com\/wp-content\/uploads\/2025\/06\/PW-Booklife-Prize-Logos.jpg\" class=\"attachment-large size-large wp-image-12400\" alt=\"\" srcset=\"https:\/\/garymcavoy.com\/wp-content\/uploads\/2025\/06\/PW-Booklife-Prize-Logos.jpg 926w, https:\/\/garymcavoy.com\/wp-content\/uploads\/2025\/06\/PW-Booklife-Prize-Logos-600x89.jpg 600w, https:\/\/garymcavoy.com\/wp-content\/uploads\/2025\/06\/PW-Booklife-Prize-Logos-300x44.jpg 300w, https:\/\/garymcavoy.com\/wp-content\/uploads\/2025\/06\/PW-Booklife-Prize-Logos-768x114.jpg 768w\" sizes=\"(max-width: 926px) 100vw, 926px\" \/>\t\t\t\t\t\t\t\t\t\t\t\t\t\t\t<\/div>\n\t\t\t\t<div class=\"elementor-element elementor-element-0acda65 elementor-widget elementor-widget-text-editor\" data-id=\"0acda65\" data-element_type=\"widget\" data-e-type=\"widget\" data-widget_type=\"text-editor.default\">\n\t\t\t\t\t\t\t\t\t<p><a href=\"https:\/\/booklife.com\/my\/project\/the-hildegard-seeds-99716\">https:\/\/booklife.com\/my\/project\/the-hildegard-seeds-99716<\/a><\/p><p><span style=\"font-size: 24px;\"><b>Premio BookLife &#8211; 2025<br><\/b><\/span><b><\/b>Visibilidad : p\u00fablica<br>Trama\/Idea: 8 sobre 10<br>Originalidad: 8 sobre 10<br>Prosa: 9 sobre 10<br>Car\u00e1cter\/Ejecuci\u00f3n: 8 sobre 10<br>En conjunto: 8,25 sobre 10<\/p><p><b><span style=\"font-size: 24px;\">Valoraci\u00f3n<\/span>:<br><\/b><b>Argumento\/Idea<\/b>: Una tr\u00e1gica muerte familiar empuja a Hana al centro de atenci\u00f3n como guardiana de un antiguo secreto familiar, que tiene el potencial de aportar al mundo nuevas curas si se respeta, pero tambi\u00e9n tiene el potencial de causar un gran da\u00f1o si se utiliza mal. Perseguida por una despiadada empresa de biotecnolog\u00eda decidida a vender los terribles secretos por el precio m\u00e1s alto mientras mantiene el potencial de salvar vidas firmemente encerrado tras sus beneficios corporativos, se inicia la carrera para descubrir el misterio del trabajo de los antepasados de Hana antes de que la tensi\u00f3n, o los medios nefastos, destrocen su equipo, y su vida. Basada en la vida y los logros de una abadesa real del siglo XII, McAvoy traza una divertida y retorcida narraci\u00f3n ficticia tan entretenida como educativa.  <\/p><p><b>Prosa<\/b>: La escritura de McAvoy es clara, concisa, f\u00e1cil de entender, y utiliza florituras y extranjerismos para resaltar ideas y componentes de la narraci\u00f3n de forma que la lectura resulte agradable.<\/p><p><b>Originalidad<\/b>: El concepto de un antiguo conocimiento oculto que se descubre y se revela a un futuro descendiente elegido es un tropo habitual en la ficci\u00f3n hist\u00f3rica, sin embargo, McAvoy eleva estos elementos m\u00e1s familiares profundizando en la herborister\u00eda y en aspectos del catolicismo europeo.<\/p><p><b>Personajes\/Ejecuci\u00f3n<\/b>: McAvoy consigue crear personajes sustanciales dentro de una narraci\u00f3n propulsiva que ofrece brillantes detalles hist\u00f3ricos y ricos escenarios.<\/p>\t\t\t\t\t\t\t\t<\/div>\n\t\t\t\t<div class=\"elementor-element elementor-element-20686ab elementor-widget elementor-widget-spacer\" data-id=\"20686ab\" data-element_type=\"widget\" data-e-type=\"widget\" data-widget_type=\"spacer.default\">\n\t\t\t\t\t\t\t<div class=\"elementor-spacer\">\n\t\t\t<div class=\"elementor-spacer-inner\"><\/div>\n\t\t<\/div>\n\t\t\t\t\t\t<\/div>\n\t\t\t\t\t<\/div>\n\t\t<\/div>\n\t\t\t\t<div class=\"elementor-column elementor-col-33 elementor-top-column elementor-element elementor-element-d263102\" data-id=\"d263102\" data-element_type=\"column\" data-e-type=\"column\">\n\t\t\t<div class=\"elementor-widget-wrap elementor-element-populated\">\n\t\t\t\t\t\t<div class=\"elementor-element elementor-element-d6ea908 elementor-widget elementor-widget-html\" data-id=\"d6ea908\" data-element_type=\"widget\" data-e-type=\"widget\" data-widget_type=\"html.default\">\n\t\t\t\t\t<!-- Elfsight Amazon Reviews | The Hildegard Seeds -->\n<script src=\"https:\/\/static.elfsight.com\/platform\/platform.js\" async=\"\"><\/script>\n<div class=\"elfsight-app-9982380a-d60b-4b6c-964b-e2d05b5978f1\" data-elfsight-app-lazy=\"\"><\/div>\t\t\t\t<\/div>\n\t\t\t\t\t<\/div>\n\t\t<\/div>\n\t\t\t\t\t<\/div>\n\t\t<\/section>\n\t\t\t\t<\/div>\n\t\t","protected":false},"excerpt":{"rendered":"<p>&nbsp; Las semillas de Hildegard Un thriller del Archivo Secreto Vaticano &#8211; Libro 10 Cuando la periodista de investigaci\u00f3n Hana Sinclair descubre una enigm\u00e1tica referencia a un antiguo manuscrito bot\u00e1nico legado por su difunto abuelo, [&hellip;]<\/p>\n","protected":false},"author":1,"featured_media":12395,"parent":12502,"menu_order":0,"comment_status":"closed","ping_status":"closed","template":"template\/page\/fullwidth.php","meta":{"iawp_total_views":2,"footnotes":""},"class_list":["post-12392","page","type-page","status-publish","has-post-thumbnail","hentry"],"_links":{"self":[{"href":"https:\/\/garymcavoy.com\/es\/wp-json\/wp\/v2\/pages\/12392","targetHints":{"allow":["GET"]}}],"collection":[{"href":"https:\/\/garymcavoy.com\/es\/wp-json\/wp\/v2\/pages"}],"about":[{"href":"https:\/\/garymcavoy.com\/es\/wp-json\/wp\/v2\/types\/page"}],"author":[{"embeddable":true,"href":"https:\/\/garymcavoy.com\/es\/wp-json\/wp\/v2\/users\/1"}],"replies":[{"embeddable":true,"href":"https:\/\/garymcavoy.com\/es\/wp-json\/wp\/v2\/comments?post=12392"}],"version-history":[{"count":0,"href":"https:\/\/garymcavoy.com\/es\/wp-json\/wp\/v2\/pages\/12392\/revisions"}],"up":[{"embeddable":true,"href":"https:\/\/garymcavoy.com\/es\/wp-json\/wp\/v2\/pages\/12502"}],"wp:featuredmedia":[{"embeddable":true,"href":"https:\/\/garymcavoy.com\/es\/wp-json\/wp\/v2\/media\/12395"}],"wp:attachment":[{"href":"https:\/\/garymcavoy.com\/es\/wp-json\/wp\/v2\/media?parent=12392"}],"curies":[{"name":"wp","href":"https:\/\/api.w.org\/{rel}","templated":true}]}}