{"id":12408,"date":"2023-12-22T10:32:40","date_gmt":"2023-12-22T18:32:40","guid":{"rendered":"https:\/\/garymcavoy.com\/el-guardian-celestial\/"},"modified":"2025-12-10T14:28:12","modified_gmt":"2025-12-10T22:28:12","slug":"el-guardian-celestial","status":"publish","type":"page","link":"https:\/\/garymcavoy.com\/es\/libros-y-resenas\/el-guardian-celestial\/","title":{"rendered":"El Guardi\u00e1n Celestial"},"content":{"rendered":"\t\t<div data-elementor-type=\"wp-page\" data-elementor-id=\"12408\" class=\"elementor elementor-12408 elementor-10009\" data-elementor-post-type=\"page\">\n\t\t\t\t\t\t<section data-particle_enable=\"false\" data-particle-mobile-disabled=\"false\" class=\"elementor-section elementor-top-section elementor-element elementor-element-8aaedea elementor-section-boxed elementor-section-height-default elementor-section-height-default\" data-id=\"8aaedea\" data-element_type=\"section\" data-e-type=\"section\">\n\t\t\t\t\t\t<div class=\"elementor-container elementor-column-gap-default\">\n\t\t\t\t\t<div class=\"elementor-column elementor-col-66 elementor-top-column elementor-element elementor-element-8f41081\" data-id=\"8f41081\" data-element_type=\"column\" data-e-type=\"column\">\n\t\t\t<div class=\"elementor-widget-wrap elementor-element-populated\">\n\t\t\t\t\t\t<div class=\"elementor-element elementor-element-756ec9b elementor-widget elementor-widget-spacer\" data-id=\"756ec9b\" data-element_type=\"widget\" data-e-type=\"widget\" data-widget_type=\"spacer.default\">\n\t\t\t\t\t\t\t<div class=\"elementor-spacer\">\n\t\t\t<div class=\"elementor-spacer-inner\"><\/div>\n\t\t<\/div>\n\t\t\t\t\t\t<\/div>\n\t\t\t\t<div class=\"elementor-element elementor-element-7863b2b elementor-widget elementor-widget-heading\" data-id=\"7863b2b\" data-element_type=\"widget\" data-e-type=\"widget\" data-widget_type=\"heading.default\">\n\t\t\t\t\t<h1 class=\"elementor-heading-title elementor-size-default\">El Guardi\u00e1n Celestial<\/h1>\t\t\t\t<\/div>\n\t\t\t\t<div class=\"elementor-element elementor-element-e95cd78 elementor-widget elementor-widget-heading\" data-id=\"e95cd78\" data-element_type=\"widget\" data-e-type=\"widget\" data-widget_type=\"heading.default\">\n\t\t\t\t\t<h2 class=\"elementor-heading-title elementor-size-default\">Un thriller del Archivo Secreto Vaticano - Libro 8<\/h2>\t\t\t\t<\/div>\n\t\t\t\t<div class=\"elementor-element elementor-element-35a847d elementor-widget elementor-widget-text-editor\" data-id=\"35a847d\" data-element_type=\"widget\" data-e-type=\"widget\" data-widget_type=\"text-editor.default\">\n\t\t\t\t\t\t\t\t\t<p><em>El Guardi\u00e1n Celestial<\/em> es un emocionante thriller que lleva a los lectores a un fascinante viaje al coraz\u00f3n del mundo secreto del Vaticano y a los enigm\u00e1ticos artefactos que albergan sus b\u00f3vedas. La historia gira en torno al Padre Miguel Domingo, Prefecto del Archivo Secreto del Vaticano, que descubre la mayor creaci\u00f3n de Leonardo da Vinci: el Guardi\u00e1n Celeste, una m\u00e1quina dise\u00f1ada para predecir acontecimientos astron\u00f3micos. En un principio, este descubrimiento se considera una herramienta milagrosa que advierte de un asteroide catacl\u00edsmico que se dirige hacia la Tierra. Sin embargo, una exploraci\u00f3n m\u00e1s profunda del plano de Da Vinci insin\u00faa una funci\u00f3n secundaria y potencialmente peligrosa del Guardi\u00e1n que va m\u00e1s all\u00e1 de la mera predicci\u00f3n: el extraordinario poder de manipular los acontecimientos celestes.   <\/p><p>Esta revelaci\u00f3n desencadena una peligrosa persecuci\u00f3n por el dominio del Guardi\u00e1n. Su poder para transformar los acontecimientos c\u00f3smicos en armas de destrucci\u00f3n masiva atrae a diversas facciones, incluido un cardenal vaticano cegado por la ambici\u00f3n. A medida que las doctrinas religiosas cambian y la Iglesia se ve sometida a escrutinio, el padre Michael lidia con sus propios enredos emocionales mientras corre contrarreloj para evitar un desastre global. Desde los pasillos de poder del Vaticano hasta la vanguardia de la exploraci\u00f3n cient\u00edfica, la historia profundiza en la compleja interacci\u00f3n entre ciencia, fe y vulnerabilidad humana, ofreciendo una narrativa apasionante que cuestiona d\u00f3nde se traza la l\u00ednea entre milagro y ciencia.   <\/p><p>Enmarcada en un rico tapiz de misterios vaticanos y secretos celestiales, la novela entreteje la intriga hist\u00f3rica con el descubrimiento cient\u00edfico y el drama humano. <em>El Guardi\u00e1n Celeste<\/em> promete un viaje lleno de suspense, donde la ambici\u00f3n y la resistencia del esp\u00edritu humano chocan en medio de amenazas c\u00f3smicas, manteniendo a los lectores atrapados de principio a fin.<\/p>\t\t\t\t\t\t\t\t<\/div>\n\t\t\t\t<div class=\"elementor-element elementor-element-4ea3085 elementor-widget elementor-widget-video\" data-id=\"4ea3085\" data-element_type=\"widget\" data-e-type=\"widget\" data-settings=\"{&quot;youtube_url&quot;:&quot;https:\\\/\\\/youtu.be\\\/5YsIvV_ADt0&quot;,&quot;video_type&quot;:&quot;youtube&quot;,&quot;controls&quot;:&quot;yes&quot;}\" data-widget_type=\"video.default\">\n\t\t\t\t\t\t\t<div class=\"elementor-wrapper elementor-open-inline\">\n\t\t\t<div class=\"elementor-video\"><\/div>\t\t<\/div>\n\t\t\t\t\t\t<\/div>\n\t\t\t\t\t<\/div>\n\t\t<\/div>\n\t\t\t\t<div class=\"elementor-column elementor-col-33 elementor-top-column elementor-element elementor-element-a044b10\" data-id=\"a044b10\" data-element_type=\"column\" data-e-type=\"column\">\n\t\t\t<div class=\"elementor-widget-wrap elementor-element-populated\">\n\t\t\t\t\t\t<div class=\"elementor-element elementor-element-daa7c9e elementor-widget elementor-widget-spacer\" data-id=\"daa7c9e\" data-element_type=\"widget\" data-e-type=\"widget\" data-widget_type=\"spacer.default\">\n\t\t\t\t\t\t\t<div class=\"elementor-spacer\">\n\t\t\t<div class=\"elementor-spacer-inner\"><\/div>\n\t\t<\/div>\n\t\t\t\t\t\t<\/div>\n\t\t\t\t<div class=\"elementor-element elementor-element-c23a1f4 elementor-widget elementor-widget-image\" data-id=\"c23a1f4\" data-element_type=\"widget\" data-e-type=\"widget\" data-widget_type=\"image.default\">\n\t\t\t\t\t\t\t\t\t\t\t\t\t\t\t\t<a href=\"https:\/\/garymcavoy.com\/store\/the-celestial-guardian\/\">\n\t\t\t\t\t\t\t<img fetchpriority=\"high\" decoding=\"async\" width=\"537\" height=\"675\" src=\"https:\/\/garymcavoy.com\/wp-content\/uploads\/2024\/01\/The-Celestial-Guardian-HC-LEFT-3D.jpg\" class=\"attachment-large size-large wp-image-12411\" alt=\"\" srcset=\"https:\/\/garymcavoy.com\/wp-content\/uploads\/2024\/01\/The-Celestial-Guardian-HC-LEFT-3D.jpg 537w, https:\/\/garymcavoy.com\/wp-content\/uploads\/2024\/01\/The-Celestial-Guardian-HC-LEFT-3D-239x300.jpg 239w\" sizes=\"(max-width: 537px) 100vw, 537px\" \/>\t\t\t\t\t\t\t\t<\/a>\n\t\t\t\t\t\t\t\t\t\t\t\t\t\t\t<\/div>\n\t\t\t\t<div class=\"elementor-element elementor-element-d4c39e8 elementor-widget elementor-widget-heading\" data-id=\"d4c39e8\" data-element_type=\"widget\" data-e-type=\"widget\" data-widget_type=\"heading.default\">\n\t\t\t\t\t<h6 class=\"elementor-heading-title elementor-size-default\">Fecha de publicaci\u00f3n: Kindle 22 de febrero de 2024<br>R\u00fastica 10 de febrero de 2024<\/h6>\t\t\t\t<\/div>\n\t\t\t\t<div class=\"elementor-element elementor-element-9449545 elementor-widget elementor-widget-spacer\" data-id=\"9449545\" data-element_type=\"widget\" data-e-type=\"widget\" data-widget_type=\"spacer.default\">\n\t\t\t\t\t\t\t<div class=\"elementor-spacer\">\n\t\t\t<div class=\"elementor-spacer-inner\"><\/div>\n\t\t<\/div>\n\t\t\t\t\t\t<\/div>\n\t\t\t\t<div class=\"elementor-element elementor-element-2317f34 elementor-align-center elementor-widget elementor-widget-button\" data-id=\"2317f34\" data-element_type=\"widget\" data-e-type=\"widget\" data-widget_type=\"button.default\">\n\t\t\t\t\t\t\t\t\t\t<a class=\"elementor-button elementor-button-link elementor-size-sm\" href=\"https:\/\/garymcavoy.com\/store\/the-celestial-guardian\/\">\n\t\t\t\t\t\t<span class=\"elementor-button-content-wrapper\">\n\t\t\t\t\t\t\t\t\t<span class=\"elementor-button-text\">PEDIR EL LIBRO<\/span>\n\t\t\t\t\t<\/span>\n\t\t\t\t\t<\/a>\n\t\t\t\t\t\t\t\t<\/div>\n\t\t\t\t<div class=\"elementor-element elementor-element-6246121 elementor-align-center elementor-widget elementor-widget-button\" data-id=\"6246121\" data-element_type=\"widget\" data-e-type=\"widget\" data-widget_type=\"button.default\">\n\t\t\t\t\t\t\t\t\t\t<a class=\"elementor-button elementor-button-link elementor-size-sm\" href=\"https:\/\/garymcavoy.com\/books-reviews\/the-celestial-guardian\/excerpt-the-celestial-guardian\/\">\n\t\t\t\t\t\t<span class=\"elementor-button-content-wrapper\">\n\t\t\t\t\t\t\t\t\t<span class=\"elementor-button-text\">LEER UN EXTRACTO<\/span>\n\t\t\t\t\t<\/span>\n\t\t\t\t\t<\/a>\n\t\t\t\t\t\t\t\t<\/div>\n\t\t\t\t<div class=\"elementor-element elementor-element-a1edc24 elementor-align-center elementor-widget elementor-widget-button\" data-id=\"a1edc24\" data-element_type=\"widget\" data-e-type=\"widget\" data-widget_type=\"button.default\">\n\t\t\t\t\t\t\t\t\t\t<a class=\"elementor-button elementor-button-link elementor-size-sm\" href=\"https:\/\/garymcavoy.com\/wp-content\/uploads\/2024\/06\/Celestial-Guardian-Sell-Sheet.pdf\" target=\"_blank\">\n\t\t\t\t\t\t<span class=\"elementor-button-content-wrapper\">\n\t\t\t\t\t\t\t\t\t<span class=\"elementor-button-text\">DESCARGAR HOJA DE VENTA<\/span>\n\t\t\t\t\t<\/span>\n\t\t\t\t\t<\/a>\n\t\t\t\t\t\t\t\t<\/div>\n\t\t\t\t\t<\/div>\n\t\t<\/div>\n\t\t\t\t\t<\/div>\n\t\t<\/section>\n\t\t\t\t<section data-particle_enable=\"false\" data-particle-mobile-disabled=\"false\" class=\"elementor-section elementor-top-section elementor-element elementor-element-eef605c elementor-section-boxed elementor-section-height-default elementor-section-height-default\" data-id=\"eef605c\" data-element_type=\"section\" data-e-type=\"section\">\n\t\t\t\t\t\t<div class=\"elementor-container elementor-column-gap-default\">\n\t\t\t\t\t<div class=\"elementor-column elementor-col-66 elementor-top-column elementor-element elementor-element-dbe8279\" data-id=\"dbe8279\" data-element_type=\"column\" data-e-type=\"column\">\n\t\t\t<div class=\"elementor-widget-wrap\">\n\t\t\t\t\t\t\t<\/div>\n\t\t<\/div>\n\t\t\t\t<div class=\"elementor-column elementor-col-33 elementor-top-column elementor-element elementor-element-91e79b3\" data-id=\"91e79b3\" data-element_type=\"column\" data-e-type=\"column\">\n\t\t\t<div class=\"elementor-widget-wrap\">\n\t\t\t\t\t\t\t<\/div>\n\t\t<\/div>\n\t\t\t\t\t<\/div>\n\t\t<\/section>\n\t\t\t\t<section data-particle_enable=\"false\" data-particle-mobile-disabled=\"false\" class=\"elementor-section elementor-top-section elementor-element elementor-element-7312851 elementor-section-boxed elementor-section-height-default elementor-section-height-default\" data-id=\"7312851\" data-element_type=\"section\" data-e-type=\"section\">\n\t\t\t\t\t\t<div class=\"elementor-container elementor-column-gap-default\">\n\t\t\t\t\t<div class=\"elementor-column elementor-col-66 elementor-top-column elementor-element elementor-element-da9dd9a\" data-id=\"da9dd9a\" data-element_type=\"column\" data-e-type=\"column\">\n\t\t\t<div class=\"elementor-widget-wrap elementor-element-populated\">\n\t\t\t\t\t\t<div class=\"elementor-element elementor-element-ce217df elementor-widget elementor-widget-image\" data-id=\"ce217df\" data-element_type=\"widget\" data-e-type=\"widget\" data-widget_type=\"image.default\">\n\t\t\t\t\t\t\t\t\t\t\t\t\t\t\t<img decoding=\"async\" width=\"691\" height=\"78\" src=\"https:\/\/garymcavoy.com\/wp-content\/uploads\/2023\/09\/Reedsy-Must-Read-5-Star-Header.jpg\" class=\"attachment-large size-large wp-image-12387\" alt=\"\" srcset=\"https:\/\/garymcavoy.com\/wp-content\/uploads\/2023\/09\/Reedsy-Must-Read-5-Star-Header.jpg 691w, https:\/\/garymcavoy.com\/wp-content\/uploads\/2023\/09\/Reedsy-Must-Read-5-Star-Header-600x68.jpg 600w, https:\/\/garymcavoy.com\/wp-content\/uploads\/2023\/09\/Reedsy-Must-Read-5-Star-Header-300x34.jpg 300w\" sizes=\"(max-width: 691px) 100vw, 691px\" \/>\t\t\t\t\t\t\t\t\t\t\t\t\t\t\t<\/div>\n\t\t\t\t<div class=\"elementor-element elementor-element-688c02a elementor-widget elementor-widget-text-editor\" data-id=\"688c02a\" data-element_type=\"widget\" data-e-type=\"widget\" data-widget_type=\"text-editor.default\">\n\t\t\t\t\t\t\t\t\t<hr><p>&#8220;Siempre me entusiasma que Gary McAvoy saque a la luz otra de sus novelas, llena de acci\u00f3n y con numerosos momentos did\u00e1cticos. Aunque suele estar impregnada de historia religiosa y cat\u00f3lica, McAvoy se adentra en un terreno m\u00e1s cient\u00edfico, al tiempo que aborda cuestiones modernas de astrof\u00edsica, doctrina de la Iglesia y seguridad internacional. Siguen existiendo los personajes principales que tanto gustan a los seguidores de la serie, con un gran desarrollo, tanto personal como relacionado con el arco argumental. McAvoy no decepciona en otra emocionante novela de esta serie estelar.   <\/p><p>Mientras completa sus tareas diarias en el Archivo Secreto del Vaticano, el padre Michael Dominic tropieza con documentaci\u00f3n relacionada con uno de los proyectos m\u00e1s complejos de Leonardo da Vinci: el Guardi\u00e1n Celeste. Considerado en su d\u00eda un instrumento muy avanzado que pod\u00eda predecir objetos celestes que podr\u00edan entrar en la atm\u00f3sfera terrestre y causar da\u00f1os masivos, la exploraci\u00f3n posterior del padre Dominic y sus allegados revela otro aspecto m\u00e1s poderoso del instrumento. Mantener esto en secreto es esencial, pero hay muchos con los o\u00eddos pegados a las puertas y que tienen esp\u00edas en todos los rincones del Vaticano.  <\/p><p>Como la Santa Sede est\u00e1 sin l\u00edder, se celebra un C\u00f3nclave para elegir a un nuevo papa, que lleva a dos candidatos diametralmente opuestos a disputarse el puesto. Cuando el humo blanco sale de la Capilla Sixtina, emerge Clemente XV y comienza una nueva era en el gobierno pontificio. Esta nueva direcci\u00f3n podr\u00eda moldear el futuro de forma bastante dr\u00e1stica, pero tambi\u00e9n permitir\u00eda a muchos tratar de influir en las opiniones del pont\u00edfice. Uno de estos cardenales ataca lo antes posible, con el conocimiento del Guardi\u00e1n Celestial para engrasar los engranajes.   <\/p><p>Cuando la noticia del Guardi\u00e1n Celestial se filtra fuera de los muros del Vaticano, as\u00ed como su poder, muchos tratan de tenerlo para s\u00ed. Tiene lugar un complot para robar y utilizar el Guardi\u00e1n, que pone a un pa\u00eds por delante de los dem\u00e1s mientras intentan manipular los cielos, as\u00ed como defender al mundo de un asteroide que se precipita hacia la Tierra. Cuando el Padre Dominic y sus amigos m\u00e1s cercanos empiezan a intentar descifrar lo que est\u00e1 ocurriendo, se enteran de que la santidad del Guardi\u00e1n Celestial ha pasado de ser una pieza de conocimiento cient\u00edfico a un arma que podr\u00eda utilizarse en los a\u00f1os venideros. Con su querida amiga periodista, Hana Sinclair, a su lado, el Padre Dominic tendr\u00e1 que defenderse de los dem\u00e1s y asegurarse de que el Vaticano no se convierta en un lugar para el saqueo y la creaci\u00f3n de nuevas armas de destrucci\u00f3n masiva. McAvoy hace un trabajo magistral con esta obra para mantener al lector intrigado hasta el final.    <\/p><p>Aunque siempre he disfrutado con los escritos de Gary McAvoy sobre la Iglesia cat\u00f3lica en tiempos hist\u00f3ricos y modernos, tambi\u00e9n he llegado a disfrutar mucho con su ramificaci\u00f3n hacia el impacto de la ciencia en la Iglesia y sus pol\u00edticas. McAvoy lo hace aqu\u00ed con el Guardi\u00e1n Celestial de da Vinci, ilustrando las complejidades del artefacto, su uso y la lucha de poder por poseer sus habilidades. La narraci\u00f3n avanza a un ritmo r\u00e1pido y mantiene al lector cautivado a medida que se suceden los acontecimientos, planteando una serie de cuestiones sobre los derechos \u00e9ticos, pol\u00edticos y religiosos. El \u00edmpetu de la historia aumenta eficazmente y llega a su cl\u00edmax con una maravillosa revelaci\u00f3n que McAvoy seguramente espera asegurarse de que el lector reflexione. Con sus grandes personajes siempre en evoluci\u00f3n, se permite al lector un generoso vistazo a sus entrelazamientos, ninguno mayor que la situaci\u00f3n del padre Dominic\/Hana Sinclair que ha atormentado a los seguidores de la serie.    <\/p><p>McAvoy nunca ha tenido problemas para crear grandes puntos argumentales y desarrollos que hagan avanzar la historia con eficacia. \u00c9sta no es una excepci\u00f3n: con una serie de cuestiones que abordar y resolver, McAvoy mantiene la acci\u00f3n alta y la previsibilidad baja en ocasiones, haciendo malabarismos con las preocupaciones de muchas entidades para desarrollar una soluci\u00f3n final para el punto principal de la trama, as\u00ed como insinuando c\u00f3mo podr\u00eda resolverse una de las subtramas en curso. He disfrutado mucho con esta serie hasta la fecha y siempre estoy deseando ver qu\u00e9 es lo siguiente, ya que las cosas en la Santa Sede nunca parecen estancarse.  <\/p><p>Felicidades, Sr. McAvoy, por mantener la tensi\u00f3n hasta el final&#8221;.  <strong>&#8211; MATT PECHEY, Descubrimiento Reedsy. &#8220;LECTURA IMPRESCINDIBLE&#8221; Cr\u00edtica de 5 estrellas <\/strong><\/p><hr><p> <\/p><p>&#8220;Gracias al autor Gary McAvoy por esta intensa y emocionante adici\u00f3n a su brillante serie. Esta emocionante historia combina la historia religiosa con la ciencia antigua basada en las teor\u00edas del genio de Leonardo Da Vinci y el pensamiento cient\u00edfico moderno. Se basa en la astrof\u00edsica, las matem\u00e1ticas y las preocupaciones pol\u00edticas y religiosas ante la inminente destrucci\u00f3n del mundo. Los complejos conocimientos cient\u00edficos y la especulaci\u00f3n priman sobre los hechos hist\u00f3ricos. El lector no debe dejarse disuadir por una ciencia complicada, ya que conocer s\u00f3lo los prop\u00f3sitos de los artefactos es todo lo que se necesita para disfrutar plenamente de esta historia trepidante y angustiosa. \u00c9ste es mi libro favorito de esta brillante serie y funciona como un libro independiente, pero es posible que los nuevos lectores deseen leer algunos libros anteriores de la serie, ya que hay personajes recurrentes muy bien escritos. En esta ocasi\u00f3n, los hechos cient\u00edficos y la especulaci\u00f3n priman sobre los hechos hist\u00f3ricos y hacen que la lectura sea estupenda.      <\/p><p>El padre Miguel Domingo ha descubierto documentos en los archivos secretos del Vaticano. Se refieren al Guardi\u00e1n Celeste de Da Vinci, perdido hace mucho tiempo. Su finalidad era predecir los objetos celestes que entraban en la atm\u00f3sfera terrestre y pod\u00edan constituir una amenaza para el mundo. Recluta a un grupo de cient\u00edficos, entre ellos matem\u00e1ticos, expertos en astrof\u00edsica e ingenieros, para que monten un instrumento moderno seg\u00fan los planos de Da Vinci.   <\/p><p>Una vez que sus expertos reunieron al Guardi\u00e1n Celestial bajo la direcci\u00f3n del padre Miguel y su amiga Hana, quedaron asombrados de su precisi\u00f3n, que se extend\u00eda hasta los tiempos actuales. Predijo correctamente algunos acontecimientos c\u00f3smicos hist\u00f3ricos, pero su relevancia en los tiempos modernos es m\u00e1s impactante. Muestra un asteroide precipit\u00e1ndose r\u00e1pidamente hacia la Tierra. Es equivalente al que provoc\u00f3 la extinci\u00f3n de los dinosaurios y caus\u00f3 un cambio clim\u00e1tico letal.   <\/p><p>Se ha filtrado la existencia del Guardi\u00e1n Celestial. Otras fuerzas planean robarlo y utilizarlo para sus nefastos fines. Tres despiadados agentes encubiertos de la CIA expertos en robos planean robarlo del Vaticano. Esto podr\u00eda conducir a su uso como arma con inmensos poderes destructivos. Un nuevo cardenal ambicioso y tramposo planea obtenerlo utilizando a seguidores dentro del Vaticano bajo sus \u00f3rdenes. Considera que el Guardi\u00e1n es su oportunidad para proyectar falsas im\u00e1genes religiosas en el cielo, con el resultado de enga\u00f1ar a bandadas de espectadores para que regresen a la Iglesia. Esto aumentar\u00eda el prestigio y el poder del Cardenal.      <\/p><p>Hasta ahora, el p\u00fablico no es consciente de la inminente perdici\u00f3n. El Guardi\u00e1n Celestial ha sido robado. El padre Michael tiene trucos bajo la manga para detener a todos los que puedan haber robado el Guardi\u00e1n. Afortunadamente, el padre Michael y Hana han descubierto un documento oculto durante mucho tiempo en las palabras de DaVinci sobre un segundo dispositivo cient\u00edfico que podr\u00eda anular todo intento de otros de utilizar el Guardi\u00e1n con fines destructivos o enga\u00f1osos. Michael y Hana trabajan febrilmente para salvar al mundo de su inminente perdici\u00f3n mientras el aterrador asteroide sigue su camino hacia la Tierra. Ponen al grupo de expertos a trabajar para descifrar los planos de Da Vinci y construir un segundo dispositivo que inutilice el Guardi\u00e1n Celeste para los grupos desconocidos que lo han obtenido mediante robo.     <\/p><p>Muy recomendable&#8221;. <b>&#8211; CAROLYN WALSH, cr\u00edtica canadiense<\/b><\/p>\t\t\t\t\t\t\t\t<\/div>\n\t\t\t\t\t<\/div>\n\t\t<\/div>\n\t\t\t\t<div class=\"elementor-column elementor-col-33 elementor-top-column elementor-element elementor-element-767e583\" data-id=\"767e583\" data-element_type=\"column\" data-e-type=\"column\">\n\t\t\t<div class=\"elementor-widget-wrap elementor-element-populated\">\n\t\t\t\t\t\t<div class=\"elementor-element elementor-element-7fe0f35 elementor-widget elementor-widget-html\" data-id=\"7fe0f35\" data-element_type=\"widget\" data-e-type=\"widget\" data-widget_type=\"html.default\">\n\t\t\t\t\t<script src=\"https:\/\/static.elfsight.com\/platform\/platform.js\" data-use-service-core=\"\" defer><\/script>\n<div class=\"elfsight-app-10972142-f243-4a47-81f3-894bbead04ca\" data-elfsight-app-lazy=\"\"><\/div>\t\t\t\t<\/div>\n\t\t\t\t\t<\/div>\n\t\t<\/div>\n\t\t\t\t\t<\/div>\n\t\t<\/section>\n\t\t\t\t<section data-particle_enable=\"false\" data-particle-mobile-disabled=\"false\" class=\"elementor-section elementor-top-section elementor-element elementor-element-1317269 elementor-section-boxed elementor-section-height-default elementor-section-height-default\" data-id=\"1317269\" data-element_type=\"section\" data-e-type=\"section\">\n\t\t\t\t\t\t<div class=\"elementor-container elementor-column-gap-default\">\n\t\t\t\t\t<div class=\"elementor-column elementor-col-66 elementor-top-column elementor-element elementor-element-7def17f\" data-id=\"7def17f\" data-element_type=\"column\" data-e-type=\"column\">\n\t\t\t<div class=\"elementor-widget-wrap\">\n\t\t\t\t\t\t\t<\/div>\n\t\t<\/div>\n\t\t\t\t<div class=\"elementor-column elementor-col-33 elementor-top-column elementor-element elementor-element-b44e1d3\" data-id=\"b44e1d3\" data-element_type=\"column\" data-e-type=\"column\">\n\t\t\t<div class=\"elementor-widget-wrap\">\n\t\t\t\t\t\t\t<\/div>\n\t\t<\/div>\n\t\t\t\t\t<\/div>\n\t\t<\/section>\n\t\t\t\t<section data-particle_enable=\"false\" data-particle-mobile-disabled=\"false\" class=\"elementor-section elementor-top-section elementor-element elementor-element-dc2b6c1 elementor-section-boxed elementor-section-height-default elementor-section-height-default\" data-id=\"dc2b6c1\" data-element_type=\"section\" data-e-type=\"section\">\n\t\t\t\t\t\t<div class=\"elementor-container elementor-column-gap-default\">\n\t\t\t\t\t<div class=\"elementor-column elementor-col-100 elementor-top-column elementor-element elementor-element-3b459a9\" data-id=\"3b459a9\" data-element_type=\"column\" data-e-type=\"column\">\n\t\t\t<div class=\"elementor-widget-wrap elementor-element-populated\">\n\t\t\t\t\t\t<div class=\"elementor-element elementor-element-fc51796 elementor-widget elementor-widget-spacer\" data-id=\"fc51796\" data-element_type=\"widget\" data-e-type=\"widget\" data-widget_type=\"spacer.default\">\n\t\t\t\t\t\t\t<div class=\"elementor-spacer\">\n\t\t\t<div class=\"elementor-spacer-inner\"><\/div>\n\t\t<\/div>\n\t\t\t\t\t\t<\/div>\n\t\t\t\t\t<\/div>\n\t\t<\/div>\n\t\t\t\t\t<\/div>\n\t\t<\/section>\n\t\t\t\t<\/div>\n\t\t","protected":false},"excerpt":{"rendered":"<p>El Guardi\u00e1n Celestial Un thriller del Archivo Secreto Vaticano &#8211; Libro 8 El Guardi\u00e1n Celestial es un emocionante thriller que lleva a los lectores a un fascinante viaje al coraz\u00f3n del mundo secreto del Vaticano [&hellip;]<\/p>\n","protected":false},"author":1,"featured_media":12412,"parent":12502,"menu_order":0,"comment_status":"closed","ping_status":"closed","template":"template\/page\/fullwidth.php","meta":{"iawp_total_views":0,"footnotes":""},"class_list":["post-12408","page","type-page","status-publish","has-post-thumbnail","hentry"],"_links":{"self":[{"href":"https:\/\/garymcavoy.com\/es\/wp-json\/wp\/v2\/pages\/12408","targetHints":{"allow":["GET"]}}],"collection":[{"href":"https:\/\/garymcavoy.com\/es\/wp-json\/wp\/v2\/pages"}],"about":[{"href":"https:\/\/garymcavoy.com\/es\/wp-json\/wp\/v2\/types\/page"}],"author":[{"embeddable":true,"href":"https:\/\/garymcavoy.com\/es\/wp-json\/wp\/v2\/users\/1"}],"replies":[{"embeddable":true,"href":"https:\/\/garymcavoy.com\/es\/wp-json\/wp\/v2\/comments?post=12408"}],"version-history":[{"count":0,"href":"https:\/\/garymcavoy.com\/es\/wp-json\/wp\/v2\/pages\/12408\/revisions"}],"up":[{"embeddable":true,"href":"https:\/\/garymcavoy.com\/es\/wp-json\/wp\/v2\/pages\/12502"}],"wp:featuredmedia":[{"embeddable":true,"href":"https:\/\/garymcavoy.com\/es\/wp-json\/wp\/v2\/media\/12412"}],"wp:attachment":[{"href":"https:\/\/garymcavoy.com\/es\/wp-json\/wp\/v2\/media?parent=12408"}],"curies":[{"name":"wp","href":"https:\/\/api.w.org\/{rel}","templated":true}]}}