{"id":12454,"date":"2025-06-15T11:40:50","date_gmt":"2025-06-15T18:40:50","guid":{"rendered":"https:\/\/garymcavoy.com\/el-codice-voynich\/"},"modified":"2026-04-20T06:23:43","modified_gmt":"2026-04-20T13:23:43","slug":"el-codice-voynich","status":"publish","type":"page","link":"https:\/\/garymcavoy.com\/es\/libros-y-resenas\/el-codice-voynich\/","title":{"rendered":"El C\u00f3dice Voynich"},"content":{"rendered":"\t\t<div data-elementor-type=\"wp-page\" data-elementor-id=\"12454\" class=\"elementor elementor-12454 elementor-11691\" data-elementor-post-type=\"page\">\n\t\t\t\t\t\t<section data-particle_enable=\"false\" data-particle-mobile-disabled=\"false\" class=\"elementor-section elementor-top-section elementor-element elementor-element-67c84ba elementor-section-boxed elementor-section-height-default elementor-section-height-default\" data-id=\"67c84ba\" data-element_type=\"section\" data-e-type=\"section\">\n\t\t\t\t\t\t<div class=\"elementor-container elementor-column-gap-default\">\n\t\t\t\t\t<div class=\"elementor-column elementor-col-100 elementor-top-column elementor-element elementor-element-11c1509b\" data-id=\"11c1509b\" data-element_type=\"column\" data-e-type=\"column\">\n\t\t\t<div class=\"elementor-widget-wrap elementor-element-populated\">\n\t\t\t\t\t\t<div class=\"elementor-element elementor-element-340c9b27 elementor-widget elementor-widget-text-editor\" data-id=\"340c9b27\" data-element_type=\"widget\" data-e-type=\"widget\" data-widget_type=\"text-editor.default\">\n\t\t\t\t\t\t\t\t\t<div class=\"boldgrid-section\">\r\n<div class=\"container\">\r\n<div class=\"row\">\r\n<div class=\"col-lg-12 col-md-12 col-xs-12 col-sm-12\">\r\n\r\n&nbsp;\r\n\r\n<\/div>\r\n<\/div>\r\n<\/div>\r\n<\/div>\t\t\t\t\t\t\t\t<\/div>\n\t\t\t\t\t<\/div>\n\t\t<\/div>\n\t\t\t\t\t<\/div>\n\t\t<\/section>\n\t\t\t\t<section data-particle_enable=\"false\" data-particle-mobile-disabled=\"false\" class=\"elementor-section elementor-top-section elementor-element elementor-element-d8cfbe5 elementor-section-boxed elementor-section-height-default elementor-section-height-default\" data-id=\"d8cfbe5\" data-element_type=\"section\" data-e-type=\"section\">\n\t\t\t\t\t\t<div class=\"elementor-container elementor-column-gap-default\">\n\t\t\t\t\t<div class=\"elementor-column elementor-col-66 elementor-top-column elementor-element elementor-element-3f71bb7\" data-id=\"3f71bb7\" data-element_type=\"column\" data-e-type=\"column\">\n\t\t\t<div class=\"elementor-widget-wrap elementor-element-populated\">\n\t\t\t\t\t\t<div class=\"elementor-element elementor-element-de6c6ea elementor-widget elementor-widget-heading\" data-id=\"de6c6ea\" data-element_type=\"widget\" data-e-type=\"widget\" data-widget_type=\"heading.default\">\n\t\t\t\t\t<h1 class=\"elementor-heading-title elementor-size-default\">El C\u00f3dice Voynich<\/h1>\t\t\t\t<\/div>\n\t\t\t\t<div class=\"elementor-element elementor-element-e6c8a54 elementor-widget elementor-widget-heading\" data-id=\"e6c8a54\" data-element_type=\"widget\" data-e-type=\"widget\" data-widget_type=\"heading.default\">\n\t\t\t\t\t<h4 class=\"elementor-heading-title elementor-size-default\">Un thriller del Archivo Secreto Vaticano - Libro 11<\/h4>\t\t\t\t<\/div>\n\t\t\t\t<div class=\"elementor-element elementor-element-19b90b3 elementor-widget elementor-widget-text-editor\" data-id=\"19b90b3\" data-element_type=\"widget\" data-e-type=\"widget\" data-widget_type=\"text-editor.default\">\n\t\t\t\t\t\t\t\t\t<p>Durante m\u00e1s de quinientos a\u00f1os, el <em>Manuscrito Voynich<\/em> ha sido uno de los mayores misterios sin resolver del mundo literario. Sus extra\u00f1os dibujos bot\u00e1nicos, s\u00edmbolos arcanos y lenguaje cr\u00edptico han desafiado a las mejores mentes de todas las generaciones. Pero cuando unos fragmentos perdidos hace mucho tiempo emergen de las sombras, apuntan a un c\u00f3dice secreto que podr\u00eda desvelar no s\u00f3lo el significado del manuscrito, sino una peligrosa verdad enterrada durante mucho tiempo por la historia.  <\/p><p>El padre Michael Dominic, un brillante archivero del Vaticano que ha dedicado su vida a preservar los registros m\u00e1s delicados de la Iglesia, se ve arrastrado a la persecuci\u00f3n. A su lado est\u00e1 Hana Sinclair, una decidida periodista de investigaci\u00f3n cuya tenacidad por la verdad no conoce l\u00edmites. Juntos, con la ayuda de aliados de confianza, deben seguir un rastro que se extiende por toda Europa, desde los archivos de las catedrales y las fortalezas medievales hasta las silenciosas c\u00e1maras del propio Vaticano. Sin embargo, con cada descubrimiento, sus enemigos se acercan, dispuestos a matar para mantener oculto el pasado.   <\/p><p>El <em>C\u00f3dice Voynich<\/em>, rico en detalles hist\u00f3ricos, es m\u00e1s que una aventura de alto riesgo: es una meditaci\u00f3n sobre la verdad, el poder y la peligrosa responsabilidad del conocimiento.<span class=\"Apple-converted-space\"> <\/span><\/p>\t\t\t\t\t\t\t\t<\/div>\n\t\t\t\t<div class=\"elementor-element elementor-element-b3f3ef6 elementor-widget elementor-widget-image\" data-id=\"b3f3ef6\" data-element_type=\"widget\" data-e-type=\"widget\" data-widget_type=\"image.default\">\n\t\t\t\t\t\t\t\t\t\t\t\t\t\t\t<img decoding=\"async\" width=\"300\" height=\"154\" src=\"https:\/\/garymcavoy.com\/wp-content\/uploads\/2025\/11\/BookLife-Semifinal-Badge-300x154.jpg\" class=\"attachment-medium size-medium wp-image-12401\" alt=\"\" srcset=\"https:\/\/garymcavoy.com\/wp-content\/uploads\/2025\/11\/BookLife-Semifinal-Badge-300x154.jpg 300w, https:\/\/garymcavoy.com\/wp-content\/uploads\/2025\/11\/BookLife-Semifinal-Badge.jpg 444w\" sizes=\"(max-width: 300px) 100vw, 300px\" \/>\t\t\t\t\t\t\t\t\t\t\t\t\t\t\t<\/div>\n\t\t\t\t<div class=\"elementor-element elementor-element-ecc0067 elementor-widget-divider--view-line elementor-widget elementor-widget-divider\" data-id=\"ecc0067\" data-element_type=\"widget\" data-e-type=\"widget\" data-widget_type=\"divider.default\">\n\t\t\t\t\t\t\t<div class=\"elementor-divider\">\n\t\t\t<span class=\"elementor-divider-separator\">\n\t\t\t\t\t\t<\/span>\n\t\t<\/div>\n\t\t\t\t\t\t<\/div>\n\t\t\t\t\t<\/div>\n\t\t<\/div>\n\t\t\t\t<div class=\"elementor-column elementor-col-33 elementor-top-column elementor-element elementor-element-c7c07b1\" data-id=\"c7c07b1\" data-element_type=\"column\" data-e-type=\"column\">\n\t\t\t<div class=\"elementor-widget-wrap elementor-element-populated\">\n\t\t\t\t\t\t<div class=\"elementor-element elementor-element-2973a70 elementor-widget elementor-widget-image\" data-id=\"2973a70\" data-element_type=\"widget\" data-e-type=\"widget\" data-widget_type=\"image.default\">\n\t\t\t\t\t\t\t\t\t\t\t\t\t\t\t\t<a href=\"https:\/\/garymcavoy.com\/store\/the-voynich-codex\/\">\n\t\t\t\t\t\t\t<img fetchpriority=\"high\" decoding=\"async\" width=\"738\" height=\"941\" src=\"https:\/\/garymcavoy.com\/wp-content\/uploads\/2025\/06\/Voynich-Codex-Cover-3D-HC-Left.png\" class=\"attachment-large size-large wp-image-12455\" alt=\"\" srcset=\"https:\/\/garymcavoy.com\/wp-content\/uploads\/2025\/06\/Voynich-Codex-Cover-3D-HC-Left.png 738w, https:\/\/garymcavoy.com\/wp-content\/uploads\/2025\/06\/Voynich-Codex-Cover-3D-HC-Left-600x765.png 600w, https:\/\/garymcavoy.com\/wp-content\/uploads\/2025\/06\/Voynich-Codex-Cover-3D-HC-Left-235x300.png 235w\" sizes=\"(max-width: 738px) 100vw, 738px\" \/>\t\t\t\t\t\t\t\t<\/a>\n\t\t\t\t\t\t\t\t\t\t\t\t\t\t\t<\/div>\n\t\t\t\t<div class=\"elementor-element elementor-element-b0132d7 elementor-widget elementor-widget-text-editor\" data-id=\"b0132d7\" data-element_type=\"widget\" data-e-type=\"widget\" data-widget_type=\"text-editor.default\">\n\t\t\t\t\t\t\t\t\t<p style=\"text-align: center;\"><span style=\"font-size: 12px;\">Agosto 2025<\/span><\/p>\t\t\t\t\t\t\t\t<\/div>\n\t\t\t\t<div class=\"elementor-element elementor-element-f8ed548 elementor-align-center elementor-widget elementor-widget-button\" data-id=\"f8ed548\" data-element_type=\"widget\" data-e-type=\"widget\" data-widget_type=\"button.default\">\n\t\t\t\t\t\t\t\t\t\t<a class=\"elementor-button elementor-button-link elementor-size-sm\" href=\"https:\/\/garymcavoy.com\/store\/the-voynich-codex\/\">\n\t\t\t\t\t\t<span class=\"elementor-button-content-wrapper\">\n\t\t\t\t\t\t\t\t\t<span class=\"elementor-button-text\">PEDIR EL LIBRO<\/span>\n\t\t\t\t\t<\/span>\n\t\t\t\t\t<\/a>\n\t\t\t\t\t\t\t\t<\/div>\n\t\t\t\t<div class=\"elementor-element elementor-element-cb9c856 elementor-align-center elementor-widget elementor-widget-button\" data-id=\"cb9c856\" data-element_type=\"widget\" data-e-type=\"widget\" data-widget_type=\"button.default\">\n\t\t\t\t\t\t\t\t\t\t<a class=\"elementor-button elementor-button-link elementor-size-sm\" href=\"https:\/\/garymcavoy.com\/books-reviews\/excerpt-the-voynich-codex\/\">\n\t\t\t\t\t\t<span class=\"elementor-button-content-wrapper\">\n\t\t\t\t\t\t\t\t\t<span class=\"elementor-button-text\">LEER UN EXTRACTO<\/span>\n\t\t\t\t\t<\/span>\n\t\t\t\t\t<\/a>\n\t\t\t\t\t\t\t\t<\/div>\n\t\t\t\t\t<\/div>\n\t\t<\/div>\n\t\t\t\t\t<\/div>\n\t\t<\/section>\n\t\t<div data-particle_enable=\"false\" data-particle-mobile-disabled=\"false\" class=\"elementor-element elementor-element-c4860da e-flex e-con-boxed e-con e-parent\" data-id=\"c4860da\" data-element_type=\"container\" data-e-type=\"container\">\n\t\t\t\t\t<div class=\"e-con-inner\">\n\t\t\t\t<div class=\"elementor-element elementor-element-240d156 elementor-widget elementor-widget-video\" data-id=\"240d156\" data-element_type=\"widget\" data-e-type=\"widget\" data-settings=\"{&quot;youtube_url&quot;:&quot;https:\\\/\\\/www.youtube.com\\\/watch?v=SChEiZFpnB4&quot;,&quot;video_type&quot;:&quot;youtube&quot;,&quot;controls&quot;:&quot;yes&quot;}\" data-widget_type=\"video.default\">\n\t\t\t\t\t\t\t<div class=\"elementor-wrapper elementor-open-inline\">\n\t\t\t<div class=\"elementor-video\"><\/div>\t\t<\/div>\n\t\t\t\t\t\t<\/div>\n\t\t\t\t\t<\/div>\n\t\t\t\t<\/div>\n\t\t\t\t<section data-particle_enable=\"false\" data-particle-mobile-disabled=\"false\" class=\"elementor-section elementor-top-section elementor-element elementor-element-cf19543 elementor-section-boxed elementor-section-height-default elementor-section-height-default\" data-id=\"cf19543\" data-element_type=\"section\" data-e-type=\"section\">\n\t\t\t\t\t\t<div class=\"elementor-container elementor-column-gap-default\">\n\t\t\t\t\t<div class=\"elementor-column elementor-col-66 elementor-top-column elementor-element elementor-element-68cfc8f\" data-id=\"68cfc8f\" data-element_type=\"column\" data-e-type=\"column\">\n\t\t\t<div class=\"elementor-widget-wrap\">\n\t\t\t\t\t\t\t<\/div>\n\t\t<\/div>\n\t\t\t\t<div class=\"elementor-column elementor-col-33 elementor-top-column elementor-element elementor-element-0563055\" data-id=\"0563055\" data-element_type=\"column\" data-e-type=\"column\">\n\t\t\t<div class=\"elementor-widget-wrap\">\n\t\t\t\t\t\t\t<\/div>\n\t\t<\/div>\n\t\t\t\t\t<\/div>\n\t\t<\/section>\n\t\t\t\t<section data-particle_enable=\"false\" data-particle-mobile-disabled=\"false\" class=\"elementor-section elementor-top-section elementor-element elementor-element-db4ef45 elementor-section-boxed elementor-section-height-default elementor-section-height-default\" data-id=\"db4ef45\" data-element_type=\"section\" data-e-type=\"section\">\n\t\t\t\t\t\t<div class=\"elementor-container elementor-column-gap-default\">\n\t\t\t\t\t<div class=\"elementor-column elementor-col-66 elementor-top-column elementor-element elementor-element-cf1655c\" data-id=\"cf1655c\" data-element_type=\"column\" data-e-type=\"column\">\n\t\t\t<div class=\"elementor-widget-wrap elementor-element-populated\">\n\t\t\t\t\t\t<div class=\"elementor-element elementor-element-af624ca elementor-widget elementor-widget-heading\" data-id=\"af624ca\" data-element_type=\"widget\" data-e-type=\"widget\" data-widget_type=\"heading.default\">\n\t\t\t\t\t<h2 class=\"elementor-heading-title elementor-size-default\">Selectas rese\u00f1as de El C\u00f3dice Voynich<\/h2>\t\t\t\t<\/div>\n\t\t\t\t<div class=\"elementor-element elementor-element-0a2626c elementor-widget elementor-widget-image\" data-id=\"0a2626c\" data-element_type=\"widget\" data-e-type=\"widget\" data-widget_type=\"image.default\">\n\t\t\t\t\t\t\t\t\t\t\t\t\t\t\t<img decoding=\"async\" width=\"691\" height=\"78\" src=\"https:\/\/garymcavoy.com\/wp-content\/uploads\/2023\/09\/Reedsy-Must-Read-5-Star-Header.jpg\" class=\"attachment-large size-large wp-image-12387\" alt=\"\" srcset=\"https:\/\/garymcavoy.com\/wp-content\/uploads\/2023\/09\/Reedsy-Must-Read-5-Star-Header.jpg 691w, https:\/\/garymcavoy.com\/wp-content\/uploads\/2023\/09\/Reedsy-Must-Read-5-Star-Header-600x68.jpg 600w, https:\/\/garymcavoy.com\/wp-content\/uploads\/2023\/09\/Reedsy-Must-Read-5-Star-Header-300x34.jpg 300w\" sizes=\"(max-width: 691px) 100vw, 691px\" \/>\t\t\t\t\t\t\t\t\t\t\t\t\t\t\t<\/div>\n\t\t\t\t\t<\/div>\n\t\t<\/div>\n\t\t\t\t<div class=\"elementor-column elementor-col-33 elementor-top-column elementor-element elementor-element-a984d79\" data-id=\"a984d79\" data-element_type=\"column\" data-e-type=\"column\">\n\t\t\t<div class=\"elementor-widget-wrap\">\n\t\t\t\t\t\t\t<\/div>\n\t\t<\/div>\n\t\t\t\t\t<\/div>\n\t\t<\/section>\n\t\t\t\t<section data-particle_enable=\"false\" data-particle-mobile-disabled=\"false\" class=\"elementor-section elementor-top-section elementor-element elementor-element-609d3f0 elementor-section-boxed elementor-section-height-default elementor-section-height-default\" data-id=\"609d3f0\" data-element_type=\"section\" data-e-type=\"section\">\n\t\t\t\t\t\t<div class=\"elementor-container elementor-column-gap-default\">\n\t\t\t\t\t<div class=\"elementor-column elementor-col-66 elementor-top-column elementor-element elementor-element-fac7572\" data-id=\"fac7572\" data-element_type=\"column\" data-e-type=\"column\">\n\t\t\t<div class=\"elementor-widget-wrap elementor-element-populated\">\n\t\t\t\t\t\t<div class=\"elementor-element elementor-element-49e4727 elementor-widget elementor-widget-text-editor\" data-id=\"49e4727\" data-element_type=\"widget\" data-e-type=\"widget\" data-widget_type=\"text-editor.default\">\n\t\t\t\t\t\t\t\t\t<p>Ante todo, muchas gracias a Reedsy Discovery y a Gary McAvoy por proporcionarme un ejemplar de esta publicaci\u00f3n, lo que me permite ofrecerte una rese\u00f1a imparcial.<\/p>\n<p>Siempre fan de Gary McAvoy y de su obra, acept\u00e9 de buen grado la \u00faltima entrega de la serie Archivos Secretos del Vaticano. McAvoy, que nunca reh\u00faye la historia y los documentos oscuros, nos ofrece otro s\u00f3lido thriller que devor\u00e9 en un santiam\u00e9n. El Manuscrito Voynich ha encerrado misterios bot\u00e1nicos durante m\u00e1s de cinco siglos. En su d\u00eda, el Vaticano lo consider\u00f3 demasiado revelador y controvertido, por lo que pas\u00f3 a la clandestinidad, hasta ahora. Cuando un fragmento del Manuscrito sale a subasta y es asegurado por los Archivos Secretos Vaticanos, surge un grupo nefasto para hacerse con \u00e9l, con la esperanza de utilizar algunos de sus poderes bot\u00e1nicos para sus propios medios. Mientras el padre Michael Dominic y Hana Sinclair trabajan con amigos y colegas para proteger su parte del Manuscrito Voynich, se ven inmersos en una batalla de ingenio, adem\u00e1s de intentar arrebatar el control a un grupo de individuos traidores que han mostrado sus tendencias en el pasado. McAvoy presenta otra s\u00f3lida historia en esta serie que iguala los esfuerzos tanto de Dan Brown como de Steve Berry en su entrega.      <\/p>\n<p>El mundo literario se ha preguntado sobre aspectos del Manuscrito Voynich durante m\u00e1s de quinientos a\u00f1os. Sus dibujos simb\u00f3licos y bot\u00e1nicos s\u00f3lo tienen parang\u00f3n con el lenguaje cr\u00edptico que postula muchos poderes naturales (y sobrenaturales) a quien consiga descifrarlo. Muchos lo han estudiado, pero a\u00fan no se ha avanzado en la comprensi\u00f3n de sus detalles.  <\/p>\n<p>Despu\u00e9s de que el Vaticano entre en posesi\u00f3n de un aspecto parcial del Manuscrito, muchos sienten curiosidad. Fue el Vaticano quien intent\u00f3 silenciar y destruir estos escritos cuando se hicieron por primera vez por ser demasiado reveladores sobre temas que consideraba m\u00e1s all\u00e1 de la comprensi\u00f3n de la persona com\u00fan. Parece que estudiar estos conceptos se ha convertido en un nuevo deseo. El padre Michael Dominic proporciona un espacio seguro para guardarlos, como responsable del Archivo Secreto Vaticano. Cuando su prometida, Hana Sinclair, utiliza sus habilidades como periodista de investigaci\u00f3n para desvelar las verdades del Manuscrito, se entera de que podr\u00eda haber aspectos m\u00e1s profundos e inquietantes del mensaje en pergamino.    <\/p>\n<p>Mientras buscan respuestas por toda Europa, Michael, Hana y varios de sus colegas son el objetivo de un hombre despiadado que se alimenta de poder y enga\u00f1o. No se detendr\u00e1 ante nada para hacerse con el Manuscrito Voynich y descifrar sus poderes bot\u00e1nicos. En las manos equivocadas, los m\u00faltiples poderes del Manuscrito crear\u00e1n el caos para muchos, tanto dentro como fuera del Vaticano. Se trata de una misi\u00f3n cuyas consecuencias podr\u00edan alterar la vida y, al mismo tiempo, resultar mortales. Gary McAvoy entrega un ganador para los seguidores de la serie y para quienes deseen una exploraci\u00f3n de hechos hist\u00f3ricos poco conocidos.    <\/p>\n<p>Hace tiempo que Gary McAvoy es un autor al que recurro en busca de novelas entretenidas y educativas. Ha sido capaz de desarrollar mi gran inter\u00e9s por los documentos religiosos y secretos cuyas verdades seguramente podr\u00edan cambiar el mundo tal y como lo conozco, al tiempo que me mantiene entusiasmada con cada thriller que escribe. Uno. Adem\u00e1s, veo f\u00e1cilmente su obra como una combinaci\u00f3n de Dan Brown y Steve Berry, pero se sostiene por s\u00ed misma con bastante eficacia. La narraci\u00f3n levanta el vuelo desde las primeras p\u00e1ginas y atrae al lector a medida que la aventura se pone en marcha. Hay una acumulaci\u00f3n a lo largo de toda la historia, que enfrenta a dos bandos que luchan por un objetivo com\u00fan. Los personajes son una parte esencial de la historia, ya que McAvoy recupera a muchos de la serie, adem\u00e1s de introducir nuevas personalidades para dar sabor a la historia m\u00e1s amplia. Disfruto de lo que parece ser una subserie dentro de la gran colecci\u00f3n, que permite al padre Michael y a Hana enfrentarse a ciertas personas nefastas. Las tramas est\u00e1n perfectamente situadas para mantener altas las sorpresas y abundantes los giros. No hay duda de que McAvoy quiere que esta serie prospere mezclando realidad y ficci\u00f3n, asegur\u00e1ndose siempre de que haya una pizca de aventura para mantener las cosas en tensi\u00f3n. Estoy impaciente por ver ad\u00f3nde quiere llevar Gary McAvoy esta serie estelar de novelas, sobre todo con el pr\u00f3ximo acontecimiento de primavera.          <\/p>\n<p>\u00a1Enhorabuena, Sr. McAvoy, por otra poderosa descripci\u00f3n de la historia y sus misterios! <strong>&#8211; MATT PECHEY, <a href=\"https:\/\/reedsy.com\/discovery\/book\/the-voynich-codex-gary-mcavoy#review\">Reedsy Discovery<\/a><\/strong><\/p>\t\t\t\t\t\t\t\t<\/div>\n\t\t\t\t<div class=\"elementor-element elementor-element-18dc2cf elementor-widget-divider--view-line elementor-widget elementor-widget-divider\" data-id=\"18dc2cf\" data-element_type=\"widget\" data-e-type=\"widget\" data-widget_type=\"divider.default\">\n\t\t\t\t\t\t\t<div class=\"elementor-divider\">\n\t\t\t<span class=\"elementor-divider-separator\">\n\t\t\t\t\t\t<\/span>\n\t\t<\/div>\n\t\t\t\t\t\t<\/div>\n\t\t\t\t<div class=\"elementor-element elementor-element-173efcc elementor-widget elementor-widget-image\" data-id=\"173efcc\" data-element_type=\"widget\" data-e-type=\"widget\" data-widget_type=\"image.default\">\n\t\t\t\t\t\t\t\t\t\t\t\t\t\t\t<img loading=\"lazy\" decoding=\"async\" width=\"150\" height=\"150\" src=\"https:\/\/garymcavoy.com\/wp-content\/uploads\/2023\/05\/booklifeprizelogo-150x150.jpg\" class=\"attachment-thumbnail size-thumbnail wp-image-9344\" alt=\"\" srcset=\"https:\/\/garymcavoy.com\/wp-content\/uploads\/2023\/05\/booklifeprizelogo-150x150.jpg 150w, https:\/\/garymcavoy.com\/wp-content\/uploads\/2023\/05\/booklifeprizelogo-300x300.jpg 300w, https:\/\/garymcavoy.com\/wp-content\/uploads\/2023\/05\/booklifeprizelogo-100x100.jpg 100w, https:\/\/garymcavoy.com\/wp-content\/uploads\/2023\/05\/booklifeprizelogo-298x300.jpg 298w, https:\/\/garymcavoy.com\/wp-content\/uploads\/2023\/05\/booklifeprizelogo-160x160.jpg 160w, https:\/\/garymcavoy.com\/wp-content\/uploads\/2023\/05\/booklifeprizelogo-48x48.jpg 48w, https:\/\/garymcavoy.com\/wp-content\/uploads\/2023\/05\/booklifeprizelogo-250x252.jpg 250w, https:\/\/garymcavoy.com\/wp-content\/uploads\/2023\/05\/booklifeprizelogo-179x180.jpg 179w, https:\/\/garymcavoy.com\/wp-content\/uploads\/2023\/05\/booklifeprizelogo.jpg 394w\" sizes=\"(max-width: 150px) 100vw, 150px\" \/>\t\t\t\t\t\t\t\t\t\t\t\t\t\t\t<\/div>\n\t\t\t\t<div class=\"elementor-element elementor-element-5b84576 elementor-widget elementor-widget-text-editor\" data-id=\"5b84576\" data-element_type=\"widget\" data-e-type=\"widget\" data-widget_type=\"text-editor.default\">\n\t\t\t\t\t\t\t\t\t<p>&#8220;<b>En esta s\u00f3lida adici\u00f3n a la serie de thrillers sobre el Archivo Secreto Vaticano, <\/b>la reaparici\u00f3n de fragmentos de un antiguo texto pone en marcha una b\u00fasqueda internacional para descifrar sus mensajes potencialmente transformadores de la espiritualidad. La prosa de McAvoy es din\u00e1mica, atmosf\u00e9rica e impregnada de misterio, al tiempo que conlleva la r\u00e1pida intriga de un thriller de espionaje. <\/p><p>&#8220;McAvoy vuelve a transportar a los lectores a los anales de la historia, esta vez centrado en el enigm\u00e1tico contenido de un antiguo manuscrito. Aunque esta entrega tiene rasgos de otras novelas dedicadas a desvelar materiales de archivo y sus implicaciones para la Iglesia, McAvoy ofrece una historia arrolladora que abarca toda Europa. Los lectores de la serie disfrutar\u00e1n reencontr\u00e1ndose con Michael y Hanna y el equipo o archiveros, incluida la encantadora hermana Teri Drinkwater, que dirige las redes inform\u00e1ticas y los sistemas de comunicaci\u00f3n del Vaticano.&#8221; <em><strong>&#8211; PREMIO PUBLISHERS WEEKLY\/BOOKLIFE 2025<\/strong><\/em><\/p>\t\t\t\t\t\t\t\t<\/div>\n\t\t\t\t\t<\/div>\n\t\t<\/div>\n\t\t\t\t<div class=\"elementor-column elementor-col-33 elementor-top-column elementor-element elementor-element-d263102\" data-id=\"d263102\" data-element_type=\"column\" data-e-type=\"column\">\n\t\t\t<div class=\"elementor-widget-wrap elementor-element-populated\">\n\t\t\t\t\t\t<div class=\"elementor-element elementor-element-b4a4304 elementor-widget elementor-widget-html\" data-id=\"b4a4304\" data-element_type=\"widget\" data-e-type=\"widget\" data-widget_type=\"html.default\">\n\t\t\t\t\t<!-- Elfsight Amazon Reviews | The Voynich Codex -->\n<script src=\"https:\/\/elfsightcdn.com\/platform.js\" async=\"\"><\/script>\n<div class=\"elfsight-app-73a43383-2bd1-45c5-8b41-bdbf18a1974a\" data-elfsight-app-lazy=\"\"><\/div>\t\t\t\t<\/div>\n\t\t\t\t\t<\/div>\n\t\t<\/div>\n\t\t\t\t\t<\/div>\n\t\t<\/section>\n\t\t\t\t<section data-particle_enable=\"false\" data-particle-mobile-disabled=\"false\" class=\"elementor-section elementor-top-section elementor-element elementor-element-384fc5c elementor-section-boxed elementor-section-height-default elementor-section-height-default\" data-id=\"384fc5c\" data-element_type=\"section\" data-e-type=\"section\">\n\t\t\t\t\t\t<div class=\"elementor-container elementor-column-gap-default\">\n\t\t\t\t\t<div class=\"elementor-column elementor-col-100 elementor-top-column elementor-element elementor-element-496bef6\" data-id=\"496bef6\" data-element_type=\"column\" data-e-type=\"column\">\n\t\t\t<div class=\"elementor-widget-wrap elementor-element-populated\">\n\t\t\t\t\t\t<div class=\"elementor-element elementor-element-b4b3919 elementor-widget elementor-widget-spacer\" data-id=\"b4b3919\" data-element_type=\"widget\" data-e-type=\"widget\" data-widget_type=\"spacer.default\">\n\t\t\t\t\t\t\t<div class=\"elementor-spacer\">\n\t\t\t<div class=\"elementor-spacer-inner\"><\/div>\n\t\t<\/div>\n\t\t\t\t\t\t<\/div>\n\t\t\t\t\t<\/div>\n\t\t<\/div>\n\t\t\t\t\t<\/div>\n\t\t<\/section>\n\t\t\t\t<\/div>\n\t\t","protected":false},"excerpt":{"rendered":"<p>&nbsp; El C\u00f3dice Voynich Un thriller del Archivo Secreto Vaticano &#8211; Libro 11 Durante m\u00e1s de quinientos a\u00f1os, el Manuscrito Voynich ha sido uno de los mayores misterios sin resolver del mundo literario. Sus extra\u00f1os [&hellip;]<\/p>\n","protected":false},"author":1,"featured_media":12295,"parent":12502,"menu_order":0,"comment_status":"closed","ping_status":"closed","template":"template\/page\/fullwidth.php","meta":{"iawp_total_views":0,"footnotes":""},"class_list":["post-12454","page","type-page","status-publish","has-post-thumbnail","hentry"],"_links":{"self":[{"href":"https:\/\/garymcavoy.com\/es\/wp-json\/wp\/v2\/pages\/12454","targetHints":{"allow":["GET"]}}],"collection":[{"href":"https:\/\/garymcavoy.com\/es\/wp-json\/wp\/v2\/pages"}],"about":[{"href":"https:\/\/garymcavoy.com\/es\/wp-json\/wp\/v2\/types\/page"}],"author":[{"embeddable":true,"href":"https:\/\/garymcavoy.com\/es\/wp-json\/wp\/v2\/users\/1"}],"replies":[{"embeddable":true,"href":"https:\/\/garymcavoy.com\/es\/wp-json\/wp\/v2\/comments?post=12454"}],"version-history":[{"count":0,"href":"https:\/\/garymcavoy.com\/es\/wp-json\/wp\/v2\/pages\/12454\/revisions"}],"up":[{"embeddable":true,"href":"https:\/\/garymcavoy.com\/es\/wp-json\/wp\/v2\/pages\/12502"}],"wp:featuredmedia":[{"embeddable":true,"href":"https:\/\/garymcavoy.com\/es\/wp-json\/wp\/v2\/media\/12295"}],"wp:attachment":[{"href":"https:\/\/garymcavoy.com\/es\/wp-json\/wp\/v2\/media?parent=12454"}],"curies":[{"name":"wp","href":"https:\/\/api.w.org\/{rel}","templated":true}]}}