{"id":12578,"date":"2020-09-20T17:45:50","date_gmt":"2020-09-21T00:45:50","guid":{"rendered":"https:\/\/garymcavoy.com\/gracias-por-inscribirte\/"},"modified":"2025-12-10T14:37:31","modified_gmt":"2025-12-10T22:37:31","slug":"gracias-por-inscribirte","status":"publish","type":"page","link":"https:\/\/garymcavoy.com\/es\/gracias-por-inscribirte\/","title":{"rendered":"Gracias por inscribirte"},"content":{"rendered":"\t\t<div data-elementor-type=\"wp-page\" data-elementor-id=\"12578\" class=\"elementor elementor-12578 elementor-1241\" data-elementor-post-type=\"page\">\n\t\t\t\t\t\t<section data-particle_enable=\"false\" data-particle-mobile-disabled=\"false\" class=\"elementor-section elementor-top-section elementor-element elementor-element-6c87410e elementor-section-height-min-height elementor-section-items-top elementor-section-boxed elementor-section-height-default\" data-id=\"6c87410e\" data-element_type=\"section\" data-e-type=\"section\" data-settings=\"{&quot;background_background&quot;:&quot;classic&quot;}\">\n\t\t\t\t\t\t\t<div class=\"elementor-background-overlay\"><\/div>\n\t\t\t\t\t\t\t<div class=\"elementor-container elementor-column-gap-no\">\n\t\t\t\t\t<div class=\"elementor-column elementor-col-100 elementor-top-column elementor-element elementor-element-9c6022b\" data-id=\"9c6022b\" data-element_type=\"column\" data-e-type=\"column\">\n\t\t\t<div class=\"elementor-widget-wrap elementor-element-populated\">\n\t\t\t\t\t\t<div class=\"elementor-element elementor-element-7c9bec06 elementor-widget elementor-widget-heading\" data-id=\"7c9bec06\" data-element_type=\"widget\" data-e-type=\"widget\" data-widget_type=\"heading.default\">\n\t\t\t\t\t<h1 class=\"elementor-heading-title elementor-size-default\">\u00a1Gracias por inscribirte!<\/h1>\t\t\t\t<\/div>\n\t\t\t\t<div class=\"elementor-element elementor-element-3d2672cd elementor-widget-divider--view-line elementor-widget elementor-widget-divider\" data-id=\"3d2672cd\" data-element_type=\"widget\" data-e-type=\"widget\" data-widget_type=\"divider.default\">\n\t\t\t\t\t\t\t<div class=\"elementor-divider\">\n\t\t\t<span class=\"elementor-divider-separator\">\n\t\t\t\t\t\t<\/span>\n\t\t<\/div>\n\t\t\t\t\t\t<\/div>\n\t\t\t\t<div class=\"elementor-element elementor-element-f94880e elementor-widget elementor-widget-heading\" data-id=\"f94880e\" data-element_type=\"widget\" data-e-type=\"widget\" data-widget_type=\"heading.default\">\n\t\t\t\t\t<h2 class=\"elementor-heading-title elementor-size-default\">Comprueba tu correo electr\u00f3nico para ver el enlace de confirmaci\u00f3n. Tienes que verificar tu correo electr\u00f3nico antes de poder <a href=\"https:\/\/garymcavoy.com\/log-in\/\" style=\"color:#cc8301\">iniciar sesi\u00f3n<\/a>. <\/h2>\t\t\t\t<\/div>\n\t\t\t\t\t<\/div>\n\t\t<\/div>\n\t\t\t\t\t<\/div>\n\t\t<\/section>\n\t\t\t\t<\/div>\n\t\t","protected":false},"excerpt":{"rendered":"<p>\u00a1Gracias por inscribirte! Comprueba tu correo electr\u00f3nico para ver el enlace de confirmaci\u00f3n. Tienes que verificar tu correo electr\u00f3nico antes de poder iniciar sesi\u00f3n.<\/p>\n","protected":false},"author":1,"featured_media":0,"parent":0,"menu_order":0,"comment_status":"closed","ping_status":"closed","template":"template\/page\/fullwidth.php","meta":{"iawp_total_views":0,"footnotes":""},"class_list":["post-12578","page","type-page","status-publish","hentry"],"_links":{"self":[{"href":"https:\/\/garymcavoy.com\/es\/wp-json\/wp\/v2\/pages\/12578","targetHints":{"allow":["GET"]}}],"collection":[{"href":"https:\/\/garymcavoy.com\/es\/wp-json\/wp\/v2\/pages"}],"about":[{"href":"https:\/\/garymcavoy.com\/es\/wp-json\/wp\/v2\/types\/page"}],"author":[{"embeddable":true,"href":"https:\/\/garymcavoy.com\/es\/wp-json\/wp\/v2\/users\/1"}],"replies":[{"embeddable":true,"href":"https:\/\/garymcavoy.com\/es\/wp-json\/wp\/v2\/comments?post=12578"}],"version-history":[{"count":0,"href":"https:\/\/garymcavoy.com\/es\/wp-json\/wp\/v2\/pages\/12578\/revisions"}],"wp:attachment":[{"href":"https:\/\/garymcavoy.com\/es\/wp-json\/wp\/v2\/media?parent=12578"}],"curies":[{"name":"wp","href":"https:\/\/api.w.org\/{rel}","templated":true}]}}