{"id":12582,"date":"2020-08-02T16:51:23","date_gmt":"2020-08-02T23:51:23","guid":{"rendered":"https:\/\/garymcavoy.com\/libros-y-resenas\/el-engano-de-la-magdalena\/"},"modified":"2025-12-10T14:37:31","modified_gmt":"2025-12-10T22:37:31","slug":"el-engano-de-la-magdalena","status":"publish","type":"page","link":"https:\/\/garymcavoy.com\/es\/libros-y-resenas\/el-engano-de-la-magdalena\/","title":{"rendered":"El enga\u00f1o de la Magdalena"},"content":{"rendered":"\t\t<div data-elementor-type=\"wp-page\" data-elementor-id=\"12582\" class=\"elementor elementor-12582 elementor-100\" data-elementor-post-type=\"page\">\n\t\t\t\t\t\t<section data-particle_enable=\"false\" data-particle-mobile-disabled=\"false\" class=\"elementor-section elementor-top-section elementor-element elementor-element-90bcce9 elementor-section-boxed elementor-section-height-default elementor-section-height-default\" data-id=\"90bcce9\" data-element_type=\"section\" data-e-type=\"section\">\n\t\t\t\t\t\t<div class=\"elementor-container elementor-column-gap-default\">\n\t\t\t\t\t<div class=\"elementor-column elementor-col-100 elementor-top-column elementor-element elementor-element-b790269\" data-id=\"b790269\" data-element_type=\"column\" data-e-type=\"column\">\n\t\t\t<div class=\"elementor-widget-wrap elementor-element-populated\">\n\t\t\t\t\t\t<div class=\"elementor-element elementor-element-ad5c307 elementor-widget elementor-widget-spacer\" data-id=\"ad5c307\" data-element_type=\"widget\" data-e-type=\"widget\" data-widget_type=\"spacer.default\">\n\t\t\t\t\t\t\t<div class=\"elementor-spacer\">\n\t\t\t<div class=\"elementor-spacer-inner\"><\/div>\n\t\t<\/div>\n\t\t\t\t\t\t<\/div>\n\t\t\t\t<section data-particle_enable=\"false\" data-particle-mobile-disabled=\"false\" class=\"elementor-section elementor-inner-section elementor-element elementor-element-ebdd732 elementor-section-boxed elementor-section-height-default elementor-section-height-default\" data-id=\"ebdd732\" data-element_type=\"section\" data-e-type=\"section\">\n\t\t\t\t\t\t<div class=\"elementor-container elementor-column-gap-default\">\n\t\t\t\t\t<div class=\"elementor-column elementor-col-50 elementor-inner-column elementor-element elementor-element-e55cf6d\" data-id=\"e55cf6d\" data-element_type=\"column\" data-e-type=\"column\">\n\t\t\t<div class=\"elementor-widget-wrap elementor-element-populated\">\n\t\t\t\t\t\t<div class=\"elementor-element elementor-element-dc12e72 elementor-widget elementor-widget-heading\" data-id=\"dc12e72\" data-element_type=\"widget\" data-e-type=\"widget\" data-widget_type=\"heading.default\">\n\t\t\t\t\t<h1 class=\"elementor-heading-title elementor-size-default\">El enga\u00f1o de la Magdalena<\/h1>\t\t\t\t<\/div>\n\t\t\t\t<div class=\"elementor-element elementor-element-afdb8dc elementor-widget elementor-widget-heading\" data-id=\"afdb8dc\" data-element_type=\"widget\" data-e-type=\"widget\" data-widget_type=\"heading.default\">\n\t\t\t\t\t<h5 class=\"elementor-heading-title elementor-size-default\">Libro 1 de Las Cr\u00f3nicas de la Magdalena<\/h5>\t\t\t\t<\/div>\n\t\t\t\t<div class=\"elementor-element elementor-element-dec822a elementor-widget elementor-widget-text-editor\" data-id=\"dec822a\" data-element_type=\"widget\" data-e-type=\"widget\" data-widget_type=\"text-editor.default\">\n\t\t\t\t\t\t\t\t\t<p><span style=\"font-size: 14pt;\">Un secreto prohibido . . . <\/span><span style=\"font-size: 14pt;\">El destino de la Iglesia en la balanza . . . <\/span><span style=\"font-size: 14pt;\">\u00bfSacar\u00e1n a la luz un par de detectives aficionados una verdad que podr\u00eda poner patas arriba el mundo cristiano? <\/span> <\/p><p>La Resurrecci\u00f3n es una piedra angular de la fe cristiana. Pero cuando aparece un indicio que apunta a un relato alternativo, las ramificaciones pueden cambiar el cristianismo para siempre. <\/p><p>La misi\u00f3n del sacerdote jesuita Miguel Domingo en el legendario Archivo Secreto del Vaticano le lleva a descubrir un papiro oculto: los escritos in\u00e9ditos de Mar\u00eda Magdalena, un registro perdido enterrado en lo m\u00e1s rec\u00f3ndito de Roma. La revelaci\u00f3n her\u00e9tica de la reliquia olvidada amenaza la legitimidad misma del Vaticano y enfrenta a Miguel con enemigos despiadados y poderosos. <\/p><p>Desesperado, acude a Hana Sinclair, una reportera de investigaci\u00f3n con un historial de abordar temas pol\u00e9micos. Juntos desaf\u00edan a la \u00e9lite eclesi\u00e1stica y se embarcan en una b\u00fasqueda a trav\u00e9s de las sombras de la historia para desenterrar la verdad. A medida que aumenta la presi\u00f3n para silenciar a la pareja, \u00bfrecurrir\u00e1 el Vaticano a lo impensable para salvaguardar su riqueza y su poder?  <\/p><p>Basado en hechos hist\u00f3ricos, este thriller internacional lleva a los lectores a una carrera trepidante por los santos lugares de Europa. Consigue tu ejemplar de este relato superventas y descubre por qu\u00e9 los devotos seguidores de Gary McAvoy dicen: &#8220;\u00a1No quer\u00eda que este libro acabara!&#8221;. <\/p>\t\t\t\t\t\t\t\t<\/div>\n\t\t\t\t<div class=\"elementor-element elementor-element-7c6d478 elementor-widget elementor-widget-spacer\" data-id=\"7c6d478\" data-element_type=\"widget\" data-e-type=\"widget\" data-widget_type=\"spacer.default\">\n\t\t\t\t\t\t\t<div class=\"elementor-spacer\">\n\t\t\t<div class=\"elementor-spacer-inner\"><\/div>\n\t\t<\/div>\n\t\t\t\t\t\t<\/div>\n\t\t\t\t\t<\/div>\n\t\t<\/div>\n\t\t\t\t<div class=\"elementor-column elementor-col-50 elementor-inner-column elementor-element elementor-element-2049c0e\" data-id=\"2049c0e\" data-element_type=\"column\" data-e-type=\"column\">\n\t\t\t<div class=\"elementor-widget-wrap elementor-element-populated\">\n\t\t\t\t\t\t<div class=\"elementor-element elementor-element-77207da elementor-widget elementor-widget-image\" data-id=\"77207da\" data-element_type=\"widget\" data-e-type=\"widget\" data-widget_type=\"image.default\">\n\t\t\t\t\t\t\t\t\t\t\t\t\t\t\t\t<a href=\"https:\/\/garymcavoy.com\/store\/the-magdalene-deception\/\">\n\t\t\t\t\t\t\t<img decoding=\"async\" src=\"https:\/\/garymcavoy.com\/wp-content\/uploads\/elementor\/thumbs\/Magdalene-Deception-3D-HC-Left-NEW-rm4059oyqj7in1pmw9tb9mhy35u19gpbvco7a5jojk.png\" title=\"\" alt=\"\" loading=\"lazy\" \/>\t\t\t\t\t\t\t\t<\/a>\n\t\t\t\t\t\t\t\t\t\t\t\t\t\t\t<\/div>\n\t\t\t\t<div class=\"elementor-element elementor-element-b573088 elementor-widget elementor-widget-text-editor\" data-id=\"b573088\" data-element_type=\"widget\" data-e-type=\"widget\" data-widget_type=\"text-editor.default\">\n\t\t\t\t\t\t\t\t\t<p style=\"text-align: center;\"><span style=\"font-size: 10pt;\">Publicado el 1 de julio de 2020<\/span><\/p>\t\t\t\t\t\t\t\t<\/div>\n\t\t\t\t<div class=\"elementor-element elementor-element-7acc5a2 elementor-align-center elementor-widget elementor-widget-button\" data-id=\"7acc5a2\" data-element_type=\"widget\" data-e-type=\"widget\" data-widget_type=\"button.default\">\n\t\t\t\t\t\t\t\t\t\t<a class=\"elementor-button elementor-button-link elementor-size-sm\" href=\"https:\/\/garymcavoy.com\/store\/the-magdalene-deception\/\">\n\t\t\t\t\t\t<span class=\"elementor-button-content-wrapper\">\n\t\t\t\t\t\t\t\t\t<span class=\"elementor-button-text\">COMPRAR EL LIBRO<\/span>\n\t\t\t\t\t<\/span>\n\t\t\t\t\t<\/a>\n\t\t\t\t\t\t\t\t<\/div>\n\t\t\t\t<div class=\"elementor-element elementor-element-6e7749b elementor-align-center elementor-widget elementor-widget-button\" data-id=\"6e7749b\" data-element_type=\"widget\" data-e-type=\"widget\" data-widget_type=\"button.default\">\n\t\t\t\t\t\t\t\t\t\t<a class=\"elementor-button elementor-button-link elementor-size-sm\" href=\"https:\/\/garymcavoy.com\/books-reviews\/the-magdalene-deception\/the-magdalene-deception-excerpt\/\" target=\"_blank\">\n\t\t\t\t\t\t<span class=\"elementor-button-content-wrapper\">\n\t\t\t\t\t\t\t\t\t<span class=\"elementor-button-text\">LEER MUESTRA<\/span>\n\t\t\t\t\t<\/span>\n\t\t\t\t\t<\/a>\n\t\t\t\t\t\t\t\t<\/div>\n\t\t\t\t<div class=\"elementor-element elementor-element-0adebeb elementor-align-center elementor-widget elementor-widget-button\" data-id=\"0adebeb\" data-element_type=\"widget\" data-e-type=\"widget\" data-widget_type=\"button.default\">\n\t\t\t\t\t\t\t\t\t\t<a class=\"elementor-button elementor-button-link elementor-size-sm\" href=\"https:\/\/garymcavoy.com\/wp-content\/uploads\/2021\/06\/Magdalene-Deception_Webclip.mp3\">\n\t\t\t\t\t\t<span class=\"elementor-button-content-wrapper\">\n\t\t\t\t\t\t\t\t\t<span class=\"elementor-button-text\">\u25b6\ufe0e ESCUCHA UN EXTRACTO<\/span>\n\t\t\t\t\t<\/span>\n\t\t\t\t\t<\/a>\n\t\t\t\t\t\t\t\t<\/div>\n\t\t\t\t<div class=\"elementor-element elementor-element-65dc1ab elementor-align-center elementor-widget elementor-widget-button\" data-id=\"65dc1ab\" data-element_type=\"widget\" data-e-type=\"widget\" data-widget_type=\"button.default\">\n\t\t\t\t\t\t\t\t\t\t<a class=\"elementor-button elementor-button-link elementor-size-sm\" href=\"https:\/\/garymcavoy.com\/wp-content\/uploads\/2024\/06\/Magdalene-Deception-Sell-Sheet.pdf\" target=\"_blank\">\n\t\t\t\t\t\t<span class=\"elementor-button-content-wrapper\">\n\t\t\t\t\t\t\t\t\t<span class=\"elementor-button-text\">DESCARGAR HOJA DE VENTA<\/span>\n\t\t\t\t\t<\/span>\n\t\t\t\t\t<\/a>\n\t\t\t\t\t\t\t\t<\/div>\n\t\t\t\t\t<\/div>\n\t\t<\/div>\n\t\t\t\t\t<\/div>\n\t\t<\/section>\n\t\t\t\t<div class=\"elementor-element elementor-element-75cb2e3 elementor-widget elementor-widget-spacer\" data-id=\"75cb2e3\" data-element_type=\"widget\" data-e-type=\"widget\" data-widget_type=\"spacer.default\">\n\t\t\t\t\t\t\t<div class=\"elementor-spacer\">\n\t\t\t<div class=\"elementor-spacer-inner\"><\/div>\n\t\t<\/div>\n\t\t\t\t\t\t<\/div>\n\t\t\t\t<div class=\"elementor-element elementor-element-8e44f45 elementor-widget-divider--view-line elementor-widget elementor-widget-divider\" data-id=\"8e44f45\" data-element_type=\"widget\" data-e-type=\"widget\" data-widget_type=\"divider.default\">\n\t\t\t\t\t\t\t<div class=\"elementor-divider\">\n\t\t\t<span class=\"elementor-divider-separator\">\n\t\t\t\t\t\t<\/span>\n\t\t<\/div>\n\t\t\t\t\t\t<\/div>\n\t\t\t\t<section data-particle_enable=\"false\" data-particle-mobile-disabled=\"false\" class=\"elementor-section elementor-inner-section elementor-element elementor-element-7e4b8cd elementor-section-boxed elementor-section-height-default elementor-section-height-default\" data-id=\"7e4b8cd\" data-element_type=\"section\" data-e-type=\"section\">\n\t\t\t\t\t\t<div class=\"elementor-container elementor-column-gap-default\">\n\t\t\t\t\t<div class=\"elementor-column elementor-col-50 elementor-inner-column elementor-element elementor-element-ed8ec7c\" data-id=\"ed8ec7c\" data-element_type=\"column\" data-e-type=\"column\">\n\t\t\t<div class=\"elementor-widget-wrap elementor-element-populated\">\n\t\t\t\t\t\t<div class=\"elementor-element elementor-element-836f1ee elementor-widget elementor-widget-heading\" data-id=\"836f1ee\" data-element_type=\"widget\" data-e-type=\"widget\" data-widget_type=\"heading.default\">\n\t\t\t\t\t<h2 class=\"elementor-heading-title elementor-size-default\">Ver el trailer del libro<\/h2>\t\t\t\t<\/div>\n\t\t\t\t<div class=\"elementor-element elementor-element-2de2ed6 elementor-widget elementor-widget-video\" data-id=\"2de2ed6\" data-element_type=\"widget\" data-e-type=\"widget\" data-settings=\"{&quot;video_type&quot;:&quot;hosted&quot;,&quot;controls&quot;:&quot;yes&quot;}\" data-widget_type=\"video.default\">\n\t\t\t\t\t\t\t<div class=\"e-hosted-video elementor-wrapper elementor-open-inline\">\n\t\t\t\t\t<video class=\"elementor-video\" src=\"https:\/\/garymcavoy.com\/wp-content\/uploads\/2025\/10\/The-Magdalene-Deception-Book-1.2-3.mp4\" controls=\"\" preload=\"metadata\" controlsList=\"nodownload\"><\/video>\n\t\t\t\t<\/div>\n\t\t\t\t\t\t<\/div>\n\t\t\t\t<div class=\"elementor-element elementor-element-2d7ea94 elementor-widget elementor-widget-heading\" data-id=\"2d7ea94\" data-element_type=\"widget\" data-e-type=\"widget\" data-widget_type=\"heading.default\">\n\t\t\t\t\t<h2 class=\"elementor-heading-title elementor-size-default\">Selectas rese\u00f1as para \"El enga\u00f1o de la Magdalena\"<\/h2>\t\t\t\t<\/div>\n\t\t\t\t<div class=\"elementor-element elementor-element-67514ea elementor-widget elementor-widget-text-editor\" data-id=\"67514ea\" data-element_type=\"widget\" data-e-type=\"widget\" data-widget_type=\"text-editor.default\">\n\t\t\t\t\t\t\t\t\t<p>&#8220;&#8230; una novela extremadamente pulida, f\u00e1cil de leer, muy did\u00e1ctica, con una investigaci\u00f3n hist\u00f3rica rigurosa y un sentido del lugar rico y v\u00edvido.<strong>&#8211; LA LISTA NEGRA<\/strong><\/p><p>&#8220;En este apasionante thriller conspirativo, McAvoy aplica su amor por los manuscritos antiguos y los documentos hist\u00f3ricos para tejer una historia que abarca desde los primeros tiempos de la Iglesia cat\u00f3lica hasta el presente . . . El contexto hist\u00f3rico de bienvenida est\u00e1 salpicado por toda la novela, que incluye v\u00edvidas descripciones de celebraciones del mundo real, profec\u00edas inspiradas en la historia, textos antiguos [y] poemas \u00e9picos. . . Cada detalle ha sido cuidadosamente curado para sumergir al lector en la historia, y McAvoy se asegura de dejar un respiro para que los lectores absorban cada nuevo dato. Los ricos escenarios, elegantemente descritos a trav\u00e9s de la arquitectura y las antig\u00fcedades, anclan al lector en el tiempo y el lugar. El ritmo coherente complementa la narraci\u00f3n. . . Esta historia rebosa intriga, peligro y lucha por el alma de una religi\u00f3n. Impregnado de intrigas vaticanas y de la Segunda Guerra Mundial, este thriller rico en historia atraer\u00e1 a lectores deseosos de desentra\u00f1ar conspiraciones y explorar el pasado.&#8221;  <b>&#8211; PUBLISHERS WEEKLY\/BOOKLIFE<\/b><\/p><p style=\"text-align: left;\">&#8220;Es una novela bien escrita que, a pesar de lo sombr\u00edo de lo que est\u00e1 en juego, es m\u00e1s entretenida que aterradora, m\u00e1s James Bond que Philip Marlowe. Tienes la sensaci\u00f3n de estar bajo el hechizo de un escritor demasiado digno para detenerse mucho tiempo en los rincones oscuros de sus antagonistas. Pero cree que debes saber que el mal existe&#8221;. <strong>&#8211; KEVIN HELLIKER, autor ganador del Premio Pulitzer y ex redactor jefe de <em>The Wall Street Journal<\/em><\/strong><\/p><hr><p><em>&#8220;El<\/em> firme thriller de Gary McAvoy, ambientado en el Vaticano, <em>El Enga\u00f1o de la Magdalena<\/em> es un apasionante thriller dirigido por los misterios de la Iglesia. Repleto de detalles sobre la naturaleza del trabajo de archivo, es tambi\u00e9n un retrato cristalino de la persistencia.&#8221; <strong>&#8211; <em>PR\u00d3LOGO<\/em> CLARION REVIEWS<\/strong><\/p><hr><p>&#8220;La novela de McAvoy tiene un ritmo r\u00e1pido y est\u00e1 bien tramada. [La prosa de McAvoy es clara y directa, e impulsa la novela con rapidez. Brilla al describir los lugares de la novela, incluido el ambiente dentro del Vaticano&#8230;. <em>El Enga\u00f1o de la Magdalena<\/em> es un thriller vaticano entretenido y original, con un h\u00e9roe atractivo, un escenario v\u00edvido y unas circunstancias llenas de suspense.&#8221; <strong>&#8211; PREMIO BOOKLIFE 2020<\/strong>  <\/p><hr><p>&#8220;Este es uno de esos libros que empiezas a leer por la noche y decides faltar al trabajo al d\u00eda siguiente para poder leer toda la noche. Es una mezcla magistral de historia real y actualidad. Varias veces dej\u00e9 el libro para hacer una b\u00fasqueda en Internet y confirmar que lo que escrib\u00eda el autor, Gary McAvoy, pod\u00eda ser cierto. Y vaya si recib\u00ed una lecci\u00f3n de historia sobre la Inquisici\u00f3n y la Segunda Guerra Mundial. Es evidente que McAvoy es un estudioso de la historia y ha tejido h\u00e1bilmente un relato que comenz\u00f3 hace mil a\u00f1os y contin\u00faa en este milenio. Su atenci\u00f3n al detalle y su magn\u00edfica escritura (y su excelente dominio del idioma) pintan v\u00edvidamente un cuadro que hace volar tu propia imaginaci\u00f3n&#8221;.<span style=\"font-family: var( --e-global-typography-text-font-family ), Sans-serif; letter-spacing: 0em;\">  <\/span><strong style=\"font-family: var( --e-global-typography-text-font-family ), Sans-serif; letter-spacing: 0em;\">&#8211; GREGORY McDONALD, cr\u00edtico de Amazon<\/strong><\/p><hr><p>&#8220;Exquisitamente escrito y muy entretenido, <em>El Enga\u00f1o de la Magdalena<\/em> es un misterio de investigaci\u00f3n en una l\u00ednea muy similar a <em>El C\u00f3digo DaVinci<\/em>&#8230; La verdadera cualidad de este libro es el propio autor: la escritura es soberbia. McAvoy presta una atenci\u00f3n sobresaliente a los detalles, y los escenarios que teje son v\u00edvidos, coloridos y aut\u00e9nticos; este autor trata a su p\u00fablico como inteligente y atento, y esto siempre es enormemente beneficioso para cualquier escritor. Adem\u00e1s de ser un historiador evidentemente bien formado, McAvoy tambi\u00e9n sabe lo que hace en cuanto a las redes de informaci\u00f3n de hoy en d\u00eda y la tecnolog\u00eda que se utiliza actualmente junto con las pr\u00e1cticas y costumbres antiguas <strong>&#8230;&#8221; &#8211; MATT McAVOY BOOK REVIEWS (UK)<\/strong><em>(Sin relaci\u00f3n con el autor<\/em>)  <\/p><p><span style=\"color: var( --e-global-color-text ); font-family: var( --e-global-typography-text-font-family ), Sans-serif; letter-spacing: 0em; background-color: var(--ignition-body-background-color);\">&#8220;Un gran thriller que entrelaza numerosas l\u00edneas argumentales con eficacia. Recomendado a los amantes de un buen thriller con implicaciones hist\u00f3ricas, as\u00ed como al lector que disfrute con la pol\u00edtica vaticana y cat\u00f3lica. McAvoy crea una historia maravillosa que nunca deja de construirse. Haciendo malabarismos con cuestiones modernas y antiguas de la Iglesia, McAvoy no pierde al lector en ning\u00fan momento, pues su escritura es tan clara que el lector atento probablemente querr\u00e1 m\u00e1s.&#8221; <\/span><strong style=\"color: var( --e-global-color-text ); font-family: var( --e-global-typography-text-font-family ), Sans-serif; letter-spacing: 0em;\">&#8211; MATT PECHEY, Reedsy Discovery<\/strong><\/p><hr><p>&#8220;Este libro fue absolutamente fant\u00e1stico. El tema estaba claramente bien documentado, los personajes eran convincentes y me gust\u00f3 que la autora no tomara el camino m\u00e1s f\u00e1cil a medida que los personajes desarrollaban su qu\u00edmica. Los dos primeros cap\u00edtulos fueron m\u00e1s lentos que los de un thriller t\u00edpico, pero no lo considero algo malo. Estaba claro que la autora se estaba tomando su tiempo para dar forma a lo que el lector necesitaba saber. Una combusti\u00f3n lenta quema igual de caliente. La acci\u00f3n aument\u00f3 y segu\u00ed pasando las p\u00e1ginas hasta que se acab\u00f3 y me qued\u00e9 con ganas de mucho m\u00e1s. Hab\u00eda un indicio de que la historia continuar\u00e1 con los personajes, y si es as\u00ed, la seguir\u00e9. Es dif\u00edcil no comparar historias como \u00e9sta con las que se hicieron tan populares, pero descubr\u00ed que este libro me gustaba mucho m\u00e1s que <em>El C\u00f3digo Da Vinci<\/em> de Dan Brown.&#8221; <strong>&#8211; KIM CHEEL, cr\u00edtica de NetGalley<\/strong>       <\/p><hr><p>&#8220;Si, como a m\u00ed, te parece interesante el concepto de archivos vaticanos secretos y misteriosos y una larga y tumultuosa historia religiosa, mezclados con personajes fuertes y dilemas morales, entonces este libro es para ti&#8230; Para m\u00ed, \u00e9ste es el mayor punto fuerte del libro, el tiempo dedicado a desarrollar a los personajes y, al mismo tiempo, dejarme llevar por el viaje con ellos de una forma que me hizo muy dif\u00edcil dejar de leer.&#8221; <strong>&#8211; SANTINO DECARO, Revisor de NetGalley<\/strong><\/p>\t\t\t\t\t\t\t\t<\/div>\n\t\t\t\t\t<\/div>\n\t\t<\/div>\n\t\t\t\t<div class=\"elementor-column elementor-col-50 elementor-inner-column elementor-element elementor-element-e36a8ed\" data-id=\"e36a8ed\" data-element_type=\"column\" data-e-type=\"column\">\n\t\t\t<div class=\"elementor-widget-wrap elementor-element-populated\">\n\t\t\t\t\t\t<div class=\"elementor-element elementor-element-8a20399 elementor-widget elementor-widget-image\" data-id=\"8a20399\" data-element_type=\"widget\" data-e-type=\"widget\" data-widget_type=\"image.default\">\n\t\t\t\t\t\t\t\t\t\t\t\t\t\t\t<img decoding=\"async\" src=\"https:\/\/garymcavoy.com\/wp-content\/uploads\/elementor\/thumbs\/AmazonReviewsButton-q9flefbw4ricwhg2259rl1zjk8qi188tlxqr8vrvoe.jpg\" title=\"Rese\u00f1as en Amazon\" alt=\"Rese\u00f1as en Amazon\" loading=\"lazy\" \/>\t\t\t\t\t\t\t\t\t\t\t\t\t\t\t<\/div>\n\t\t\t\t<div class=\"elementor-element elementor-element-50e1bf2 elementor-widget elementor-widget-html\" data-id=\"50e1bf2\" data-element_type=\"widget\" data-e-type=\"widget\" data-widget_type=\"html.default\">\n\t\t\t\t\t<script src=\"https:\/\/static.elfsight.com\/platform\/platform.js\" data-use-service-core=\"\" defer><\/script>\n<div class=\"elfsight-app-dce7703e-4213-4289-a8fa-6a1d26eed77b\"><\/div>\t\t\t\t<\/div>\n\t\t\t\t\t<\/div>\n\t\t<\/div>\n\t\t\t\t\t<\/div>\n\t\t<\/section>\n\t\t\t\t<div class=\"elementor-element elementor-element-94af45c elementor-widget elementor-widget-spacer\" data-id=\"94af45c\" data-element_type=\"widget\" data-e-type=\"widget\" data-widget_type=\"spacer.default\">\n\t\t\t\t\t\t\t<div class=\"elementor-spacer\">\n\t\t\t<div class=\"elementor-spacer-inner\"><\/div>\n\t\t<\/div>\n\t\t\t\t\t\t<\/div>\n\t\t\t\t\t<\/div>\n\t\t<\/div>\n\t\t\t\t\t<\/div>\n\t\t<\/section>\n\t\t\t\t<section data-particle_enable=\"false\" data-particle-mobile-disabled=\"false\" class=\"elementor-section elementor-top-section elementor-element elementor-element-d818416 elementor-section-boxed elementor-section-height-default elementor-section-height-default\" data-id=\"d818416\" data-element_type=\"section\" data-e-type=\"section\">\n\t\t\t\t\t\t<div class=\"elementor-container elementor-column-gap-default\">\n\t\t\t\t\t<div class=\"elementor-column elementor-col-66 elementor-top-column elementor-element elementor-element-727f211\" data-id=\"727f211\" data-element_type=\"column\" data-e-type=\"column\">\n\t\t\t<div class=\"elementor-widget-wrap\">\n\t\t\t\t\t\t\t<\/div>\n\t\t<\/div>\n\t\t\t\t<div class=\"elementor-column elementor-col-33 elementor-top-column elementor-element elementor-element-da6093e\" data-id=\"da6093e\" data-element_type=\"column\" data-e-type=\"column\">\n\t\t\t<div class=\"elementor-widget-wrap\">\n\t\t\t\t\t\t\t<\/div>\n\t\t<\/div>\n\t\t\t\t\t<\/div>\n\t\t<\/section>\n\t\t\t\t<\/div>\n\t\t","protected":false},"excerpt":{"rendered":"<p>El enga\u00f1o de la Magdalena Libro 1 de Las Cr\u00f3nicas de la Magdalena Un secreto prohibido . . . El destino de la Iglesia en la balanza . . . \u00bfSacar\u00e1n a la luz un [&hellip;]<\/p>\n","protected":false},"author":1,"featured_media":0,"parent":12502,"menu_order":0,"comment_status":"closed","ping_status":"closed","template":"template\/page\/fullwidth.php","meta":{"iawp_total_views":1,"footnotes":""},"class_list":["post-12582","page","type-page","status-publish","hentry"],"_links":{"self":[{"href":"https:\/\/garymcavoy.com\/es\/wp-json\/wp\/v2\/pages\/12582","targetHints":{"allow":["GET"]}}],"collection":[{"href":"https:\/\/garymcavoy.com\/es\/wp-json\/wp\/v2\/pages"}],"about":[{"href":"https:\/\/garymcavoy.com\/es\/wp-json\/wp\/v2\/types\/page"}],"author":[{"embeddable":true,"href":"https:\/\/garymcavoy.com\/es\/wp-json\/wp\/v2\/users\/1"}],"replies":[{"embeddable":true,"href":"https:\/\/garymcavoy.com\/es\/wp-json\/wp\/v2\/comments?post=12582"}],"version-history":[{"count":0,"href":"https:\/\/garymcavoy.com\/es\/wp-json\/wp\/v2\/pages\/12582\/revisions"}],"up":[{"embeddable":true,"href":"https:\/\/garymcavoy.com\/es\/wp-json\/wp\/v2\/pages\/12502"}],"wp:attachment":[{"href":"https:\/\/garymcavoy.com\/es\/wp-json\/wp\/v2\/media?parent=12582"}],"curies":[{"name":"wp","href":"https:\/\/api.w.org\/{rel}","templated":true}]}}