{"id":12601,"date":"2020-08-01T22:12:33","date_gmt":"2020-08-02T05:12:33","guid":{"rendered":"https:\/\/garymcavoy.com\/condiciones-de-uso-politica-de-privacidad-aviso-dmca-enlaces-afiliados\/"},"modified":"2025-12-10T14:37:47","modified_gmt":"2025-12-10T22:37:47","slug":"condiciones-de-uso-politica-de-privacidad-aviso-dmca-enlaces-afiliados","status":"publish","type":"page","link":"https:\/\/garymcavoy.com\/es\/condiciones-de-uso-politica-de-privacidad-aviso-dmca-enlaces-afiliados\/","title":{"rendered":"Condiciones de uso &#8211; Pol\u00edtica de privacidad &#8211; Aviso DMCA &#8211; Enlaces afiliados"},"content":{"rendered":"\t\t<div data-elementor-type=\"wp-page\" data-elementor-id=\"12601\" class=\"elementor elementor-12601 elementor-3\" data-elementor-post-type=\"page\">\n\t\t\t\t\t\t<section data-particle_enable=\"false\" data-particle-mobile-disabled=\"false\" class=\"elementor-section elementor-top-section elementor-element elementor-element-48c5db27 elementor-section-boxed elementor-section-height-default elementor-section-height-default\" data-id=\"48c5db27\" data-element_type=\"section\" data-e-type=\"section\">\n\t\t\t\t\t\t<div class=\"elementor-container elementor-column-gap-default\">\n\t\t\t\t\t<div class=\"elementor-column elementor-col-100 elementor-top-column elementor-element elementor-element-31a29e5f\" data-id=\"31a29e5f\" data-element_type=\"column\" data-e-type=\"column\">\n\t\t\t<div class=\"elementor-widget-wrap elementor-element-populated\">\n\t\t\t\t\t\t<div class=\"elementor-element elementor-element-7cfdac8 elementor-widget elementor-widget-text-editor\" data-id=\"7cfdac8\" data-element_type=\"widget\" data-e-type=\"widget\" data-widget_type=\"text-editor.default\">\n\t\t\t\t\t\t\t\t\t<div><div><div><h2>Condiciones de uso<\/h2><h3>Introducci\u00f3n<\/h3><p>Estos T\u00e9rminos y Condiciones Est\u00e1ndar del Sitio Web (estos &#8220;T\u00e9rminos&#8221; o estos &#8220;T\u00e9rminos y Condiciones Est\u00e1ndar del Sitio Web&#8221;) contenidos en esta p\u00e1gina web, regir\u00e1n tu uso de este sitio web, incluyendo todas las p\u00e1ginas dentro de este sitio web (denominadas colectivamente en adelante este &#8220;Sitio Web&#8221;). Estas Condiciones se aplican en pleno vigor y efecto a tu uso de este Sitio Web y, al utilizar este Sitio Web, aceptas expresamente todos los t\u00e9rminos y condiciones aqu\u00ed contenidos en su totalidad. No debes utilizar este Sitio Web si tienes alguna objeci\u00f3n a cualquiera de estos T\u00e9rminos y Condiciones Est\u00e1ndar del Sitio Web.  <\/p><p>Este Sitio Web no es para uso de menores (definidos como aquellos que no tienen al menos 18 a\u00f1os de edad), y no debes utilizar este Sitio Web si eres menor de edad.<\/p><h3>Derechos de Propiedad Intelectual<\/h3><p>Aparte del contenido de tu propiedad, que puedas haber optado por incluir en este Sitio Web, en virtud de estas Condiciones, Empraxis LLC y\/o sus licenciantes poseen todos los derechos sobre la propiedad intelectual y el material contenido en este Sitio Web, y todos esos derechos est\u00e1n reservados.<\/p><p style=\"text-align: left;\">S\u00f3lo se te concede una licencia limitada, sujeta a las restricciones establecidas en estas Condiciones, para ver el material contenido en este Sitio Web.<\/p><h3>Restricciones de uso de la IA Generativa<\/h3><p>El uso de tecnolog\u00eda de IA generativa, incluyendo pero no limit\u00e1ndose a sistemas de inteligencia artificial como GPT, BERT u otros modelos similares, est\u00e1 estrictamente prohibido al interactuar o utilizar nuestro Sitio Web. Aceptas no hacerlo: <\/p><ul><li>Emplear tecnolog\u00eda de IA generativa para crear, modificar o distribuir contenidos en o a trav\u00e9s de nuestro Sitio Web;<\/li><li>Utilizar tecnolog\u00eda de IA generativa para suplantar la identidad de otros usuarios o entidades, o para enga\u00f1ar o manipular a otros;<\/li><li>Eludir cualquier limitaci\u00f3n o restricci\u00f3n que hayamos impuesto al uso de la tecnolog\u00eda de IA generativa;<\/li><li>Ayudar, animar o permitir que otros utilicen la tecnolog\u00eda de IA generativa infringiendo estas Condiciones.<\/li><\/ul><h3 style=\"text-align: left;\">Restricciones<\/h3><\/div><p style=\"text-align: left;\">Est\u00e1s expresa y enf\u00e1ticamente restringido de todo lo siguiente:<\/p><div><ul><li>publicar cualquier material del Sitio Web en cualquier medio;<\/li><li>vender, sublicenciar y\/o comercializar de cualquier otro modo cualquier material del Sitio Web;<\/li><li>representar y\/o mostrar p\u00fablicamente cualquier material del Sitio Web;<\/li><li>utilizar este Sitio Web de cualquier forma que sea, o pueda ser, perjudicial para este Sitio Web;<\/li><li>utilizar este Sitio Web de cualquier forma que afecte al acceso de los usuarios a este Sitio Web;<\/li><li>utilizar este Sitio Web de forma contraria a las leyes y reglamentos aplicables, o de forma que cause o pueda causar da\u00f1os al Sitio Web, o a cualquier persona o entidad comercial;<\/li><li>participar en cualquier actividad de miner\u00eda de datos, recolecci\u00f3n de datos, extracci\u00f3n de datos o cualquier otra actividad similar en relaci\u00f3n con este Sitio Web, o mientras utilices este Sitio Web;<\/li><li>utilizar este Sitio Web para realizar cualquier tipo de publicidad o marketing.<\/li><\/ul><p>Ciertas \u00e1reas de este Sitio Web est\u00e1n restringidas al acceso por tu parte y Empraxis LLC puede restringir a\u00fan m\u00e1s el acceso por tu parte a cualquier \u00e1rea de este Sitio Web, en cualquier momento, a su entera y absoluta discreci\u00f3n. Cualquier ID de usuario y contrase\u00f1a que puedas tener para este Sitio Web son confidenciales y debes mantener la confidencialidad de dicha informaci\u00f3n. <\/p><h3>Sin garant\u00edas<\/h3><p>Este Sitio Web se proporciona &#8220;tal cual&#8221;, con todos los defectos, y Empraxis LLC no hace representaciones o garant\u00edas expresas o impl\u00edcitas, de ning\u00fan tipo relacionadas con este Sitio Web o los materiales contenidos en el mismo. Adem\u00e1s, nada de lo contenido en este Sitio Web se interpretar\u00e1 como una consulta o asesoramiento para ti. <\/p><h3>Limitaci\u00f3n de responsabilidad<\/h3><p>En ning\u00fan caso Empraxis LLC, ni ninguno de sus directivos, directores y empleados, ser\u00e1n responsables ante ti por nada que se derive o est\u00e9 relacionado de alg\u00fan modo con tu uso de este Sitio Web, ya sea dicha responsabilidad contractual, extracontractual o de otro tipo, y Empraxis LLC, incluidos sus directivos, directores y empleados, no ser\u00e1n responsables de ninguna responsabilidad indirecta, consecuente o especial que se derive o est\u00e9 relacionada de alg\u00fan modo con tu uso de este Sitio Web.<\/p><h3>Indemnizaci\u00f3n<\/h3><p>Por la presente, indemnizas en la mayor medida posible a Empraxis LLC de y contra cualquier responsabilidad, coste, demanda, causa de acci\u00f3n, da\u00f1os y gastos (incluidos los honorarios razonables de abogados) que surjan de o est\u00e9n relacionados de alg\u00fan modo con el incumplimiento por tu parte de cualquiera de las disposiciones de estas Condiciones.<\/p><h3>Divisibilidad<\/h3><p>Si alguna de las disposiciones de estas Condiciones resultara inaplicable o inv\u00e1lida en virtud de cualquier ley aplicable, dicha inaplicabilidad o invalidez no har\u00e1 que estas Condiciones resulten inaplicables o inv\u00e1lidas en su conjunto, y dichas disposiciones se eliminar\u00e1n sin que ello afecte a las disposiciones restantes del presente documento.<\/p><h3>Variaci\u00f3n de t\u00e9rminos<\/h3><p>Empraxis LLC est\u00e1 autorizada a revisar estas Condiciones en cualquier momento si lo considera oportuno, y al utilizar este Sitio Web se espera que revises dichas Condiciones de forma regular para asegurarte de que comprendes todos los t\u00e9rminos y condiciones que rigen el uso de este Sitio Web.<\/p><h3>Asignaci\u00f3n<\/h3><p>Empraxis LLC podr\u00e1 ceder, transferir y subcontratar sus derechos y\/u obligaciones en virtud de las presentes Condiciones sin necesidad de notificaci\u00f3n o consentimiento alguno. Sin embargo, a ti no se te permitir\u00e1 ceder, transferir o subcontratar ninguno de tus derechos y\/u obligaciones en virtud de estas Condiciones. <\/p><h3>Acuerdo completo<\/h3><p>Estas Condiciones, incluidos los avisos legales y las exenciones de responsabilidad contenidas en este Sitio Web, constituyen el acuerdo completo entre Empraxis LLC y t\u00fa en relaci\u00f3n con tu uso de este Sitio Web, y sustituyen a todos los acuerdos y entendimientos anteriores con respecto al mismo.<\/p><h3>Ley aplicable y jurisdicci\u00f3n<\/h3><p>Estas Condiciones se regir\u00e1n e interpretar\u00e1n de acuerdo con las leyes del Estado de Washington, y te sometes a la jurisdicci\u00f3n no exclusiva de los tribunales estatales y federales ubicados en Washington para la resoluci\u00f3n de cualquier disputa.<\/p><p><em>\u00daltima actualizaci\u00f3n: 6 de mayo de 2023<\/em><\/p><hr><h1 style=\"text-align: center;\">Pol\u00edtica de privacidad<\/h1><p>Este Sitio Web es propiedad y est\u00e1 gestionado por Empraxis, LLC (&#8220;Empraxis&#8221;, &#8220;nosotros&#8221; y &#8220;nuestro&#8221;). Todas las referencias a &#8220;Empraxis&#8221; en este documento significan Empraxis LLC, una Sociedad de Responsabilidad Limitada del Estado de Washington. Tu privacidad y confianza son muy importantes para nosotros. El prop\u00f3sito de esta Pol\u00edtica de Privacidad es describir c\u00f3mo Empraxis recopila, utiliza y comparte la informaci\u00f3n que se recoge sobre ti a trav\u00e9s de nuestro Sitio Web. Lee atentamente esta Pol\u00edtica de Privacidad para comprender lo que hacemos y c\u00f3mo tratamos la informaci\u00f3n que recopilamos sobre ti a trav\u00e9s del Sitio Web. Al utilizar el Sitio Web, aceptas las pr\u00e1cticas descritas en esta Pol\u00edtica de Privacidad. Si tienes alguna pregunta o comentario sobre esta Pol\u00edtica de Privacidad, ponte en contacto con nosotros en <span \n                data-original-string='8+WsziylW8bNWAfkbJx1fg==a493+8iDxwaC1TmCISAxJDYHzHPextyGQhqlzzhv42BY6A='\n                class='apbct-email-encoder'\n                title='Este contacto ha sido codificado por Anti-Spam by CleanTalk. Haz clic para decodificar. Para finalizar la decodificaci\u00f3n, aseg\u00farate de que JavaScript est\u00e1 activado en tu navegador.'>in<span class=\"apbct-blur\">**<\/span>@<span class=\"apbct-blur\">********<\/span>oy.com<\/span>.      <\/p><h3>\u00bfQu\u00e9 informaci\u00f3n recogemos?<\/h3><p>Recogemos informaci\u00f3n sobre ti cuando te registras en este Sitio Web, haces un pedido, participas en un concurso o sorteo, respondes a una encuesta o comunicaci\u00f3n como el correo electr\u00f3nico, o participas en otra funci\u00f3n del sitio.<\/p><p>Al hacer un pedido o registrarte, podemos pedirte tu nombre, direcci\u00f3n de correo electr\u00f3nico, direcci\u00f3n postal, n\u00famero de tel\u00e9fono, datos de la tarjeta de cr\u00e9dito u otra informaci\u00f3n. Sin embargo, puedes visitar nuestro Sitio Web de forma an\u00f3nima, excepto cuando inicies sesi\u00f3n y accedas a material restringido como usuario registrado. <\/p><p>Como muchos sitios web, utilizamos &#8220;cookies&#8221; para mejorar tu experiencia y recopilar informaci\u00f3n sobre los visitantes y las visitas a nuestro Sitio Web. Consulta la secci\u00f3n &#8220;\u00bfUtilizamos &#8220;cookies&#8221;?&#8221; m\u00e1s abajo para obtener informaci\u00f3n sobre las &#8220;cookies&#8221; y c\u00f3mo las utilizamos. <\/p><h3>\u00bfC\u00f3mo utilizamos tu informaci\u00f3n?<\/h3><p>Podemos utilizar la informaci\u00f3n que recopilamos de ti cuando te registras, compras productos, participas en un concurso o promoci\u00f3n, respondes a una encuesta o comunicaci\u00f3n de marketing, ves cualquier p\u00e1gina del Sitio Web o utilizas otras funciones del Sitio Web de las siguientes formas:<\/p><ul><li>Para personalizar tu experiencia en el Sitio Web y permitirnos ofrecerte el tipo de contenido y ofertas de productos que m\u00e1s te interesan.<\/li><li>Para permitirnos prestarte un mejor servicio al responder a tus solicitudes de asistencia.<\/li><li>Para procesar r\u00e1pidamente tus transacciones.<\/li><li>Para administrar un concurso, promoci\u00f3n, encuesta u otra funci\u00f3n del Sitio Web.<\/li><\/ul><p>Si has optado por recibir nuestro bolet\u00edn de noticias por correo electr\u00f3nico, podemos enviarte correos electr\u00f3nicos peri\u00f3dicos. Si no deseas seguir recibiendo correos electr\u00f3nicos promocionales nuestros, consulta la secci\u00f3n &#8220;\u00bfC\u00f3mo puedes excluirte, eliminar o modificar la informaci\u00f3n que nos has proporcionado?&#8221; m\u00e1s abajo. Si no has optado por recibir boletines por correo electr\u00f3nico, no recibir\u00e1s estos correos. Los visitantes que se registren o participen en otras funciones del sitio, como los programas de marketing, podr\u00e1n elegir si desean estar en nuestra lista de correo electr\u00f3nico y recibir comunicaciones nuestras por correo electr\u00f3nico.   <\/p><h3>\u00bfC\u00f3mo protegemos la informaci\u00f3n de los visitantes?<\/h3><p>Aplicamos diversas medidas de seguridad para mantener la seguridad de tu informaci\u00f3n personal. Tu informaci\u00f3n personal est\u00e1 contenida detr\u00e1s de redes seguras y s\u00f3lo es accesible por un n\u00famero limitado de personas que tienen derechos especiales de acceso a dichos sistemas, y est\u00e1n obligadas a mantener la confidencialidad de la informaci\u00f3n. Cuando realizas pedidos o accedes a tu informaci\u00f3n personal a trav\u00e9s de nuestros socios de procesamiento de pagos, \u00e9stos ofrecen el uso de un servidor seguro. Toda la informaci\u00f3n sensible\/de cr\u00e9dito que facilitas se transmite a trav\u00e9s de la tecnolog\u00eda Secure Socket Layer (SSL) y, a continuaci\u00f3n, se encripta en sus bases de datos para que s\u00f3lo se pueda acceder a ella como se ha indicado anteriormente. No vemos ni conservamos ning\u00fan detalle identificable del m\u00e9todo de pago, ya que todas las transacciones son gestionadas por nuestros procesadores de pagos seguros.    <\/p><h3>Google Analytics<\/h3><p>Tambi\u00e9n se recoge informaci\u00f3n a trav\u00e9s de Google Analytics para ayudar a analizar c\u00f3mo utilizan los usuarios el Sitio Web. La herramienta Google Analytics utiliza &#8220;cookies&#8221;, que son archivos de texto ubicados en tu ordenador, para recopilar informaci\u00f3n de registro est\u00e1ndar de Internet e informaci\u00f3n sobre el comportamiento de los visitantes de forma an\u00f3nima. La informaci\u00f3n generada por la cookie sobre tu uso del Sitio Web (incluida la direcci\u00f3n IP) se transmite a Google. Esta informaci\u00f3n se utiliza para evaluar el uso del Sitio Web por parte de los visitantes y para elaborar informes estad\u00edsticos sobre la actividad del Sitio Web para Empraxis LLC. Para obtener m\u00e1s informaci\u00f3n sobre c\u00f3mo Google Analytics protege tus datos, visita Google.    <\/p><h3>\u00bfUtilizamos &#8220;cookies&#8221;?<\/h3><p>S\u00ed. Las cookies son peque\u00f1os archivos que un sitio web o su proveedor de servicios transfiere a tu ordenador o dispositivo m\u00f3vil a trav\u00e9s de tu navegador web (si permites las cookies) y que permiten a los sistemas del sitio web o del proveedor de servicios reconocer tu navegador y capturar y recordar cierta informaci\u00f3n. Tambi\u00e9n se utilizan para ayudarnos a comprender tus preferencias en funci\u00f3n de la actividad previa o actual en el Sitio Web, lo que nos permite ofrecerte servicios mejorados. Tambi\u00e9n utilizamos cookies para ayudarnos a recopilar datos agregados sobre el tr\u00e1fico y la interacci\u00f3n en el Sitio Web, de modo que podamos ofrecer mejores experiencias y herramientas en el Sitio Web en el futuro.   <\/p><p>Podemos contratar a terceros proveedores de servicios para que nos ayuden a comprender mejor a los visitantes de nuestro Sitio Web. Estos proveedores de servicios no est\u00e1n autorizados a utilizar la informaci\u00f3n recopilada en nuestro nombre excepto para ayudarnos a dirigir y mejorar nuestro negocio. <\/p><p>Puedes elegir que tu ordenador te avise cada vez que se env\u00ede una cookie, o puedes elegir desactivar todas las cookies. Esto se hace a trav\u00e9s de la configuraci\u00f3n de tu navegador (Internet Explorer, Safari, Firefox, Chrome u Opera). Cada navegador es un poco diferente, as\u00ed que consulta el men\u00fa Ayuda de tu navegador para conocer la forma correcta de modificar las cookies. Si desactivas las cookies, es posible que no tengas acceso a muchas funciones que hacen que tu experiencia en el Sitio Web sea m\u00e1s eficiente, y que algunos de nuestros servicios no funcionen correctamente.   <\/p><h3>\u00bfDivulgamos la informaci\u00f3n que recopilamos a terceros?<\/h3><p>No vendemos, comerciamos ni transferimos de ning\u00fan otro modo a terceros tu informaci\u00f3n personal identificable a menos que te lo notifiquemos con antelaci\u00f3n, excepto en los casos descritos a continuaci\u00f3n. El t\u00e9rmino &#8220;partes externas&#8221; no incluye a Empraxis LLC dba GaryMcAvoy.com. Tampoco incluye a los socios de alojamiento del Sitio Web ni a otras partes que nos ayuden a gestionar nuestro Sitio Web, llevar a cabo nuestro negocio o prestarte servicios, siempre que dichas partes se comprometan a mantener la confidencialidad de esta informaci\u00f3n. Tambi\u00e9n podemos divulgar tu informaci\u00f3n cuando creamos que es apropiado para cumplir la ley, hacer cumplir las pol\u00edticas de nuestro Sitio Web o proteger nuestros derechos, propiedad o seguridad o los de otros.   <\/p><p>Sin embargo, la informaci\u00f3n no identificable personalmente del visitante puede ser proporcionada a otras partes para fines de marketing, publicidad u otros usos.<\/p><h3>\u00bfC\u00f3mo puedes excluirte, eliminar o modificar la informaci\u00f3n que nos has proporcionado?<\/h3><p>Para modificar tus suscripciones de correo electr\u00f3nico, s\u00f3lo tienes que seguir las instrucciones que encontrar\u00e1s al final de cualquier bolet\u00edn de suscripci\u00f3n o correo electr\u00f3nico que hayas recibido de nosotros, o enviar un mensaje solicitando la baja a <span \n                data-original-string='88WlrLm7hF291MGg+Imp7Q==a49I7G8\/SYPGOge79PHmM7vCXP4QIg6Feqd4WGiyHul+iU='\n                class='apbct-email-encoder'\n                title='Este contacto ha sido codificado por Anti-Spam by CleanTalk. Haz clic para decodificar. Para finalizar la decodificaci\u00f3n, aseg\u00farate de que JavaScript est\u00e1 activado en tu navegador.'>li<span class=\"apbct-blur\">**<\/span>@<span class=\"apbct-blur\">********<\/span>oy.com<\/span>.<\/p><p>Ten en cuenta que, debido a los calendarios de producci\u00f3n de correos electr\u00f3nicos, es posible que recibas los correos que ya est\u00e1n en producci\u00f3n.<br>Ten en cuenta que podemos conservar informaci\u00f3n sobre una transacci\u00f3n de venta individual para dar servicio a esa transacci\u00f3n y para el mantenimiento de registros.<\/p><h3>Enlaces de terceros<\/h3><p>En un intento de proporcionarte un mayor valor, podemos incluir enlaces de terceros en nuestro Sitio Web. Estos sitios enlazados tienen pol\u00edticas de privacidad separadas e independientes. Por lo tanto, no tenemos responsabilidad alguna por el contenido y las actividades de estos sitios web enlazados. No obstante, tratamos de proteger la integridad de nuestro Sitio Web y agradecemos cualquier comentario sobre estos sitios web enlazados (incluso si un enlace espec\u00edfico no funciona).   <\/p><h3>Enlaces afiliados<\/h3><p>Participamos en el Programa de Asociados de Amazon Services LLC, un programa publicitario de afiliaci\u00f3n dise\u00f1ado para proporcionarnos un medio para ganar comisiones mediante enlaces a Amazon.com y sitios afiliados.  <span style=\"letter-spacing: 0em; background-color: var(--ignition-body-background-color);\">Amazon y el logotipo de Amazon son marcas registradas de Amazon.com, Inc. o sus filiales.<\/span><\/p><h3>Cambios en nuestra pol\u00edtica<\/h3><p>Si decidimos cambiar nuestra pol\u00edtica de privacidad, publicaremos dichos cambios en esta p\u00e1gina. Los cambios en la pol\u00edtica s\u00f3lo se aplicar\u00e1n a la informaci\u00f3n recopilada despu\u00e9s de la fecha del cambio. Esta pol\u00edtica se modific\u00f3 por \u00faltima vez en la fecha indicada a continuaci\u00f3n.  <\/p><h3>Preguntas y comentarios<\/h3><p>Agradecemos tus preguntas, comentarios e inquietudes sobre la privacidad. Por favor, env\u00edanos cualquier comentario relacionado con la privacidad, o con cualquier otro tema, por correo electr\u00f3nico a <span \n                data-original-string='SAxDFqeUMDGGwwyqwQ9WUw==a493EDQwdKOJPcse3+F3tnHJNyl7jvqO742lOpRpL1vNo8='\n                class='apbct-email-encoder'\n                title='Este contacto ha sido codificado por Anti-Spam by CleanTalk. Haz clic para decodificar. Para finalizar la decodificaci\u00f3n, aseg\u00farate de que JavaScript est\u00e1 activado en tu navegador.'>in<span class=\"apbct-blur\">**<\/span>@<span class=\"apbct-blur\">********<\/span>oy.com<\/span>. <\/p><h3>S\u00f3lo Pol\u00edtica Online<\/h3><p>Esta pol\u00edtica de privacidad en l\u00ednea s\u00f3lo se aplica a la informaci\u00f3n recogida a trav\u00e9s de nuestro Sitio Web y no a la informaci\u00f3n recogida fuera de l\u00ednea.<\/p><h3>Tu consentimiento<\/h3><p>Al utilizar nuestro Sitio Web, aceptas nuestra pol\u00edtica de privacidad  <\/p><hr><\/div><\/div><\/div><div><div><div><h1 style=\"text-align: center;\">Aviso DMCA<\/h1><p><strong>Empraxis LLC<\/strong><br><strong>Gary McAvoy &#8211; www.garymcavoy.com<\/strong><\/p><p><strong>Aviso de la Ley de Derechos de Autor del Milenio Digital (DMCA)<\/strong><\/p><p>Empraxis LLC (Empraxis) es propietaria, opera y mantiene www.garymcavoy.com.<\/p><p>Este Sitio sigue las disposiciones de puerto seguro de 17 USC \u00a7 512, tambi\u00e9n conocida como Ley de Derechos de Autor del Milenio Digital (&#8220;DCMA&#8221;). Como tal, Empraxis responder\u00e1 a las notificaciones escritas de infracci\u00f3n de derechos de autor de acuerdo con la DCMA. <\/p><p>Si crees que tus derechos de propiedad intelectual han sido violados por Empraxis o por un tercero que haya proporcionado contenidos en nuestro Sitio, proporciona toda la informaci\u00f3n siguiente al Agente de derechos de autor designado por Empraxis que se indica a continuaci\u00f3n:<\/p><p style=\"padding-left: 40px;\">1. Una descripci\u00f3n de la obra protegida por derechos de autor u otra propiedad intelectual que afirmas que se ha infringido.<\/p><p style=\"padding-left: 40px;\">2. Una descripci\u00f3n de d\u00f3nde se encuentra en el Sitio el material que reclamas que est\u00e1 infringiendo la ley.<\/p><p style=\"padding-left: 40px;\">3. Una direcci\u00f3n, un n\u00famero de tel\u00e9fono y una direcci\u00f3n de correo electr\u00f3nico donde Empraxis pueda ponerse en contacto contigo.<\/p><p style=\"padding-left: 40px;\">4. Una declaraci\u00f3n de que crees de buena fe que el uso no est\u00e1 autorizado por el propietario de los derechos de autor, por otro propietario de derechos de propiedad intelectual o por su agente, o por la ley.<\/p><p style=\"padding-left: 40px;\">5. Una declaraci\u00f3n tuya en la que afirmes, bajo pena de perjurio, que la informaci\u00f3n de tu notificaci\u00f3n es exacta y que eres el propietario de los derechos de autor o de los derechos de propiedad intelectual, o que est\u00e1s autorizado para actuar en nombre del propietario.<\/p><p style=\"padding-left: 40px;\">6. Tu firma electr\u00f3nica o f\u00edsica.<\/p><p>Empraxis puede solicitarte informaci\u00f3n adicional antes de eliminar cualquier material infractor y puede proporcionar a la parte supuestamente infractora tu direcci\u00f3n de correo electr\u00f3nico para que esa persona pueda responder a tus alegaciones.<\/p><p>De conformidad con el T\u00edtulo 17 del C\u00f3digo de los Estados Unidos, Secci\u00f3n 512(2), las notificaciones de supuestas infracciones de derechos de autor deben enviarse al Agente designado de derechos de autor de Empraxis que se indica a continuaci\u00f3n.<\/p><p><span style=\"letter-spacing: 0em; background-color: var(--ignition-body-background-color);\">Agente de derechos de autor designado por Empraxis:<\/span><\/p><p>Gary McAvoy<br>PO Box 5987<br>Bremerton, WA 98312<\/p><\/div><div><\/div><div><p><em>\u00daltima actualizaci\u00f3n: 11 de enero de 2022<\/em><\/p><h2 style=\"text-align: center;\">Aviso de marca<\/h2><p>Gary McAvoy \u00ae es una marca registrada en los archivos de la Oficina de Patentes y Marcas de Estados Unidos.<\/p><\/div><\/div><\/div>\t\t\t\t\t\t\t\t<\/div>\n\t\t\t\t\t<\/div>\n\t\t<\/div>\n\t\t\t\t\t<\/div>\n\t\t<\/section>\n\t\t\t\t<\/div>\n\t\t","protected":false},"excerpt":{"rendered":"<p>Condiciones de uso Introducci\u00f3n Estos T\u00e9rminos y Condiciones Est\u00e1ndar del Sitio Web (estos &#8220;T\u00e9rminos&#8221; o estos &#8220;T\u00e9rminos y Condiciones Est\u00e1ndar del Sitio Web&#8221;) contenidos en esta p\u00e1gina web, regir\u00e1n tu uso de este sitio web, incluyendo todas las p\u00e1ginas dentro de este sitio web (denominadas colectivamente en adelante este &#8220;Sitio [&hellip;]<\/p>\n","protected":false},"author":1,"featured_media":0,"parent":0,"menu_order":0,"comment_status":"closed","ping_status":"open","template":"template\/page\/fullwidth.php","meta":{"iawp_total_views":0,"footnotes":""},"class_list":["post-12601","page","type-page","status-publish","hentry"],"_links":{"self":[{"href":"https:\/\/garymcavoy.com\/es\/wp-json\/wp\/v2\/pages\/12601","targetHints":{"allow":["GET"]}}],"collection":[{"href":"https:\/\/garymcavoy.com\/es\/wp-json\/wp\/v2\/pages"}],"about":[{"href":"https:\/\/garymcavoy.com\/es\/wp-json\/wp\/v2\/types\/page"}],"author":[{"embeddable":true,"href":"https:\/\/garymcavoy.com\/es\/wp-json\/wp\/v2\/users\/1"}],"replies":[{"embeddable":true,"href":"https:\/\/garymcavoy.com\/es\/wp-json\/wp\/v2\/comments?post=12601"}],"version-history":[{"count":0,"href":"https:\/\/garymcavoy.com\/es\/wp-json\/wp\/v2\/pages\/12601\/revisions"}],"wp:attachment":[{"href":"https:\/\/garymcavoy.com\/es\/wp-json\/wp\/v2\/media?parent=12601"}],"curies":[{"name":"wp","href":"https:\/\/api.w.org\/{rel}","templated":true}]}}