{"id":10000,"date":"2023-12-17T16:13:20","date_gmt":"2023-12-18T00:13:20","guid":{"rendered":"https:\/\/garymcavoy.com\/?post_type=product&#038;p=10000"},"modified":"2025-01-23T14:32:11","modified_gmt":"2025-01-23T22:32:11","slug":"le-secret-madeleine-ebook","status":"publish","type":"product","link":"https:\/\/garymcavoy.com\/es\/producto\/le-secret-madeleine-ebook\/","title":{"rendered":"Le secret Madeleine eBook"},"content":{"rendered":"<p>Un secret interdit\u2026 Le destin de l\u2019\u00c9glise en suspens\u2026 Un duo de limiers amateurs r\u00e9v\u00e9lera-t-il une v\u00e9rit\u00e9 qui pourrait bouleverser le monde chr\u00e9tien\u00a0?<\/p>\n<p>La R\u00e9surrection est la pierre angulaire de la foi chr\u00e9tienne. Toutefois, lorsqu\u2019un indice jaillit qui sugg\u00e8re un r\u00e9cit diff\u00e9rent, les cons\u00e9quences pourraient bien changer la chr\u00e9tient\u00e9 \u00e0 jamais.<\/p>\n<p>Le poste du pr\u00eatre Michael Dominic aux l\u00e9gendaires Archives secr\u00e8tes du Vatican l\u2019am\u00e8ne \u00e0 d\u00e9couvrir un papyrus perdu, enseveli dans les sous-sols de Rome\u00a0: les \u00e9crits jusqu\u2019alors inconnus de Marie Madeleine. La r\u00e9v\u00e9lation h\u00e9r\u00e9tique de la relique oubli\u00e9e menace la l\u00e9gitimit\u00e9 m\u00eame du Vatican et confronte Michael \u00e0 des ennemis puissants et impitoyables.<\/p>\n<p>D\u00e9sesp\u00e9r\u00e9, il se tourne vers Hana Sinclair, une journaliste d\u2019investigation qui est habitu\u00e9e \u00e0 s\u2019attaquer aux sujets les plus controvers\u00e9s. Ensemble, ils d\u00e9fient l\u2019\u00e9lite de l\u2019\u00c9glise et se lancent dans une enqu\u00eate dans les zones d\u2019ombre de l\u2019histoire afin de d\u00e9couvrir la v\u00e9rit\u00e9. Alors que la pression monte pour faire taire le duo, le Vatican aura-t-il recours \u00e0 l\u2019impensable pour sauvegarder sa richesse et son pouvoir\u00a0?<\/p>\n<p>Bas\u00e9 sur des faits r\u00e9els, ce thriller international emm\u00e8ne les lecteurs dans une course folle \u00e0 travers les sites sacr\u00e9s d\u2019Europe. Procurez-vous votre exemplaire de ce best-seller et d\u00e9couvrez pourquoi les fans d\u00e9vou\u00e9s de Gary McAvoy disent\u00a0: \u00ab\u00a0Je ne voulais pas que ce livre prenne fin\u00a0!\u00a0\u00bb.<\/p>\n<p>&nbsp;<\/p>\n<p>&nbsp;<\/p>\n<div id=\"WidgetFloaterPanels\" translate=\"no\" style=\"display: none; text-align: left; direction: ltr; visibility: hidden;\" class=\"LTRStyle\">\n<div id=\"WidgetFloater\" style=\"display: none;\" onmouseover=\"Microsoft.Translator.OnMouseOverFloater()\" onmouseout=\"Microsoft.Translator.OnMouseOutFloater()\">\n<div id=\"WidgetLogoPanel\"><span id=\"WidgetTranslateWithSpan\">TRANSLATE with <img id=\"FloaterLogo\" \/><\/span> <span id=\"WidgetCloseButton\" title=\"Exit Translation\">x<\/span><\/div>\n<div id=\"LanguageMenuPanel\">\n<div class=\"DDStyle_outer\"><input id=\"LanguageMenu_svid\" style=\"display: none;\" autocomplete=\"on\" name=\"LanguageMenu_svid\" type=\"text\" value=\"en\" \/> <input id=\"LanguageMenu_textid\" style=\"display: none;\" autocomplete=\"on\" name=\"LanguageMenu_textid\" type=\"text\" \/> <span id=\"__LanguageMenu_header\" class=\"DDStyle\" tabindex=\"0\">English<\/span><\/p>\n<div style=\"position: relative; text-align: left; left: 0;\">\n<div style=\"position: absolute; ;left: 0px;\">\n<div class=\"DDStyle\" style=\"display: none;\" id=\"__LanguageMenu_popup\">\n<table id=\"LanguageMenu\" border=\"0\">\n<tbody>\n<tr>\n<td><a tabindex=\"-1\" href=\"#ar\">Arabic<\/a><\/td>\n<td><a tabindex=\"-1\" href=\"#he\">Hebrew<\/a><\/td>\n<td><a tabindex=\"-1\" href=\"#pl\">Polish<\/a><\/td>\n<\/tr>\n<tr>\n<td><a tabindex=\"-1\" href=\"#bg\">Bulgarian<\/a><\/td>\n<td><a tabindex=\"-1\" href=\"#hi\">Hindi<\/a><\/td>\n<td><a tabindex=\"-1\" href=\"#pt\">Portuguese<\/a><\/td>\n<\/tr>\n<tr>\n<td><a tabindex=\"-1\" href=\"#ca\">Catalan<\/a><\/td>\n<td><a tabindex=\"-1\" href=\"#mww\">Hmong Daw<\/a><\/td>\n<td><a tabindex=\"-1\" href=\"#ro\">Romanian<\/a><\/td>\n<\/tr>\n<tr>\n<td><a tabindex=\"-1\" href=\"#zh-CHS\">Chinese Simplified<\/a><\/td>\n<td><a tabindex=\"-1\" href=\"#hu\">Hungarian<\/a><\/td>\n<td><a tabindex=\"-1\" href=\"#ru\">Russian<\/a><\/td>\n<\/tr>\n<tr>\n<td><a tabindex=\"-1\" href=\"#zh-CHT\">Chinese Traditional<\/a><\/td>\n<td><a tabindex=\"-1\" href=\"#id\">Indonesian<\/a><\/td>\n<td><a tabindex=\"-1\" href=\"#sk\">Slovak<\/a><\/td>\n<\/tr>\n<tr>\n<td><a tabindex=\"-1\" href=\"#cs\">Czech<\/a><\/td>\n<td><a tabindex=\"-1\" href=\"#it\">Italian<\/a><\/td>\n<td><a tabindex=\"-1\" href=\"#sl\">Slovenian<\/a><\/td>\n<\/tr>\n<tr>\n<td><a tabindex=\"-1\" href=\"#da\">Danish<\/a><\/td>\n<td><a tabindex=\"-1\" href=\"#ja\">Japanese<\/a><\/td>\n<td><a tabindex=\"-1\" href=\"#es\">Spanish<\/a><\/td>\n<\/tr>\n<tr>\n<td><a tabindex=\"-1\" href=\"#nl\">Dutch<\/a><\/td>\n<td><a tabindex=\"-1\" href=\"#tlh\">Klingon<\/a><\/td>\n<td><a tabindex=\"-1\" href=\"#sv\">Swedish<\/a><\/td>\n<\/tr>\n<tr>\n<td><a tabindex=\"-1\" href=\"#en\">English<\/a><\/td>\n<td><a tabindex=\"-1\" href=\"#ko\">Korean<\/a><\/td>\n<td><a tabindex=\"-1\" href=\"#th\">Thai<\/a><\/td>\n<\/tr>\n<tr>\n<td><a tabindex=\"-1\" href=\"#et\">Estonian<\/a><\/td>\n<td><a tabindex=\"-1\" href=\"#lv\">Latvian<\/a><\/td>\n<td><a tabindex=\"-1\" href=\"#tr\">Turkish<\/a><\/td>\n<\/tr>\n<tr>\n<td><a tabindex=\"-1\" href=\"#fi\">Finnish<\/a><\/td>\n<td><a tabindex=\"-1\" href=\"#lt\">Lithuanian<\/a><\/td>\n<td><a tabindex=\"-1\" href=\"#uk\">Ukrainian<\/a><\/td>\n<\/tr>\n<tr>\n<td><a tabindex=\"-1\" href=\"#fr\">French<\/a><\/td>\n<td><a tabindex=\"-1\" href=\"#ms\">Malay<\/a><\/td>\n<td><a tabindex=\"-1\" href=\"#ur\">Urdu<\/a><\/td>\n<\/tr>\n<tr>\n<td><a tabindex=\"-1\" href=\"#de\">German<\/a><\/td>\n<td><a tabindex=\"-1\" href=\"#mt\">Maltese<\/a><\/td>\n<td><a tabindex=\"-1\" href=\"#vi\">Vietnamese<\/a><\/td>\n<\/tr>\n<tr>\n<td><a tabindex=\"-1\" href=\"#el\">Greek<\/a><\/td>\n<td><a tabindex=\"-1\" href=\"#no\">Norwegian<\/a><\/td>\n<td><a tabindex=\"-1\" href=\"#cy\">Welsh<\/a><\/td>\n<\/tr>\n<tr>\n<td><a tabindex=\"-1\" href=\"#ht\">Haitian Creole<\/a><\/td>\n<td><a tabindex=\"-1\" href=\"#fa\">Persian<\/a><\/td>\n<td><\/td>\n<\/tr>\n<\/tbody>\n<\/table>\n<p><img style=\"height: 7px; width: 17px; border-width: 0px; left: 20px;\" alt=\"\" \/><\/div>\n<\/div>\n<\/div>\n<\/div>\n<p><script type=\"text\/javascript\"> var LanguageMenu; var LanguageMenu_keys=[\"ar\",\"bg\",\"ca\",\"zh-CHS\",\"zh-CHT\",\"cs\",\"da\",\"nl\",\"en\",\"et\",\"fi\",\"fr\",\"de\",\"el\",\"ht\",\"he\",\"hi\",\"mww\",\"hu\",\"id\",\"it\",\"ja\",\"tlh\",\"ko\",\"lv\",\"lt\",\"ms\",\"mt\",\"no\",\"fa\",\"pl\",\"pt\",\"ro\",\"ru\",\"sk\",\"sl\",\"es\",\"sv\",\"th\",\"tr\",\"uk\",\"ur\",\"vi\",\"cy\"]; var LanguageMenu_values=[\"Arabic\",\"Bulgarian\",\"Catalan\",\"Chinese Simplified\",\"Chinese Traditional\",\"Czech\",\"Danish\",\"Dutch\",\"English\",\"Estonian\",\"Finnish\",\"French\",\"German\",\"Greek\",\"Haitian Creole\",\"Hebrew\",\"Hindi\",\"Hmong Daw\",\"Hungarian\",\"Indonesian\",\"Italian\",\"Japanese\",\"Klingon\",\"Korean\",\"Latvian\",\"Lithuanian\",\"Malay\",\"Maltese\",\"Norwegian\",\"Persian\",\"Polish\",\"Portuguese\",\"Romanian\",\"Russian\",\"Slovak\",\"Slovenian\",\"Spanish\",\"Swedish\",\"Thai\",\"Turkish\",\"Ukrainian\",\"Urdu\",\"Vietnamese\",\"Welsh\"]; var LanguageMenu_callback=function(){ }; var LanguageMenu_popupid='__LanguageMenu_popup'; <\/script><\/div>\n<div id=\"CTFLinksPanel\"><span id=\"ExternalLinksPanel\"><a id=\"HelpLink\" title=\"Help\" href=\"https:\/\/go.microsoft.com\/?linkid=9722454\" target=\"_blank\" rel=\"noopener\"> <img id=\"HelpImg\" \/><\/a> <a id=\"EmbedLink\" title=\"Get this widget for your own site\"><\/a> <img id=\"EmbedImg\" \/> <a id=\"ShareLink\" title=\"Share translated page with friends\"><\/a> <img id=\"ShareImg\" \/> <\/span><\/div>\n<div id=\"FloaterProgressBar\"><span id=\"ProgressFill\"><\/span><\/div>\n<\/div>\n<div id=\"WidgetFloaterCollapsed\" style=\"display: none;\" onmouseover=\"Microsoft.Translator.OnMouseOverFloater()\">TRANSLATE with <img id=\"CollapsedLogoImg\" \/><\/div>\n<div id=\"FloaterSharePanel\" style=\"display: none;\">\n<div id=\"ShareTextDiv\"><span id=\"ShareTextSpan\"> COPY THE URL BELOW <\/span><\/div>\n<div id=\"ShareTextboxDiv\"><input id=\"ShareTextbox\" name=\"ShareTextbox\" readonly=\"readonly\" type=\"text\" \/> <!--a id=\"TwitterLink\" title=\"Share on Twitter\"> <img id=\"TwitterImg\" \/><\/a> <a-- id=\"FacebookLink\" title=\"Share on Facebook\"> <img id=\"FacebookImg\" \/><\/a--> <a id=\"EmailLink\" title=\"Email this translation\"><\/a> <img id=\"EmailImg\" \/><\/div>\n<div id=\"ShareFooter\"><span id=\"ShareHelpSpan\"><a id=\"ShareHelpLink\"><\/a> <img id=\"ShareHelpImg\" \/><\/span> <span id=\"ShareBackSpan\"><a id=\"ShareBack\" title=\"Back To Translation\"><\/a> Back<\/span><\/div>\n<p><input id=\"EmailSubject\" name=\"EmailSubject\" type=\"hidden\" value=\"Check out this page in {0} translated from {1}\" \/> <input id=\"EmailBody\" name=\"EmailBody\" type=\"hidden\" value=\"Translated: {0}%0d%0aOriginal: {1}%0d%0a%0d%0aAutomatic translation powered by Microsoft\u00ae Translator%0d%0ahttp:\/\/www.bing.com\/translator?ref=MSTWidget\" \/> <input id=\"ShareHelpText\" type=\"hidden\" value=\"This link allows visitors to launch this page and automatically translate it to {0}.\" \/><\/div>\n<div id=\"FloaterEmbed\" style=\"display: none;\">\n<div id=\"EmbedTextDiv\"><span id=\"EmbedTextSpan\">EMBED THE SNIPPET BELOW IN YOUR SITE<\/span> <a id=\"EmbedHelpLink\" title=\"Copy this code and place it into your HTML.\"><\/a> <img id=\"EmbedHelpImg\" \/><\/div>\n<div id=\"EmbedTextboxDiv\"><input id=\"EmbedSnippetTextBox\" name=\"EmbedSnippetTextBox\" readonly=\"readonly\" type=\"text\" value=\"&lt;div id='MicrosoftTranslatorWidget' class='Dark' style='color:white;background-color:#555555'&gt;&lt;\/div&gt;&lt;script type='text\/javascript'&gt;setTimeout(function(){var s=document.createElement('script');s.type='text\/javascript';s.charset='UTF-8';s.src=((location &amp;&amp; location.href &amp;&amp; location.href.indexOf('https') == 0)?'https:\/\/ssl.microsofttranslator.com':'http:\/\/www.microsofttranslator.com')+'\/ajax\/v3\/WidgetV3.ashx?siteData=ueOIGRSKkd965FeEGM5JtQ**&amp;ctf=true&amp;ui=true&amp;settings=manual&amp;from=en';var p=document.getElementsByTagName('head')[0]||document.documentElement;p.insertBefore(s,p.firstChild); },0);&lt;\/script&gt;\" \/><\/div>\n<div id=\"EmbedNoticeDiv\"><span id=\"EmbedNoticeSpan\">Enable collaborative features and customize widget: <a href=\"http:\/\/www.bing.com\/widget\/translator\" target=\"_blank\" rel=\"noopener\">Bing Webmaster Portal<\/a><\/span><\/div>\n<div id=\"EmbedFooterDiv\"><span id=\"EmbedBackSpan\"><a title=\"Back To Translation\">Back<\/a><\/span><\/div>\n<\/div>\n<p><script type=\"text\/javascript\"> var intervalId = setInterval(function () { if (MtPopUpList) { LanguageMenu = new MtPopUpList(); var langMenu = document.getElementById(LanguageMenu_popupid); var origLangDiv = document.createElement(\"div\"); origLangDiv.id = \"OriginalLanguageDiv\"; origLangDiv.innerHTML = \"<span id='OriginalTextSpan'>ORIGINAL: <\/span><span id='OriginalLanguageSpan'><\/span>\"; langMenu.appendChild(origLangDiv); LanguageMenu.Init('LanguageMenu', LanguageMenu_keys, LanguageMenu_values, LanguageMenu_callback, LanguageMenu_popupid); window[\"LanguageMenu\"] = LanguageMenu; clearInterval(intervalId); } }, 1); <\/script><\/div>\n","protected":false},"excerpt":{"rendered":"<p>Un secret interdit\u2026 Le destin de l\u2019\u00c9glise en suspens\u2026 Un duo de limiers amateurs r\u00e9v\u00e9lera-t-il une v\u00e9rit\u00e9 qui pourrait bouleverser le monde chr\u00e9tien\u00a0?<\/p>\n<p>La R\u00e9surrection est la pierre angulaire de la foi chr\u00e9tienne. Toutefois, lorsqu\u2019un indice jaillit qui sugg\u00e8re un r\u00e9cit diff\u00e9rent, les cons\u00e9quences pourraient bien changer la chr\u00e9tient\u00e9 \u00e0 jamais.<\/p>\n<p>Le poste du pr\u00eatre Michael Dominic aux l\u00e9gendaires Archives secr\u00e8tes du Vatican l\u2019am\u00e8ne \u00e0 d\u00e9couvrir un papyrus perdu, enseveli dans les sous-sols de Rome\u00a0: les \u00e9crits jusqu\u2019alors inconnus de Marie Madeleine. La r\u00e9v\u00e9lation h\u00e9r\u00e9tique de la relique oubli\u00e9e menace la l\u00e9gitimit\u00e9 m\u00eame du Vatican et confronte Michael \u00e0 des ennemis puissants et impitoyables.<\/p>\n<p>D\u00e9sesp\u00e9r\u00e9, il se tourne vers Hana Sinclair, une journaliste d\u2019investigation qui est habitu\u00e9e \u00e0 s\u2019attaquer aux sujets les plus controvers\u00e9s. Ensemble, ils d\u00e9fient l\u2019\u00e9lite de l\u2019\u00c9glise et se lancent dans une enqu\u00eate dans les zones d\u2019ombre de l\u2019histoire afin de d\u00e9couvrir la v\u00e9rit\u00e9. Alors que la pression monte pour faire taire le duo, le Vatican aura-t-il recours \u00e0 l\u2019impensable pour sauvegarder sa richesse et son pouvoir\u00a0?<\/p>\n<p>Bas\u00e9 sur des faits r\u00e9els, ce thriller international emm\u00e8ne les lecteurs dans une course folle \u00e0 travers les sites sacr\u00e9s d\u2019Europe. Procurez-vous votre exemplaire de ce best-seller et d\u00e9couvrez pourquoi les fans d\u00e9vou\u00e9s de Gary McAvoy disent\u00a0: \u00ab\u00a0Je ne voulais pas que ce livre prenne fin\u00a0!\u00a0\u00bb.<\/p>\n<p>&nbsp;<\/p>\n<p>&nbsp;<\/p>\n<div id=\"WidgetFloaterPanels\" translate=\"no\" style=\"display: none; text-align: left; direction: ltr; visibility: hidden;\" class=\"LTRStyle\">\n<div id=\"WidgetFloater\" style=\"display: none;\" onmouseover=\"Microsoft.Translator.OnMouseOverFloater()\" onmouseout=\"Microsoft.Translator.OnMouseOutFloater()\">\n<div id=\"WidgetLogoPanel\"><span id=\"WidgetTranslateWithSpan\">TRANSLATE with <img id=\"FloaterLogo\" \/><\/span> <span id=\"WidgetCloseButton\" title=\"Exit Translation\">x<\/span><\/div>\n<div id=\"LanguageMenuPanel\">\n<div class=\"DDStyle_outer\"><input id=\"LanguageMenu_svid\" style=\"display: none;\" autocomplete=\"on\" name=\"LanguageMenu_svid\" type=\"text\" value=\"en\" \/> <input id=\"LanguageMenu_textid\" style=\"display: none;\" autocomplete=\"on\" name=\"LanguageMenu_textid\" type=\"text\" \/> <span id=\"__LanguageMenu_header\" class=\"DDStyle\" tabindex=\"0\">English<\/span><\/p>\n<div style=\"position: relative; text-align: left; left: 0;\">\n<div style=\"position: absolute; ;left: 0px;\">\n<div class=\"DDStyle\" style=\"display: none;\" id=\"__LanguageMenu_popup\">\n<table id=\"LanguageMenu\" border=\"0\">\n<tbody>\n<tr>\n<td><a tabindex=\"-1\" href=\"#ar\">Arabic<\/a><\/td>\n<td><a tabindex=\"-1\" href=\"#he\">Hebrew<\/a><\/td>\n<td><a tabindex=\"-1\" href=\"#pl\">Polish<\/a><\/td>\n<\/tr>\n<tr>\n<td><a tabindex=\"-1\" href=\"#bg\">Bulgarian<\/a><\/td>\n<td><a tabindex=\"-1\" href=\"#hi\">Hindi<\/a><\/td>\n<td><a tabindex=\"-1\" href=\"#pt\">Portuguese<\/a><\/td>\n<\/tr>\n<tr>\n<td><a tabindex=\"-1\" href=\"#ca\">Catalan<\/a><\/td>\n<td><a tabindex=\"-1\" href=\"#mww\">Hmong Daw<\/a><\/td>\n<td><a tabindex=\"-1\" href=\"#ro\">Romanian<\/a><\/td>\n<\/tr>\n<tr>\n<td><a tabindex=\"-1\" href=\"#zh-CHS\">Chinese Simplified<\/a><\/td>\n<td><a tabindex=\"-1\" href=\"#hu\">Hungarian<\/a><\/td>\n<td><a tabindex=\"-1\" href=\"#ru\">Russian<\/a><\/td>\n<\/tr>\n<tr>\n<td><a tabindex=\"-1\" href=\"#zh-CHT\">Chinese Traditional<\/a><\/td>\n<td><a tabindex=\"-1\" href=\"#id\">Indonesian<\/a><\/td>\n<td><a tabindex=\"-1\" href=\"#sk\">Slovak<\/a><\/td>\n<\/tr>\n<tr>\n<td><a tabindex=\"-1\" href=\"#cs\">Czech<\/a><\/td>\n<td><a tabindex=\"-1\" href=\"#it\">Italian<\/a><\/td>\n<td><a tabindex=\"-1\" href=\"#sl\">Slovenian<\/a><\/td>\n<\/tr>\n<tr>\n<td><a tabindex=\"-1\" href=\"#da\">Danish<\/a><\/td>\n<td><a tabindex=\"-1\" href=\"#ja\">Japanese<\/a><\/td>\n<td><a tabindex=\"-1\" href=\"#es\">Spanish<\/a><\/td>\n<\/tr>\n<tr>\n<td><a tabindex=\"-1\" href=\"#nl\">Dutch<\/a><\/td>\n<td><a tabindex=\"-1\" href=\"#tlh\">Klingon<\/a><\/td>\n<td><a tabindex=\"-1\" href=\"#sv\">Swedish<\/a><\/td>\n<\/tr>\n<tr>\n<td><a tabindex=\"-1\" href=\"#en\">English<\/a><\/td>\n<td><a tabindex=\"-1\" href=\"#ko\">Korean<\/a><\/td>\n<td><a tabindex=\"-1\" href=\"#th\">Thai<\/a><\/td>\n<\/tr>\n<tr>\n<td><a tabindex=\"-1\" href=\"#et\">Estonian<\/a><\/td>\n<td><a tabindex=\"-1\" href=\"#lv\">Latvian<\/a><\/td>\n<td><a tabindex=\"-1\" href=\"#tr\">Turkish<\/a><\/td>\n<\/tr>\n<tr>\n<td><a tabindex=\"-1\" href=\"#fi\">Finnish<\/a><\/td>\n<td><a tabindex=\"-1\" href=\"#lt\">Lithuanian<\/a><\/td>\n<td><a tabindex=\"-1\" href=\"#uk\">Ukrainian<\/a><\/td>\n<\/tr>\n<tr>\n<td><a tabindex=\"-1\" href=\"#fr\">French<\/a><\/td>\n<td><a tabindex=\"-1\" href=\"#ms\">Malay<\/a><\/td>\n<td><a tabindex=\"-1\" href=\"#ur\">Urdu<\/a><\/td>\n<\/tr>\n<tr>\n<td><a tabindex=\"-1\" href=\"#de\">German<\/a><\/td>\n<td><a tabindex=\"-1\" href=\"#mt\">Maltese<\/a><\/td>\n<td><a tabindex=\"-1\" href=\"#vi\">Vietnamese<\/a><\/td>\n<\/tr>\n<tr>\n<td><a tabindex=\"-1\" href=\"#el\">Greek<\/a><\/td>\n<td><a tabindex=\"-1\" href=\"#no\">Norwegian<\/a><\/td>\n<td><a tabindex=\"-1\" href=\"#cy\">Welsh<\/a><\/td>\n<\/tr>\n<tr>\n<td><a tabindex=\"-1\" href=\"#ht\">Haitian Creole<\/a><\/td>\n<td><a tabindex=\"-1\" href=\"#fa\">Persian<\/a><\/td>\n<td><\/td>\n<\/tr>\n<\/tbody>\n<\/table>\n<p><img style=\"height: 7px; width: 17px; border-width: 0px; left: 20px;\" alt=\"\" \/><\/div>\n<\/div>\n<\/div>\n<\/div>\n<p><script type=\"text\/javascript\"> var LanguageMenu; var LanguageMenu_keys=[\"ar\",\"bg\",\"ca\",\"zh-CHS\",\"zh-CHT\",\"cs\",\"da\",\"nl\",\"en\",\"et\",\"fi\",\"fr\",\"de\",\"el\",\"ht\",\"he\",\"hi\",\"mww\",\"hu\",\"id\",\"it\",\"ja\",\"tlh\",\"ko\",\"lv\",\"lt\",\"ms\",\"mt\",\"no\",\"fa\",\"pl\",\"pt\",\"ro\",\"ru\",\"sk\",\"sl\",\"es\",\"sv\",\"th\",\"tr\",\"uk\",\"ur\",\"vi\",\"cy\"]; var LanguageMenu_values=[\"Arabic\",\"Bulgarian\",\"Catalan\",\"Chinese Simplified\",\"Chinese Traditional\",\"Czech\",\"Danish\",\"Dutch\",\"English\",\"Estonian\",\"Finnish\",\"French\",\"German\",\"Greek\",\"Haitian Creole\",\"Hebrew\",\"Hindi\",\"Hmong Daw\",\"Hungarian\",\"Indonesian\",\"Italian\",\"Japanese\",\"Klingon\",\"Korean\",\"Latvian\",\"Lithuanian\",\"Malay\",\"Maltese\",\"Norwegian\",\"Persian\",\"Polish\",\"Portuguese\",\"Romanian\",\"Russian\",\"Slovak\",\"Slovenian\",\"Spanish\",\"Swedish\",\"Thai\",\"Turkish\",\"Ukrainian\",\"Urdu\",\"Vietnamese\",\"Welsh\"]; var LanguageMenu_callback=function(){ }; var LanguageMenu_popupid='__LanguageMenu_popup'; <\/script><\/div>\n<div id=\"CTFLinksPanel\"><span id=\"ExternalLinksPanel\"><a id=\"HelpLink\" title=\"Help\" href=\"https:\/\/go.microsoft.com\/?linkid=9722454\" target=\"_blank\" rel=\"noopener\"> <img id=\"HelpImg\" \/><\/a> <a id=\"EmbedLink\" title=\"Get this widget for your own site\"><\/a> <img id=\"EmbedImg\" \/> <a id=\"ShareLink\" title=\"Share translated page with friends\"><\/a> <img id=\"ShareImg\" \/> <\/span><\/div>\n<div id=\"FloaterProgressBar\"><span id=\"ProgressFill\"><\/span><\/div>\n<\/div>\n<div id=\"WidgetFloaterCollapsed\" style=\"display: none;\" onmouseover=\"Microsoft.Translator.OnMouseOverFloater()\">TRANSLATE with <img id=\"CollapsedLogoImg\" \/><\/div>\n<div id=\"FloaterSharePanel\" style=\"display: none;\">\n<div id=\"ShareTextDiv\"><span id=\"ShareTextSpan\"> COPY THE URL BELOW <\/span><\/div>\n<div id=\"ShareTextboxDiv\"><input id=\"ShareTextbox\" name=\"ShareTextbox\" readonly=\"readonly\" type=\"text\" \/> <!--a id=\"TwitterLink\" title=\"Share on Twitter\"> <img id=\"TwitterImg\" \/><\/a> <a-- id=\"FacebookLink\" title=\"Share on Facebook\"> <img id=\"FacebookImg\" \/><\/a--> <a id=\"EmailLink\" title=\"Email this translation\"><\/a> <img id=\"EmailImg\" \/><\/div>\n<div id=\"ShareFooter\"><span id=\"ShareHelpSpan\"><a id=\"ShareHelpLink\"><\/a> <img id=\"ShareHelpImg\" \/><\/span> <span id=\"ShareBackSpan\"><a id=\"ShareBack\" title=\"Back To Translation\"><\/a> Back<\/span><\/div>\n<p><input id=\"EmailSubject\" name=\"EmailSubject\" type=\"hidden\" value=\"Check out this page in {0} translated from {1}\" \/> <input id=\"EmailBody\" name=\"EmailBody\" type=\"hidden\" value=\"Translated: {0}%0d%0aOriginal: {1}%0d%0a%0d%0aAutomatic translation powered by Microsoft\u00ae Translator%0d%0ahttp:\/\/www.bing.com\/translator?ref=MSTWidget\" \/> <input id=\"ShareHelpText\" type=\"hidden\" value=\"This link allows visitors to launch this page and automatically translate it to {0}.\" \/><\/div>\n<div id=\"FloaterEmbed\" style=\"display: none;\">\n<div id=\"EmbedTextDiv\"><span id=\"EmbedTextSpan\">EMBED THE SNIPPET BELOW IN YOUR SITE<\/span> <a id=\"EmbedHelpLink\" title=\"Copy this code and place it into your HTML.\"><\/a> <img id=\"EmbedHelpImg\" \/><\/div>\n<div id=\"EmbedTextboxDiv\"><input id=\"EmbedSnippetTextBox\" name=\"EmbedSnippetTextBox\" readonly=\"readonly\" type=\"text\" value=\"&lt;div id='MicrosoftTranslatorWidget' class='Dark' style='color:white;background-color:#555555'&gt;&lt;\/div&gt;&lt;script type='text\/javascript'&gt;setTimeout(function(){var s=document.createElement('script');s.type='text\/javascript';s.charset='UTF-8';s.src=((location &amp;&amp; location.href &amp;&amp; location.href.indexOf('https') == 0)?'https:\/\/ssl.microsofttranslator.com':'http:\/\/www.microsofttranslator.com')+'\/ajax\/v3\/WidgetV3.ashx?siteData=ueOIGRSKkd965FeEGM5JtQ**&amp;ctf=true&amp;ui=true&amp;settings=manual&amp;from=en';var p=document.getElementsByTagName('head')[0]||document.documentElement;p.insertBefore(s,p.firstChild); },0);&lt;\/script&gt;\" \/><\/div>\n<div id=\"EmbedNoticeDiv\"><span id=\"EmbedNoticeSpan\">Enable collaborative features and customize widget: <a href=\"http:\/\/www.bing.com\/widget\/translator\" target=\"_blank\" rel=\"noopener\">Bing Webmaster Portal<\/a><\/span><\/div>\n<div id=\"EmbedFooterDiv\"><span id=\"EmbedBackSpan\"><a title=\"Back To Translation\">Back<\/a><\/span><\/div>\n<\/div>\n<p><script type=\"text\/javascript\"> var intervalId = setInterval(function () { if (MtPopUpList) { LanguageMenu = new MtPopUpList(); var langMenu = document.getElementById(LanguageMenu_popupid); var origLangDiv = document.createElement(\"div\"); origLangDiv.id = \"OriginalLanguageDiv\"; origLangDiv.innerHTML = \"<span id='OriginalTextSpan'>ORIGINAL: <\/span><span id='OriginalLanguageSpan'><\/span>\"; langMenu.appendChild(origLangDiv); LanguageMenu.Init('LanguageMenu', LanguageMenu_keys, LanguageMenu_values, LanguageMenu_callback, LanguageMenu_popupid); window[\"LanguageMenu\"] = LanguageMenu; clearInterval(intervalId); } }, 1); <\/script><\/div>\n","protected":false},"featured_media":11346,"comment_status":"closed","ping_status":"closed","template":"","meta":{"iawp_total_views":84},"product_brand":[],"product_cat":[15],"product_tag":[],"class_list":{"0":"post-10000","1":"product","2":"type-product","3":"status-publish","4":"has-post-thumbnail","6":"product_cat-uncategorized","8":"first","9":"instock","10":"virtual","11":"purchasable","12":"product-type-simple"},"_links":{"self":[{"href":"https:\/\/garymcavoy.com\/es\/wp-json\/wp\/v2\/product\/10000","targetHints":{"allow":["GET"]}}],"collection":[{"href":"https:\/\/garymcavoy.com\/es\/wp-json\/wp\/v2\/product"}],"about":[{"href":"https:\/\/garymcavoy.com\/es\/wp-json\/wp\/v2\/types\/product"}],"replies":[{"embeddable":true,"href":"https:\/\/garymcavoy.com\/es\/wp-json\/wp\/v2\/comments?post=10000"}],"wp:featuredmedia":[{"embeddable":true,"href":"https:\/\/garymcavoy.com\/es\/wp-json\/wp\/v2\/media\/11346"}],"wp:attachment":[{"href":"https:\/\/garymcavoy.com\/es\/wp-json\/wp\/v2\/media?parent=10000"}],"wp:term":[{"taxonomy":"product_brand","embeddable":true,"href":"https:\/\/garymcavoy.com\/es\/wp-json\/wp\/v2\/product_brand?post=10000"},{"taxonomy":"product_cat","embeddable":true,"href":"https:\/\/garymcavoy.com\/es\/wp-json\/wp\/v2\/product_cat?post=10000"},{"taxonomy":"product_tag","embeddable":true,"href":"https:\/\/garymcavoy.com\/es\/wp-json\/wp\/v2\/product_tag?post=10000"}],"curies":[{"name":"wp","href":"https:\/\/api.w.org\/{rel}","templated":true}]}}