{"id":10006,"date":"2023-12-17T16:54:07","date_gmt":"2023-12-18T00:54:07","guid":{"rendered":"https:\/\/garymcavoy.com\/?post_type=product&#038;p=10006"},"modified":"2023-12-17T17:06:21","modified_gmt":"2023-12-18T01:06:21","slug":"le-voile-de-madeleine-ebook","status":"publish","type":"product","link":"https:\/\/garymcavoy.com\/es\/producto\/le-voile-de-madeleine-ebook\/","title":{"rendered":"Le voile de Madeleine eBook"},"content":{"rendered":"<p>Un vieux journal de la Seconde Guerre mondiale rempli d\u2019indices crypt\u00e9s catapulte deux amis dans une v\u00e9ritable aventure \u00e0 travers le monde. Mais leur chemin sem\u00e9 d\u2019embuches n\u2019est pas sans dangers ni tromperies, et le tr\u00e9sor qu\u2019ils convoitent peut faire pencher la balance du c\u00f4t\u00e9 du bien\u2026 ou du mal.<\/p>\n<p>Le p\u00e8re Michael Dominic et son amie journaliste, Hana Sinclair, se lancent sur les traces d\u2019une piste des plus all\u00e9chantes : un journal nazi r\u00e9v\u00e9lant l\u2019emplacement d\u2019une relique sacr\u00e9e. Les deux compagnons pensent que ce carnet pourrait les conduire \u00e0 une \u00e9toffe que le Christ lui-m\u00eame aurait utilis\u00e9e pour s\u2019essuyer la figure ; \u00e9toffe qui, \u00e0 en croire la l\u00e9gende, porterait d\u00e9sormais la marque de son visage, preuve ind\u00e9niable de l\u2019apparence v\u00e9ritable du fils de Dieu.<\/p>\n<p>Le journal les propulse dans une aventure tourbillonnante entre J\u00e9rusalem, Rome et Buenos Aires. Mais tandis qu\u2019ils s\u2019efforcent de d\u00e9m\u00ealer ce vieux myst\u00e8re, ils se heurtent \u00e0 une secte aux desseins malsains, bien d\u00e9cid\u00e9e \u00e0 utiliser le voile de Madeleine pour servir ses propres int\u00e9r\u00eats. Michael et Hana se montreront-ils plus malins que leurs impitoyables adversaires et r\u00e9ussiront-ils \u00e0 ramener l\u2019artefact au sein de l\u2019\u00c9glise, ou bien la resurgence des ambitions aryennes d\u00e9truira-t-elle la relique du Christ depuis longtemps disparue ?<\/p>\n<p>Si vous aimez les romans tr\u00e9pidants ancr\u00e9s dans l\u2019histoire, plongez dans ce thriller palpitant d\u00e9bordant d\u2019action ! Les lecteurs de McAvoy affirment que \u00ab son souci du d\u00e9tail rendent l\u2019histoire parfaitement plausible, brouillant ainsi la fronti\u00e8re entre la r\u00e9alit\u00e9 et la fiction \u00bb.<\/p>\n","protected":false},"excerpt":{"rendered":"<p>Un vieux journal de la Seconde Guerre mondiale rempli d\u2019indices crypt\u00e9s catapulte deux amis dans une v\u00e9ritable aventure \u00e0 travers le monde. Mais leur chemin sem\u00e9 d\u2019embuches n\u2019est pas sans dangers ni tromperies, et le tr\u00e9sor qu\u2019ils convoitent peut faire pencher la balance du c\u00f4t\u00e9 du bien\u2026 ou du mal.<\/p>\n<p>Le p\u00e8re Michael Dominic et son amie journaliste, Hana Sinclair, se lancent sur les traces d\u2019une piste des plus all\u00e9chantes : un journal nazi r\u00e9v\u00e9lant l\u2019emplacement d\u2019une relique sacr\u00e9e. Les deux compagnons pensent que ce carnet pourrait les conduire \u00e0 une \u00e9toffe que le Christ lui-m\u00eame aurait utilis\u00e9e pour s\u2019essuyer la figure ; \u00e9toffe qui, \u00e0 en croire la l\u00e9gende, porterait d\u00e9sormais la marque de son visage, preuve ind\u00e9niable de l\u2019apparence v\u00e9ritable du fils de Dieu.<\/p>\n<p>Le journal les propulse dans une aventure tourbillonnante entre J\u00e9rusalem, Rome et Buenos Aires. Mais tandis qu\u2019ils s\u2019efforcent de d\u00e9m\u00ealer ce vieux myst\u00e8re, ils se heurtent \u00e0 une secte aux desseins malsains, bien d\u00e9cid\u00e9e \u00e0 utiliser le voile de Madeleine pour servir ses propres int\u00e9r\u00eats. Michael et Hana se montreront-ils plus malins que leurs impitoyables adversaires et r\u00e9ussiront-ils \u00e0 ramener l\u2019artefact au sein de l\u2019\u00c9glise, ou bien la resurgence des ambitions aryennes d\u00e9truira-t-elle la relique du Christ depuis longtemps disparue ?<\/p>\n<p>Si vous aimez les romans tr\u00e9pidants ancr\u00e9s dans l\u2019histoire, plongez dans ce thriller palpitant d\u00e9bordant d\u2019action ! Les lecteurs de McAvoy affirment que \u00ab son souci du d\u00e9tail rendent l\u2019histoire parfaitement plausible, brouillant ainsi la fronti\u00e8re entre la r\u00e9alit\u00e9 et la fiction \u00bb.<\/p>\n","protected":false},"featured_media":10007,"comment_status":"closed","ping_status":"closed","template":"","meta":{"iawp_total_views":31},"product_brand":[],"product_cat":[15],"product_tag":[],"class_list":{"0":"post-10006","1":"product","2":"type-product","3":"status-publish","4":"has-post-thumbnail","6":"product_cat-uncategorized","8":"first","9":"instock","10":"virtual","11":"purchasable","12":"product-type-simple"},"_links":{"self":[{"href":"https:\/\/garymcavoy.com\/es\/wp-json\/wp\/v2\/product\/10006","targetHints":{"allow":["GET"]}}],"collection":[{"href":"https:\/\/garymcavoy.com\/es\/wp-json\/wp\/v2\/product"}],"about":[{"href":"https:\/\/garymcavoy.com\/es\/wp-json\/wp\/v2\/types\/product"}],"replies":[{"embeddable":true,"href":"https:\/\/garymcavoy.com\/es\/wp-json\/wp\/v2\/comments?post=10006"}],"wp:featuredmedia":[{"embeddable":true,"href":"https:\/\/garymcavoy.com\/es\/wp-json\/wp\/v2\/media\/10007"}],"wp:attachment":[{"href":"https:\/\/garymcavoy.com\/es\/wp-json\/wp\/v2\/media?parent=10006"}],"wp:term":[{"taxonomy":"product_brand","embeddable":true,"href":"https:\/\/garymcavoy.com\/es\/wp-json\/wp\/v2\/product_brand?post=10006"},{"taxonomy":"product_cat","embeddable":true,"href":"https:\/\/garymcavoy.com\/es\/wp-json\/wp\/v2\/product_cat?post=10006"},{"taxonomy":"product_tag","embeddable":true,"href":"https:\/\/garymcavoy.com\/es\/wp-json\/wp\/v2\/product_tag?post=10006"}],"curies":[{"name":"wp","href":"https:\/\/api.w.org\/{rel}","templated":true}]}}