{"id":10703,"date":"2023-12-26T10:23:05","date_gmt":"2023-12-26T18:23:05","guid":{"rendered":"https:\/\/garymcavoy.com\/le-voile-de-la-madeleine-edition-francaise\/"},"modified":"2024-05-30T13:24:04","modified_gmt":"2024-05-30T20:24:04","slug":"le-voile-de-la-madeleine-edition-francaise","status":"publish","type":"page","link":"https:\/\/garymcavoy.com\/fr\/livres-et-revues\/le-voile-de-la-madeleine-edition-francaise\/","title":{"rendered":"Le voile de la Madeleine &#8211; \u00c9dition fran\u00e7aise"},"content":{"rendered":"\t\t<div data-elementor-type=\"wp-page\" data-elementor-id=\"10703\" class=\"elementor elementor-10703\" data-elementor-post-type=\"page\">\n\t\t\t\t\t\t<section data-particle_enable=\"false\" data-particle-mobile-disabled=\"false\" class=\"elementor-section elementor-top-section elementor-element elementor-element-6e47ce0 elementor-section-boxed elementor-section-height-default elementor-section-height-default\" data-id=\"6e47ce0\" data-element_type=\"section\" data-e-type=\"section\">\n\t\t\t\t\t\t<div class=\"elementor-container elementor-column-gap-default\">\n\t\t\t\t\t<div class=\"elementor-column elementor-col-100 elementor-top-column elementor-element elementor-element-4a81bdf\" data-id=\"4a81bdf\" data-element_type=\"column\" data-e-type=\"column\">\n\t\t\t<div class=\"elementor-widget-wrap elementor-element-populated\">\n\t\t\t\t\t\t<div class=\"elementor-element elementor-element-536b53e elementor-widget elementor-widget-spacer\" data-id=\"536b53e\" data-element_type=\"widget\" data-e-type=\"widget\" data-widget_type=\"spacer.default\">\n\t\t\t\t\t\t\t<div class=\"elementor-spacer\">\n\t\t\t<div class=\"elementor-spacer-inner\"><\/div>\n\t\t<\/div>\n\t\t\t\t\t\t<\/div>\n\t\t\t\t<div class=\"elementor-element elementor-element-dc12e72 elementor-widget elementor-widget-heading\" data-id=\"dc12e72\" data-element_type=\"widget\" data-e-type=\"widget\" data-widget_type=\"heading.default\">\n\t\t\t\t\t<h1 class=\"elementor-heading-title elementor-size-default\">Le voile de Madeleine<\/h1>\t\t\t\t<\/div>\n\t\t\t\t<div class=\"elementor-element elementor-element-afdb8dc elementor-widget elementor-widget-heading\" data-id=\"afdb8dc\" data-element_type=\"widget\" data-e-type=\"widget\" data-widget_type=\"heading.default\">\n\t\t\t\t\t<h5 class=\"elementor-heading-title elementor-size-default\">Livre 3 des Chroniques de Madeleine<\/h5>\t\t\t\t<\/div>\n\t\t\t\t\t<\/div>\n\t\t<\/div>\n\t\t\t\t\t<\/div>\n\t\t<\/section>\n\t\t\t\t<section data-particle_enable=\"false\" data-particle-mobile-disabled=\"false\" class=\"elementor-section elementor-top-section elementor-element elementor-element-90bcce9 elementor-section-boxed elementor-section-height-default elementor-section-height-default\" data-id=\"90bcce9\" data-element_type=\"section\" data-e-type=\"section\">\n\t\t\t\t\t\t<div class=\"elementor-container elementor-column-gap-default\">\n\t\t\t\t\t<div class=\"elementor-column elementor-col-100 elementor-top-column elementor-element elementor-element-b790269\" data-id=\"b790269\" data-element_type=\"column\" data-e-type=\"column\">\n\t\t\t<div class=\"elementor-widget-wrap elementor-element-populated\">\n\t\t\t\t\t\t<section data-particle_enable=\"false\" data-particle-mobile-disabled=\"false\" class=\"elementor-section elementor-inner-section elementor-element elementor-element-ebdd732 elementor-section-boxed elementor-section-height-default elementor-section-height-default\" data-id=\"ebdd732\" data-element_type=\"section\" data-e-type=\"section\">\n\t\t\t\t\t\t<div class=\"elementor-container elementor-column-gap-default\">\n\t\t\t\t\t<div class=\"elementor-column elementor-col-50 elementor-inner-column elementor-element elementor-element-e55cf6d\" data-id=\"e55cf6d\" data-element_type=\"column\" data-e-type=\"column\">\n\t\t\t<div class=\"elementor-widget-wrap elementor-element-populated\">\n\t\t\t\t\t\t<div class=\"elementor-element elementor-element-54c99f0 elementor-widget elementor-widget-text-editor\" data-id=\"54c99f0\" data-element_type=\"widget\" data-e-type=\"widget\" data-widget_type=\"text-editor.default\">\n\t\t\t\t\t\t\t\t\t<p>Un vieux journal de la Seconde Guerre mondiale rempli d&#8217;indices \u00e9nigmatiques lance deux amis dans une aventure autour du monde&#8230; mais leur chemin est sem\u00e9 de dangers et de tromperies&#8230; et le tr\u00e9sor qu&#8217;ils cherchent peut tout changer pour le bien &#8211; ou le mal.<\/p>\n<p>Le p\u00e8re Michael Dominic et son amie journaliste Hana Sinclair partent sur une piste all\u00e9chante : un journal nazi r\u00e9v\u00e9lant la cachette d&#8217;une relique sacr\u00e9e. Le couple pense que le livre pourrait les conduire \u00e0 un tissu sacr\u00e9 que le Christ a utilis\u00e9 pour se nettoyer le visage et qui, selon la l\u00e9gende, porte d\u00e9sormais son image &#8211; une trace vivante de la v\u00e9ritable apparence du Fils de Dieu.<\/p>\n<p>Le journal les propulse dans une aventure fulgurante, de J\u00e9rusalem \u00e0 Rome, en passant par Buenos Aires. Mais alors qu&#8217;ils \u00e9lucident un ancien myst\u00e8re, ils se heurtent \u00e0 une secte inf\u00e2me d\u00e9termin\u00e9e \u00e0 utiliser le voile de la Madeleine \u00e0 ses propres fins. Michael et Hana parviendront-ils \u00e0 d\u00e9jouer leurs impitoyables adversaires et \u00e0 ramener l&#8217;artefact \u00e0 l&#8217;\u00c9glise, ou la renaissance de l&#8217;ambition aryenne d\u00e9truira-t-elle la relique du Christ perdue depuis longtemps ?<\/p>\n<p>Si vous aimez les romans rapides ancr\u00e9s dans l&#8217;histoire, saisissez ce thriller plein d&#8217;action ! Les fans de McAvoy disent que son &#8220;attention aux d\u00e9tails rend l&#8217;histoire tout \u00e0 fait cr\u00e9dible, laissant le lecteur se demander ce qui est r\u00e9el et ce qui est de la fiction&#8221;.<\/p>\n\t\t\t\t\t\t\t\t<\/div>\n\t\t\t\t\t<\/div>\n\t\t<\/div>\n\t\t\t\t<div class=\"elementor-column elementor-col-50 elementor-inner-column elementor-element elementor-element-2049c0e\" data-id=\"2049c0e\" data-element_type=\"column\" data-e-type=\"column\">\n\t\t\t<div class=\"elementor-widget-wrap elementor-element-populated\">\n\t\t\t\t\t\t<div class=\"elementor-element elementor-element-77207da elementor-widget elementor-widget-image\" data-id=\"77207da\" data-element_type=\"widget\" data-e-type=\"widget\" data-widget_type=\"image.default\">\n\t\t\t\t\t\t\t\t\t\t\t\t\t\t\t\t<a href=\"https:\/\/geni.us\/pHeaBr\" target=\"_blank\">\n\t\t\t\t\t\t\t<img decoding=\"async\" src=\"https:\/\/garymcavoy.com\/wp-content\/uploads\/elementor\/thumbs\/French-Veil-3D-Hardcover-Left-qhe35h7mhy6prbksu99ztjthfz74j22agu86h35ekg.jpg\" title=\"\" alt=\"\" loading=\"lazy\" \/>\t\t\t\t\t\t\t\t<\/a>\n\t\t\t\t\t\t\t\t\t\t\t\t\t\t\t<\/div>\n\t\t\t\t<div class=\"elementor-element elementor-element-b573088 elementor-widget elementor-widget-text-editor\" data-id=\"b573088\" data-element_type=\"widget\" data-e-type=\"widget\" data-widget_type=\"text-editor.default\">\n\t\t\t\t\t\t\t\t\t<p style=\"text-align: center;\"><span style=\"font-size: 10pt;\">Publi\u00e9 le 1er avril 2021.<\/span><\/p>\n\t\t\t\t\t\t\t\t<\/div>\n\t\t\t\t<div class=\"elementor-element elementor-element-7acc5a2 elementor-align-center elementor-widget elementor-widget-button\" data-id=\"7acc5a2\" data-element_type=\"widget\" data-e-type=\"widget\" data-widget_type=\"button.default\">\n\t\t\t\t\t\t\t\t\t\t<a class=\"elementor-button elementor-button-link elementor-size-sm\" href=\"http:\/\/garymcavoy.link\/D98Fk\" target=\"_blank\">\n\t\t\t\t\t\t<span class=\"elementor-button-content-wrapper\">\n\t\t\t\t\t\t\t\t\t<span class=\"elementor-button-text\">ACHETEZ SUR AMAZON<\/span>\n\t\t\t\t\t<\/span>\n\t\t\t\t\t<\/a>\n\t\t\t\t\t\t\t\t<\/div>\n\t\t\t\t<div class=\"elementor-element elementor-element-1372988 elementor-align-center elementor-widget elementor-widget-button\" data-id=\"1372988\" data-element_type=\"widget\" data-e-type=\"widget\" data-widget_type=\"button.default\">\n\t\t\t\t\t\t\t\t\t\t<a class=\"elementor-button elementor-button-link elementor-size-sm\" href=\"https:\/\/garymcavoy.com\/product\/le-voile-de-madeleine-ebook\/\">\n\t\t\t\t\t\t<span class=\"elementor-button-content-wrapper\">\n\t\t\t\t\t\t\t\t\t<span class=\"elementor-button-text\">ACHETEZ UN EBOOK POUR TOUS LES APPAREILS<\/span>\n\t\t\t\t\t<\/span>\n\t\t\t\t\t<\/a>\n\t\t\t\t\t\t\t\t<\/div>\n\t\t\t\t<div class=\"elementor-element elementor-element-915f16e elementor-widget elementor-widget-image\" data-id=\"915f16e\" data-element_type=\"widget\" data-e-type=\"widget\" data-widget_type=\"image.default\">\n\t\t\t\t\t\t\t\t\t\t\t\t\t\t\t\t<a href=\"https:\/\/www.amazon.com\/gp\/bestsellers\/digital-text\/6361463011\" target=\"_blank\">\n\t\t\t\t\t\t\t<img decoding=\"async\" src=\"https:\/\/garymcavoy.com\/wp-content\/uploads\/elementor\/thumbs\/AmazonBestsellerBadge-q9fleee1xxh2kvhf7mv50k82yuv4tj539t39rltaag.png\" title=\"\" alt=\"\" loading=\"lazy\" \/>\t\t\t\t\t\t\t\t<\/a>\n\t\t\t\t\t\t\t\t\t\t\t\t\t\t\t<\/div>\n\t\t\t\t<div class=\"elementor-element elementor-element-efddbfb elementor-widget elementor-widget-text-editor\" data-id=\"efddbfb\" data-element_type=\"widget\" data-e-type=\"widget\" data-widget_type=\"text-editor.default\">\n\t\t\t\t\t\t\t\t\t<p style=\"text-align: center;\">\u2b50\u2b50\u2b50\u2b50\u2b50<\/p>\n\t\t\t\t\t\t\t\t<\/div>\n\t\t\t\t\t<\/div>\n\t\t<\/div>\n\t\t\t\t\t<\/div>\n\t\t<\/section>\n\t\t\t\t<div class=\"elementor-element elementor-element-27482a5 elementor-widget elementor-widget-menu-anchor\" data-id=\"27482a5\" data-element_type=\"widget\" data-e-type=\"widget\" data-widget_type=\"menu-anchor.default\">\n\t\t\t\t\t\t\t<div class=\"elementor-menu-anchor\" id=\"revues\"><\/div>\n\t\t\t\t\t\t<\/div>\n\t\t\t\t<div class=\"elementor-element elementor-element-8e44f45 elementor-widget-divider--view-line elementor-widget elementor-widget-divider\" data-id=\"8e44f45\" data-element_type=\"widget\" data-e-type=\"widget\" data-widget_type=\"divider.default\">\n\t\t\t\t\t\t\t<div class=\"elementor-divider\">\n\t\t\t<span class=\"elementor-divider-separator\">\n\t\t\t\t\t\t<\/span>\n\t\t<\/div>\n\t\t\t\t\t\t<\/div>\n\t\t\t\t<div class=\"elementor-element elementor-element-2d7ea94 elementor-widget elementor-widget-heading\" data-id=\"2d7ea94\" data-element_type=\"widget\" data-e-type=\"widget\" data-widget_type=\"heading.default\">\n\t\t\t\t\t<h2 class=\"elementor-heading-title elementor-size-default\">Commentaires des lecteurs sur \"Le voile de la Madeleine\"<\/h2>\t\t\t\t<\/div>\n\t\t\t\t<section data-particle_enable=\"false\" data-particle-mobile-disabled=\"false\" class=\"elementor-section elementor-inner-section elementor-element elementor-element-7e4b8cd elementor-section-boxed elementor-section-height-default elementor-section-height-default\" data-id=\"7e4b8cd\" data-element_type=\"section\" data-e-type=\"section\">\n\t\t\t\t\t\t<div class=\"elementor-container elementor-column-gap-default\">\n\t\t\t\t\t<div class=\"elementor-column elementor-col-50 elementor-inner-column elementor-element elementor-element-ed8ec7c\" data-id=\"ed8ec7c\" data-element_type=\"column\" data-e-type=\"column\">\n\t\t\t<div class=\"elementor-widget-wrap elementor-element-populated\">\n\t\t\t\t\t\t<div class=\"elementor-element elementor-element-67514ea elementor-widget elementor-widget-text-editor\" data-id=\"67514ea\" data-element_type=\"widget\" data-e-type=\"widget\" data-widget_type=\"text-editor.default\">\n\t\t\t\t\t\t\t\t\t<p>&#8220;Je suis tr\u00e8s heureuse d&#8217;\u00eatre tomb\u00e9e sur le premier livre de cette s\u00e9rie de Gary McAvoy, The Magdalene Deception. Depuis que j&#8217;en ai fait la critique, j&#8217;ai eu la chance d&#8217;avoir un aper\u00e7u des deux livres suivants. Dans ma critique du premier livre, j&#8217;ai dit que je le pr\u00e9f\u00e9rais au Da Vinci Code de Dan Brown. Cette opinion n&#8217;a pas chang\u00e9. Il est clair que McAvoy a fait beaucoup de recherches et cela se voit dans sa description des lieux, des objets et de l&#8217;histoire. Bien s\u00fbr, la nature de l&#8217;imaginaire fait partie de ces conspirations &#8211; peut-on vraiment reproduire le sang du Christ \u00e0 partir d&#8217;un voile ? Mais l&#8217;histoire est si bien ficel\u00e9e qu&#8217;on peut imaginer qu&#8217;elles sont 100% r\u00e9elles. L&#8217;un des \u00e9l\u00e9ments que je pr\u00e9f\u00e8re dans cette s\u00e9rie, ce sont les relations. Souvent, lorsque des hommes et des femmes sont r\u00e9unis dans un livre, ils tombent follement amoureux, qu&#8217;ils le doivent ou non. Je l&#8217;ai dit pour The Magdalene Reliquary, et je le dirai pour The Magdalene Veil : les relations platoniques sont plus fortes que certaines relations romantiques que j&#8217;ai vues dans des livres. Bien s\u00fbr, toute personne ayant un penchant pour le romantisme peut souhaiter plus de romance, mais nous l&#8217;avons avec les charmants amoureux de la Garde suisse, Karl et Lukas. Les liens d&#8217;amiti\u00e9 qui entourent le groupe d&#8217;aventuriers sont clairs, simples et vrais. J&#8217;ai ador\u00e9 et j&#8217;ai voulu \u00eatre leur amie aussi, bien que je ne sois certainement pas aussi courageuse !<\/p>\n<p>Bien que ce livre puisse signaler la fin de l&#8217;histoire mettant en sc\u00e8ne Michael Dominic, Hana Sinclair et les autres, il y a une lueur d&#8217;espoir dans les derni\u00e8res lignes du livre qui pourrait nous faire un clin d&#8217;\u0153il. Peut-\u00eatre n&#8217;avons-nous pas vu le dernier du pr\u00eatre, du journaliste et des gardes suisses apr\u00e8s tout, et s&#8217;il y en a d&#8217;autres, je serai la premi\u00e8re \u00e0 faire la queue pour lire leurs histoires.&#8221; &#8211; Kim Cheel, Alberta, Canada<\/p>\n<\/p>\n<p>&#8220;McAvoy est pass\u00e9 ma\u00eetre dans l&#8217;art de prendre des \u00e9v\u00e9nements historiques r\u00e9els, des personnages historiques r\u00e9els, des l\u00e9gendes et des traditions, et de les utiliser pour cr\u00e9er des intrigues passionnantes et instructives. Ce roman tourne autour de la l\u00e9gende du voile de V\u00e9ronique, un voile qui aurait \u00e9t\u00e9 utilis\u00e9 pour essuyer le sang et la sueur du visage de J\u00e9sus lorsqu&#8217;il portait sa croix.<\/p>\n<p>McAvoy reprend cette l\u00e9gende et l&#8217;associe \u00e0 l&#8217;obsession d&#8217;Heinrich Himmler d&#8217;obtenir de pr\u00e9cieux artefacts arch\u00e9ologiques, notamment des reliques religieuses. En Argentine, un groupe n\u00e9o-nazi contemporain est d\u00e9termin\u00e9 \u00e0 mettre en \u0153uvre le plan nazi original, qui consistait \u00e0 cr\u00e9er une race aryenne pure, en utilisant l&#8217;ancienne relique. Un pr\u00eatre j\u00e9suite et un journaliste sont tout aussi d\u00e9termin\u00e9s \u00e0 remettre la relique au Vatican.<\/p>\n<p>J&#8217;ai vraiment appr\u00e9ci\u00e9 ce roman plein d&#8217;action. McAvoy a \u00e9labor\u00e9 une intrigue r\u00e9aliste qui regorge de d\u00e9tails historiques et contemporains. De nombreuses recherches ont permis de jeter les bases du r\u00e9cit. McAvoy fournit des descriptions \u00e9tonnantes des d\u00e9cors et d\u00e9veloppe tr\u00e8s bien les personnages. Son style d&#8217;\u00e9criture est captivant. Ce style d&#8217;\u00e9criture, ainsi que les recherches approfondies et l&#8217;attention port\u00e9e aux d\u00e9tails, rendent ce roman captivant et instructif.<\/p>\n<p>Je recommande vivement ce roman aux lecteurs qui appr\u00e9cient une intrigue bas\u00e9e sur des \u00e9v\u00e9nements et des personnes r\u00e9els, puis leur projection dans de possibles \u00e9v\u00e9nements contemporains. Le lien avec les n\u00e9o-nazis est tout \u00e0 fait opportun, compte tenu de l&#8217;agitation politique r\u00e9cente. J&#8217;aime beaucoup la note de l&#8217;auteur de McAvoy, qui nous informe de ce qui rel\u00e8ve de l&#8217;histoire et de la fiction.<\/p>\n<p>Ce livre est le troisi\u00e8me d&#8217;une s\u00e9rie, mais il se lit plut\u00f4t bien tout seul. Vous pouvez lire mes critiques des livres pr\u00e9c\u00e9dents de la s\u00e9rie : The Magdalene Deception, Le reliquaire du Magdal\u00e9nien. Je suis s\u00fbre qu&#8217;il y aura une suite et je la chercherai&#8221;. Ma note : 5\/5 \u00e9toiles. &#8211; Joan Nienhuis, critique d&#8217;Amazon Vine<\/p>\n<\/p>\n<p>The Magdalene Veil, le dernier volet de la s\u00e9rie de trois livres de Gary McAvoy, &#8220;The Magdalene Chronicles&#8221;, permet \u00e0 McAvoy d&#8217;explorer \u00e0 nouveau les limites de l&#8217;histoire ancienne, les rouages cach\u00e9s de l&#8217;\u00c9glise catholique et ses liens tortueux avec le Troisi\u00e8me Reich, la persistance du n\u00e9onazisme dans le monde contemporain, les courants crois\u00e9s de la politique internationale et du terrorisme, et enfin les limites et les permissions de la foi. Le r\u00e9sultat est un excellent roman que l&#8217;on pourrait classer dans la cat\u00e9gorie &#8220;Espionnage eccl\u00e9siastique&#8221;, \u00e0 d\u00e9faut d&#8217;un genre tout fait dans lequel le ranger.<\/p>\n<p>McAvoy r\u00e9unit dans son roman la m\u00eame \u00e9quipe int\u00e9ressante que celle qu&#8217;il a form\u00e9e dans The Magdalene Deception, le premier livre de la s\u00e9rie : un jeune pr\u00eatre am\u00e9ricain travaillant au Vatican et sp\u00e9cialis\u00e9 dans le d\u00e9codage et la pr\u00e9servation d&#8217;anciens documents religieux, un journaliste d&#8217;investigation fran\u00e7ais ayant des liens avec le monde de la banque suisse et les hautes sph\u00e8res du gouvernement fran\u00e7ais, deux gardes suisses du Vatican \u00e0 la fois gamins et froidement efficaces, et un m\u00e9chant redoutable en la personne de&#8230; il faut lire le livre pour le savoir. M\u00eame le Pape lui-m\u00eame est appel\u00e9 sur sc\u00e8ne pour un cam\u00e9o. Comme toute bonne \u00e9quipe, les membres du noyau dur sont collectivement comp\u00e9tents dans un grand nombre d&#8217;arcanes, de comp\u00e9tences pratiques et compl\u00e9mentaires qu&#8217;ils doivent utiliser pour se sortir de l&#8217;eau chaude dans laquelle McAvoy aime les plonger. Si l&#8217;intrigue se d\u00e9roule ostensiblement \u00e0 Rome, dans le p\u00e9rim\u00e8tre des archives du Vatican, la Ville \u00e9ternelle sert avant tout de moyeu \u00e0 une intrigue dont les rayons s&#8217;\u00e9tendent \u00e0 des lieux exotiques du monde entier.<\/p>\n<p>Un livre comme celui-ci vit et meurt par la cr\u00e9dibilit\u00e9 des d\u00e9tails qu&#8217;il offre sur le monde dans lequel les personnages vivent, et McAvoy a g\u00e9n\u00e9reusement sal\u00e9 l&#8217;histoire avec des d\u00e9tails bien document\u00e9s et finement observ\u00e9s. Comme toute aventure de James Bond qui se respecte, Le voile de la Madeleine regorge de noms et de marques du haut monde, des ports a\u00f1ejo et des pi\u00e8ces d&#8217;horlogerie co\u00fbteuses aux commodit\u00e9s des voyages en jet priv\u00e9, des protocoles de conservation des documents d&#8217;archives au th\u00e9 pr\u00e9f\u00e9r\u00e9 du pr\u00e9sident fran\u00e7ais, des Bentley ronronnantes aux engins d&#8217;assaut militaires gonflables, de l&#8217;armement moderne \u00e0 la fa\u00e7on dont l&#8217;atmosph\u00e8re des archives secr\u00e8tes souterraines du Vatican est r\u00e9gul\u00e9e, etc. McAvoy g\u00e8re tout cela avec une familiarit\u00e9 d\u00e9contract\u00e9e qui rattache les p\u00e9rip\u00e9ties les plus folles de l&#8217;intrigue \u00e0 une r\u00e9alit\u00e9 cr\u00e9dible.<\/p>\n<p>Selon l&#8217;orientation religieuse\/spirituelle de chacun, les &#8220;r\u00e9v\u00e9lations&#8221; du livre concernant les machinations de l&#8217;\u00c9glise catholique peuvent \u00eatre consid\u00e9r\u00e9es comme un divertissement inoffensif, une h\u00e9r\u00e9sie scandaleuse ou une affaire courante. Mais elles sont assur\u00e9ment provocantes.<\/p>\n<p>En bref, une lecture recommand\u00e9e&#8221;. &#8211; Philippe Shallat, Puerto Vallarta, Mexique<\/p>\n\t\t\t\t\t\t\t\t<\/div>\n\t\t\t\t\t<\/div>\n\t\t<\/div>\n\t\t\t\t<div class=\"elementor-column elementor-col-50 elementor-inner-column elementor-element elementor-element-e36a8ed\" data-id=\"e36a8ed\" data-element_type=\"column\" data-e-type=\"column\">\n\t\t\t<div class=\"elementor-widget-wrap\">\n\t\t\t\t\t\t\t<\/div>\n\t\t<\/div>\n\t\t\t\t\t<\/div>\n\t\t<\/section>\n\t\t\t\t<div class=\"elementor-element elementor-element-94af45c elementor-widget elementor-widget-spacer\" data-id=\"94af45c\" data-element_type=\"widget\" data-e-type=\"widget\" data-widget_type=\"spacer.default\">\n\t\t\t\t\t\t\t<div class=\"elementor-spacer\">\n\t\t\t<div class=\"elementor-spacer-inner\"><\/div>\n\t\t<\/div>\n\t\t\t\t\t\t<\/div>\n\t\t\t\t\t<\/div>\n\t\t<\/div>\n\t\t\t\t\t<\/div>\n\t\t<\/section>\n\t\t\t\t<\/div>\n\t\t","protected":false},"excerpt":{"rendered":"<p>Le voile de Madeleine Livre 3 des Chroniques de Madeleine Un vieux journal de la Seconde Guerre mondiale rempli d&#8217;indices \u00e9nigmatiques lance deux amis dans une aventure autour du monde&#8230; mais leur chemin est sem\u00e9 de dangers et de tromperies&#8230; et le tr\u00e9sor qu&#8217;ils cherchent peut tout changer pour le [&hellip;]<\/p>\n","protected":false},"author":1,"featured_media":0,"parent":10709,"menu_order":0,"comment_status":"closed","ping_status":"closed","template":"template\/page\/fullwidth.php","meta":{"iawp_total_views":59,"footnotes":""},"class_list":["post-10703","page","type-page","status-publish","hentry"],"_links":{"self":[{"href":"https:\/\/garymcavoy.com\/fr\/wp-json\/wp\/v2\/pages\/10703","targetHints":{"allow":["GET"]}}],"collection":[{"href":"https:\/\/garymcavoy.com\/fr\/wp-json\/wp\/v2\/pages"}],"about":[{"href":"https:\/\/garymcavoy.com\/fr\/wp-json\/wp\/v2\/types\/page"}],"author":[{"embeddable":true,"href":"https:\/\/garymcavoy.com\/fr\/wp-json\/wp\/v2\/users\/1"}],"replies":[{"embeddable":true,"href":"https:\/\/garymcavoy.com\/fr\/wp-json\/wp\/v2\/comments?post=10703"}],"version-history":[{"count":0,"href":"https:\/\/garymcavoy.com\/fr\/wp-json\/wp\/v2\/pages\/10703\/revisions"}],"up":[{"embeddable":true,"href":"https:\/\/garymcavoy.com\/fr\/wp-json\/wp\/v2\/pages\/10709"}],"wp:attachment":[{"href":"https:\/\/garymcavoy.com\/fr\/wp-json\/wp\/v2\/media?parent=10703"}],"curies":[{"name":"wp","href":"https:\/\/api.w.org\/{rel}","templated":true}]}}