{"id":10941,"date":"2023-04-29T07:55:32","date_gmt":"2023-04-29T14:55:32","guid":{"rendered":"https:\/\/garymcavoy.com\/livres-et-revues\/le-gambit-galileen\/"},"modified":"2024-11-07T16:15:21","modified_gmt":"2024-11-08T00:15:21","slug":"le-gambit-galileen","status":"publish","type":"page","link":"https:\/\/garymcavoy.com\/fr\/livres-et-revues\/le-gambit-galileen\/","title":{"rendered":"Le gambit galil\u00e9en"},"content":{"rendered":"\t\t<div data-elementor-type=\"wp-page\" data-elementor-id=\"10941\" class=\"elementor elementor-10941 elementor-9176\" data-elementor-post-type=\"page\">\n\t\t\t\t\t\t<section data-particle_enable=\"false\" data-particle-mobile-disabled=\"false\" data-kenburns=\"{&quot;fx&quot;:&quot;fade&quot;,&quot;speed&quot;:6000,&quot;fade&quot;:500,&quot;slides&quot;:[{&quot;_id&quot;:&quot;c382987&quot;,&quot;premium_kenburns_images&quot;:{&quot;url&quot;:&quot;https:\\\/\\\/garymcavoy.com\\\/wp-content\\\/uploads\\\/2023\\\/04\\\/Galileo_facing_the_Roman_Inquisition.jpg&quot;,&quot;id&quot;:9103,&quot;size&quot;:&quot;&quot;,&quot;alt&quot;:&quot;&quot;,&quot;source&quot;:&quot;library&quot;},&quot;premium_kenburns_image_fit&quot;:&quot;pa-fill&quot;,&quot;premium_kenburns_dir&quot;:&quot;center&quot;,&quot;premium_kenburns_zoom_dir&quot;:&quot;in&quot;}],&quot;infinite&quot;:&quot;&quot;}\" class=\"elementor-section elementor-top-section elementor-element elementor-element-8aaedea premium-kenburns-yes elementor-section-boxed elementor-section-height-default elementor-section-height-default\" data-id=\"8aaedea\" data-element_type=\"section\" data-e-type=\"section\">\n\t\t\t\t\t\t<div class=\"elementor-container elementor-column-gap-default\">\n\t\t\t\t\t<div class=\"elementor-column elementor-col-66 elementor-top-column elementor-element elementor-element-8f41081\" data-id=\"8f41081\" data-element_type=\"column\" data-e-type=\"column\">\n\t\t\t<div class=\"elementor-widget-wrap elementor-element-populated\">\n\t\t\t\t\t\t<div class=\"elementor-element elementor-element-208ca3e elementor-widget elementor-widget-spacer\" data-id=\"208ca3e\" data-element_type=\"widget\" data-e-type=\"widget\" data-widget_type=\"spacer.default\">\n\t\t\t\t\t\t\t<div class=\"elementor-spacer\">\n\t\t\t<div class=\"elementor-spacer-inner\"><\/div>\n\t\t<\/div>\n\t\t\t\t\t\t<\/div>\n\t\t\t\t<div class=\"elementor-element elementor-element-7863b2b elementor-widget elementor-widget-heading\" data-id=\"7863b2b\" data-element_type=\"widget\" data-e-type=\"widget\" data-widget_type=\"heading.default\">\n\t\t\t\t\t<h1 class=\"elementor-heading-title elementor-size-default\">Le gambit galil\u00e9en<\/h1>\t\t\t\t<\/div>\n\t\t\t\t<div class=\"elementor-element elementor-element-e95cd78 elementor-widget elementor-widget-heading\" data-id=\"e95cd78\" data-element_type=\"widget\" data-e-type=\"widget\" data-widget_type=\"heading.default\">\n\t\t\t\t\t<h2 class=\"elementor-heading-title elementor-size-default\">Un thriller sur les archives secr\u00e8tes du Vatican - Livre 6<\/h2>\t\t\t\t<\/div>\n\t\t\t\t<div class=\"elementor-element elementor-element-35a847d elementor-widget elementor-widget-text-editor\" data-id=\"35a847d\" data-element_type=\"widget\" data-e-type=\"widget\" data-widget_type=\"text-editor.default\">\n\t\t\t\t\t\t\t\t\t<p><span style=\"color: #ffffff; font-size: 18pt;\">Le p\u00e8re Michael Dominic, pr\u00e9fet appr\u00e9ci\u00e9 des archives secr\u00e8tes du Vatican \u00e0 Rome, se voit confier la mission de transporter les documents originaux du proc\u00e8s de Galil\u00e9e, datant du XVIIe si\u00e8cle, \u00e0 la facult\u00e9 de droit Loyola de Chicago. Le d\u00e9cor est plant\u00e9 pour un faux proc\u00e8s historique moderne des accusations d&#8217;h\u00e9r\u00e9sie port\u00e9es contre Galil\u00e9e, comm\u00e9morant le 400e anniversaire de cet \u00e9v\u00e9nement l\u00e9gendaire.<\/span><\/p>\n<p><span style=\"color: #ffffff; font-size: 18pt;\">Dans cette reconstitution passionnante, le destin de Galil\u00e9e est entre les mains de l&#8217;actuel procureur g\u00e9n\u00e9ral du Vatican, un \u00e9v\u00eaque rus\u00e9 du Dicast\u00e8re pour la Doctrine de la Foi, et de sa d\u00e9fense, un \u00e9minent professeur de droit au pass\u00e9 myst\u00e9rieux. Pendant ce temps, la d\u00e9t\u00e9rioration de l&#8217;\u00e9tat de sant\u00e9 du pape met la Curie romaine sur les dents, tandis que d&#8217;ambitieux pr\u00e9tendants se disputent la place dans l&#8217;\u00e9lection papale anticip\u00e9e.<\/span><\/p>\n<p><span style=\"color: #ffffff; font-size: 18pt;\">Mais l&#8217;intrigue se corse lorsque des pi\u00e8ces \u00e0 conviction historiques d&#8217;une valeur inestimable disparaissent la nuit pr\u00e9c\u00e9dant le proc\u00e8s ! N&#8217;ayant pas de temps \u00e0 perdre, l&#8217;\u00e9quipe du p\u00e8re Michael est oblig\u00e9e de diviser pour mieux r\u00e9gner, poursuivant toutes les pistes pour retrouver les tr\u00e9sors vol\u00e9s. Alors qu&#8217;ils sont confront\u00e9s \u00e0 de p\u00e9rilleux rebondissements, ils doivent \u00e9galement faire face \u00e0 d&#8217;obscurs complots de la part de factions rivales.<\/span><\/p>\n<p><span style=\"color: #ffffff; font-size: 18pt;\">L&#8217;enjeu est de taille : le p\u00e8re Michael et son \u00e9quipe se lancent dans une course contre la montre pour d\u00e9couvrir la v\u00e9rit\u00e9 derri\u00e8re ce myst\u00e8re palpitant. Alors que des intentions cach\u00e9es \u00e9mergent de l&#8217;ombre et que l&#8217;aide se mat\u00e9rialise \u00e0 partir des sources les plus inattendues, les loyaut\u00e9s sont mises \u00e0 l&#8217;\u00e9preuve. Accrochez-vous \u00e0 votre si\u00e8ge et pr\u00e9parez-vous \u00e0 un voyage tendu, alors que le P\u00e8re Michael se bat courageusement pour d\u00e9m\u00ealer l&#8217;\u00e9nigmatique conspiration connue sous le nom de Gambit Galileo.<\/span><\/p>\n\t\t\t\t\t\t\t\t<\/div>\n\t\t\t\t<div class=\"elementor-element elementor-element-a07c4a4 elementor-widget elementor-widget-spacer\" data-id=\"a07c4a4\" data-element_type=\"widget\" data-e-type=\"widget\" data-widget_type=\"spacer.default\">\n\t\t\t\t\t\t\t<div class=\"elementor-spacer\">\n\t\t\t<div class=\"elementor-spacer-inner\"><\/div>\n\t\t<\/div>\n\t\t\t\t\t\t<\/div>\n\t\t\t\t\t<\/div>\n\t\t<\/div>\n\t\t\t\t<div class=\"elementor-column elementor-col-33 elementor-top-column elementor-element elementor-element-a044b10\" data-id=\"a044b10\" data-element_type=\"column\" data-e-type=\"column\">\n\t\t\t<div class=\"elementor-widget-wrap elementor-element-populated\">\n\t\t\t\t\t\t<div class=\"elementor-element elementor-element-fe9ca9e elementor-widget elementor-widget-spacer\" data-id=\"fe9ca9e\" data-element_type=\"widget\" data-e-type=\"widget\" data-widget_type=\"spacer.default\">\n\t\t\t\t\t\t\t<div class=\"elementor-spacer\">\n\t\t\t<div class=\"elementor-spacer-inner\"><\/div>\n\t\t<\/div>\n\t\t\t\t\t\t<\/div>\n\t\t\t\t<div class=\"elementor-element elementor-element-c23a1f4 elementor-widget elementor-widget-image\" data-id=\"c23a1f4\" data-element_type=\"widget\" data-e-type=\"widget\" data-widget_type=\"image.default\">\n\t\t\t\t\t\t\t\t\t\t\t\t\t\t\t\t<a href=\"https:\/\/garymcavoy.com\/store\/the-galileo-gambit\/\">\n\t\t\t\t\t\t\t<img fetchpriority=\"high\" decoding=\"async\" width=\"457\" height=\"563\" src=\"https:\/\/garymcavoy.com\/wp-content\/uploads\/2023\/04\/Galileo-Gambit-HC-Cover-3D-Left.png\" class=\"attachment-large size-large wp-image-10606\" alt=\"\" srcset=\"https:\/\/garymcavoy.com\/wp-content\/uploads\/2023\/04\/Galileo-Gambit-HC-Cover-3D-Left.png 457w, https:\/\/garymcavoy.com\/wp-content\/uploads\/2023\/04\/Galileo-Gambit-HC-Cover-3D-Left-244x300.png 244w, https:\/\/garymcavoy.com\/wp-content\/uploads\/2023\/04\/Galileo-Gambit-HC-Cover-3D-Left-250x308.png 250w, https:\/\/garymcavoy.com\/wp-content\/uploads\/2023\/04\/Galileo-Gambit-HC-Cover-3D-Left-146x180.png 146w, https:\/\/garymcavoy.com\/wp-content\/uploads\/2023\/04\/Galileo-Gambit-HC-Cover-3D-Left-406x500.png 406w\" sizes=\"(max-width: 457px) 100vw, 457px\" \/>\t\t\t\t\t\t\t\t<\/a>\n\t\t\t\t\t\t\t\t\t\t\t\t\t\t\t<\/div>\n\t\t\t\t<div class=\"elementor-element elementor-element-d4c39e8 elementor-widget elementor-widget-heading\" data-id=\"d4c39e8\" data-element_type=\"widget\" data-e-type=\"widget\" data-widget_type=\"heading.default\">\n\t\t\t\t\t<h6 class=\"elementor-heading-title elementor-size-default\">Publication pr\u00e9vue en juin 2023<\/h6>\t\t\t\t<\/div>\n\t\t\t\t<div class=\"elementor-element elementor-element-35019be elementor-align-center elementor-widget elementor-widget-button\" data-id=\"35019be\" data-element_type=\"widget\" data-e-type=\"widget\" data-widget_type=\"button.default\">\n\t\t\t\t\t\t\t\t\t\t<a class=\"elementor-button elementor-button-link elementor-size-sm\" href=\"https:\/\/garymcavoy.com\/store\/the-galileo-gambit\/\">\n\t\t\t\t\t\t<span class=\"elementor-button-content-wrapper\">\n\t\t\t\t\t\t\t\t\t<span class=\"elementor-button-text\">ACHETER LE LIVRE<\/span>\n\t\t\t\t\t<\/span>\n\t\t\t\t\t<\/a>\n\t\t\t\t\t\t\t\t<\/div>\n\t\t\t\t<div class=\"elementor-element elementor-element-bd8ebd8 elementor-align-center elementor-widget elementor-widget-button\" data-id=\"bd8ebd8\" data-element_type=\"widget\" data-e-type=\"widget\" data-widget_type=\"button.default\">\n\t\t\t\t\t\t\t\t\t\t<a class=\"elementor-button elementor-size-sm\" role=\"button\">\n\t\t\t\t\t\t<span class=\"elementor-button-content-wrapper\">\n\t\t\t\t\t\t\t\t\t<span class=\"elementor-button-text\">LISEZ UN EXTRAIT<\/span>\n\t\t\t\t\t<\/span>\n\t\t\t\t\t<\/a>\n\t\t\t\t\t\t\t\t<\/div>\n\t\t\t\t<div class=\"elementor-element elementor-element-6db209b elementor-widget elementor-widget-spacer\" data-id=\"6db209b\" data-element_type=\"widget\" data-e-type=\"widget\" data-widget_type=\"spacer.default\">\n\t\t\t\t\t\t\t<div class=\"elementor-spacer\">\n\t\t\t<div class=\"elementor-spacer-inner\"><\/div>\n\t\t<\/div>\n\t\t\t\t\t\t<\/div>\n\t\t\t\t\t<\/div>\n\t\t<\/div>\n\t\t\t\t\t<\/div>\n\t\t<\/section>\n\t\t\t\t<section data-particle_enable=\"false\" data-particle-mobile-disabled=\"false\" class=\"elementor-section elementor-top-section elementor-element elementor-element-eef605c elementor-section-boxed elementor-section-height-default elementor-section-height-default\" data-id=\"eef605c\" data-element_type=\"section\" data-e-type=\"section\">\n\t\t\t\t\t\t<div class=\"elementor-container elementor-column-gap-default\">\n\t\t\t\t\t<div class=\"elementor-column elementor-col-66 elementor-top-column elementor-element elementor-element-dbe8279\" data-id=\"dbe8279\" data-element_type=\"column\" data-e-type=\"column\">\n\t\t\t<div class=\"elementor-widget-wrap elementor-element-populated\">\n\t\t\t\t\t\t<div class=\"elementor-element elementor-element-c1f7746 elementor-widget elementor-widget-spacer\" data-id=\"c1f7746\" data-element_type=\"widget\" data-e-type=\"widget\" data-widget_type=\"spacer.default\">\n\t\t\t\t\t\t\t<div class=\"elementor-spacer\">\n\t\t\t<div class=\"elementor-spacer-inner\"><\/div>\n\t\t<\/div>\n\t\t\t\t\t\t<\/div>\n\t\t\t\t<div class=\"elementor-element elementor-element-dd3383d elementor-widget elementor-widget-heading\" data-id=\"dd3383d\" data-element_type=\"widget\" data-e-type=\"widget\" data-widget_type=\"heading.default\">\n\t\t\t\t\t<h2 class=\"elementor-heading-title elementor-size-default\">Regardez la bande-annonce du livre<\/h2>\t\t\t\t<\/div>\n\t\t\t\t\t<\/div>\n\t\t<\/div>\n\t\t\t\t<div class=\"elementor-column elementor-col-33 elementor-top-column elementor-element elementor-element-91e79b3\" data-id=\"91e79b3\" data-element_type=\"column\" data-e-type=\"column\">\n\t\t\t<div class=\"elementor-widget-wrap elementor-element-populated\">\n\t\t\t\t\t\t<div class=\"elementor-element elementor-element-7405f06 elementor-widget elementor-widget-image\" data-id=\"7405f06\" data-element_type=\"widget\" data-e-type=\"widget\" data-widget_type=\"image.default\">\n\t\t\t\t\t\t\t\t\t\t\t\t\t\t\t\t<a href=\"https:\/\/garymcavoy.com\/store\/the-galileo-gambit\/\">\n\t\t\t\t\t\t\t<img decoding=\"async\" width=\"361\" height=\"100\" src=\"https:\/\/garymcavoy.com\/wp-content\/uploads\/2022\/10\/Order-Signed-Copy-Today.png\" class=\"attachment-medium_large size-medium_large wp-image-10488\" alt=\"\" srcset=\"https:\/\/garymcavoy.com\/wp-content\/uploads\/2022\/10\/Order-Signed-Copy-Today.png 361w, https:\/\/garymcavoy.com\/wp-content\/uploads\/2022\/10\/Order-Signed-Copy-Today-300x83.png 300w, https:\/\/garymcavoy.com\/wp-content\/uploads\/2022\/10\/Order-Signed-Copy-Today-250x69.png 250w\" sizes=\"(max-width: 361px) 100vw, 361px\" \/>\t\t\t\t\t\t\t\t<\/a>\n\t\t\t\t\t\t\t\t\t\t\t\t\t\t\t<\/div>\n\t\t\t\t\t<\/div>\n\t\t<\/div>\n\t\t\t\t\t<\/div>\n\t\t<\/section>\n\t\t\t\t<section data-particle_enable=\"false\" data-particle-mobile-disabled=\"false\" class=\"elementor-section elementor-top-section elementor-element elementor-element-7312851 elementor-section-boxed elementor-section-height-default elementor-section-height-default\" data-id=\"7312851\" data-element_type=\"section\" data-e-type=\"section\">\n\t\t\t\t\t\t<div class=\"elementor-container elementor-column-gap-default\">\n\t\t\t\t\t<div class=\"elementor-column elementor-col-66 elementor-top-column elementor-element elementor-element-da9dd9a\" data-id=\"da9dd9a\" data-element_type=\"column\" data-e-type=\"column\">\n\t\t\t<div class=\"elementor-widget-wrap elementor-element-populated\">\n\t\t\t\t\t\t<div class=\"elementor-element elementor-element-13af2da elementor-widget-divider--view-line elementor-widget elementor-widget-divider\" data-id=\"13af2da\" data-element_type=\"widget\" data-e-type=\"widget\" data-widget_type=\"divider.default\">\n\t\t\t\t\t\t\t<div class=\"elementor-divider\">\n\t\t\t<span class=\"elementor-divider-separator\">\n\t\t\t\t\t\t<\/span>\n\t\t<\/div>\n\t\t\t\t\t\t<\/div>\n\t\t\t\t<div class=\"elementor-element elementor-element-e444aa5 elementor-widget elementor-widget-heading\" data-id=\"e444aa5\" data-element_type=\"widget\" data-e-type=\"widget\" data-widget_type=\"heading.default\">\n\t\t\t\t\t<h2 class=\"elementor-heading-title elementor-size-default\">\u00c9loges de \"The Galileo Gambit\" (Le pari de Galil\u00e9e)<\/h2>\t\t\t\t<\/div>\n\t\t\t\t\t<\/div>\n\t\t<\/div>\n\t\t\t\t<div class=\"elementor-column elementor-col-33 elementor-top-column elementor-element elementor-element-767e583\" data-id=\"767e583\" data-element_type=\"column\" data-e-type=\"column\">\n\t\t\t<div class=\"elementor-widget-wrap\">\n\t\t\t\t\t\t\t<\/div>\n\t\t<\/div>\n\t\t\t\t\t<\/div>\n\t\t<\/section>\n\t\t\t\t<section data-particle_enable=\"false\" data-particle-mobile-disabled=\"false\" class=\"elementor-section elementor-top-section elementor-element elementor-element-c08a5d8 elementor-section-boxed elementor-section-height-default elementor-section-height-default\" data-id=\"c08a5d8\" data-element_type=\"section\" data-e-type=\"section\">\n\t\t\t\t\t\t<div class=\"elementor-container elementor-column-gap-default\">\n\t\t\t\t\t<div class=\"elementor-column elementor-col-66 elementor-top-column elementor-element elementor-element-e6cd188\" data-id=\"e6cd188\" data-element_type=\"column\" data-e-type=\"column\">\n\t\t\t<div class=\"elementor-widget-wrap\">\n\t\t\t\t\t\t\t<\/div>\n\t\t<\/div>\n\t\t\t\t<div class=\"elementor-column elementor-col-33 elementor-top-column elementor-element elementor-element-afb1193\" data-id=\"afb1193\" data-element_type=\"column\" data-e-type=\"column\">\n\t\t\t<div class=\"elementor-widget-wrap\">\n\t\t\t\t\t\t\t<\/div>\n\t\t<\/div>\n\t\t\t\t\t<\/div>\n\t\t<\/section>\n\t\t\t\t<section data-particle_enable=\"false\" data-particle-mobile-disabled=\"false\" class=\"elementor-section elementor-top-section elementor-element elementor-element-d63970c elementor-section-boxed elementor-section-height-default elementor-section-height-default\" data-id=\"d63970c\" data-element_type=\"section\" data-e-type=\"section\">\n\t\t\t\t\t\t<div class=\"elementor-container elementor-column-gap-default\">\n\t\t\t\t\t<div class=\"elementor-column elementor-col-66 elementor-top-column elementor-element elementor-element-81cdaf9\" data-id=\"81cdaf9\" data-element_type=\"column\" data-e-type=\"column\">\n\t\t\t<div class=\"elementor-widget-wrap\">\n\t\t\t\t\t\t\t<\/div>\n\t\t<\/div>\n\t\t\t\t<div class=\"elementor-column elementor-col-33 elementor-top-column elementor-element elementor-element-21a607c\" data-id=\"21a607c\" data-element_type=\"column\" data-e-type=\"column\">\n\t\t\t<div class=\"elementor-widget-wrap\">\n\t\t\t\t\t\t\t<\/div>\n\t\t<\/div>\n\t\t\t\t\t<\/div>\n\t\t<\/section>\n\t\t\t\t<\/div>\n\t\t","protected":false},"excerpt":{"rendered":"<p>Le gambit galil\u00e9en Un thriller sur les archives secr\u00e8tes du Vatican &#8211; Livre 6 Le p\u00e8re Michael Dominic, pr\u00e9fet appr\u00e9ci\u00e9 des archives secr\u00e8tes du Vatican \u00e0 Rome, se voit confier la mission de transporter les [&hellip;]<\/p>\n","protected":false},"author":1,"featured_media":10609,"parent":10709,"menu_order":0,"comment_status":"closed","ping_status":"closed","template":"template\/page\/fullwidth.php","meta":{"iawp_total_views":2,"footnotes":""},"class_list":["post-10941","page","type-page","status-publish","has-post-thumbnail","hentry"],"_links":{"self":[{"href":"https:\/\/garymcavoy.com\/fr\/wp-json\/wp\/v2\/pages\/10941","targetHints":{"allow":["GET"]}}],"collection":[{"href":"https:\/\/garymcavoy.com\/fr\/wp-json\/wp\/v2\/pages"}],"about":[{"href":"https:\/\/garymcavoy.com\/fr\/wp-json\/wp\/v2\/types\/page"}],"author":[{"embeddable":true,"href":"https:\/\/garymcavoy.com\/fr\/wp-json\/wp\/v2\/users\/1"}],"replies":[{"embeddable":true,"href":"https:\/\/garymcavoy.com\/fr\/wp-json\/wp\/v2\/comments?post=10941"}],"version-history":[{"count":0,"href":"https:\/\/garymcavoy.com\/fr\/wp-json\/wp\/v2\/pages\/10941\/revisions"}],"up":[{"embeddable":true,"href":"https:\/\/garymcavoy.com\/fr\/wp-json\/wp\/v2\/pages\/10709"}],"wp:featuredmedia":[{"embeddable":true,"href":"https:\/\/garymcavoy.com\/fr\/wp-json\/wp\/v2\/media\/10609"}],"wp:attachment":[{"href":"https:\/\/garymcavoy.com\/fr\/wp-json\/wp\/v2\/media?parent=10941"}],"curies":[{"name":"wp","href":"https:\/\/api.w.org\/{rel}","templated":true}]}}