{"id":11107,"date":"2023-12-22T10:32:40","date_gmt":"2023-12-22T18:32:40","guid":{"rendered":"https:\/\/garymcavoy.com\/livres-et-revues\/le-gardien-celeste\/"},"modified":"2025-08-22T13:29:32","modified_gmt":"2025-08-22T20:29:32","slug":"le-gardien-celeste","status":"publish","type":"page","link":"https:\/\/garymcavoy.com\/fr\/livres-et-revues\/le-gardien-celeste\/","title":{"rendered":"Le gardien c\u00e9leste"},"content":{"rendered":"\t\t<div data-elementor-type=\"wp-page\" data-elementor-id=\"11107\" class=\"elementor elementor-11107 elementor-10009\" data-elementor-post-type=\"page\">\n\t\t\t\t\t\t<section data-particle_enable=\"false\" data-particle-mobile-disabled=\"false\" class=\"elementor-section elementor-top-section elementor-element elementor-element-8aaedea elementor-section-boxed elementor-section-height-default elementor-section-height-default\" data-id=\"8aaedea\" data-element_type=\"section\" data-e-type=\"section\">\n\t\t\t\t\t\t<div class=\"elementor-container elementor-column-gap-default\">\n\t\t\t\t\t<div class=\"elementor-column elementor-col-66 elementor-top-column elementor-element elementor-element-8f41081\" data-id=\"8f41081\" data-element_type=\"column\" data-e-type=\"column\">\n\t\t\t<div class=\"elementor-widget-wrap elementor-element-populated\">\n\t\t\t\t\t\t<div class=\"elementor-element elementor-element-756ec9b elementor-widget elementor-widget-spacer\" data-id=\"756ec9b\" data-element_type=\"widget\" data-e-type=\"widget\" data-widget_type=\"spacer.default\">\n\t\t\t\t\t\t\t<div class=\"elementor-spacer\">\n\t\t\t<div class=\"elementor-spacer-inner\"><\/div>\n\t\t<\/div>\n\t\t\t\t\t\t<\/div>\n\t\t\t\t<div class=\"elementor-element elementor-element-7863b2b elementor-widget elementor-widget-heading\" data-id=\"7863b2b\" data-element_type=\"widget\" data-e-type=\"widget\" data-widget_type=\"heading.default\">\n\t\t\t\t\t<h1 class=\"elementor-heading-title elementor-size-default\">Le gardien c\u00e9leste<\/h1>\t\t\t\t<\/div>\n\t\t\t\t<div class=\"elementor-element elementor-element-e95cd78 elementor-widget elementor-widget-heading\" data-id=\"e95cd78\" data-element_type=\"widget\" data-e-type=\"widget\" data-widget_type=\"heading.default\">\n\t\t\t\t\t<h2 class=\"elementor-heading-title elementor-size-default\">Un thriller sur les archives secr\u00e8tes du Vatican - Livre 8<\/h2>\t\t\t\t<\/div>\n\t\t\t\t<div class=\"elementor-element elementor-element-35a847d elementor-widget elementor-widget-text-editor\" data-id=\"35a847d\" data-element_type=\"widget\" data-e-type=\"widget\" data-widget_type=\"text-editor.default\">\n\t\t\t\t\t\t\t\t\t<p><span style=\"font-size: 21px; color: #ff0000;\"><strong>NOTE : PAS ENCORE TRADUIT EN FRAN\u00c7AIS.<\/strong><\/span><\/p><p><em>Le Gardien c\u00e9leste<\/em> est un thriller exaltant qui entra\u00eene les lecteurs dans un voyage fascinant au c\u0153ur du monde secret du Vatican et des artefacts \u00e9nigmatiques conserv\u00e9s dans ses vo\u00fbtes. L&#8217;histoire tourne autour du p\u00e8re Michael Dominic, pr\u00e9fet des archives secr\u00e8tes du Vatican, qui d\u00e9couvre la plus grande cr\u00e9ation de L\u00e9onard de Vinci, le Gardien c\u00e9leste, une machine con\u00e7ue pour pr\u00e9dire les \u00e9v\u00e9nements astronomiques. Cette d\u00e9couverte est d&#8217;abord consid\u00e9r\u00e9e comme un outil miraculeux avertissant d&#8217;un ast\u00e9ro\u00efde cataclysmique se dirigeant vers la Terre. Cependant, une exploration plus approfondie du plan de L\u00e9onard de Vinci laisse entrevoir une fonction secondaire et potentiellement dangereuse du Gardien, qui va au-del\u00e0 de la simple pr\u00e9diction : le pouvoir extraordinaire de manipuler les \u00e9v\u00e9nements c\u00e9lestes.<\/p><p>Cette r\u00e9v\u00e9lation d\u00e9clenche une p\u00e9rilleuse course \u00e0 la domination sur le Gardien. Son pouvoir de transformer les \u00e9v\u00e9nements cosmiques en armes de destruction massive attire diverses factions, dont un cardinal du Vatican aveugl\u00e9 par l&#8217;ambition. Alors que les doctrines religieuses changent et que l&#8217;\u00c9glise est sous surveillance, le p\u00e8re Michael est aux prises avec ses propres probl\u00e8mes \u00e9motionnels tout en menant une course contre la montre pour emp\u00eacher un d\u00e9sastre mondial. Des couloirs du pouvoir au Vatican \u00e0 l&#8217;avant-garde de l&#8217;exploration scientifique, l&#8217;histoire plonge dans l&#8217;interaction complexe entre la science, la foi et la vuln\u00e9rabilit\u00e9 humaine, offrant un r\u00e9cit palpitant qui remet en question la ligne de d\u00e9marcation entre le miracle et la science.<\/p><p>Sur fond de myst\u00e8res du Vatican et de secrets c\u00e9lestes, ce roman m\u00eale intrigues historiques, d\u00e9couvertes scientifiques et drames humains. <em>Le Gardien c\u00e9leste<\/em> promet un voyage plein de suspense, o\u00f9 l&#8217;ambition et la r\u00e9silience de l&#8217;esprit humain se heurtent \u00e0 des menaces cosmiques, tenant les lecteurs en haleine du d\u00e9but \u00e0 la fin.<\/p>\t\t\t\t\t\t\t\t<\/div>\n\t\t\t\t<div class=\"elementor-element elementor-element-4ea3085 elementor-widget elementor-widget-video\" data-id=\"4ea3085\" data-element_type=\"widget\" data-e-type=\"widget\" data-settings=\"{&quot;youtube_url&quot;:&quot;https:\\\/\\\/youtu.be\\\/5YsIvV_ADt0&quot;,&quot;video_type&quot;:&quot;youtube&quot;,&quot;controls&quot;:&quot;yes&quot;}\" data-widget_type=\"video.default\">\n\t\t\t\t\t\t\t<div class=\"elementor-wrapper elementor-open-inline\">\n\t\t\t<div class=\"elementor-video\"><\/div>\t\t<\/div>\n\t\t\t\t\t\t<\/div>\n\t\t\t\t\t<\/div>\n\t\t<\/div>\n\t\t\t\t<div class=\"elementor-column elementor-col-33 elementor-top-column elementor-element elementor-element-a044b10\" data-id=\"a044b10\" data-element_type=\"column\" data-e-type=\"column\">\n\t\t\t<div class=\"elementor-widget-wrap elementor-element-populated\">\n\t\t\t\t\t\t<div class=\"elementor-element elementor-element-daa7c9e elementor-widget elementor-widget-spacer\" data-id=\"daa7c9e\" data-element_type=\"widget\" data-e-type=\"widget\" data-widget_type=\"spacer.default\">\n\t\t\t\t\t\t\t<div class=\"elementor-spacer\">\n\t\t\t<div class=\"elementor-spacer-inner\"><\/div>\n\t\t<\/div>\n\t\t\t\t\t\t<\/div>\n\t\t\t\t<div class=\"elementor-element elementor-element-c23a1f4 elementor-widget elementor-widget-image\" data-id=\"c23a1f4\" data-element_type=\"widget\" data-e-type=\"widget\" data-widget_type=\"image.default\">\n\t\t\t\t\t\t\t\t\t\t\t\t\t\t\t\t<a href=\"https:\/\/garymcavoy.com\/store\/the-celestial-guardian\/\">\n\t\t\t\t\t\t\t<img fetchpriority=\"high\" decoding=\"async\" width=\"537\" height=\"675\" src=\"https:\/\/garymcavoy.com\/wp-content\/uploads\/2024\/01\/The-Celestial-Guardian-HC-LEFT-3D.jpg\" class=\"attachment-large size-large wp-image-10691\" alt=\"\" srcset=\"https:\/\/garymcavoy.com\/wp-content\/uploads\/2024\/01\/The-Celestial-Guardian-HC-LEFT-3D.jpg 537w, https:\/\/garymcavoy.com\/wp-content\/uploads\/2024\/01\/The-Celestial-Guardian-HC-LEFT-3D-239x300.jpg 239w\" sizes=\"(max-width: 537px) 100vw, 537px\" \/>\t\t\t\t\t\t\t\t<\/a>\n\t\t\t\t\t\t\t\t\t\t\t\t\t\t\t<\/div>\n\t\t\t\t<div class=\"elementor-element elementor-element-d4c39e8 elementor-widget elementor-widget-heading\" data-id=\"d4c39e8\" data-element_type=\"widget\" data-e-type=\"widget\" data-widget_type=\"heading.default\">\n\t\t\t\t\t<h6 class=\"elementor-heading-title elementor-size-default\">Date de publication : Kindle 22 f\u00e9vrier 2024<br>Livre de poche 10 f\u00e9vrier 2024<\/h6>\t\t\t\t<\/div>\n\t\t\t\t<div class=\"elementor-element elementor-element-9449545 elementor-widget elementor-widget-spacer\" data-id=\"9449545\" data-element_type=\"widget\" data-e-type=\"widget\" data-widget_type=\"spacer.default\">\n\t\t\t\t\t\t\t<div class=\"elementor-spacer\">\n\t\t\t<div class=\"elementor-spacer-inner\"><\/div>\n\t\t<\/div>\n\t\t\t\t\t\t<\/div>\n\t\t\t\t<div class=\"elementor-element elementor-element-2317f34 elementor-align-center elementor-widget elementor-widget-button\" data-id=\"2317f34\" data-element_type=\"widget\" data-e-type=\"widget\" data-widget_type=\"button.default\">\n\t\t\t\t\t\t\t\t\t\t<a class=\"elementor-button elementor-button-link elementor-size-sm\" href=\"https:\/\/garymcavoy.com\/store\/the-celestial-guardian\/\">\n\t\t\t\t\t\t<span class=\"elementor-button-content-wrapper\">\n\t\t\t\t\t\t\t\t\t<span class=\"elementor-button-text\">COMMANDER LE LIVRE<\/span>\n\t\t\t\t\t<\/span>\n\t\t\t\t\t<\/a>\n\t\t\t\t\t\t\t\t<\/div>\n\t\t\t\t<div class=\"elementor-element elementor-element-6246121 elementor-align-center elementor-widget elementor-widget-button\" data-id=\"6246121\" data-element_type=\"widget\" data-e-type=\"widget\" data-widget_type=\"button.default\">\n\t\t\t\t\t\t\t\t\t\t<a class=\"elementor-button elementor-button-link elementor-size-sm\" href=\"https:\/\/garymcavoy.com\/fr\/livres-et-revues\/le-gardien-celeste\/extrait-le-gardien-celeste\/\">\n\t\t\t\t\t\t<span class=\"elementor-button-content-wrapper\">\n\t\t\t\t\t\t\t\t\t<span class=\"elementor-button-text\">LISEZ UN EXTRAIT<\/span>\n\t\t\t\t\t<\/span>\n\t\t\t\t\t<\/a>\n\t\t\t\t\t\t\t\t<\/div>\n\t\t\t\t<div class=\"elementor-element elementor-element-a1edc24 elementor-align-center elementor-widget elementor-widget-button\" data-id=\"a1edc24\" data-element_type=\"widget\" data-e-type=\"widget\" data-widget_type=\"button.default\">\n\t\t\t\t\t\t\t\t\t\t<a class=\"elementor-button elementor-button-link elementor-size-sm\" href=\"https:\/\/garymcavoy.com\/wp-content\/uploads\/2024\/06\/Celestial-Guardian-Sell-Sheet.pdf\" target=\"_blank\">\n\t\t\t\t\t\t<span class=\"elementor-button-content-wrapper\">\n\t\t\t\t\t\t\t\t\t<span class=\"elementor-button-text\">T\u00c9L\u00c9CHARGER LA FICHE DE VENTE<\/span>\n\t\t\t\t\t<\/span>\n\t\t\t\t\t<\/a>\n\t\t\t\t\t\t\t\t<\/div>\n\t\t\t\t\t<\/div>\n\t\t<\/div>\n\t\t\t\t\t<\/div>\n\t\t<\/section>\n\t\t\t\t<section data-particle_enable=\"false\" data-particle-mobile-disabled=\"false\" class=\"elementor-section elementor-top-section elementor-element elementor-element-eef605c elementor-section-boxed elementor-section-height-default elementor-section-height-default\" data-id=\"eef605c\" data-element_type=\"section\" data-e-type=\"section\">\n\t\t\t\t\t\t<div class=\"elementor-container elementor-column-gap-default\">\n\t\t\t\t\t<div class=\"elementor-column elementor-col-66 elementor-top-column elementor-element elementor-element-dbe8279\" data-id=\"dbe8279\" data-element_type=\"column\" data-e-type=\"column\">\n\t\t\t<div class=\"elementor-widget-wrap\">\n\t\t\t\t\t\t\t<\/div>\n\t\t<\/div>\n\t\t\t\t<div class=\"elementor-column elementor-col-33 elementor-top-column elementor-element elementor-element-91e79b3\" data-id=\"91e79b3\" data-element_type=\"column\" data-e-type=\"column\">\n\t\t\t<div class=\"elementor-widget-wrap\">\n\t\t\t\t\t\t\t<\/div>\n\t\t<\/div>\n\t\t\t\t\t<\/div>\n\t\t<\/section>\n\t\t\t\t<section data-particle_enable=\"false\" data-particle-mobile-disabled=\"false\" class=\"elementor-section elementor-top-section elementor-element elementor-element-7312851 elementor-section-boxed elementor-section-height-default elementor-section-height-default\" data-id=\"7312851\" data-element_type=\"section\" data-e-type=\"section\">\n\t\t\t\t\t\t<div class=\"elementor-container elementor-column-gap-default\">\n\t\t\t\t\t<div class=\"elementor-column elementor-col-66 elementor-top-column elementor-element elementor-element-da9dd9a\" data-id=\"da9dd9a\" data-element_type=\"column\" data-e-type=\"column\">\n\t\t\t<div class=\"elementor-widget-wrap elementor-element-populated\">\n\t\t\t\t\t\t<div class=\"elementor-element elementor-element-ce217df elementor-widget elementor-widget-image\" data-id=\"ce217df\" data-element_type=\"widget\" data-e-type=\"widget\" data-widget_type=\"image.default\">\n\t\t\t\t\t\t\t\t\t\t\t\t\t\t\t<img decoding=\"async\" width=\"691\" height=\"78\" src=\"https:\/\/garymcavoy.com\/wp-content\/uploads\/2023\/09\/Reedsy-Must-Read-5-Star-Header.jpg\" class=\"attachment-large size-large wp-image-10648\" alt=\"\" srcset=\"https:\/\/garymcavoy.com\/wp-content\/uploads\/2023\/09\/Reedsy-Must-Read-5-Star-Header.jpg 691w, https:\/\/garymcavoy.com\/wp-content\/uploads\/2023\/09\/Reedsy-Must-Read-5-Star-Header-300x34.jpg 300w, https:\/\/garymcavoy.com\/wp-content\/uploads\/2023\/09\/Reedsy-Must-Read-5-Star-Header-560x63.jpg 560w\" sizes=\"(max-width: 691px) 100vw, 691px\" \/>\t\t\t\t\t\t\t\t\t\t\t\t\t\t\t<\/div>\n\t\t\t\t<div class=\"elementor-element elementor-element-688c02a elementor-widget elementor-widget-text-editor\" data-id=\"688c02a\" data-element_type=\"widget\" data-e-type=\"widget\" data-widget_type=\"text-editor.default\">\n\t\t\t\t\t\t\t\t\t<hr><p>&#8220;Je suis toujours enthousiaste lorsque Gary McAvoy nous pr\u00e9sente un autre de ses romans, plein d&#8217;action et de moments instructifs. Alors qu&#8217;il est g\u00e9n\u00e9ralement impr\u00e9gn\u00e9 d&#8217;histoire religieuse et catholique, McAvoy s&#8217;oriente vers un domaine plus scientifique, tout en abordant des questions modernes d&#8217;astrophysique, de doctrine de l&#8217;\u00c9glise et de s\u00e9curit\u00e9 internationale. On retrouve les personnages principaux que les fans de la s\u00e9rie ont appris \u00e0 appr\u00e9cier, avec de belles \u00e9volutions, \u00e0 la fois personnelles et li\u00e9es \u00e0 l&#8217;arc sc\u00e9naristique. McAvoy ne d\u00e9\u00e7oit pas avec un nouveau roman palpitant dans cette s\u00e9rie stellaire.   <\/p><p>Alors qu&#8217;il accomplit ses t\u00e2ches quotidiennes dans les archives secr\u00e8tes du Vatican, le p\u00e8re Michael Dominic tombe sur des documents relatifs \u00e0 l&#8217;un des projets les plus complexes de L\u00e9onard de Vinci, le Gardien C\u00e9leste. Autrefois consid\u00e9r\u00e9 comme un instrument de pointe capable de pr\u00e9dire les objets c\u00e9lestes susceptibles de p\u00e9n\u00e9trer dans l&#8217;atmosph\u00e8re terrestre et de causer des d\u00e9g\u00e2ts consid\u00e9rables, le p\u00e8re Dominic et ses proches r\u00e9v\u00e8lent un autre aspect, plus puissant, de l&#8217;instrument. Il est essentiel de garder cela secret, mais nombreux sont ceux qui ont les oreilles coll\u00e9es aux portes et qui ont des espions dans tous les coins du Vatican.  <\/p><p>Le Saint-Si\u00e8ge \u00e9tant sans chef, un conclave est organis\u00e9 pour \u00e9lire un nouveau pape, ce qui am\u00e8ne deux candidats diam\u00e9tralement oppos\u00e9s \u00e0 se disputer le poste. Lorsque la fum\u00e9e blanche sort de la chapelle Sixtine, Cl\u00e9ment XV \u00e9merge et une nouvelle \u00e8re s&#8217;ouvre pour le pouvoir pontifical. Cette nouvelle orientation pourrait fa\u00e7onner l&#8217;avenir de mani\u00e8re assez radicale, mais elle permet \u00e9galement \u00e0 de nombreuses personnes de chercher \u00e0 influencer les opinions du pontife. L&#8217;un de ces cardinaux frappe d\u00e8s que possible, avec la connaissance du Gardien c\u00e9leste pour graisser les rouages.   <\/p><p>Lorsque la nouvelle de l&#8217;existence du Gardien C\u00e9leste sort des murs du Vatican, ainsi que de son pouvoir, nombreux sont ceux qui cherchent \u00e0 se l&#8217;approprier. Un complot visant \u00e0 voler et \u00e0 utiliser le Gardien se met en place, pla\u00e7ant un pays devant les autres alors qu&#8217;ils tentent de manipuler le ciel et de d\u00e9fendre le monde d&#8217;un ast\u00e9ro\u00efde qui fonce sur la Terre. Alors que le p\u00e8re Dominic et ses amis les plus proches commencent \u00e0 essayer de d\u00e9chiffrer ce qui se passe, ils apprennent que le caract\u00e8re sacr\u00e9 du Gardien c\u00e9leste est pass\u00e9 d&#8217;un \u00e9l\u00e9ment de connaissance scientifique \u00e0 une arme qui pourrait \u00eatre utilis\u00e9e dans les ann\u00e9es \u00e0 venir. Avec son amie journaliste bien-aim\u00e9e, Hana Sinclair, \u00e0 ses c\u00f4t\u00e9s, le p\u00e8re Dominic devra repousser les autres et s&#8217;assurer que le Vatican n&#8217;est pas transform\u00e9 en un lieu de pillage et de cr\u00e9ation de nouvelles armes de destruction massive. McAvoy fait un travail magistral avec cette \u0153uvre pour maintenir le lecteur dans l&#8217;expectative jusqu&#8217;\u00e0 la toute fin.    <\/p><p>Si j&#8217;ai toujours appr\u00e9ci\u00e9 les \u00e9crits de Gary McAvoy sur l&#8217;\u00c9glise catholique dans l&#8217;histoire et \u00e0 l&#8217;\u00e9poque moderne, j&#8217;ai \u00e9galement pris plaisir \u00e0 ce qu&#8217;il s&#8217;int\u00e9resse \u00e0 l&#8217;impact de la science sur l&#8217;\u00c9glise et ses politiques. McAvoy le fait ici avec le Gardien C\u00e9leste de Vinci, illustrant les complexit\u00e9s de l&#8217;appareil, son utilisation et la lutte de pouvoir pour poss\u00e9der ses capacit\u00e9s. Le r\u00e9cit avance \u00e0 un rythme rapide et tient le lecteur en haleine au fur et \u00e0 mesure que les \u00e9v\u00e9nements se succ\u00e8dent, posant un certain nombre de questions sur les droits \u00e9thiques, politiques et religieux. Le rythme de l&#8217;histoire s&#8217;acc\u00e9l\u00e8re efficacement et culmine avec une merveilleuse r\u00e9v\u00e9lation que McAvoy esp\u00e8re s\u00fbrement faire r\u00e9fl\u00e9chir le lecteur. Ses grands personnages \u00e9voluant sans cesse, le lecteur a un aper\u00e7u g\u00e9n\u00e9reux de leur imbrication, notamment de la situation P\u00e8re Dominic\/Hana Sinclair qui a tourment\u00e9 les fans de la s\u00e9rie.    <\/p><p>McAvoy n&#8217;a jamais eu de mal \u00e0 cr\u00e9er des intrigues et des d\u00e9veloppements importants pour faire avancer l&#8217;histoire de mani\u00e8re efficace. Ce n&#8217;est pas une exception, avec un certain nombre de probl\u00e8mes \u00e0 aborder et \u00e0 r\u00e9soudre, McAvoy maintient l&#8217;action \u00e9lev\u00e9e et la pr\u00e9visibilit\u00e9 faible \u00e0 certains moments, jonglant avec les pr\u00e9occupations de nombreuses entit\u00e9s pour d\u00e9velopper une solution finale pour le point principal de l&#8217;intrigue, ainsi que pour sugg\u00e9rer comment l&#8217;une des intrigues secondaires en cours pourrait se r\u00e9soudre elle-m\u00eame. J&#8217;ai beaucoup appr\u00e9ci\u00e9 cette s\u00e9rie jusqu&#8217;\u00e0 pr\u00e9sent et j&#8217;ai toujours h\u00e2te de voir la suite, car les choses au Saint-Si\u00e8ge ne semblent jamais stagner.  <\/p><p>Bravo, M. McAvoy, pour avoir tenu les choses en haleine jusqu&#8217;\u00e0 la derni\u00e8re page.  <strong>&#8211; MATT PECHEY, Reedsy Discovery. &#8220;\u00c0 LIRE ABSOLUMENT&#8221; Revue 5 \u00e9toiles <\/strong><\/p><hr><p> <\/p><p>&#8220;Merci \u00e0 l&#8217;auteur Gary McAvoy pour cet ajout intense et passionnant \u00e0 sa brillante s\u00e9rie. Cette histoire passionnante combine l&#8217;histoire religieuse avec la science ancienne bas\u00e9e sur les th\u00e9ories du g\u00e9nie de L\u00e9onard de Vinci et la pens\u00e9e scientifique moderne. Elle s&#8217;appuie sur l&#8217;astrophysique, les math\u00e9matiques, les pr\u00e9occupations politiques et religieuses li\u00e9es \u00e0 la destruction imminente du monde. Les connaissances scientifiques complexes et les sp\u00e9culations prennent le pas sur les faits historiques. Le lecteur ne doit pas \u00eatre d\u00e9courag\u00e9 par la complexit\u00e9 de la science, car il suffit de conna\u00eetre les objectifs des dispositifs pour appr\u00e9cier pleinement cette histoire rapide et \u00e9prouvante pour les nerfs. Il s&#8217;agit de mon livre pr\u00e9f\u00e9r\u00e9 dans cette brillante s\u00e9rie et il peut \u00eatre lu seul, mais les nouveaux lecteurs peuvent souhaiter lire les livres pr\u00e9c\u00e9dents de la s\u00e9rie, car les personnages qui reviennent sont bien \u00e9crits. Cette fois-ci, les faits scientifiques et les sp\u00e9culations prennent le pas sur les faits historiques, ce qui en fait une lecture passionnante.      <\/p><p>Le p\u00e8re Michael Dominic a d\u00e9couvert des documents dans les archives secr\u00e8tes du Vatican. Ils concernent le Gardien c\u00e9leste de Vinci, disparu depuis longtemps. Son but \u00e9tait de pr\u00e9dire les objets c\u00e9lestes entrant dans l&#8217;atmosph\u00e8re terrestre et pouvant constituer une menace pour le monde. Il recrute un groupe de scientifiques, dont des math\u00e9maticiens, des experts en astrophysique et des ing\u00e9nieurs, pour assembler un instrument moderne selon les plans de De Vinci.   <\/p><p>Lorsque ses experts ont assembl\u00e9 le Gardien c\u00e9leste sous la direction du p\u00e8re Michael et de son amie Hana, ils ont \u00e9t\u00e9 stup\u00e9faits par sa pr\u00e9cision qui s&#8217;\u00e9tendait jusqu&#8217;\u00e0 l&#8217;\u00e9poque actuelle. Il pr\u00e9dit correctement certains \u00e9v\u00e9nements cosmiques historiques, mais sa pertinence pour les temps modernes est plus choquante. Il montre un ast\u00e9ro\u00efde qui se pr\u00e9cipite rapidement vers la Terre. Il est \u00e9quivalent \u00e0 celui qui a caus\u00e9 l&#8217;extinction des dinosaures et provoqu\u00e9 un changement climatique mortel.   <\/p><p>L&#8217;existence du Gardien c\u00e9leste a fait l&#8217;objet d&#8217;une fuite. D&#8217;autres forces ont l&#8217;intention de le voler et de l&#8217;utiliser \u00e0 leurs fins n\u00e9fastes. Trois impitoyables agents infiltr\u00e9s de la CIA, experts en cambriolage, projettent de le voler au Vatican. Cela pourrait conduire \u00e0 son utilisation comme arme dot\u00e9e d&#8217;immenses pouvoirs destructeurs. Un nouveau cardinal ambitieux et fourbe projette de l&#8217;obtenir en utilisant des fid\u00e8les du Vatican sous ses ordres. Il voit dans le Gardien l&#8217;occasion de projeter de fausses images religieuses dans le ciel, ce qui aurait pour effet de tromper des foules de spectateurs et de les inciter \u00e0 revenir \u00e0 l&#8217;\u00c9glise. Le prestige et le pouvoir du cardinal s&#8217;en trouveraient renforc\u00e9s.      <\/p><p>Jusqu&#8217;\u00e0 pr\u00e9sent, le public n&#8217;est pas conscient de l&#8217;imminence de la catastrophe. Le Gardien c\u00e9leste a \u00e9t\u00e9 vol\u00e9. Le P\u00e8re Michael a plus d&#8217;un tour dans son sac pour arr\u00eater tous ceux qui pourraient avoir vol\u00e9 le Gardien. Heureusement, le P\u00e8re Michael et Hana ont d\u00e9couvert un document longtemps cach\u00e9 dans les mots de DaVinci concernant un second dispositif scientifique qui pourrait annuler toute intention d&#8217;utiliser le Gardien \u00e0 des fins destructrices ou trompeuses. Michael et Hana travaillent f\u00e9brilement pour sauver le monde d&#8217;une catastrophe imminente tandis que le terrifiant ast\u00e9ro\u00efde poursuit sa trajectoire vers la Terre. Ils mettent le groupe d&#8217;experts au travail pour d\u00e9chiffrer les plans de De Vinci et construire un second dispositif qui rendrait le Gardien c\u00e9leste inutile pour les groupes inconnus qui l&#8217;ont obtenu par vol.     <\/p><p>Hautement recommand\u00e9 !&#8221; <b>&#8211; CAROLYN WALSH, critique canadienne<\/b><\/p>\t\t\t\t\t\t\t\t<\/div>\n\t\t\t\t\t<\/div>\n\t\t<\/div>\n\t\t\t\t<div class=\"elementor-column elementor-col-33 elementor-top-column elementor-element elementor-element-767e583\" data-id=\"767e583\" data-element_type=\"column\" data-e-type=\"column\">\n\t\t\t<div class=\"elementor-widget-wrap elementor-element-populated\">\n\t\t\t\t\t\t<div class=\"elementor-element elementor-element-7fe0f35 elementor-widget elementor-widget-html\" data-id=\"7fe0f35\" data-element_type=\"widget\" data-e-type=\"widget\" data-widget_type=\"html.default\">\n\t\t\t\t\t<script src=\"https:\/\/static.elfsight.com\/platform\/platform.js\" data-use-service-core=\"\" defer><\/script>\n<div class=\"elfsight-app-10972142-f243-4a47-81f3-894bbead04ca\" data-elfsight-app-lazy=\"\"><\/div>\t\t\t\t<\/div>\n\t\t\t\t\t<\/div>\n\t\t<\/div>\n\t\t\t\t\t<\/div>\n\t\t<\/section>\n\t\t\t\t<section data-particle_enable=\"false\" data-particle-mobile-disabled=\"false\" class=\"elementor-section elementor-top-section elementor-element elementor-element-1317269 elementor-section-boxed elementor-section-height-default elementor-section-height-default\" data-id=\"1317269\" data-element_type=\"section\" data-e-type=\"section\">\n\t\t\t\t\t\t<div class=\"elementor-container elementor-column-gap-default\">\n\t\t\t\t\t<div class=\"elementor-column elementor-col-66 elementor-top-column elementor-element elementor-element-7def17f\" data-id=\"7def17f\" data-element_type=\"column\" data-e-type=\"column\">\n\t\t\t<div class=\"elementor-widget-wrap\">\n\t\t\t\t\t\t\t<\/div>\n\t\t<\/div>\n\t\t\t\t<div class=\"elementor-column elementor-col-33 elementor-top-column elementor-element elementor-element-b44e1d3\" data-id=\"b44e1d3\" data-element_type=\"column\" data-e-type=\"column\">\n\t\t\t<div class=\"elementor-widget-wrap\">\n\t\t\t\t\t\t\t<\/div>\n\t\t<\/div>\n\t\t\t\t\t<\/div>\n\t\t<\/section>\n\t\t\t\t<section data-particle_enable=\"false\" data-particle-mobile-disabled=\"false\" class=\"elementor-section elementor-top-section elementor-element elementor-element-dc2b6c1 elementor-section-boxed elementor-section-height-default elementor-section-height-default\" data-id=\"dc2b6c1\" data-element_type=\"section\" data-e-type=\"section\">\n\t\t\t\t\t\t<div class=\"elementor-container elementor-column-gap-default\">\n\t\t\t\t\t<div class=\"elementor-column elementor-col-100 elementor-top-column elementor-element elementor-element-3b459a9\" data-id=\"3b459a9\" data-element_type=\"column\" data-e-type=\"column\">\n\t\t\t<div class=\"elementor-widget-wrap elementor-element-populated\">\n\t\t\t\t\t\t<div class=\"elementor-element elementor-element-fc51796 elementor-widget elementor-widget-spacer\" data-id=\"fc51796\" data-element_type=\"widget\" data-e-type=\"widget\" data-widget_type=\"spacer.default\">\n\t\t\t\t\t\t\t<div class=\"elementor-spacer\">\n\t\t\t<div class=\"elementor-spacer-inner\"><\/div>\n\t\t<\/div>\n\t\t\t\t\t\t<\/div>\n\t\t\t\t\t<\/div>\n\t\t<\/div>\n\t\t\t\t\t<\/div>\n\t\t<\/section>\n\t\t\t\t<\/div>\n\t\t","protected":false},"excerpt":{"rendered":"<p>Le gardien c\u00e9leste Un thriller sur les archives secr\u00e8tes du Vatican &#8211; Livre 8 NOTE : PAS ENCORE TRADUIT EN FRAN\u00c7AIS. Le Gardien c\u00e9leste est un thriller exaltant qui entra\u00eene les lecteurs dans un voyage fascinant au c\u0153ur du monde secret du Vatican et des artefacts \u00e9nigmatiques conserv\u00e9s dans ses [&hellip;]<\/p>\n","protected":false},"author":1,"featured_media":10693,"parent":10709,"menu_order":0,"comment_status":"closed","ping_status":"closed","template":"template\/page\/fullwidth.php","meta":{"iawp_total_views":36,"footnotes":""},"class_list":["post-11107","page","type-page","status-publish","has-post-thumbnail","hentry"],"_links":{"self":[{"href":"https:\/\/garymcavoy.com\/fr\/wp-json\/wp\/v2\/pages\/11107","targetHints":{"allow":["GET"]}}],"collection":[{"href":"https:\/\/garymcavoy.com\/fr\/wp-json\/wp\/v2\/pages"}],"about":[{"href":"https:\/\/garymcavoy.com\/fr\/wp-json\/wp\/v2\/types\/page"}],"author":[{"embeddable":true,"href":"https:\/\/garymcavoy.com\/fr\/wp-json\/wp\/v2\/users\/1"}],"replies":[{"embeddable":true,"href":"https:\/\/garymcavoy.com\/fr\/wp-json\/wp\/v2\/comments?post=11107"}],"version-history":[{"count":0,"href":"https:\/\/garymcavoy.com\/fr\/wp-json\/wp\/v2\/pages\/11107\/revisions"}],"up":[{"embeddable":true,"href":"https:\/\/garymcavoy.com\/fr\/wp-json\/wp\/v2\/pages\/10709"}],"wp:featuredmedia":[{"embeddable":true,"href":"https:\/\/garymcavoy.com\/fr\/wp-json\/wp\/v2\/media\/10693"}],"wp:attachment":[{"href":"https:\/\/garymcavoy.com\/fr\/wp-json\/wp\/v2\/media?parent=11107"}],"curies":[{"name":"wp","href":"https:\/\/api.w.org\/{rel}","templated":true}]}}