{"id":11133,"date":"2024-11-09T12:36:31","date_gmt":"2024-11-09T20:36:31","guid":{"rendered":"https:\/\/garymcavoy.com\/livres-et-revues\/le-complot-des-apotres\/"},"modified":"2024-11-26T10:50:31","modified_gmt":"2024-11-26T18:50:31","slug":"le-complot-des-apotres","status":"publish","type":"page","link":"https:\/\/garymcavoy.com\/fr\/livres-et-revues\/le-complot-des-apotres\/","title":{"rendered":"Le complot des ap\u00f4tres"},"content":{"rendered":"\t\t<div data-elementor-type=\"wp-page\" data-elementor-id=\"11133\" class=\"elementor elementor-11133\" data-elementor-post-type=\"page\">\n\t\t\t\t\t\t<section data-particle_enable=\"false\" data-particle-mobile-disabled=\"false\" class=\"elementor-section elementor-top-section elementor-element elementor-element-8aaedea elementor-section-boxed elementor-section-height-default elementor-section-height-default\" data-id=\"8aaedea\" data-element_type=\"section\" data-e-type=\"section\">\n\t\t\t\t\t\t<div class=\"elementor-container elementor-column-gap-default\">\n\t\t\t\t\t<div class=\"elementor-column elementor-col-66 elementor-top-column elementor-element elementor-element-8f41081\" data-id=\"8f41081\" data-element_type=\"column\" data-e-type=\"column\">\n\t\t\t<div class=\"elementor-widget-wrap elementor-element-populated\">\n\t\t\t\t\t\t<div class=\"elementor-element elementor-element-208ca3e elementor-widget elementor-widget-spacer\" data-id=\"208ca3e\" data-element_type=\"widget\" data-e-type=\"widget\" data-widget_type=\"spacer.default\">\n\t\t\t\t\t\t\t<div class=\"elementor-spacer\">\n\t\t\t<div class=\"elementor-spacer-inner\"><\/div>\n\t\t<\/div>\n\t\t\t\t\t\t<\/div>\n\t\t\t\t<div class=\"elementor-element elementor-element-7863b2b elementor-widget elementor-widget-heading\" data-id=\"7863b2b\" data-element_type=\"widget\" data-e-type=\"widget\" data-widget_type=\"heading.default\">\n\t\t\t\t\t<h1 class=\"elementor-heading-title elementor-size-default\">Le complot des ap\u00f4tres<\/h1>\t\t\t\t<\/div>\n\t\t\t\t<div class=\"elementor-element elementor-element-e95cd78 elementor-widget elementor-widget-heading\" data-id=\"e95cd78\" data-element_type=\"widget\" data-e-type=\"widget\" data-widget_type=\"heading.default\">\n\t\t\t\t\t<h2 class=\"elementor-heading-title elementor-size-default\">Un thriller sur les archives secr\u00e8tes du Vatican - Livre 9<\/h2>\t\t\t\t<\/div>\n\t\t\t\t<div class=\"elementor-element elementor-element-35a847d elementor-widget elementor-widget-text-editor\" data-id=\"35a847d\" data-element_type=\"widget\" data-e-type=\"widget\" data-widget_type=\"text-editor.default\">\n\t\t\t\t\t\t\t\t\t<p>Au milieu de la grandeur du Vatican, les ossements de Saint Pierre &#8211; les reliques les plus sacr\u00e9es de l&#8217;Eglise &#8211; rec\u00e8lent des secrets qui pourraient remodeler son histoire. Le p\u00e8re Michael Dominic, pr\u00e9fet des archives secr\u00e8tes du Vatican, d\u00e9couvre une inscription myst\u00e9rieuse, presque oubli\u00e9e, qui relie Linus, le premier successeur de saint Pierre, \u00e0 des d\u00e9cisions fondamentales qui ont fa\u00e7onn\u00e9 l&#8217;\u00c9glise primitive. Ce qui commence comme une exploration \u00e9rudite de l&#8217;h\u00e9ritage de Linus se transforme rapidement en une qu\u00eate urgente pour prot\u00e9ger la v\u00e9rit\u00e9. Avec l&#8217;aide de l&#8217;arch\u00e9ologue du Vatican Marcus Russo, Michael suit des indices cryptiques enfouis dans les archives, r\u00e9v\u00e9lant que Linus est un architecte de la foi essentiel mais cach\u00e9, et d\u00e9voilant une histoire que l&#8217;\u00c9glise n&#8217;est peut-\u00eatre pas pr\u00eate \u00e0 affronter.<\/p><p>Mais le travail de Michael attire l&#8217;attention d&#8217;Elliot Voss, un personnage obscur et puissant obs\u00e9d\u00e9 par les ossements de Saint Pierre. Pour Voss, les reliques sont plus que des artefacts sacr\u00e9s ; elles sont un chemin vers l&#8217;immortalit\u00e9 et le contr\u00f4le ultime. Sa dangereuse ambition le pousse \u00e0 manipuler et \u00e0 tromper, entra\u00eenant Michael dans un r\u00e9seau d&#8217;intrigues o\u00f9 chaque r\u00e9v\u00e9lation est une menace potentielle pour la saintet\u00e9 de l&#8217;\u00c9glise. L&#8217;implacable qu\u00eate de pouvoir de Voss oblige Michael \u00e0 affronter le c\u00f4t\u00e9 sombre de la foi et la fragilit\u00e9 de l&#8217;h\u00e9ritage, alors que les ossements sacr\u00e9s deviennent la pi\u00e8ce ma\u00eetresse d&#8217;un jeu mortel.<\/p><p>Alors que Michael et Marcus d\u00e9couvrent l&#8217;h\u00e9ritage cach\u00e9 de Linus et affrontent les p\u00e9rils qui entourent les reliques de Saint Pierre, leurs d\u00e9couvertes apportent plus de questions que de r\u00e9ponses. Pendant ce temps, l&#8217;\u00e9volution de la relation de Michael avec Hana Sinclair prend une tournure inattendue, remettant en question ses convictions et le for\u00e7ant \u00e0 faire face \u00e0 des v\u00e9rit\u00e9s personnelles aussi profondes que les myst\u00e8res qu&#8217;il s&#8217;efforce d&#8217;\u00e9lucider. Avec pour toile de fond les intrigues obscures du Vatican, ce roman captivant explore la tension entre l&#8217;histoire et la foi, le pouvoir et la pr\u00e9servation, l\u00e0 o\u00f9 m\u00eame les reliques les plus sacr\u00e9es peuvent devenir le champ de bataille des plus grandes luttes de l&#8217;humanit\u00e9.<\/p><p><strong><span style=\"font-size: 24px; color: #ff0000;\">TRADUCTION FRAN\u00c7AISE EN ATTENTE\u2026<\/span><\/strong><\/p>\t\t\t\t\t\t\t\t<\/div>\n\t\t\t\t\t<\/div>\n\t\t<\/div>\n\t\t\t\t<div class=\"elementor-column elementor-col-33 elementor-top-column elementor-element elementor-element-a044b10\" data-id=\"a044b10\" data-element_type=\"column\" data-e-type=\"column\">\n\t\t\t<div class=\"elementor-widget-wrap elementor-element-populated\">\n\t\t\t\t\t\t<div class=\"elementor-element elementor-element-fe9ca9e elementor-widget elementor-widget-spacer\" data-id=\"fe9ca9e\" data-element_type=\"widget\" data-e-type=\"widget\" data-widget_type=\"spacer.default\">\n\t\t\t\t\t\t\t<div class=\"elementor-spacer\">\n\t\t\t<div class=\"elementor-spacer-inner\"><\/div>\n\t\t<\/div>\n\t\t\t\t\t\t<\/div>\n\t\t\t\t<div class=\"elementor-element elementor-element-c23a1f4 elementor-widget elementor-widget-image\" data-id=\"c23a1f4\" data-element_type=\"widget\" data-e-type=\"widget\" data-widget_type=\"image.default\">\n\t\t\t\t\t\t\t\t\t\t\t\t\t\t\t\t<a href=\"https:\/\/garymcavoy.com\/store\/the-confessions-of-pope-joan\/\">\n\t\t\t\t\t\t\t<img fetchpriority=\"high\" decoding=\"async\" width=\"800\" height=\"1021\" src=\"https:\/\/garymcavoy.com\/wp-content\/uploads\/2024\/11\/Apostle-Conspiracy-Cover-3D-Left-1-802x1024.png\" class=\"attachment-large size-large wp-image-11130\" alt=\"\" srcset=\"https:\/\/garymcavoy.com\/wp-content\/uploads\/2024\/11\/Apostle-Conspiracy-Cover-3D-Left-1-802x1024.png 802w, https:\/\/garymcavoy.com\/wp-content\/uploads\/2024\/11\/Apostle-Conspiracy-Cover-3D-Left-1-235x300.png 235w, https:\/\/garymcavoy.com\/wp-content\/uploads\/2024\/11\/Apostle-Conspiracy-Cover-3D-Left-1-768x980.png 768w, https:\/\/garymcavoy.com\/wp-content\/uploads\/2024\/11\/Apostle-Conspiracy-Cover-3D-Left-1-560x715.png 560w, https:\/\/garymcavoy.com\/wp-content\/uploads\/2024\/11\/Apostle-Conspiracy-Cover-3D-Left-1.png 923w\" sizes=\"(max-width: 800px) 100vw, 800px\" \/>\t\t\t\t\t\t\t\t<\/a>\n\t\t\t\t\t\t\t\t\t\t\t\t\t\t\t<\/div>\n\t\t\t\t<div class=\"elementor-element elementor-element-6db209b elementor-widget elementor-widget-spacer\" data-id=\"6db209b\" data-element_type=\"widget\" data-e-type=\"widget\" data-widget_type=\"spacer.default\">\n\t\t\t\t\t\t\t<div class=\"elementor-spacer\">\n\t\t\t<div class=\"elementor-spacer-inner\"><\/div>\n\t\t<\/div>\n\t\t\t\t\t\t<\/div>\n\t\t\t\t\t<\/div>\n\t\t<\/div>\n\t\t\t\t\t<\/div>\n\t\t<\/section>\n\t\t\t\t<section data-particle_enable=\"false\" data-particle-mobile-disabled=\"false\" class=\"elementor-section elementor-top-section elementor-element elementor-element-eef605c elementor-section-boxed elementor-section-height-default elementor-section-height-default\" data-id=\"eef605c\" data-element_type=\"section\" data-e-type=\"section\">\n\t\t\t\t\t\t<div class=\"elementor-container elementor-column-gap-default\">\n\t\t\t\t\t<div class=\"elementor-column elementor-col-66 elementor-top-column elementor-element elementor-element-dbe8279\" data-id=\"dbe8279\" data-element_type=\"column\" data-e-type=\"column\">\n\t\t\t<div class=\"elementor-widget-wrap elementor-element-populated\">\n\t\t\t\t\t\t<div class=\"elementor-element elementor-element-c1f7746 elementor-widget elementor-widget-spacer\" data-id=\"c1f7746\" data-element_type=\"widget\" data-e-type=\"widget\" data-widget_type=\"spacer.default\">\n\t\t\t\t\t\t\t<div class=\"elementor-spacer\">\n\t\t\t<div class=\"elementor-spacer-inner\"><\/div>\n\t\t<\/div>\n\t\t\t\t\t\t<\/div>\n\t\t\t\t<div class=\"elementor-element elementor-element-dd3383d elementor-widget elementor-widget-heading\" data-id=\"dd3383d\" data-element_type=\"widget\" data-e-type=\"widget\" data-widget_type=\"heading.default\">\n\t\t\t\t\t<h2 class=\"elementor-heading-title elementor-size-default\">Regardez la bande-annonce du livre<\/h2>\t\t\t\t<\/div>\n\t\t\t\t\t<\/div>\n\t\t<\/div>\n\t\t\t\t<div class=\"elementor-column elementor-col-33 elementor-top-column elementor-element elementor-element-91e79b3\" data-id=\"91e79b3\" data-element_type=\"column\" data-e-type=\"column\">\n\t\t\t<div class=\"elementor-widget-wrap\">\n\t\t\t\t\t\t\t<\/div>\n\t\t<\/div>\n\t\t\t\t\t<\/div>\n\t\t<\/section>\n\t\t\t\t<section data-particle_enable=\"false\" data-particle-mobile-disabled=\"false\" class=\"elementor-section elementor-top-section elementor-element elementor-element-262dbcd elementor-section-boxed elementor-section-height-default elementor-section-height-default\" data-id=\"262dbcd\" data-element_type=\"section\" data-e-type=\"section\">\n\t\t\t\t\t\t<div class=\"elementor-container elementor-column-gap-default\">\n\t\t\t\t\t<div class=\"elementor-column elementor-col-66 elementor-top-column elementor-element elementor-element-21313ff\" data-id=\"21313ff\" data-element_type=\"column\" data-e-type=\"column\">\n\t\t\t<div class=\"elementor-widget-wrap elementor-element-populated\">\n\t\t\t\t\t\t<div class=\"elementor-element elementor-element-9ac579f elementor-widget elementor-widget-video\" data-id=\"9ac579f\" data-element_type=\"widget\" data-e-type=\"widget\" data-settings=\"{&quot;youtube_url&quot;:&quot;https:\\\/\\\/youtu.be\\\/PVIZSz4zbIM&quot;,&quot;video_type&quot;:&quot;youtube&quot;,&quot;controls&quot;:&quot;yes&quot;}\" data-widget_type=\"video.default\">\n\t\t\t\t\t\t\t<div class=\"elementor-wrapper elementor-open-inline\">\n\t\t\t<div class=\"elementor-video\"><\/div>\t\t<\/div>\n\t\t\t\t\t\t<\/div>\n\t\t\t\t<div class=\"elementor-element elementor-element-803deee elementor-widget elementor-widget-spacer\" data-id=\"803deee\" data-element_type=\"widget\" data-e-type=\"widget\" data-widget_type=\"spacer.default\">\n\t\t\t\t\t\t\t<div class=\"elementor-spacer\">\n\t\t\t<div class=\"elementor-spacer-inner\"><\/div>\n\t\t<\/div>\n\t\t\t\t\t\t<\/div>\n\t\t\t\t\t<\/div>\n\t\t<\/div>\n\t\t\t\t<div class=\"elementor-column elementor-col-33 elementor-top-column elementor-element elementor-element-68902b3\" data-id=\"68902b3\" data-element_type=\"column\" data-e-type=\"column\">\n\t\t\t<div class=\"elementor-widget-wrap\">\n\t\t\t\t\t\t\t<\/div>\n\t\t<\/div>\n\t\t\t\t\t<\/div>\n\t\t<\/section>\n\t\t\t\t<\/div>\n\t\t","protected":false},"excerpt":{"rendered":"<p>Le complot des ap\u00f4tres Un thriller sur les archives secr\u00e8tes du Vatican &#8211; Livre 9 Au milieu de la grandeur du Vatican, les ossements de Saint Pierre &#8211; les reliques les plus sacr\u00e9es de l&#8217;Eglise [&hellip;]<\/p>\n","protected":false},"author":1,"featured_media":11153,"parent":10709,"menu_order":0,"comment_status":"closed","ping_status":"closed","template":"","meta":{"iawp_total_views":5,"footnotes":""},"class_list":["post-11133","page","type-page","status-publish","has-post-thumbnail","hentry"],"_links":{"self":[{"href":"https:\/\/garymcavoy.com\/fr\/wp-json\/wp\/v2\/pages\/11133","targetHints":{"allow":["GET"]}}],"collection":[{"href":"https:\/\/garymcavoy.com\/fr\/wp-json\/wp\/v2\/pages"}],"about":[{"href":"https:\/\/garymcavoy.com\/fr\/wp-json\/wp\/v2\/types\/page"}],"author":[{"embeddable":true,"href":"https:\/\/garymcavoy.com\/fr\/wp-json\/wp\/v2\/users\/1"}],"replies":[{"embeddable":true,"href":"https:\/\/garymcavoy.com\/fr\/wp-json\/wp\/v2\/comments?post=11133"}],"version-history":[{"count":0,"href":"https:\/\/garymcavoy.com\/fr\/wp-json\/wp\/v2\/pages\/11133\/revisions"}],"up":[{"embeddable":true,"href":"https:\/\/garymcavoy.com\/fr\/wp-json\/wp\/v2\/pages\/10709"}],"wp:featuredmedia":[{"embeddable":true,"href":"https:\/\/garymcavoy.com\/fr\/wp-json\/wp\/v2\/media\/11153"}],"wp:attachment":[{"href":"https:\/\/garymcavoy.com\/fr\/wp-json\/wp\/v2\/media?parent=11133"}],"curies":[{"name":"wp","href":"https:\/\/api.w.org\/{rel}","templated":true}]}}