{"id":11235,"date":"2024-11-13T12:54:18","date_gmt":"2024-11-13T20:54:18","guid":{"rendered":"https:\/\/garymcavoy.com\/livres-et-revues\/le-complot-des-apotres-2\/"},"modified":"2026-04-20T06:24:10","modified_gmt":"2026-04-20T13:24:10","slug":"le-complot-des-apotres-2","status":"publish","type":"page","link":"https:\/\/garymcavoy.com\/fr\/livres-et-revues\/le-complot-des-apotres-2\/","title":{"rendered":"Le complot des ap\u00f4tres"},"content":{"rendered":"\t\t<div data-elementor-type=\"wp-page\" data-elementor-id=\"11235\" class=\"elementor elementor-11235 elementor-11155\" data-elementor-post-type=\"page\">\n\t\t\t\t\t\t<section data-particle_enable=\"false\" data-particle-mobile-disabled=\"false\" class=\"elementor-section elementor-top-section elementor-element elementor-element-67c84ba elementor-section-boxed elementor-section-height-default elementor-section-height-default\" data-id=\"67c84ba\" data-element_type=\"section\" data-e-type=\"section\">\n\t\t\t\t\t\t<div class=\"elementor-container elementor-column-gap-default\">\n\t\t\t\t\t<div class=\"elementor-column elementor-col-100 elementor-top-column elementor-element elementor-element-11c1509b\" data-id=\"11c1509b\" data-element_type=\"column\" data-e-type=\"column\">\n\t\t\t<div class=\"elementor-widget-wrap elementor-element-populated\">\n\t\t\t\t\t\t<div class=\"elementor-element elementor-element-340c9b27 elementor-widget elementor-widget-text-editor\" data-id=\"340c9b27\" data-element_type=\"widget\" data-e-type=\"widget\" data-widget_type=\"text-editor.default\">\n\t\t\t\t\t\t\t\t\t<div class=\"boldgrid-section\">\r\n<div class=\"container\">\r\n<div class=\"row\">\r\n<div class=\"col-lg-12 col-md-12 col-xs-12 col-sm-12\">\r\n\r\n&nbsp;\r\n\r\n<\/div>\r\n<\/div>\r\n<\/div>\r\n<\/div>\t\t\t\t\t\t\t\t<\/div>\n\t\t\t\t\t<\/div>\n\t\t<\/div>\n\t\t\t\t\t<\/div>\n\t\t<\/section>\n\t\t\t\t<section data-particle_enable=\"false\" data-particle-mobile-disabled=\"false\" class=\"elementor-section elementor-top-section elementor-element elementor-element-d8cfbe5 elementor-section-boxed elementor-section-height-default elementor-section-height-default\" data-id=\"d8cfbe5\" data-element_type=\"section\" data-e-type=\"section\">\n\t\t\t\t\t\t<div class=\"elementor-container elementor-column-gap-default\">\n\t\t\t\t\t<div class=\"elementor-column elementor-col-66 elementor-top-column elementor-element elementor-element-3f71bb7\" data-id=\"3f71bb7\" data-element_type=\"column\" data-e-type=\"column\">\n\t\t\t<div class=\"elementor-widget-wrap elementor-element-populated\">\n\t\t\t\t\t\t<div class=\"elementor-element elementor-element-de6c6ea elementor-widget elementor-widget-heading\" data-id=\"de6c6ea\" data-element_type=\"widget\" data-e-type=\"widget\" data-widget_type=\"heading.default\">\n\t\t\t\t\t<h1 class=\"elementor-heading-title elementor-size-default\">Le complot des ap\u00f4tres<\/h1>\t\t\t\t<\/div>\n\t\t\t\t<div class=\"elementor-element elementor-element-e6c8a54 elementor-widget elementor-widget-heading\" data-id=\"e6c8a54\" data-element_type=\"widget\" data-e-type=\"widget\" data-widget_type=\"heading.default\">\n\t\t\t\t\t<h4 class=\"elementor-heading-title elementor-size-default\">Un thriller des Archives secr\u00e8tes du Vatican \u2013 Livre 9<\/h4>\t\t\t\t<\/div>\n\t\t\t\t<div class=\"elementor-element elementor-element-19b90b3 elementor-widget elementor-widget-text-editor\" data-id=\"19b90b3\" data-element_type=\"widget\" data-e-type=\"widget\" data-widget_type=\"text-editor.default\">\n\t\t\t\t\t\t\t\t\t<p>Au milieu de la grandeur du Vatican, les ossements de Saint Pierre &#8211; les reliques les plus sacr\u00e9es de l&#8217;Eglise &#8211; rec\u00e8lent des secrets qui pourraient remodeler son histoire. Le p\u00e8re Michael Dominic, pr\u00e9fet des archives secr\u00e8tes du Vatican, d\u00e9couvre une inscription myst\u00e9rieuse, presque oubli\u00e9e, qui relie Linus, le premier successeur de saint Pierre, \u00e0 des d\u00e9cisions fondamentales qui ont fa\u00e7onn\u00e9 l&#8217;\u00c9glise primitive. Ce qui commence comme une exploration \u00e9rudite de l&#8217;h\u00e9ritage de Linus se transforme rapidement en une qu\u00eate urgente pour prot\u00e9ger la v\u00e9rit\u00e9. Avec l&#8217;aide de l&#8217;arch\u00e9ologue du Vatican Marcus Russo, Michael suit des indices cryptiques enfouis dans les archives, r\u00e9v\u00e9lant que Linus est un architecte de la foi essentiel mais cach\u00e9, et d\u00e9voilant une histoire que l&#8217;\u00c9glise n&#8217;est peut-\u00eatre pas pr\u00eate \u00e0 affronter.   <\/p><p>Mais le travail de Michael attire l&#8217;attention d&#8217;Elliot Voss, un personnage obscur et puissant obs\u00e9d\u00e9 par les ossements de Saint Pierre. Pour Voss, les reliques sont plus que des artefacts sacr\u00e9s ; elles sont un chemin vers l&#8217;immortalit\u00e9 et le contr\u00f4le ultime. Sa dangereuse ambition le pousse \u00e0 manipuler et \u00e0 tromper, entra\u00eenant Michael dans un r\u00e9seau d&#8217;intrigues o\u00f9 chaque r\u00e9v\u00e9lation est une menace potentielle pour la saintet\u00e9 de l&#8217;\u00c9glise. L&#8217;implacable qu\u00eate de pouvoir de Voss oblige Michael \u00e0 affronter le c\u00f4t\u00e9 sombre de la foi et la fragilit\u00e9 de l&#8217;h\u00e9ritage, alors que les ossements sacr\u00e9s deviennent la pi\u00e8ce ma\u00eetresse d&#8217;un jeu mortel.   <\/p><p>Alors que Michael et Marcus d\u00e9couvrent l&#8217;h\u00e9ritage cach\u00e9 de Linus et affrontent les p\u00e9rils qui entourent les reliques de Saint Pierre, leurs d\u00e9couvertes apportent plus de questions que de r\u00e9ponses. Pendant ce temps, l&#8217;\u00e9volution de la relation de Michael avec Hana Sinclair prend une tournure inattendue, remettant en question ses convictions et le for\u00e7ant \u00e0 faire face \u00e0 des v\u00e9rit\u00e9s personnelles aussi profondes que les myst\u00e8res qu&#8217;il s&#8217;efforce d&#8217;\u00e9lucider. Avec pour toile de fond les intrigues obscures du Vatican, ce roman captivant explore la tension entre l&#8217;histoire et la foi, le pouvoir et la pr\u00e9servation, l\u00e0 o\u00f9 m\u00eame les reliques les plus sacr\u00e9es peuvent devenir le champ de bataille des plus grandes luttes de l&#8217;humanit\u00e9.  <\/p>\t\t\t\t\t\t\t\t<\/div>\n\t\t\t\t\t<\/div>\n\t\t<\/div>\n\t\t\t\t<div class=\"elementor-column elementor-col-33 elementor-top-column elementor-element elementor-element-c7c07b1\" data-id=\"c7c07b1\" data-element_type=\"column\" data-e-type=\"column\">\n\t\t\t<div class=\"elementor-widget-wrap elementor-element-populated\">\n\t\t\t\t\t\t<div class=\"elementor-element elementor-element-2973a70 elementor-widget elementor-widget-image\" data-id=\"2973a70\" data-element_type=\"widget\" data-e-type=\"widget\" data-widget_type=\"image.default\">\n\t\t\t\t\t\t\t\t\t\t\t\t\t\t\t\t<a href=\"https:\/\/garymcavoy.com\/store\/store-the-apostle-conspiracy\/\">\n\t\t\t\t\t\t\t<img fetchpriority=\"high\" decoding=\"async\" width=\"802\" height=\"1024\" src=\"https:\/\/garymcavoy.com\/wp-content\/uploads\/2024\/11\/Apostle-Conspiracy-Cover-3D-Left-1-802x1024.png\" class=\"attachment-large size-large wp-image-11130\" alt=\"\" srcset=\"https:\/\/garymcavoy.com\/wp-content\/uploads\/2024\/11\/Apostle-Conspiracy-Cover-3D-Left-1-802x1024.png 802w, https:\/\/garymcavoy.com\/wp-content\/uploads\/2024\/11\/Apostle-Conspiracy-Cover-3D-Left-1-600x766.png 600w, https:\/\/garymcavoy.com\/wp-content\/uploads\/2024\/11\/Apostle-Conspiracy-Cover-3D-Left-1-235x300.png 235w, https:\/\/garymcavoy.com\/wp-content\/uploads\/2024\/11\/Apostle-Conspiracy-Cover-3D-Left-1-768x980.png 768w, https:\/\/garymcavoy.com\/wp-content\/uploads\/2024\/11\/Apostle-Conspiracy-Cover-3D-Left-1.png 923w\" sizes=\"(max-width: 802px) 100vw, 802px\" \/>\t\t\t\t\t\t\t\t<\/a>\n\t\t\t\t\t\t\t\t\t\t\t\t\t\t\t<\/div>\n\t\t\t\t<div class=\"elementor-element elementor-element-7b7caa4 elementor-widget elementor-widget-text-editor\" data-id=\"7b7caa4\" data-element_type=\"widget\" data-e-type=\"widget\" data-widget_type=\"text-editor.default\">\n\t\t\t\t\t\t\t\t\t<p style=\"text-align: center;\"><span style=\"font-size: 12px;\">d\u00e9cembre 2024<\/span><\/p>\t\t\t\t\t\t\t\t<\/div>\n\t\t\t\t<div class=\"elementor-element elementor-element-f8ed548 elementor-align-center elementor-widget elementor-widget-button\" data-id=\"f8ed548\" data-element_type=\"widget\" data-e-type=\"widget\" data-widget_type=\"button.default\">\n\t\t\t\t\t\t\t\t\t\t<a class=\"elementor-button elementor-button-link elementor-size-sm\" href=\"https:\/\/garymcavoy.com\/store\/store-the-apostle-conspiracy\/\">\n\t\t\t\t\t\t<span class=\"elementor-button-content-wrapper\">\n\t\t\t\t\t\t\t\t\t<span class=\"elementor-button-text\">COMMANDER LE LIVRE<\/span>\n\t\t\t\t\t<\/span>\n\t\t\t\t\t<\/a>\n\t\t\t\t\t\t\t\t<\/div>\n\t\t\t\t<div class=\"elementor-element elementor-element-cb9c856 elementor-align-center elementor-widget elementor-widget-button\" data-id=\"cb9c856\" data-element_type=\"widget\" data-e-type=\"widget\" data-widget_type=\"button.default\">\n\t\t\t\t\t\t\t\t\t\t<a class=\"elementor-button elementor-button-link elementor-size-sm\" href=\"https:\/\/garymcavoy.com\/fr\/livres-et-revues\/le-complot-des-apotres-2\/extrait-le-complot-des-apotres\/\">\n\t\t\t\t\t\t<span class=\"elementor-button-content-wrapper\">\n\t\t\t\t\t\t\t\t\t<span class=\"elementor-button-text\">LISEZ UN EXTRAIT<\/span>\n\t\t\t\t\t<\/span>\n\t\t\t\t\t<\/a>\n\t\t\t\t\t\t\t\t<\/div>\n\t\t\t\t<div class=\"elementor-element elementor-element-85d06c9 elementor-align-center elementor-widget elementor-widget-button\" data-id=\"85d06c9\" data-element_type=\"widget\" data-e-type=\"widget\" data-widget_type=\"button.default\">\n\t\t\t\t\t\t\t\t\t\t<a class=\"elementor-button elementor-button-link elementor-size-sm\" href=\"https:\/\/garymcavoy.com\/wp-content\/uploads\/2025\/05\/The-Apostle-Conspiracy-Sell-Sheet.pdf\" target=\"_blank\">\n\t\t\t\t\t\t<span class=\"elementor-button-content-wrapper\">\n\t\t\t\t\t\t\t\t\t<span class=\"elementor-button-text\">T\u00c9L\u00c9CHARGER LA FICHE DE VENTE<\/span>\n\t\t\t\t\t<\/span>\n\t\t\t\t\t<\/a>\n\t\t\t\t\t\t\t\t<\/div>\n\t\t\t\t\t<\/div>\n\t\t<\/div>\n\t\t\t\t\t<\/div>\n\t\t<\/section>\n\t\t<div data-particle_enable=\"false\" data-particle-mobile-disabled=\"false\" class=\"elementor-element elementor-element-753b973 e-flex e-con-boxed e-con e-parent\" data-id=\"753b973\" data-element_type=\"container\" data-e-type=\"container\">\n\t\t\t\t\t<div class=\"e-con-inner\">\n\t\t\t\t<div class=\"elementor-element elementor-element-8f25dda elementor-widget elementor-widget-video\" data-id=\"8f25dda\" data-element_type=\"widget\" data-e-type=\"widget\" data-settings=\"{&quot;youtube_url&quot;:&quot;https:\\\/\\\/youtu.be\\\/2Bdilz68cBI&quot;,&quot;video_type&quot;:&quot;youtube&quot;,&quot;controls&quot;:&quot;yes&quot;}\" data-widget_type=\"video.default\">\n\t\t\t\t\t\t\t<div class=\"elementor-wrapper elementor-open-inline\">\n\t\t\t<div class=\"elementor-video\"><\/div>\t\t<\/div>\n\t\t\t\t\t\t<\/div>\n\t\t\t\t\t<\/div>\n\t\t\t\t<\/div>\n\t\t\t\t<section data-particle_enable=\"false\" data-particle-mobile-disabled=\"false\" class=\"elementor-section elementor-top-section elementor-element elementor-element-bd53990 elementor-section-boxed elementor-section-height-default elementor-section-height-default\" data-id=\"bd53990\" data-element_type=\"section\" data-e-type=\"section\">\n\t\t\t\t\t\t<div class=\"elementor-container elementor-column-gap-default\">\n\t\t\t\t\t<div class=\"elementor-column elementor-col-66 elementor-top-column elementor-element elementor-element-82fd289\" data-id=\"82fd289\" data-element_type=\"column\" data-e-type=\"column\">\n\t\t\t<div class=\"elementor-widget-wrap\">\n\t\t\t\t\t\t\t<\/div>\n\t\t<\/div>\n\t\t\t\t<div class=\"elementor-column elementor-col-33 elementor-top-column elementor-element elementor-element-56146e3\" data-id=\"56146e3\" data-element_type=\"column\" data-e-type=\"column\">\n\t\t\t<div class=\"elementor-widget-wrap\">\n\t\t\t\t\t\t\t<\/div>\n\t\t<\/div>\n\t\t\t\t\t<\/div>\n\t\t<\/section>\n\t\t\t\t<section data-particle_enable=\"false\" data-particle-mobile-disabled=\"false\" class=\"elementor-section elementor-top-section elementor-element elementor-element-566ceb2 elementor-section-boxed elementor-section-height-default elementor-section-height-default\" data-id=\"566ceb2\" data-element_type=\"section\" data-e-type=\"section\">\n\t\t\t\t\t\t<div class=\"elementor-container elementor-column-gap-default\">\n\t\t\t\t\t<div class=\"elementor-column elementor-col-66 elementor-top-column elementor-element elementor-element-ec38971\" data-id=\"ec38971\" data-element_type=\"column\" data-e-type=\"column\">\n\t\t\t<div class=\"elementor-widget-wrap elementor-element-populated\">\n\t\t\t\t\t\t<div class=\"elementor-element elementor-element-fc2333a elementor-widget elementor-widget-heading\" data-id=\"fc2333a\" data-element_type=\"widget\" data-e-type=\"widget\" data-widget_type=\"heading.default\">\n\t\t\t\t\t<h2 class=\"elementor-heading-title elementor-size-default\">S\u00e9lection d\u2019avis sur The Apostle Conspiracy<\/h2>\t\t\t\t<\/div>\n\t\t\t\t<div class=\"elementor-element elementor-element-7fd3b95 elementor-widget elementor-widget-text-editor\" data-id=\"7fd3b95\" data-element_type=\"widget\" data-e-type=\"widget\" data-widget_type=\"text-editor.default\">\n\t\t\t\t\t\t\t\t\t<p style=\"font-weight: 400;\">\u00ab <strong><em>THE APOSTLE CONSPIRACY<\/em><\/strong> est une v\u00e9ritable le\u00e7on de thriller historique. Gary McAvoy est au sommet de son art : il entra\u00eene le lecteur dans un myst\u00e8re s\u2019\u00e9tendant sur des si\u00e8cles, aux cons\u00e9quences capables de changer le monde. Dans ce roman brillamment construit, McAvoy entrem\u00eale avec une fluidit\u00e9 remarquable philosophie, religion, technologie et suspense, avec des personnages inoubliables d\u00e9termin\u00e9s \u00e0 d\u00e9jouer \u2014 ou \u00e0 r\u00e9v\u00e9ler \u2014 un secret enfoui depuis longtemps, susceptible d\u2019\u00e9branler les fondations de l\u2019\u00c9glise catholique. C\u2019est, \u00e0 ce jour, le meilleur livre de McAvoy. Il se surpasse \u00e0 chaque instant avec un r\u00e9cit captivant du d\u00e9but \u00e0 la fin. \u00bb <strong>\u2014 Rob Samborn, auteur prim\u00e9 et best-seller de <em>The Prisoner of Paradise<\/em><\/strong><\/p>\t\t\t\t\t\t\t\t<\/div>\n\t\t\t\t<div class=\"elementor-element elementor-element-023c3fc elementor-widget elementor-widget-image\" data-id=\"023c3fc\" data-element_type=\"widget\" data-e-type=\"widget\" data-widget_type=\"image.default\">\n\t\t\t\t\t\t\t\t\t\t\t\t\t\t\t<img decoding=\"async\" width=\"691\" height=\"78\" src=\"https:\/\/garymcavoy.com\/wp-content\/uploads\/2023\/09\/Reedsy-Must-Read-5-Star-Header.jpg\" class=\"attachment-large size-large wp-image-10648\" alt=\"\" srcset=\"https:\/\/garymcavoy.com\/wp-content\/uploads\/2023\/09\/Reedsy-Must-Read-5-Star-Header.jpg 691w, https:\/\/garymcavoy.com\/wp-content\/uploads\/2023\/09\/Reedsy-Must-Read-5-Star-Header-600x68.jpg 600w, https:\/\/garymcavoy.com\/wp-content\/uploads\/2023\/09\/Reedsy-Must-Read-5-Star-Header-300x34.jpg 300w\" sizes=\"(max-width: 691px) 100vw, 691px\" \/>\t\t\t\t\t\t\t\t\t\t\t\t\t\t\t<\/div>\n\t\t\t\t<div class=\"elementor-element elementor-element-f121d01 elementor-widget elementor-widget-text-editor\" data-id=\"f121d01\" data-element_type=\"widget\" data-e-type=\"widget\" data-widget_type=\"text-editor.default\">\n\t\t\t\t\t\t\t\t\t<p>Gary McAvoy revient avec un nouvel opus de la s\u00e9rie Vatican Archives. La collection s\u2019est r\u00e9v\u00e9l\u00e9e \u00e0 la fois solide et tr\u00e8s instructive, ouvrant la voie \u00e0 travers diverses situations li\u00e9es au Vatican et des anomalies historiques. Alors que le p\u00e8re Michael Dominic se pr\u00e9pare pour l\u2019anniversaire de l\u2019inhumation des ossements de saint Pierre au Vatican, il est approch\u00e9 par un riche collectionneur qui souhaite apporter un financement cons\u00e9quent aux Archives du Vatican. Cependant, un plan secret est en cours pour tirer profit de reliques importantes. Pendant ce temps, le p\u00e8re Dominic met au jour des aspects jusqu\u2019alors inconnus du r\u00f4le de Pierre en tant que premier \u00e9v\u00eaque de l\u2019\u00c9glise \u2014 des \u00e9l\u00e9ments qui pourraient modifier en profondeur la mani\u00e8re dont beaucoup per\u00e7oivent l\u2019institution et son \u00e9volution. Un ajout remarquable \u00e0 la s\u00e9rie, qui montre \u00e0 quel point McAvoy est investi dans son sujet.     <\/p><p>Si le Vatican conserve de nombreuses merveilles de l\u2019histoire, les ossements de saint Pierre, premier \u00e9v\u00eaque de l\u2019\u00c9glise, occupent une place particuli\u00e8re dans la collection. Alors que l\u2019on pr\u00e9sume beaucoup de saint Pierre en tant que repr\u00e9sentant choisi par le Christ pour poursuivre l\u2019\u00e9dification fondatrice du christianisme, de nouvelles r\u00e9v\u00e9lations pourraient changer de mani\u00e8re significative ce que l\u2019\u00c9glise sait et ce que ses fid\u00e8les croient. Le p\u00e8re Michael Dominic, qui travaille avec diligence comme pr\u00e9fet des Archives secr\u00e8tes du Vatican, a d\u00e9couvert quelque chose de tr\u00e8s myst\u00e9rieux et potentiellement bouleversant, selon le point de vue. Et si Pierre n\u2019avait pas \u00e9t\u00e9 l\u2019unique dirigeant de l\u2019\u00c9glise primitive ? Comment un message obscur grav\u00e9 dans une langue ancienne \u00e9claire-t-il ce qui s\u2019est r\u00e9ellement pass\u00e9 dans les premi\u00e8res ann\u00e9es du christianisme ?    <\/p><p>Aux c\u00f4t\u00e9s de l\u2019arch\u00e9ologue du Vatican Marcus Russo, le p\u00e8re Dominic suit les indices contenus dans le message afin de d\u00e9couvrir le r\u00f4le de Linus dans l\u2019\u00c9glise primitive et la mani\u00e8re dont il aurait \u00e9t\u00e9 per\u00e7u, compte tenu de la notori\u00e9t\u00e9 qu\u2019il a pu avoir. Ces interrogations sont bient\u00f4t \u00e9clips\u00e9es lorsqu\u2019un myst\u00e9rieux collectionneur de reliques anciennes arrive \u00e0 Rome avec une proposition : financer les Archives du Vatican gr\u00e2ce \u00e0 d\u2019importants dons. Si le p\u00e8re Dominic est stup\u00e9fait, il a le sentiment qu\u2019il y a forc\u00e9ment un pi\u00e8ge.  <\/p><p>Elliot Voss est bien plus qu\u2019un collectionneur et consid\u00e8re ces reliques comme tout sauf de simples objets anciens. Il nourrit des projets dangereux et malveillants, op\u00e9rant sur le march\u00e9 noir pour constituer une collection destin\u00e9e \u00e0 son mus\u00e9e priv\u00e9 \u00e0 Seattle. Alors que Voss met au point un plan pour s\u2019emparer des ossements de Pierre avant la c\u00e9l\u00e9bration du 1100e anniversaire, le p\u00e8re Dominic a ses propres projets pour renverser la situation. Cependant, les deux hommes sont d\u00e9termin\u00e9s \u00e0 parvenir \u00e0 leurs fins et feront tout ce qu\u2019il faut pour assurer leur succ\u00e8s. McAvoy livre un roman haletant qui r\u00e9unit tous les ingr\u00e9dients d\u2019un nouveau thriller de grande qualit\u00e9, notamment gr\u00e2ce au suspense final qui attend le lecteur assidu !    <\/p><p>J\u2019appr\u00e9cie depuis longtemps l\u2019\u0153uvre de Gary McAvoy, et tout particuli\u00e8rement cette s\u00e9rie tr\u00e8s instructive. Il n\u2019h\u00e9site jamais \u00e0 sp\u00e9culer sur des questions \u00e9troitement li\u00e9es \u00e0 l\u2019\u00c9glise catholique. Le r\u00e9cit avance \u00e0 vive allure, port\u00e9 par une narration efficace et des id\u00e9es bien d\u00e9velopp\u00e9es qui font progresser l\u2019ensemble avec aisance. McAvoy tient \u00e0 instruire le lecteur tout en lui offrant, au fil des pages, de nombreuses pistes de r\u00e9flexion. Les personnages se r\u00e9v\u00e8lent efficaces, non seulement pour donner de la saveur au r\u00e9cit, mais aussi comme vecteurs permettant d\u2019illustrer clairement les principaux \u00e9v\u00e9nements historiques qui se succ\u00e8dent de chapitre en chapitre. McAvoy a le sens du choix de ses protagonistes, dont beaucoup ajoutent de la profondeur \u00e0 une histoire d\u00e9j\u00e0 solide. Les points cl\u00e9s de l\u2019intrigue sont judicieusement plac\u00e9s et entretiennent la curiosit\u00e9 du lecteur quant \u00e0 ce qui se passe et \u00e0 la mani\u00e8re dont cela s\u2019inscrira dans le r\u00e9cit global. On trouve \u00e9galement des moments d\u2019apprentissage essentiels, que McAvoy utilise pour \u00e9clairer des v\u00e9rit\u00e9s possibles et l\u2019usage trompeur de la fiction, afin de maintenir des histoires solides et merveilleusement divertissantes.       <\/p><p>Bravo. Monsieur McAvoy, pour cet excellent ajout \u00e0 une s\u00e9rie d\u00e9j\u00e0 solide, qui n\u2019a jamais perdu son \u00e9lan. <strong>\u2014 MATT PECHEY, Reedsy Discovery<\/strong><\/p>\t\t\t\t\t\t\t\t<\/div>\n\t\t\t\t\t<\/div>\n\t\t<\/div>\n\t\t\t\t<div class=\"elementor-column elementor-col-33 elementor-top-column elementor-element elementor-element-ce749b2\" data-id=\"ce749b2\" data-element_type=\"column\" data-e-type=\"column\">\n\t\t\t<div class=\"elementor-widget-wrap elementor-element-populated\">\n\t\t\t\t\t\t<div class=\"elementor-element elementor-element-9d979da elementor-widget elementor-widget-image\" data-id=\"9d979da\" data-element_type=\"widget\" data-e-type=\"widget\" data-widget_type=\"image.default\">\n\t\t\t\t\t\t\t\t\t\t\t\t\t\t\t<img decoding=\"async\" width=\"200\" height=\"87\" src=\"https:\/\/garymcavoy.com\/wp-content\/uploads\/2021\/02\/Amazon-Reviews-Button.jpg\" class=\"attachment-large size-large wp-image-10351\" alt=\"\" \/>\t\t\t\t\t\t\t\t\t\t\t\t\t\t\t<\/div>\n\t\t\t\t<div class=\"elementor-element elementor-element-79df485 elementor-widget elementor-widget-html\" data-id=\"79df485\" data-element_type=\"widget\" data-e-type=\"widget\" data-widget_type=\"html.default\">\n\t\t\t\t\t<script src=\"https:\/\/static.elfsight.com\/platform\/platform.js\" async=\"\"><\/script>\n<div class=\"elfsight-app-fec1d457-1ae1-4df3-a0bb-e72fc6fd43da\" data-elfsight-app-lazy=\"\"><\/div>\t\t\t\t<\/div>\n\t\t\t\t\t<\/div>\n\t\t<\/div>\n\t\t\t\t\t<\/div>\n\t\t<\/section>\n\t\t\t\t<section data-particle_enable=\"false\" data-particle-mobile-disabled=\"false\" class=\"elementor-section elementor-top-section elementor-element elementor-element-609d3f0 elementor-section-boxed elementor-section-height-default elementor-section-height-default\" data-id=\"609d3f0\" data-element_type=\"section\" data-e-type=\"section\">\n\t\t\t\t\t\t<div class=\"elementor-container elementor-column-gap-default\">\n\t\t\t\t\t<div class=\"elementor-column elementor-col-66 elementor-top-column elementor-element elementor-element-fac7572\" data-id=\"fac7572\" data-element_type=\"column\" data-e-type=\"column\">\n\t\t\t<div class=\"elementor-widget-wrap elementor-element-populated\">\n\t\t\t\t\t\t<div class=\"elementor-element elementor-element-20686ab elementor-widget elementor-widget-spacer\" data-id=\"20686ab\" data-element_type=\"widget\" data-e-type=\"widget\" data-widget_type=\"spacer.default\">\n\t\t\t\t\t\t\t<div class=\"elementor-spacer\">\n\t\t\t<div class=\"elementor-spacer-inner\"><\/div>\n\t\t<\/div>\n\t\t\t\t\t\t<\/div>\n\t\t\t\t\t<\/div>\n\t\t<\/div>\n\t\t\t\t<div class=\"elementor-column elementor-col-33 elementor-top-column elementor-element elementor-element-d263102\" data-id=\"d263102\" data-element_type=\"column\" data-e-type=\"column\">\n\t\t\t<div class=\"elementor-widget-wrap\">\n\t\t\t\t\t\t\t<\/div>\n\t\t<\/div>\n\t\t\t\t\t<\/div>\n\t\t<\/section>\n\t\t\t\t<\/div>\n\t\t","protected":false},"excerpt":{"rendered":"<p>&nbsp; Le complot des ap\u00f4tres Un thriller des Archives secr\u00e8tes du Vatican \u2013 Livre 9 Au milieu de la grandeur du Vatican, les ossements de Saint Pierre &#8211; les reliques les plus sacr\u00e9es de l&#8217;Eglise [&hellip;]<\/p>\n","protected":false},"author":1,"featured_media":11153,"parent":10709,"menu_order":0,"comment_status":"closed","ping_status":"closed","template":"template\/page\/fullwidth.php","meta":{"iawp_total_views":19,"footnotes":""},"class_list":["post-11235","page","type-page","status-publish","has-post-thumbnail","hentry"],"_links":{"self":[{"href":"https:\/\/garymcavoy.com\/fr\/wp-json\/wp\/v2\/pages\/11235","targetHints":{"allow":["GET"]}}],"collection":[{"href":"https:\/\/garymcavoy.com\/fr\/wp-json\/wp\/v2\/pages"}],"about":[{"href":"https:\/\/garymcavoy.com\/fr\/wp-json\/wp\/v2\/types\/page"}],"author":[{"embeddable":true,"href":"https:\/\/garymcavoy.com\/fr\/wp-json\/wp\/v2\/users\/1"}],"replies":[{"embeddable":true,"href":"https:\/\/garymcavoy.com\/fr\/wp-json\/wp\/v2\/comments?post=11235"}],"version-history":[{"count":0,"href":"https:\/\/garymcavoy.com\/fr\/wp-json\/wp\/v2\/pages\/11235\/revisions"}],"up":[{"embeddable":true,"href":"https:\/\/garymcavoy.com\/fr\/wp-json\/wp\/v2\/pages\/10709"}],"wp:featuredmedia":[{"embeddable":true,"href":"https:\/\/garymcavoy.com\/fr\/wp-json\/wp\/v2\/media\/11153"}],"wp:attachment":[{"href":"https:\/\/garymcavoy.com\/fr\/wp-json\/wp\/v2\/media?parent=11235"}],"curies":[{"name":"wp","href":"https:\/\/api.w.org\/{rel}","templated":true}]}}