{"id":11706,"date":"2025-06-15T11:40:50","date_gmt":"2025-06-15T18:40:50","guid":{"rendered":"https:\/\/garymcavoy.com\/livres-et-revues\/le-codex-voynich\/"},"modified":"2026-04-20T06:23:37","modified_gmt":"2026-04-20T13:23:37","slug":"le-codex-voynich","status":"publish","type":"page","link":"https:\/\/garymcavoy.com\/fr\/livres-et-revues\/le-codex-voynich\/","title":{"rendered":"Le codex Voynich"},"content":{"rendered":"\t\t<div data-elementor-type=\"wp-page\" data-elementor-id=\"11706\" class=\"elementor elementor-11706 elementor-11691\" data-elementor-post-type=\"page\">\n\t\t\t\t\t\t<section data-particle_enable=\"false\" data-particle-mobile-disabled=\"false\" class=\"elementor-section elementor-top-section elementor-element elementor-element-67c84ba elementor-section-boxed elementor-section-height-default elementor-section-height-default\" data-id=\"67c84ba\" data-element_type=\"section\" data-e-type=\"section\">\n\t\t\t\t\t\t<div class=\"elementor-container elementor-column-gap-default\">\n\t\t\t\t\t<div class=\"elementor-column elementor-col-100 elementor-top-column elementor-element elementor-element-11c1509b\" data-id=\"11c1509b\" data-element_type=\"column\" data-e-type=\"column\">\n\t\t\t<div class=\"elementor-widget-wrap elementor-element-populated\">\n\t\t\t\t\t\t<div class=\"elementor-element elementor-element-340c9b27 elementor-widget elementor-widget-text-editor\" data-id=\"340c9b27\" data-element_type=\"widget\" data-e-type=\"widget\" data-widget_type=\"text-editor.default\">\n\t\t\t\t\t\t\t\t\t<div class=\"boldgrid-section\">\r\n<div class=\"container\">\r\n<div class=\"row\">\r\n<div class=\"col-lg-12 col-md-12 col-xs-12 col-sm-12\">\r\n\r\n&nbsp;\r\n\r\n<\/div>\r\n<\/div>\r\n<\/div>\r\n<\/div>\t\t\t\t\t\t\t\t<\/div>\n\t\t\t\t\t<\/div>\n\t\t<\/div>\n\t\t\t\t\t<\/div>\n\t\t<\/section>\n\t\t\t\t<section data-particle_enable=\"false\" data-particle-mobile-disabled=\"false\" class=\"elementor-section elementor-top-section elementor-element elementor-element-d8cfbe5 elementor-section-boxed elementor-section-height-default elementor-section-height-default\" data-id=\"d8cfbe5\" data-element_type=\"section\" data-e-type=\"section\">\n\t\t\t\t\t\t<div class=\"elementor-container elementor-column-gap-default\">\n\t\t\t\t\t<div class=\"elementor-column elementor-col-66 elementor-top-column elementor-element elementor-element-3f71bb7\" data-id=\"3f71bb7\" data-element_type=\"column\" data-e-type=\"column\">\n\t\t\t<div class=\"elementor-widget-wrap elementor-element-populated\">\n\t\t\t\t\t\t<div class=\"elementor-element elementor-element-de6c6ea elementor-widget elementor-widget-heading\" data-id=\"de6c6ea\" data-element_type=\"widget\" data-e-type=\"widget\" data-widget_type=\"heading.default\">\n\t\t\t\t\t<h1 class=\"elementor-heading-title elementor-size-default\">Le codex Voynich<\/h1>\t\t\t\t<\/div>\n\t\t\t\t<div class=\"elementor-element elementor-element-e6c8a54 elementor-widget elementor-widget-heading\" data-id=\"e6c8a54\" data-element_type=\"widget\" data-e-type=\"widget\" data-widget_type=\"heading.default\">\n\t\t\t\t\t<h4 class=\"elementor-heading-title elementor-size-default\">Un thriller sur les archives secr\u00e8tes du Vatican - Livre 11<\/h4>\t\t\t\t<\/div>\n\t\t\t\t<div class=\"elementor-element elementor-element-19b90b3 elementor-widget elementor-widget-text-editor\" data-id=\"19b90b3\" data-element_type=\"widget\" data-e-type=\"widget\" data-widget_type=\"text-editor.default\">\n\t\t\t\t\t\t\t\t\t<p>Depuis plus de cinq cents ans, le <em>Manuscrit de Voynich<\/em> reste l&#8217;un des plus grands myst\u00e8res non r\u00e9solus du monde litt\u00e9raire. Ses \u00e9tranges dessins botaniques, ses symboles obscurs et son langage cryptique ont d\u00e9fi\u00e9 les plus grands esprits de toutes les g\u00e9n\u00e9rations. Mais lorsque des fragments perdus depuis longtemps sortent de l&#8217;ombre, ils indiquent un codex secret qui pourrait r\u00e9v\u00e9ler non seulement la signification du manuscrit, mais aussi une dangereuse v\u00e9rit\u00e9 longtemps enfouie par l&#8217;histoire.  <\/p><p>Le p\u00e8re Michael Dominic, brillant archiviste du Vatican qui a consacr\u00e9 sa vie \u00e0 la pr\u00e9servation des documents les plus sensibles de l&#8217;\u00c9glise, est entra\u00een\u00e9 dans cette course-poursuite. \u00c0 ses c\u00f4t\u00e9s, Hana Sinclair, une journaliste d&#8217;investigation d\u00e9termin\u00e9e dont la t\u00e9nacit\u00e9 pour la v\u00e9rit\u00e9 ne conna\u00eet pas de limites. Ensemble, avec l&#8217;aide d&#8217;alli\u00e9s de confiance, ils doivent suivre une piste qui s&#8217;\u00e9tend \u00e0 travers l&#8217;Europe, des archives des cath\u00e9drales et des forteresses m\u00e9di\u00e9vales aux chambres silencieuses du Vatican lui-m\u00eame. Pourtant, \u00e0 chaque d\u00e9couverte, leurs ennemis se rapprochent, pr\u00eats \u00e0 tuer pour que le pass\u00e9 reste cach\u00e9.   <\/p><p>Riche en d\u00e9tails historiques, Le <em>Codex Voynich<\/em> est plus qu&#8217;une aventure aux enjeux \u00e9lev\u00e9s &#8211; c&#8217;est une m\u00e9ditation sur la v\u00e9rit\u00e9, le pouvoir et la responsabilit\u00e9 p\u00e9rilleuse de la connaissance.<span class=\"Apple-converted-space\"> <\/span><\/p>\t\t\t\t\t\t\t\t<\/div>\n\t\t\t\t<div class=\"elementor-element elementor-element-b3f3ef6 elementor-widget elementor-widget-image\" data-id=\"b3f3ef6\" data-element_type=\"widget\" data-e-type=\"widget\" data-widget_type=\"image.default\">\n\t\t\t\t\t\t\t\t\t\t\t\t\t\t\t<img decoding=\"async\" width=\"300\" height=\"154\" src=\"https:\/\/garymcavoy.com\/wp-content\/uploads\/2025\/11\/BookLife-Semifinal-Badge-300x154.jpg\" class=\"attachment-medium size-medium wp-image-12460\" alt=\"\" srcset=\"https:\/\/garymcavoy.com\/wp-content\/uploads\/2025\/11\/BookLife-Semifinal-Badge-300x154.jpg 300w, https:\/\/garymcavoy.com\/wp-content\/uploads\/2025\/11\/BookLife-Semifinal-Badge.jpg 444w\" sizes=\"(max-width: 300px) 100vw, 300px\" \/>\t\t\t\t\t\t\t\t\t\t\t\t\t\t\t<\/div>\n\t\t\t\t<div class=\"elementor-element elementor-element-ecc0067 elementor-widget-divider--view-line elementor-widget elementor-widget-divider\" data-id=\"ecc0067\" data-element_type=\"widget\" data-e-type=\"widget\" data-widget_type=\"divider.default\">\n\t\t\t\t\t\t\t<div class=\"elementor-divider\">\n\t\t\t<span class=\"elementor-divider-separator\">\n\t\t\t\t\t\t<\/span>\n\t\t<\/div>\n\t\t\t\t\t\t<\/div>\n\t\t\t\t\t<\/div>\n\t\t<\/div>\n\t\t\t\t<div class=\"elementor-column elementor-col-33 elementor-top-column elementor-element elementor-element-c7c07b1\" data-id=\"c7c07b1\" data-element_type=\"column\" data-e-type=\"column\">\n\t\t\t<div class=\"elementor-widget-wrap elementor-element-populated\">\n\t\t\t\t\t\t<div class=\"elementor-element elementor-element-2973a70 elementor-widget elementor-widget-image\" data-id=\"2973a70\" data-element_type=\"widget\" data-e-type=\"widget\" data-widget_type=\"image.default\">\n\t\t\t\t\t\t\t\t\t\t\t\t\t\t\t\t<a href=\"https:\/\/garymcavoy.com\/store\/the-voynich-codex\/\">\n\t\t\t\t\t\t\t<img fetchpriority=\"high\" decoding=\"async\" width=\"738\" height=\"941\" src=\"https:\/\/garymcavoy.com\/wp-content\/uploads\/2025\/06\/Voynich-Codex-Cover-3D-HC-Left.png\" class=\"attachment-large size-large wp-image-11696\" alt=\"\" srcset=\"https:\/\/garymcavoy.com\/wp-content\/uploads\/2025\/06\/Voynich-Codex-Cover-3D-HC-Left.png 738w, https:\/\/garymcavoy.com\/wp-content\/uploads\/2025\/06\/Voynich-Codex-Cover-3D-HC-Left-600x765.png 600w, https:\/\/garymcavoy.com\/wp-content\/uploads\/2025\/06\/Voynich-Codex-Cover-3D-HC-Left-235x300.png 235w\" sizes=\"(max-width: 738px) 100vw, 738px\" \/>\t\t\t\t\t\t\t\t<\/a>\n\t\t\t\t\t\t\t\t\t\t\t\t\t\t\t<\/div>\n\t\t\t\t<div class=\"elementor-element elementor-element-b0132d7 elementor-widget elementor-widget-text-editor\" data-id=\"b0132d7\" data-element_type=\"widget\" data-e-type=\"widget\" data-widget_type=\"text-editor.default\">\n\t\t\t\t\t\t\t\t\t<p style=\"text-align: center;\"><span style=\"font-size: 12px;\">Ao\u00fbt 2025<\/span><\/p>\t\t\t\t\t\t\t\t<\/div>\n\t\t\t\t<div class=\"elementor-element elementor-element-f8ed548 elementor-align-center elementor-widget elementor-widget-button\" data-id=\"f8ed548\" data-element_type=\"widget\" data-e-type=\"widget\" data-widget_type=\"button.default\">\n\t\t\t\t\t\t\t\t\t\t<a class=\"elementor-button elementor-button-link elementor-size-sm\" href=\"https:\/\/garymcavoy.com\/store\/the-voynich-codex\/\">\n\t\t\t\t\t\t<span class=\"elementor-button-content-wrapper\">\n\t\t\t\t\t\t\t\t\t<span class=\"elementor-button-text\">COMMANDER LE LIVRE<\/span>\n\t\t\t\t\t<\/span>\n\t\t\t\t\t<\/a>\n\t\t\t\t\t\t\t\t<\/div>\n\t\t\t\t<div class=\"elementor-element elementor-element-cb9c856 elementor-align-center elementor-widget elementor-widget-button\" data-id=\"cb9c856\" data-element_type=\"widget\" data-e-type=\"widget\" data-widget_type=\"button.default\">\n\t\t\t\t\t\t\t\t\t\t<a class=\"elementor-button elementor-button-link elementor-size-sm\" href=\"https:\/\/garymcavoy.com\/books-reviews\/excerpt-the-voynich-codex\/\">\n\t\t\t\t\t\t<span class=\"elementor-button-content-wrapper\">\n\t\t\t\t\t\t\t\t\t<span class=\"elementor-button-text\">LISEZ UN EXTRAIT<\/span>\n\t\t\t\t\t<\/span>\n\t\t\t\t\t<\/a>\n\t\t\t\t\t\t\t\t<\/div>\n\t\t\t\t\t<\/div>\n\t\t<\/div>\n\t\t\t\t\t<\/div>\n\t\t<\/section>\n\t\t<div data-particle_enable=\"false\" data-particle-mobile-disabled=\"false\" class=\"elementor-element elementor-element-c4860da e-flex e-con-boxed e-con e-parent\" data-id=\"c4860da\" data-element_type=\"container\" data-e-type=\"container\">\n\t\t\t\t\t<div class=\"e-con-inner\">\n\t\t\t\t<div class=\"elementor-element elementor-element-240d156 elementor-widget elementor-widget-video\" data-id=\"240d156\" data-element_type=\"widget\" data-e-type=\"widget\" data-settings=\"{&quot;youtube_url&quot;:&quot;https:\\\/\\\/www.youtube.com\\\/watch?v=SChEiZFpnB4&quot;,&quot;video_type&quot;:&quot;youtube&quot;,&quot;controls&quot;:&quot;yes&quot;}\" data-widget_type=\"video.default\">\n\t\t\t\t\t\t\t<div class=\"elementor-wrapper elementor-open-inline\">\n\t\t\t<div class=\"elementor-video\"><\/div>\t\t<\/div>\n\t\t\t\t\t\t<\/div>\n\t\t\t\t\t<\/div>\n\t\t\t\t<\/div>\n\t\t\t\t<section data-particle_enable=\"false\" data-particle-mobile-disabled=\"false\" class=\"elementor-section elementor-top-section elementor-element elementor-element-cf19543 elementor-section-boxed elementor-section-height-default elementor-section-height-default\" data-id=\"cf19543\" data-element_type=\"section\" data-e-type=\"section\">\n\t\t\t\t\t\t<div class=\"elementor-container elementor-column-gap-default\">\n\t\t\t\t\t<div class=\"elementor-column elementor-col-66 elementor-top-column elementor-element elementor-element-68cfc8f\" data-id=\"68cfc8f\" data-element_type=\"column\" data-e-type=\"column\">\n\t\t\t<div class=\"elementor-widget-wrap\">\n\t\t\t\t\t\t\t<\/div>\n\t\t<\/div>\n\t\t\t\t<div class=\"elementor-column elementor-col-33 elementor-top-column elementor-element elementor-element-0563055\" data-id=\"0563055\" data-element_type=\"column\" data-e-type=\"column\">\n\t\t\t<div class=\"elementor-widget-wrap\">\n\t\t\t\t\t\t\t<\/div>\n\t\t<\/div>\n\t\t\t\t\t<\/div>\n\t\t<\/section>\n\t\t\t\t<section data-particle_enable=\"false\" data-particle-mobile-disabled=\"false\" class=\"elementor-section elementor-top-section elementor-element elementor-element-db4ef45 elementor-section-boxed elementor-section-height-default elementor-section-height-default\" data-id=\"db4ef45\" data-element_type=\"section\" data-e-type=\"section\">\n\t\t\t\t\t\t<div class=\"elementor-container elementor-column-gap-default\">\n\t\t\t\t\t<div class=\"elementor-column elementor-col-66 elementor-top-column elementor-element elementor-element-cf1655c\" data-id=\"cf1655c\" data-element_type=\"column\" data-e-type=\"column\">\n\t\t\t<div class=\"elementor-widget-wrap elementor-element-populated\">\n\t\t\t\t\t\t<div class=\"elementor-element elementor-element-af624ca elementor-widget elementor-widget-heading\" data-id=\"af624ca\" data-element_type=\"widget\" data-e-type=\"widget\" data-widget_type=\"heading.default\">\n\t\t\t\t\t<h2 class=\"elementor-heading-title elementor-size-default\">S\u00e9lection de critiques pour The Voynich Codex<\/h2>\t\t\t\t<\/div>\n\t\t\t\t<div class=\"elementor-element elementor-element-0a2626c elementor-widget elementor-widget-image\" data-id=\"0a2626c\" data-element_type=\"widget\" data-e-type=\"widget\" data-widget_type=\"image.default\">\n\t\t\t\t\t\t\t\t\t\t\t\t\t\t\t<img decoding=\"async\" width=\"691\" height=\"78\" src=\"https:\/\/garymcavoy.com\/wp-content\/uploads\/2023\/09\/Reedsy-Must-Read-5-Star-Header.jpg\" class=\"attachment-large size-large wp-image-10648\" alt=\"\" srcset=\"https:\/\/garymcavoy.com\/wp-content\/uploads\/2023\/09\/Reedsy-Must-Read-5-Star-Header.jpg 691w, https:\/\/garymcavoy.com\/wp-content\/uploads\/2023\/09\/Reedsy-Must-Read-5-Star-Header-600x68.jpg 600w, https:\/\/garymcavoy.com\/wp-content\/uploads\/2023\/09\/Reedsy-Must-Read-5-Star-Header-300x34.jpg 300w\" sizes=\"(max-width: 691px) 100vw, 691px\" \/>\t\t\t\t\t\t\t\t\t\t\t\t\t\t\t<\/div>\n\t\t\t\t\t<\/div>\n\t\t<\/div>\n\t\t\t\t<div class=\"elementor-column elementor-col-33 elementor-top-column elementor-element elementor-element-a984d79\" data-id=\"a984d79\" data-element_type=\"column\" data-e-type=\"column\">\n\t\t\t<div class=\"elementor-widget-wrap\">\n\t\t\t\t\t\t\t<\/div>\n\t\t<\/div>\n\t\t\t\t\t<\/div>\n\t\t<\/section>\n\t\t\t\t<section data-particle_enable=\"false\" data-particle-mobile-disabled=\"false\" class=\"elementor-section elementor-top-section elementor-element elementor-element-609d3f0 elementor-section-boxed elementor-section-height-default elementor-section-height-default\" data-id=\"609d3f0\" data-element_type=\"section\" data-e-type=\"section\">\n\t\t\t\t\t\t<div class=\"elementor-container elementor-column-gap-default\">\n\t\t\t\t\t<div class=\"elementor-column elementor-col-66 elementor-top-column elementor-element elementor-element-fac7572\" data-id=\"fac7572\" data-element_type=\"column\" data-e-type=\"column\">\n\t\t\t<div class=\"elementor-widget-wrap elementor-element-populated\">\n\t\t\t\t\t\t<div class=\"elementor-element elementor-element-49e4727 elementor-widget elementor-widget-text-editor\" data-id=\"49e4727\" data-element_type=\"widget\" data-e-type=\"widget\" data-widget_type=\"text-editor.default\">\n\t\t\t\t\t\t\t\t\t<p>Avant toute chose, je tiens \u00e0 remercier Reedsy Discovery et Gary McAvoy de m&#8217;avoir fourni un exemplaire de cette publication, ce qui m&#8217;a permis de vous livrer une analyse impartiale.<\/p>\n<p>Toujours fan de Gary McAvoy et de son travail, j&#8217;ai accept\u00e9 avec plaisir le dernier n\u00e9 de la s\u00e9rie des Archives secr\u00e8tes du Vatican. N&#8217;h\u00e9sitant jamais \u00e0 s&#8217;int\u00e9resser \u00e0 l&#8217;histoire et aux documents obscurs, McAvoy nous livre un autre thriller solide que j&#8217;ai pu d\u00e9vorer en un rien de temps. Le manuscrit Voynich renferme des myst\u00e8res botaniques depuis plus de cinq si\u00e8cles. Le Vatican l&#8217;a jug\u00e9 trop r\u00e9v\u00e9lateur et controvers\u00e9 et l&#8217;a rel\u00e9gu\u00e9 dans la clandestinit\u00e9, jusqu&#8217;\u00e0 aujourd&#8217;hui. Lorsqu&#8217;un fragment du manuscrit est mis aux ench\u00e8res et mis en s\u00e9curit\u00e9 par les archives secr\u00e8tes du Vatican, un groupe malfaisant s&#8217;en empare, esp\u00e9rant utiliser certains de ses pouvoirs botaniques \u00e0 ses propres fins. Alors que le p\u00e8re Michael Dominic et Hana Sinclair travaillent avec des amis et des coll\u00e8gues pour prot\u00e9ger leur part du Manuscrit de Voynich, ils sont plong\u00e9s dans une bataille d&#8217;esprit et tentent d&#8217;arracher le contr\u00f4le \u00e0 un groupe d&#8217;individus tra\u00eetres qui ont montr\u00e9 leurs tendances dans le pass\u00e9. McAvoy pr\u00e9sente une nouvelle histoire forte dans cette s\u00e9rie qui \u00e9gale les efforts de Dan Brown et de Steve Berry.      <\/p>\n<p>Le monde litt\u00e9raire s&#8217;interroge sur certains aspects du manuscrit de Voynich depuis plus de cinq cents ans. Ses dessins symboliques et botaniques n&#8217;ont d&#8217;\u00e9gal que son langage cryptique, qui conf\u00e8re de nombreux pouvoirs naturels (et surnaturels) \u00e0 celui qui parvient \u00e0 le d\u00e9chiffrer. Nombreux sont ceux qui l&#8217;ont \u00e9tudi\u00e9, mais aucun progr\u00e8s n&#8217;a encore \u00e9t\u00e9 r\u00e9alis\u00e9 dans la compr\u00e9hension de ses d\u00e9tails.  <\/p>\n<p>Apr\u00e8s que le Vatican soit entr\u00e9 en possession d&#8217;une partie du manuscrit, beaucoup sont curieux. C&#8217;est le Vatican qui a cherch\u00e9 \u00e0 faire taire et \u00e0 d\u00e9truire ces \u00e9crits lorsqu&#8217;ils ont \u00e9t\u00e9 r\u00e9dig\u00e9s pour avoir \u00e9t\u00e9 trop r\u00e9v\u00e9lateurs sur des sujets qu&#8217;il consid\u00e9rait comme d\u00e9passant la compr\u00e9hension du commun des mortels. Il semblerait que l&#8217;\u00e9tude de ces concepts soit devenue un nouveau d\u00e9sir. Le p\u00e8re Michael Dominic, responsable des archives secr\u00e8tes du Vatican, offre un espace s\u00fbr pour les conserver. Lorsque sa fianc\u00e9e, Hana Sinclair, utilise ses talents de journaliste d&#8217;investigation pour d\u00e9cortiquer les v\u00e9rit\u00e9s du Manuscrit, elle apprend que le message sur parchemin pourrait avoir des aspects plus profonds et plus troublants.    <\/p>\n<p>Alors qu&#8217;ils cherchent des r\u00e9ponses \u00e0 travers l&#8217;Europe, Michael, Hana et un certain nombre de leurs coll\u00e8gues sont la cible d&#8217;un homme impitoyable qui se nourrit de pouvoir et de tromperie. Il ne reculera devant rien pour mettre la main sur le Manuscrit de Voynich et d\u00e9chiffrer ses pouvoirs botaniques. Entre de mauvaises mains, les nombreux pouvoirs du Manuscrit ne manqueront pas de semer le chaos, tant \u00e0 l&#8217;int\u00e9rieur qu&#8217;\u00e0 l&#8217;ext\u00e9rieur du Vatican. Il s&#8217;agit d&#8217;une mission dont les cons\u00e9quences pourraient changer la vie, tout en \u00e9tant mortelles. Gary McAvoy livre un livre gagnant pour les fans de la s\u00e9rie et pour ceux qui veulent explorer des faits historiques peu connus.    <\/p>\n<p>Gary McAvoy est depuis longtemps un auteur vers lequel je me tourne pour des romans \u00e0 la fois divertissants et \u00e9ducatifs. Il a su d\u00e9velopper mon vif int\u00e9r\u00eat pour les documents religieux et secrets dont les v\u00e9rit\u00e9s pourraient certainement changer le monde tel que je le connais, tout en me tenant en haleine avec chaque thriller qu&#8217;il \u00e9crit. Un. Plus peut facilement \u00eatre consid\u00e9r\u00e9 comme une combinaison de Dan Brown et de Steve Berry, mais il se suffit \u00e0 lui-m\u00eame de mani\u00e8re tr\u00e8s efficace. Le r\u00e9cit prend son envol d\u00e8s les premi\u00e8res pages et attire le lecteur alors que l&#8217;aventure passe \u00e0 la vitesse sup\u00e9rieure. L&#8217;histoire se construit tout au long de l&#8217;ouvrage, opposant deux camps qui se battent pour un objectif commun. Les personnages sont une partie essentielle de l&#8217;histoire, McAvoy en ramenant plusieurs de la s\u00e9rie et en introduisant de nouvelles personnalit\u00e9s pour donner de la saveur \u00e0 l&#8217;histoire. J&#8217;appr\u00e9cie ce qui semble \u00eatre des sous-s\u00e9ries au sein de la grande collection qui permet au P\u00e8re Michael et \u00e0 Hana de se confronter \u00e0 certaines personnes malfaisantes. Les intrigues s&#8217;av\u00e8rent parfaitement plac\u00e9es pour garder les surprises \u00e9lev\u00e9es et les rebondissements nombreux. Il ne fait aucun doute que McAvoy souhaite que cette s\u00e9rie s&#8217;\u00e9panouisse en m\u00ealant r\u00e9alit\u00e9 et fiction, tout en veillant \u00e0 ce qu&#8217;il y ait toujours un soup\u00e7on d&#8217;aventure pour garder les choses en \u00e9veil. J&#8217;ai h\u00e2te de voir o\u00f9 Gary McAvoy a l&#8217;intention de mener cette s\u00e9rie de romans, en particulier avec l&#8217;\u00e9v\u00e9nement \u00e0 venir au printemps.          <\/p>\n<p>Bravo, M. McAvoy, pour cette nouvelle repr\u00e9sentation puissante de l&#8217;histoire et de ses myst\u00e8res ! <strong>&#8211; MATT PECHEY, <a href=\"https:\/\/reedsy.com\/discovery\/book\/the-voynich-codex-gary-mcavoy#review\">Reedsy Discovery<\/a><\/strong><\/p>\t\t\t\t\t\t\t\t<\/div>\n\t\t\t\t<div class=\"elementor-element elementor-element-18dc2cf elementor-widget-divider--view-line elementor-widget elementor-widget-divider\" data-id=\"18dc2cf\" data-element_type=\"widget\" data-e-type=\"widget\" data-widget_type=\"divider.default\">\n\t\t\t\t\t\t\t<div class=\"elementor-divider\">\n\t\t\t<span class=\"elementor-divider-separator\">\n\t\t\t\t\t\t<\/span>\n\t\t<\/div>\n\t\t\t\t\t\t<\/div>\n\t\t\t\t<div class=\"elementor-element elementor-element-173efcc elementor-widget elementor-widget-image\" data-id=\"173efcc\" data-element_type=\"widget\" data-e-type=\"widget\" data-widget_type=\"image.default\">\n\t\t\t\t\t\t\t\t\t\t\t\t\t\t\t<img loading=\"lazy\" decoding=\"async\" width=\"150\" height=\"150\" src=\"https:\/\/garymcavoy.com\/wp-content\/uploads\/2023\/05\/booklifeprizelogo-150x150.jpg\" class=\"attachment-thumbnail size-thumbnail wp-image-10623\" alt=\"\" srcset=\"https:\/\/garymcavoy.com\/wp-content\/uploads\/2023\/05\/booklifeprizelogo-150x150.jpg 150w, https:\/\/garymcavoy.com\/wp-content\/uploads\/2023\/05\/booklifeprizelogo-300x300.jpg 300w, https:\/\/garymcavoy.com\/wp-content\/uploads\/2023\/05\/booklifeprizelogo-100x100.jpg 100w, https:\/\/garymcavoy.com\/wp-content\/uploads\/2023\/05\/booklifeprizelogo-298x300.jpg 298w, https:\/\/garymcavoy.com\/wp-content\/uploads\/2023\/05\/booklifeprizelogo-160x160.jpg 160w, https:\/\/garymcavoy.com\/wp-content\/uploads\/2023\/05\/booklifeprizelogo-48x48.jpg 48w, https:\/\/garymcavoy.com\/wp-content\/uploads\/2023\/05\/booklifeprizelogo-250x252.jpg 250w, https:\/\/garymcavoy.com\/wp-content\/uploads\/2023\/05\/booklifeprizelogo-179x180.jpg 179w, https:\/\/garymcavoy.com\/wp-content\/uploads\/2023\/05\/booklifeprizelogo.jpg 394w\" sizes=\"(max-width: 150px) 100vw, 150px\" \/>\t\t\t\t\t\t\t\t\t\t\t\t\t\t\t<\/div>\n\t\t\t\t<div class=\"elementor-element elementor-element-5b84576 elementor-widget elementor-widget-text-editor\" data-id=\"5b84576\" data-element_type=\"widget\" data-e-type=\"widget\" data-widget_type=\"text-editor.default\">\n\t\t\t\t\t\t\t\t\t<p>&#8220;<b>Dans ce solide ajout \u00e0 la s\u00e9rie de thrillers sur les archives secr\u00e8tes du Vatican, <\/b>lorsque des fragments d&#8217;un texte ancien refont surface, cela d\u00e9clenche une qu\u00eate internationale pour d\u00e9chiffrer ses messages potentiellement transformateurs sur le plan spirituel. La prose de McAvoy est dynamique, atmosph\u00e9rique et impr\u00e9gn\u00e9e de myst\u00e8re, tout en portant l&#8217;intrigue rapide d&#8217;un thriller d&#8217;espionnage. <\/p><p>&#8220;McAvoy transporte \u00e0 nouveau ses lecteurs dans les annales de l&#8217;histoire, cette fois en se concentrant sur le contenu d\u00e9routant d&#8217;un ancien manuscrit. Alors que cet \u00e9pisode pr\u00e9sente les caract\u00e9ristiques d&#8217;autres romans consacr\u00e9s au d\u00e9voilement de documents d&#8217;archives et \u00e0 leurs implications pour l&#8217;\u00c9glise, McAvoy livre une histoire de grande envergure qui s&#8217;\u00e9tend sur toute l&#8217;Europe. Les lecteurs de la s\u00e9rie retrouveront avec plaisir Michael et Hanna, ainsi que l&#8217;\u00e9quipe d&#8217;archivistes, dont la charmante s\u0153ur Teri Drinkwater, qui dirige les r\u00e9seaux informatiques et les syst\u00e8mes de communication du Vatican. <em><strong>&#8211; PUBLISHERS WEEKLY\/BOOKLIFE PRIZE 2025<\/strong><\/em><\/p>\t\t\t\t\t\t\t\t<\/div>\n\t\t\t\t\t<\/div>\n\t\t<\/div>\n\t\t\t\t<div class=\"elementor-column elementor-col-33 elementor-top-column elementor-element elementor-element-d263102\" data-id=\"d263102\" data-element_type=\"column\" data-e-type=\"column\">\n\t\t\t<div class=\"elementor-widget-wrap elementor-element-populated\">\n\t\t\t\t\t\t<div class=\"elementor-element elementor-element-b4a4304 elementor-widget elementor-widget-html\" data-id=\"b4a4304\" data-element_type=\"widget\" data-e-type=\"widget\" data-widget_type=\"html.default\">\n\t\t\t\t\t<!-- Elfsight Amazon Reviews | The Voynich Codex -->\n<script src=\"https:\/\/elfsightcdn.com\/platform.js\" async=\"\"><\/script>\n<div class=\"elfsight-app-73a43383-2bd1-45c5-8b41-bdbf18a1974a\" data-elfsight-app-lazy=\"\"><\/div>\t\t\t\t<\/div>\n\t\t\t\t\t<\/div>\n\t\t<\/div>\n\t\t\t\t\t<\/div>\n\t\t<\/section>\n\t\t\t\t<section data-particle_enable=\"false\" data-particle-mobile-disabled=\"false\" class=\"elementor-section elementor-top-section elementor-element elementor-element-384fc5c elementor-section-boxed elementor-section-height-default elementor-section-height-default\" data-id=\"384fc5c\" data-element_type=\"section\" data-e-type=\"section\">\n\t\t\t\t\t\t<div class=\"elementor-container elementor-column-gap-default\">\n\t\t\t\t\t<div class=\"elementor-column elementor-col-100 elementor-top-column elementor-element elementor-element-496bef6\" data-id=\"496bef6\" data-element_type=\"column\" data-e-type=\"column\">\n\t\t\t<div class=\"elementor-widget-wrap elementor-element-populated\">\n\t\t\t\t\t\t<div class=\"elementor-element elementor-element-b4b3919 elementor-widget elementor-widget-spacer\" data-id=\"b4b3919\" data-element_type=\"widget\" data-e-type=\"widget\" data-widget_type=\"spacer.default\">\n\t\t\t\t\t\t\t<div class=\"elementor-spacer\">\n\t\t\t<div class=\"elementor-spacer-inner\"><\/div>\n\t\t<\/div>\n\t\t\t\t\t\t<\/div>\n\t\t\t\t\t<\/div>\n\t\t<\/div>\n\t\t\t\t\t<\/div>\n\t\t<\/section>\n\t\t\t\t<\/div>\n\t\t","protected":false},"excerpt":{"rendered":"<p>&nbsp; Le codex Voynich Un thriller sur les archives secr\u00e8tes du Vatican &#8211; Livre 11 Depuis plus de cinq cents ans, le Manuscrit de Voynich reste l&#8217;un des plus grands myst\u00e8res non r\u00e9solus du monde [&hellip;]<\/p>\n","protected":false},"author":1,"featured_media":11693,"parent":10709,"menu_order":0,"comment_status":"closed","ping_status":"closed","template":"template\/page\/fullwidth.php","meta":{"iawp_total_views":48,"footnotes":""},"class_list":["post-11706","page","type-page","status-publish","has-post-thumbnail","hentry"],"_links":{"self":[{"href":"https:\/\/garymcavoy.com\/fr\/wp-json\/wp\/v2\/pages\/11706","targetHints":{"allow":["GET"]}}],"collection":[{"href":"https:\/\/garymcavoy.com\/fr\/wp-json\/wp\/v2\/pages"}],"about":[{"href":"https:\/\/garymcavoy.com\/fr\/wp-json\/wp\/v2\/types\/page"}],"author":[{"embeddable":true,"href":"https:\/\/garymcavoy.com\/fr\/wp-json\/wp\/v2\/users\/1"}],"replies":[{"embeddable":true,"href":"https:\/\/garymcavoy.com\/fr\/wp-json\/wp\/v2\/comments?post=11706"}],"version-history":[{"count":0,"href":"https:\/\/garymcavoy.com\/fr\/wp-json\/wp\/v2\/pages\/11706\/revisions"}],"up":[{"embeddable":true,"href":"https:\/\/garymcavoy.com\/fr\/wp-json\/wp\/v2\/pages\/10709"}],"wp:featuredmedia":[{"embeddable":true,"href":"https:\/\/garymcavoy.com\/fr\/wp-json\/wp\/v2\/media\/11693"}],"wp:attachment":[{"href":"https:\/\/garymcavoy.com\/fr\/wp-json\/wp\/v2\/media?parent=11706"}],"curies":[{"name":"wp","href":"https:\/\/api.w.org\/{rel}","templated":true}]}}