{"id":10766,"date":"2020-10-02T20:46:45","date_gmt":"2020-10-03T03:46:45","guid":{"rendered":"https:\/\/garymcavoy.com\/product\/le-reliquaire-de-la-madeleine-edition-de-poche-signee\/"},"modified":"2020-10-02T20:46:45","modified_gmt":"2020-10-03T03:46:45","slug":"le-reliquaire-de-la-madeleine-edition-de-poche-signee","status":"publish","type":"product","link":"https:\/\/garymcavoy.com\/fr\/produit\/le-reliquaire-de-la-madeleine-edition-de-poche-signee\/","title":{"rendered":"Le reliquaire de la Madeleine &#8211; \u00c9dition de poche sign\u00e9e"},"content":{"rendered":"","protected":false},"excerpt":{"rendered":"<p>\u00c9dition broch\u00e9e de The Magdalene Reliquary sign\u00e9e par l&#8217;auteur.<\/p>\n","protected":false},"featured_media":10546,"comment_status":"open","ping_status":"closed","template":"","meta":{"iawp_total_views":3},"product_brand":[],"product_cat":[91],"product_tag":[],"class_list":{"0":"post-10766","1":"product","2":"type-product","3":"status-publish","4":"has-post-thumbnail","6":"product_cat-non-classe","8":"first","9":"instock","10":"shipping-taxable","11":"purchasable","12":"product-type-simple"},"_links":{"self":[{"href":"https:\/\/garymcavoy.com\/fr\/wp-json\/wp\/v2\/product\/10766","targetHints":{"allow":["GET"]}}],"collection":[{"href":"https:\/\/garymcavoy.com\/fr\/wp-json\/wp\/v2\/product"}],"about":[{"href":"https:\/\/garymcavoy.com\/fr\/wp-json\/wp\/v2\/types\/product"}],"replies":[{"embeddable":true,"href":"https:\/\/garymcavoy.com\/fr\/wp-json\/wp\/v2\/comments?post=10766"}],"wp:featuredmedia":[{"embeddable":true,"href":"https:\/\/garymcavoy.com\/fr\/wp-json\/wp\/v2\/media\/10546"}],"wp:attachment":[{"href":"https:\/\/garymcavoy.com\/fr\/wp-json\/wp\/v2\/media?parent=10766"}],"wp:term":[{"taxonomy":"product_brand","embeddable":true,"href":"https:\/\/garymcavoy.com\/fr\/wp-json\/wp\/v2\/product_brand?post=10766"},{"taxonomy":"product_cat","embeddable":true,"href":"https:\/\/garymcavoy.com\/fr\/wp-json\/wp\/v2\/product_cat?post=10766"},{"taxonomy":"product_tag","embeddable":true,"href":"https:\/\/garymcavoy.com\/fr\/wp-json\/wp\/v2\/product_tag?post=10766"}],"curies":[{"name":"wp","href":"https:\/\/api.w.org\/{rel}","templated":true}]}}