{"id":11328,"date":"2024-11-28T15:35:34","date_gmt":"2024-11-28T23:35:34","guid":{"rendered":"https:\/\/garymcavoy.com\/product\/le-complot-des-apotres-edition-reliee-signee\/"},"modified":"2024-11-28T15:35:34","modified_gmt":"2024-11-28T23:35:34","slug":"le-complot-des-apotres-edition-reliee-signee","status":"publish","type":"product","link":"https:\/\/garymcavoy.com\/fr\/produit\/le-complot-des-apotres-edition-reliee-signee\/","title":{"rendered":"Le complot des ap\u00f4tres &#8211; \u00c9dition reli\u00e9e sign\u00e9e"},"content":{"rendered":"","protected":false},"excerpt":{"rendered":"<p>Le complot des ap\u00f4tres &#8211; \u00c9dition reli\u00e9e sign\u00e9e<\/p>\n","protected":false},"featured_media":11153,"comment_status":"closed","ping_status":"closed","template":"","meta":{"iawp_total_views":1},"product_brand":[],"product_cat":[91],"product_tag":[],"class_list":{"0":"post-11328","1":"product","2":"type-product","3":"status-publish","4":"has-post-thumbnail","6":"product_cat-non-classe","8":"first","9":"instock","10":"shipping-taxable","11":"purchasable","12":"product-type-simple"},"_links":{"self":[{"href":"https:\/\/garymcavoy.com\/fr\/wp-json\/wp\/v2\/product\/11328","targetHints":{"allow":["GET"]}}],"collection":[{"href":"https:\/\/garymcavoy.com\/fr\/wp-json\/wp\/v2\/product"}],"about":[{"href":"https:\/\/garymcavoy.com\/fr\/wp-json\/wp\/v2\/types\/product"}],"replies":[{"embeddable":true,"href":"https:\/\/garymcavoy.com\/fr\/wp-json\/wp\/v2\/comments?post=11328"}],"wp:featuredmedia":[{"embeddable":true,"href":"https:\/\/garymcavoy.com\/fr\/wp-json\/wp\/v2\/media\/11153"}],"wp:attachment":[{"href":"https:\/\/garymcavoy.com\/fr\/wp-json\/wp\/v2\/media?parent=11328"}],"wp:term":[{"taxonomy":"product_brand","embeddable":true,"href":"https:\/\/garymcavoy.com\/fr\/wp-json\/wp\/v2\/product_brand?post=11328"},{"taxonomy":"product_cat","embeddable":true,"href":"https:\/\/garymcavoy.com\/fr\/wp-json\/wp\/v2\/product_cat?post=11328"},{"taxonomy":"product_tag","embeddable":true,"href":"https:\/\/garymcavoy.com\/fr\/wp-json\/wp\/v2\/product_tag?post=11328"}],"curies":[{"name":"wp","href":"https:\/\/api.w.org\/{rel}","templated":true}]}}