{"id":11632,"date":"2025-05-07T14:11:42","date_gmt":"2025-05-07T21:11:42","guid":{"rendered":"https:\/\/garymcavoy.com\/?post_type=product&#038;p=11632"},"modified":"2025-05-07T14:14:10","modified_gmt":"2025-05-07T21:14:10","slug":"le-complot-des-apotres-edition-reliee-signee-copy-copy","status":"publish","type":"product","link":"https:\/\/garymcavoy.com\/fr\/produit\/le-complot-des-apotres-edition-reliee-signee-copy-copy\/","title":{"rendered":"Le complot des ap\u00f4tres &#8211; \u00c9dition reli\u00e9e sign\u00e9e (Copy) (Copy)"},"content":{"rendered":"","protected":false},"excerpt":{"rendered":"<p>Le complot des ap\u00f4tres &#8211; \u00c9dition reli\u00e9e sign\u00e9e<\/p>\n","protected":false},"featured_media":11545,"comment_status":"closed","ping_status":"closed","template":"","meta":{"iawp_total_views":1},"product_brand":[],"product_cat":[91],"product_tag":[],"class_list":{"0":"post-11632","1":"product","2":"type-product","3":"status-publish","4":"has-post-thumbnail","6":"product_cat-non-classe","8":"first","9":"instock","10":"shipping-taxable","11":"purchasable","12":"product-type-simple"},"_links":{"self":[{"href":"https:\/\/garymcavoy.com\/fr\/wp-json\/wp\/v2\/product\/11632","targetHints":{"allow":["GET"]}}],"collection":[{"href":"https:\/\/garymcavoy.com\/fr\/wp-json\/wp\/v2\/product"}],"about":[{"href":"https:\/\/garymcavoy.com\/fr\/wp-json\/wp\/v2\/types\/product"}],"replies":[{"embeddable":true,"href":"https:\/\/garymcavoy.com\/fr\/wp-json\/wp\/v2\/comments?post=11632"}],"wp:featuredmedia":[{"embeddable":true,"href":"https:\/\/garymcavoy.com\/fr\/wp-json\/wp\/v2\/media\/11545"}],"wp:attachment":[{"href":"https:\/\/garymcavoy.com\/fr\/wp-json\/wp\/v2\/media?parent=11632"}],"wp:term":[{"taxonomy":"product_brand","embeddable":true,"href":"https:\/\/garymcavoy.com\/fr\/wp-json\/wp\/v2\/product_brand?post=11632"},{"taxonomy":"product_cat","embeddable":true,"href":"https:\/\/garymcavoy.com\/fr\/wp-json\/wp\/v2\/product_cat?post=11632"},{"taxonomy":"product_tag","embeddable":true,"href":"https:\/\/garymcavoy.com\/fr\/wp-json\/wp\/v2\/product_tag?post=11632"}],"curies":[{"name":"wp","href":"https:\/\/api.w.org\/{rel}","templated":true}]}}