{"id":12198,"date":"2025-11-21T09:49:46","date_gmt":"2025-11-21T17:49:46","guid":{"rendered":"https:\/\/garymcavoy.com\/?post_type=product&#038;p=12198"},"modified":"2025-11-21T09:58:30","modified_gmt":"2025-11-21T17:58:30","slug":"le-complot-des-apotres-edition-de-poche-dedicacee-copy-copy-copy-copy","status":"publish","type":"product","link":"https:\/\/garymcavoy.com\/fr\/produit\/le-complot-des-apotres-edition-de-poche-dedicacee-copy-copy-copy-copy\/","title":{"rendered":"Le complot des ap\u00f4tres &#8211; \u00c9dition de poche d\u00e9dicac\u00e9e (Copy) (Copy) (Copy) (Copy)"},"content":{"rendered":"","protected":false},"excerpt":{"rendered":"<p>Le complot des ap\u00f4tres &#8211; \u00c9dition de poche d\u00e9dicac\u00e9e<\/p>\n","protected":false},"featured_media":12202,"comment_status":"closed","ping_status":"closed","template":"","meta":{"iawp_total_views":0},"product_brand":[],"product_cat":[91],"product_tag":[],"class_list":{"0":"post-12198","1":"product","2":"type-product","3":"status-publish","4":"has-post-thumbnail","6":"product_cat-non-classe","8":"first","9":"instock","10":"shipping-taxable","11":"purchasable","12":"product-type-simple"},"_links":{"self":[{"href":"https:\/\/garymcavoy.com\/fr\/wp-json\/wp\/v2\/product\/12198","targetHints":{"allow":["GET"]}}],"collection":[{"href":"https:\/\/garymcavoy.com\/fr\/wp-json\/wp\/v2\/product"}],"about":[{"href":"https:\/\/garymcavoy.com\/fr\/wp-json\/wp\/v2\/types\/product"}],"replies":[{"embeddable":true,"href":"https:\/\/garymcavoy.com\/fr\/wp-json\/wp\/v2\/comments?post=12198"}],"wp:featuredmedia":[{"embeddable":true,"href":"https:\/\/garymcavoy.com\/fr\/wp-json\/wp\/v2\/media\/12202"}],"wp:attachment":[{"href":"https:\/\/garymcavoy.com\/fr\/wp-json\/wp\/v2\/media?parent=12198"}],"wp:term":[{"taxonomy":"product_brand","embeddable":true,"href":"https:\/\/garymcavoy.com\/fr\/wp-json\/wp\/v2\/product_brand?post=12198"},{"taxonomy":"product_cat","embeddable":true,"href":"https:\/\/garymcavoy.com\/fr\/wp-json\/wp\/v2\/product_cat?post=12198"},{"taxonomy":"product_tag","embeddable":true,"href":"https:\/\/garymcavoy.com\/fr\/wp-json\/wp\/v2\/product_tag?post=12198"}],"curies":[{"name":"wp","href":"https:\/\/api.w.org\/{rel}","templated":true}]}}